{"id":4494,"date":"2022-03-04T12:00:17","date_gmt":"2022-03-04T12:00:17","guid":{"rendered":"https:\/\/padas.al\/?page_id=4494"},"modified":"2022-03-30T07:53:12","modified_gmt":"2022-03-30T07:53:12","slug":"kushtet-dhe-transporti","status":"publish","type":"page","link":"https:\/\/padas.al\/english\/kushtet-dhe-transporti\/","title":{"rendered":"Kushtet dhe transporti"},"content":{"rendered":"<div data-elementor-type=\"wp-page\" data-elementor-id=\"4494\" class=\"elementor elementor-4494\">\n\t\t\t\t\t\t\t\t\t<section class=\"elementor-section elementor-top-section elementor-element elementor-element-dbc3ffb elementor-section-boxed elementor-section-height-default elementor-section-height-default\" data-id=\"dbc3ffb\" data-element_type=\"section\">\n\t\t\t\t\t\t<div class=\"elementor-container elementor-column-gap-default\">\n\t\t\t\t\t<div class=\"elementor-column elementor-col-100 elementor-top-column elementor-element elementor-element-512b853\" data-id=\"512b853\" data-element_type=\"column\">\n\t\t\t<div class=\"elementor-widget-wrap elementor-element-populated\">\n\t\t\t\t\t\t\t\t<div class=\"elementor-element elementor-element-b850056 elementor-widget elementor-widget-image\" data-id=\"b850056\" data-element_type=\"widget\" data-widget_type=\"image.default\">\n\t\t\t\t<div class=\"elementor-widget-container\">\n\t\t\t<style>\/*! elementor - v3.6.4 - 13-04-2022 *\/\n.elementor-widget-image{text-align:center}.elementor-widget-image a{display:inline-block}.elementor-widget-image a img[src$=\".svg\"]{width:48px}.elementor-widget-image img{vertical-align:middle;display:inline-block}<\/style>\t\t\t\t\t\t\t\t\t\t\t\t<img width=\"196\" height=\"196\" src=\"https:\/\/padas.al\/wp-content\/uploads\/2021\/12\/padas-logo-01.svg\" class=\"attachment-large size-large wvs-attachment-image\" alt=\"\" loading=\"lazy\" \/>\t\t\t\t\t\t\t\t\t\t\t\t\t\t\t<\/div>\n\t\t\t\t<\/div>\n\t\t\t\t<div class=\"elementor-element elementor-element-e4bdf6c elementor-widget elementor-widget-heading\" data-id=\"e4bdf6c\" data-element_type=\"widget\" data-widget_type=\"heading.default\">\n\t\t\t\t<div class=\"elementor-widget-container\">\n\t\t\t<style>\/*! elementor - v3.6.4 - 13-04-2022 *\/\n.elementor-heading-title{padding:0;margin:0;line-height:1}.elementor-widget-heading .elementor-heading-title[class*=elementor-size-]>a{color:inherit;font-size:inherit;line-height:inherit}.elementor-widget-heading .elementor-heading-title.elementor-size-small{font-size:15px}.elementor-widget-heading .elementor-heading-title.elementor-size-medium{font-size:19px}.elementor-widget-heading .elementor-heading-title.elementor-size-large{font-size:29px}.elementor-widget-heading .elementor-heading-title.elementor-size-xl{font-size:39px}.elementor-widget-heading .elementor-heading-title.elementor-size-xxl{font-size:59px}<\/style><h2 class=\"elementor-heading-title elementor-size-default\">Shipping rates &amp; costs<\/h2>\t\t<\/div>\n\t\t\t\t<\/div>\n\t\t\t\t<div class=\"elementor-element elementor-element-057109f elementor-widget-divider--view-line elementor-widget elementor-widget-divider\" data-id=\"057109f\" data-element_type=\"widget\" data-widget_type=\"divider.default\">\n\t\t\t\t<div class=\"elementor-widget-container\">\n\t\t\t<style>\/*! elementor - v3.6.4 - 13-04-2022 *\/\n.elementor-widget-divider{--divider-border-style:none;--divider-border-width:1px;--divider-color:#2c2c2c;--divider-icon-size:20px;--divider-element-spacing:10px;--divider-pattern-height:24px;--divider-pattern-size:20px;--divider-pattern-url:none;--divider-pattern-repeat:repeat-x}.elementor-widget-divider .elementor-divider{display:-webkit-box;display:-ms-flexbox;display:flex}.elementor-widget-divider .elementor-divider__text{font-size:15px;line-height:1;max-width:95%}.elementor-widget-divider .elementor-divider__element{margin:0 var(--divider-element-spacing);-ms-flex-negative:0;flex-shrink:0}.elementor-widget-divider .elementor-icon{font-size:var(--divider-icon-size)}.elementor-widget-divider .elementor-divider-separator{display:-webkit-box;display:-ms-flexbox;display:flex;margin:0;direction:ltr}.elementor-widget-divider--view-line_icon .elementor-divider-separator,.elementor-widget-divider--view-line_text .elementor-divider-separator{-webkit-box-align:center;-ms-flex-align:center;align-items:center}.elementor-widget-divider--view-line_icon .elementor-divider-separator:after,.elementor-widget-divider--view-line_icon .elementor-divider-separator:before,.elementor-widget-divider--view-line_text .elementor-divider-separator:after,.elementor-widget-divider--view-line_text .elementor-divider-separator:before{display:block;content:\"\";border-bottom:0;-webkit-box-flex:1;-ms-flex-positive:1;flex-grow:1;border-top:var(--divider-border-width) var(--divider-border-style) var(--divider-color)}.elementor-widget-divider--element-align-left .elementor-divider .elementor-divider-separator>.elementor-divider__svg:first-of-type{-webkit-box-flex:0;-ms-flex-positive:0;flex-grow:0;-ms-flex-negative:100;flex-shrink:100}.elementor-widget-divider--element-align-left .elementor-divider-separator:before{content:none}.elementor-widget-divider--element-align-left .elementor-divider__element{margin-left:0}.elementor-widget-divider--element-align-right .elementor-divider .elementor-divider-separator>.elementor-divider__svg:last-of-type{-webkit-box-flex:0;-ms-flex-positive:0;flex-grow:0;-ms-flex-negative:100;flex-shrink:100}.elementor-widget-divider--element-align-right .elementor-divider-separator:after{content:none}.elementor-widget-divider--element-align-right .elementor-divider__element{margin-right:0}.elementor-widget-divider:not(.elementor-widget-divider--view-line_text):not(.elementor-widget-divider--view-line_icon) .elementor-divider-separator{border-top:var(--divider-border-width) var(--divider-border-style) var(--divider-color)}.elementor-widget-divider--separator-type-pattern{--divider-border-style:none}.elementor-widget-divider--separator-type-pattern.elementor-widget-divider--view-line .elementor-divider-separator,.elementor-widget-divider--separator-type-pattern:not(.elementor-widget-divider--view-line) .elementor-divider-separator:after,.elementor-widget-divider--separator-type-pattern:not(.elementor-widget-divider--view-line) .elementor-divider-separator:before,.elementor-widget-divider--separator-type-pattern:not([class*=elementor-widget-divider--view]) .elementor-divider-separator{width:100%;min-height:var(--divider-pattern-height);-webkit-mask-size:var(--divider-pattern-size) 100%;mask-size:var(--divider-pattern-size) 100%;-webkit-mask-repeat:var(--divider-pattern-repeat);mask-repeat:var(--divider-pattern-repeat);background-color:var(--divider-color);-webkit-mask-image:var(--divider-pattern-url);mask-image:var(--divider-pattern-url)}.elementor-widget-divider--no-spacing{--divider-pattern-size:auto}.elementor-widget-divider--bg-round{--divider-pattern-repeat:round}.rtl .elementor-widget-divider .elementor-divider__text{direction:rtl}<\/style>\t\t<div class=\"elementor-divider\">\n\t\t\t<span class=\"elementor-divider-separator\">\n\t\t\t\t\t\t<\/span>\n\t\t<\/div>\n\t\t\t\t<\/div>\n\t\t\t\t<\/div>\n\t\t\t\t<div class=\"elementor-element elementor-element-8186e02 elementor-widget elementor-widget-text-editor\" data-id=\"8186e02\" data-element_type=\"widget\" data-widget_type=\"text-editor.default\">\n\t\t\t\t<div class=\"elementor-widget-container\">\n\t\t\t<style>\/*! elementor - v3.6.4 - 13-04-2022 *\/\n.elementor-widget-text-editor.elementor-drop-cap-view-stacked .elementor-drop-cap{background-color:#818a91;color:#fff}.elementor-widget-text-editor.elementor-drop-cap-view-framed .elementor-drop-cap{color:#818a91;border:3px solid;background-color:transparent}.elementor-widget-text-editor:not(.elementor-drop-cap-view-default) .elementor-drop-cap{margin-top:8px}.elementor-widget-text-editor:not(.elementor-drop-cap-view-default) .elementor-drop-cap-letter{width:1em;height:1em}.elementor-widget-text-editor .elementor-drop-cap{float:left;text-align:center;line-height:1;font-size:50px}.elementor-widget-text-editor .elementor-drop-cap-letter{display:inline-block}<\/style>\t\t\t\t<h4 id=\"h-1-shipping-rates-costs\">1. Shipping rates &amp; costs<\/h4><p>Displaying shipping costs gives your customers a chance to review and calculate their total costs before they shop around. Showcasing shipping costs becomes even more important for international customers who may not qualify for certain offers such as free shipping. Many times, international shipping charges vary between retailers significantly due to an increase in carrier charges as well, so you\u2019ll want to be as transparent as possible.<\/p><h4 id=\"h-2-shipping-methods-and-delivery-times\">2. Shipping methods and delivery times<\/h4><p>Whether you offer one or several shipping methods, list out the different methods and the expected business day estimated delivery times for each.<\/p><p>Many times this is shown using a simple table format with one column displaying the different methods such as standard shipping or express shipping and another one with expected processing time frames.<\/p><h4 id=\"h-3-shipping-restrictions\">3. Shipping restrictions<\/h4><p>If you have any shipping restrictions, such as shipping to certain countries or PO boxes, you will want to display them here. Sometimes, state legislation may prevent some products from being shipped to certain locations. Be very clear on what restrictions exist and who is impacted by them.<\/p><h4 id=\"h-4-missing-or-lost-packages\">4. Missing or lost packages<\/h4><p>There are several reasons why a package gets lost or becomes a delivery exception, and most of the times it is out of your control. But directing customers on what to do if a package goes missing creates peace of mind. You can do this by easily displaying contact information and directions on how to report missing or lost packages.<\/p><h4 id=\"h-5-international-shipping\">5. International shipping<\/h4><p>If you offer international shipping, you will want to include a statement on who is responsible for customs and import duties. Showcase your international shipping policy by communicating which carrier handles your international shipments and who takes care of international taxes, charges, and any additional fees.<\/p><h4 id=\"h-6-return-and-exchange-information\">6. Return and exchange information<\/h4><p>If your customers are about to make an order, they are likely interested in how your store manages returns and exchanges. Many online stores display a return and exchange policy on the same page as the shipping policy. It provides details such as how long it takes to process a return and when customers can expect a full refund according to the refund policy.<\/p>\t\t\t\t\t\t<\/div>\n\t\t\t\t<\/div>\n\t\t\t\t\t<\/div>\n\t\t<\/div>\n\t\t\t\t\t\t\t<\/div>\n\t\t<\/section>\n\t\t\t\t\t\t\t<\/div>","protected":false},"excerpt":{"rendered":"<p>KUSHTET &#038; TRANSPORTI 1. Tarifat dhe kostot e transportit Shfaqja e kostove t\u00eb transportit u jep klient\u00ebve tuaj nj\u00eb shans p\u00ebr t\u00eb rishikuar dhe llogaritur kostot e tyre totale p\u00ebrpara se t\u00eb blejn\u00eb. Shfaqja e kostove t\u00eb transportit b\u00ebhet edhe m\u00eb e r\u00ebnd\u00ebsishme p\u00ebr klient\u00ebt nd\u00ebrkomb\u00ebtar\u00eb t\u00eb cil\u00ebt mund t\u00eb mos kualifikohen p\u00ebr oferta t\u00eb [&hellip;]<\/p>","protected":false},"author":1,"featured_media":0,"parent":0,"menu_order":0,"comment_status":"closed","ping_status":"closed","template":"elementor_header_footer","meta":[],"yoast_head":"<!-- This site is optimized with the Yoast SEO plugin v18.3 - https:\/\/yoast.com\/wordpress\/plugins\/seo\/ -->\n<title>Kushtet dhe transporti - PADAS<\/title>\n<meta name=\"robots\" content=\"index, follow, max-snippet:-1, max-image-preview:large, max-video-preview:-1\" \/>\n<link rel=\"canonical\" href=\"https:\/\/padas.al\/english\/kushtet-dhe-transporti\/\" \/>\n<meta property=\"og:locale\" content=\"en_GB\" \/>\n<meta property=\"og:type\" content=\"article\" \/>\n<meta property=\"og:title\" content=\"Kushtet dhe transporti - PADAS\" \/>\n<meta property=\"og:description\" content=\"KUSHTET &#038; TRANSPORTI 1. Tarifat dhe kostot e transportit Shfaqja e kostove t\u00eb transportit u jep klient\u00ebve tuaj nj\u00eb shans p\u00ebr t\u00eb rishikuar dhe llogaritur kostot e tyre totale p\u00ebrpara se t\u00eb blejn\u00eb. Shfaqja e kostove t\u00eb transportit b\u00ebhet edhe m\u00eb e r\u00ebnd\u00ebsishme p\u00ebr klient\u00ebt nd\u00ebrkomb\u00ebtar\u00eb t\u00eb cil\u00ebt mund t\u00eb mos kualifikohen p\u00ebr oferta t\u00eb [&hellip;]\" \/>\n<meta property=\"og:url\" content=\"https:\/\/padas.al\/english\/kushtet-dhe-transporti\/\" \/>\n<meta property=\"og:site_name\" content=\"PADAS\" \/>\n<meta property=\"article:modified_time\" content=\"2022-03-30T07:53:12+00:00\" \/>\n<meta property=\"og:image\" content=\"https:\/\/padas.al\/wp-content\/uploads\/2021\/12\/padas-logo-01.svg\" \/>\n<meta name=\"twitter:card\" content=\"summary_large_image\" \/>\n<meta name=\"twitter:label1\" content=\"Estimated reading time\" \/>\n\t<meta name=\"twitter:data1\" content=\"3 minutes\" \/>\n<script type=\"application\/ld+json\" class=\"yoast-schema-graph\">{\"@context\":\"https:\/\/schema.org\",\"@graph\":[{\"@type\":\"Organization\",\"@id\":\"https:\/\/padas.al\/#organization\",\"name\":\"Padas.al\",\"url\":\"https:\/\/padas.al\/\",\"sameAs\":[],\"logo\":{\"@type\":\"ImageObject\",\"@id\":\"https:\/\/padas.al\/#logo\",\"inLanguage\":\"en-GB\",\"url\":\"https:\/\/padas.al\/wp-content\/uploads\/2021\/12\/padas-logo-01.svg\",\"contentUrl\":\"https:\/\/padas.al\/wp-content\/uploads\/2021\/12\/padas-logo-01.svg\",\"width\":196.4218,\"height\":195.7925,\"caption\":\"Padas.al\"},\"image\":{\"@id\":\"https:\/\/padas.al\/#logo\"}},{\"@type\":\"WebSite\",\"@id\":\"https:\/\/padas.al\/#website\",\"url\":\"https:\/\/padas.al\/\",\"name\":\"PADAS\",\"description\":\"Shoe Shop\",\"publisher\":{\"@id\":\"https:\/\/padas.al\/#organization\"},\"potentialAction\":[{\"@type\":\"SearchAction\",\"target\":{\"@type\":\"EntryPoint\",\"urlTemplate\":\"https:\/\/padas.al\/?s={search_term_string}\"},\"query-input\":\"required name=search_term_string\"}],\"inLanguage\":\"en-GB\"},{\"@type\":\"ImageObject\",\"@id\":\"https:\/\/padas.al\/kushtet-dhe-transporti\/#primaryimage\",\"inLanguage\":\"en-GB\",\"url\":\"https:\/\/padas.al\/wp-content\/uploads\/2021\/12\/padas-logo-01.svg\",\"contentUrl\":\"https:\/\/padas.al\/wp-content\/uploads\/2021\/12\/padas-logo-01.svg\",\"width\":196.4218,\"height\":195.7925},{\"@type\":\"WebPage\",\"@id\":\"https:\/\/padas.al\/kushtet-dhe-transporti\/#webpage\",\"url\":\"https:\/\/padas.al\/kushtet-dhe-transporti\/\",\"name\":\"Kushtet dhe transporti - PADAS\",\"isPartOf\":{\"@id\":\"https:\/\/padas.al\/#website\"},\"primaryImageOfPage\":{\"@id\":\"https:\/\/padas.al\/kushtet-dhe-transporti\/#primaryimage\"},\"datePublished\":\"2022-03-04T12:00:17+00:00\",\"dateModified\":\"2022-03-30T07:53:12+00:00\",\"breadcrumb\":{\"@id\":\"https:\/\/padas.al\/kushtet-dhe-transporti\/#breadcrumb\"},\"inLanguage\":\"en-GB\",\"potentialAction\":[{\"@type\":\"ReadAction\",\"target\":[\"https:\/\/padas.al\/kushtet-dhe-transporti\/\"]}]},{\"@type\":\"BreadcrumbList\",\"@id\":\"https:\/\/padas.al\/kushtet-dhe-transporti\/#breadcrumb\",\"itemListElement\":[{\"@type\":\"ListItem\",\"position\":1,\"name\":\"Home\",\"item\":\"https:\/\/padas.al\/\"},{\"@type\":\"ListItem\",\"position\":2,\"name\":\"Kushtet dhe transporti\"}]}]}<\/script>\n<!-- \/ Yoast SEO plugin. -->","yoast_head_json":{"title":"Kushtet dhe transporti - PADAS","robots":{"index":"index","follow":"follow","max-snippet":"max-snippet:-1","max-image-preview":"max-image-preview:large","max-video-preview":"max-video-preview:-1"},"canonical":"https:\/\/padas.al\/english\/kushtet-dhe-transporti\/","og_locale":"en_GB","og_type":"article","og_title":"Kushtet dhe transporti - PADAS","og_description":"KUSHTET &#038; TRANSPORTI 1. Tarifat dhe kostot e transportit Shfaqja e kostove t\u00eb transportit u jep klient\u00ebve tuaj nj\u00eb shans p\u00ebr t\u00eb rishikuar dhe llogaritur kostot e tyre totale p\u00ebrpara se t\u00eb blejn\u00eb. Shfaqja e kostove t\u00eb transportit b\u00ebhet edhe m\u00eb e r\u00ebnd\u00ebsishme p\u00ebr klient\u00ebt nd\u00ebrkomb\u00ebtar\u00eb t\u00eb cil\u00ebt mund t\u00eb mos kualifikohen p\u00ebr oferta t\u00eb [&hellip;]","og_url":"https:\/\/padas.al\/english\/kushtet-dhe-transporti\/","og_site_name":"PADAS","article_modified_time":"2022-03-30T07:53:12+00:00","og_image":[{"url":"https:\/\/padas.al\/wp-content\/uploads\/2021\/12\/padas-logo-01.svg"}],"twitter_card":"summary_large_image","twitter_misc":{"Estimated reading time":"3 minutes"},"schema":{"@context":"https:\/\/schema.org","@graph":[{"@type":"Organization","@id":"https:\/\/padas.al\/#organization","name":"Padas.al","url":"https:\/\/padas.al\/","sameAs":[],"logo":{"@type":"ImageObject","@id":"https:\/\/padas.al\/#logo","inLanguage":"en-GB","url":"https:\/\/padas.al\/wp-content\/uploads\/2021\/12\/padas-logo-01.svg","contentUrl":"https:\/\/padas.al\/wp-content\/uploads\/2021\/12\/padas-logo-01.svg","width":196.4218,"height":195.7925,"caption":"Padas.al"},"image":{"@id":"https:\/\/padas.al\/#logo"}},{"@type":"WebSite","@id":"https:\/\/padas.al\/#website","url":"https:\/\/padas.al\/","name":"PADAS","description":"Shoe Shop","publisher":{"@id":"https:\/\/padas.al\/#organization"},"potentialAction":[{"@type":"SearchAction","target":{"@type":"EntryPoint","urlTemplate":"https:\/\/padas.al\/?s={search_term_string}"},"query-input":"required name=search_term_string"}],"inLanguage":"en-GB"},{"@type":"ImageObject","@id":"https:\/\/padas.al\/kushtet-dhe-transporti\/#primaryimage","inLanguage":"en-GB","url":"https:\/\/padas.al\/wp-content\/uploads\/2021\/12\/padas-logo-01.svg","contentUrl":"https:\/\/padas.al\/wp-content\/uploads\/2021\/12\/padas-logo-01.svg","width":196.4218,"height":195.7925},{"@type":"WebPage","@id":"https:\/\/padas.al\/kushtet-dhe-transporti\/#webpage","url":"https:\/\/padas.al\/kushtet-dhe-transporti\/","name":"Kushtet dhe transporti - PADAS","isPartOf":{"@id":"https:\/\/padas.al\/#website"},"primaryImageOfPage":{"@id":"https:\/\/padas.al\/kushtet-dhe-transporti\/#primaryimage"},"datePublished":"2022-03-04T12:00:17+00:00","dateModified":"2022-03-30T07:53:12+00:00","breadcrumb":{"@id":"https:\/\/padas.al\/kushtet-dhe-transporti\/#breadcrumb"},"inLanguage":"en-GB","potentialAction":[{"@type":"ReadAction","target":["https:\/\/padas.al\/kushtet-dhe-transporti\/"]}]},{"@type":"BreadcrumbList","@id":"https:\/\/padas.al\/kushtet-dhe-transporti\/#breadcrumb","itemListElement":[{"@type":"ListItem","position":1,"name":"Home","item":"https:\/\/padas.al\/"},{"@type":"ListItem","position":2,"name":"Kushtet dhe transporti"}]}]}},"_links":{"self":[{"href":"https:\/\/padas.al\/english\/wp-json\/wp\/v2\/pages\/4494"}],"collection":[{"href":"https:\/\/padas.al\/english\/wp-json\/wp\/v2\/pages"}],"about":[{"href":"https:\/\/padas.al\/english\/wp-json\/wp\/v2\/types\/page"}],"author":[{"embeddable":true,"href":"https:\/\/padas.al\/english\/wp-json\/wp\/v2\/users\/1"}],"replies":[{"embeddable":true,"href":"https:\/\/padas.al\/english\/wp-json\/wp\/v2\/comments?post=4494"}],"version-history":[{"count":0,"href":"https:\/\/padas.al\/english\/wp-json\/wp\/v2\/pages\/4494\/revisions"}],"wp:attachment":[{"href":"https:\/\/padas.al\/english\/wp-json\/wp\/v2\/media?parent=4494"}],"curies":[{"name":"wp","href":"https:\/\/api.w.org\/{rel}","templated":true}]}}