{"id":940,"date":"2022-01-05T11:44:47","date_gmt":"2022-01-05T11:44:47","guid":{"rendered":"https:\/\/padas.al\/?page_id=940"},"modified":"2022-03-04T09:34:44","modified_gmt":"2022-03-04T09:34:44","slug":"log-in","status":"publish","type":"page","link":"https:\/\/padas.al\/english\/log-in\/","title":{"rendered":"Log in"},"content":{"rendered":"<div data-elementor-type=\"wp-page\" data-elementor-id=\"940\" class=\"elementor elementor-940\">\n\t\t\t\t\t\t\t\t\t<section class=\"elementor-section elementor-top-section elementor-element elementor-element-aa57731 elementor-section-boxed elementor-section-height-default elementor-section-height-default\" data-id=\"aa57731\" data-element_type=\"section\">\n\t\t\t\t\t\t<div class=\"elementor-container elementor-column-gap-default\">\n\t\t\t\t\t<div class=\"elementor-column elementor-col-100 elementor-top-column elementor-element elementor-element-bf7818a\" data-id=\"bf7818a\" data-element_type=\"column\">\n\t\t\t<div class=\"elementor-widget-wrap elementor-element-populated\">\n\t\t\t\t\t\t\t\t<div class=\"elementor-element elementor-element-f108e69 elementor-widget elementor-widget-jet-login\" data-id=\"f108e69\" data-element_type=\"widget\" data-widget_type=\"jet-login.default\">\n\t\t\t\t<div class=\"elementor-widget-container\">\n\t\t\t<div class=\"elementor-jet-login jet-blocks\"><div class=\"jet-login\"><form name=\"loginform\" id=\"loginform\"  method=\"post\" action=\"\"><p class=\"login-username\">\n\t\t\t\t<label for=\"user_login\">Emri i p\u00ebrdoruesit ose email-i<\/label>\n\t\t\t\t<input type=\"text\" name=\"log\" id=\"user_login\" placeholder=\"Emri i p\u00ebrdoruesit ose email-i\" class=\"input\" value=\"\" size=\"20\" \/>\n\t\t\t<\/p><p class=\"login-password\">\n\t\t\t\t<label for=\"user_pass\">Fjal\u00ebkalimi<\/label>\n\t\t\t\t<input type=\"password\" name=\"pwd\" id=\"user_pass\" placeholder=\"Fjal\u00ebkalimi\" class=\"input\" value=\"\" size=\"20\" \/>\n\t\t\t<\/p><p class=\"login-remember\"><label><input name=\"rememberme\" type=\"checkbox\" id=\"rememberme\" value=\"forever\" \/> Ruaj fjal\u00ebkalimin<\/label><\/p><p class=\"login-submit\">\n\t\t\t\t<input type=\"submit\" name=\"wp-submit\" id=\"wp-submit\" class=\"button button-primary\" value=\"Ky\u00e7u\" \/>\n\t\t\t\t<input type=\"hidden\" name=\"redirect_to\" value=\"https:\/\/padas.al\/english\/\" \/>\n\t\t\t<\/p><input type=\"hidden\" name=\"jet_login\" value=\"1\"><input type=\"hidden\" name=\"trp-form-language\" value=\"english\"\/><\/form><\/div><\/div>\t\t<\/div>\n\t\t\t\t<\/div>\n\t\t\t\t\t<\/div>\n\t\t<\/div>\n\t\t\t\t\t\t\t<\/div>\n\t\t<\/section>\n\t\t\t\t\t\t\t<\/div>","protected":false},"excerpt":{"rendered":"<p>Emri i p\u00ebrdoruesit ose email-i Fjal\u00ebkalimi Ruaj fjal\u00ebkalimin<\/p>","protected":false},"author":1,"featured_media":0,"parent":0,"menu_order":0,"comment_status":"closed","ping_status":"closed","template":"elementor_header_footer","meta":[],"yoast_head":"<!-- This site is optimized with the Yoast SEO plugin v18.3 - https:\/\/yoast.com\/wordpress\/plugins\/seo\/ -->\n<title>Log in - PADAS<\/title>\n<meta name=\"robots\" content=\"index, follow, max-snippet:-1, max-image-preview:large, max-video-preview:-1\" \/>\n<link rel=\"canonical\" href=\"https:\/\/padas.al\/english\/log-in\/\" \/>\n<meta property=\"og:locale\" content=\"en_GB\" \/>\n<meta property=\"og:type\" content=\"article\" \/>\n<meta property=\"og:title\" content=\"Log in - PADAS\" \/>\n<meta property=\"og:description\" content=\"Emri i p\u00ebrdoruesit ose email-i Fjal\u00ebkalimi Ruaj fjal\u00ebkalimin\" \/>\n<meta property=\"og:url\" content=\"https:\/\/padas.al\/english\/log-in\/\" \/>\n<meta property=\"og:site_name\" content=\"PADAS\" \/>\n<meta property=\"article:modified_time\" content=\"2022-03-04T09:34:44+00:00\" \/>\n<meta name=\"twitter:card\" content=\"summary_large_image\" \/>\n<script type=\"application\/ld+json\" class=\"yoast-schema-graph\">{\"@context\":\"https:\/\/schema.org\",\"@graph\":[{\"@type\":\"Organization\",\"@id\":\"https:\/\/padas.al\/#organization\",\"name\":\"Padas.al\",\"url\":\"https:\/\/padas.al\/\",\"sameAs\":[],\"logo\":{\"@type\":\"ImageObject\",\"@id\":\"https:\/\/padas.al\/#logo\",\"inLanguage\":\"en-GB\",\"url\":\"https:\/\/padas.al\/wp-content\/uploads\/2021\/12\/padas-logo-01.svg\",\"contentUrl\":\"https:\/\/padas.al\/wp-content\/uploads\/2021\/12\/padas-logo-01.svg\",\"width\":196.4218,\"height\":195.7925,\"caption\":\"Padas.al\"},\"image\":{\"@id\":\"https:\/\/padas.al\/#logo\"}},{\"@type\":\"WebSite\",\"@id\":\"https:\/\/padas.al\/#website\",\"url\":\"https:\/\/padas.al\/\",\"name\":\"PADAS\",\"description\":\"Shoe Shop\",\"publisher\":{\"@id\":\"https:\/\/padas.al\/#organization\"},\"potentialAction\":[{\"@type\":\"SearchAction\",\"target\":{\"@type\":\"EntryPoint\",\"urlTemplate\":\"https:\/\/padas.al\/?s={search_term_string}\"},\"query-input\":\"required name=search_term_string\"}],\"inLanguage\":\"en-GB\"},{\"@type\":\"WebPage\",\"@id\":\"https:\/\/padas.al\/log-in\/#webpage\",\"url\":\"https:\/\/padas.al\/log-in\/\",\"name\":\"Log in - PADAS\",\"isPartOf\":{\"@id\":\"https:\/\/padas.al\/#website\"},\"datePublished\":\"2022-01-05T11:44:47+00:00\",\"dateModified\":\"2022-03-04T09:34:44+00:00\",\"breadcrumb\":{\"@id\":\"https:\/\/padas.al\/log-in\/#breadcrumb\"},\"inLanguage\":\"en-GB\",\"potentialAction\":[{\"@type\":\"ReadAction\",\"target\":[\"https:\/\/padas.al\/log-in\/\"]}]},{\"@type\":\"BreadcrumbList\",\"@id\":\"https:\/\/padas.al\/log-in\/#breadcrumb\",\"itemListElement\":[{\"@type\":\"ListItem\",\"position\":1,\"name\":\"Home\",\"item\":\"https:\/\/padas.al\/\"},{\"@type\":\"ListItem\",\"position\":2,\"name\":\"Log in\"}]}]}<\/script>\n<!-- \/ Yoast SEO plugin. -->","yoast_head_json":{"title":"Log in - PADAS","robots":{"index":"index","follow":"follow","max-snippet":"max-snippet:-1","max-image-preview":"max-image-preview:large","max-video-preview":"max-video-preview:-1"},"canonical":"https:\/\/padas.al\/english\/log-in\/","og_locale":"en_GB","og_type":"article","og_title":"Log in - PADAS","og_description":"Emri i p\u00ebrdoruesit ose email-i Fjal\u00ebkalimi Ruaj fjal\u00ebkalimin","og_url":"https:\/\/padas.al\/english\/log-in\/","og_site_name":"PADAS","article_modified_time":"2022-03-04T09:34:44+00:00","twitter_card":"summary_large_image","schema":{"@context":"https:\/\/schema.org","@graph":[{"@type":"Organization","@id":"https:\/\/padas.al\/#organization","name":"Padas.al","url":"https:\/\/padas.al\/","sameAs":[],"logo":{"@type":"ImageObject","@id":"https:\/\/padas.al\/#logo","inLanguage":"en-GB","url":"https:\/\/padas.al\/wp-content\/uploads\/2021\/12\/padas-logo-01.svg","contentUrl":"https:\/\/padas.al\/wp-content\/uploads\/2021\/12\/padas-logo-01.svg","width":196.4218,"height":195.7925,"caption":"Padas.al"},"image":{"@id":"https:\/\/padas.al\/#logo"}},{"@type":"WebSite","@id":"https:\/\/padas.al\/#website","url":"https:\/\/padas.al\/","name":"PADAS","description":"Shoe Shop","publisher":{"@id":"https:\/\/padas.al\/#organization"},"potentialAction":[{"@type":"SearchAction","target":{"@type":"EntryPoint","urlTemplate":"https:\/\/padas.al\/?s={search_term_string}"},"query-input":"required name=search_term_string"}],"inLanguage":"en-GB"},{"@type":"WebPage","@id":"https:\/\/padas.al\/log-in\/#webpage","url":"https:\/\/padas.al\/log-in\/","name":"Log in - PADAS","isPartOf":{"@id":"https:\/\/padas.al\/#website"},"datePublished":"2022-01-05T11:44:47+00:00","dateModified":"2022-03-04T09:34:44+00:00","breadcrumb":{"@id":"https:\/\/padas.al\/log-in\/#breadcrumb"},"inLanguage":"en-GB","potentialAction":[{"@type":"ReadAction","target":["https:\/\/padas.al\/log-in\/"]}]},{"@type":"BreadcrumbList","@id":"https:\/\/padas.al\/log-in\/#breadcrumb","itemListElement":[{"@type":"ListItem","position":1,"name":"Home","item":"https:\/\/padas.al\/"},{"@type":"ListItem","position":2,"name":"Log in"}]}]}},"_links":{"self":[{"href":"https:\/\/padas.al\/english\/wp-json\/wp\/v2\/pages\/940"}],"collection":[{"href":"https:\/\/padas.al\/english\/wp-json\/wp\/v2\/pages"}],"about":[{"href":"https:\/\/padas.al\/english\/wp-json\/wp\/v2\/types\/page"}],"author":[{"embeddable":true,"href":"https:\/\/padas.al\/english\/wp-json\/wp\/v2\/users\/1"}],"replies":[{"embeddable":true,"href":"https:\/\/padas.al\/english\/wp-json\/wp\/v2\/comments?post=940"}],"version-history":[{"count":0,"href":"https:\/\/padas.al\/english\/wp-json\/wp\/v2\/pages\/940\/revisions"}],"wp:attachment":[{"href":"https:\/\/padas.al\/english\/wp-json\/wp\/v2\/media?parent=940"}],"curies":[{"name":"wp","href":"https:\/\/api.w.org\/{rel}","templated":true}]}}