{"id":10106,"date":"2022-12-12T13:19:49","date_gmt":"2022-12-12T13:19:49","guid":{"rendered":"https:\/\/padas.al\/?post_type=product&#038;p=10106"},"modified":"2023-04-23T20:54:27","modified_gmt":"2023-04-23T20:54:27","slug":"cizme-te-shkurtra-kastor-me-take-ragazza","status":"publish","type":"product","link":"https:\/\/padas.al\/english\/product\/cizme-te-shkurtra-kastor-me-take-ragazza\/","title":{"rendered":"\u00c7izme t\u00eb shkurtra kastor me tak\u00eb Ragazza"},"content":{"rendered":"<p><span style=\"font-weight: 400\">K\u00ebpuc\u00ebt jan\u00eb prodhim me standard europian t\u00eb firm\u00ebs Ragazza , kompani greke. Ato kan\u00eb zinxhir n\u00eb an\u00ebn e brendshme e cila e b\u00ebn m\u00eb komode veshjen e tyre. Duke pasur mb\u00ebshtetje t\u00eb mir\u00eb t\u00eb tak\u00ebs si gom\u00eb si bazament p\u00ebrpara ato jan\u00eb komode n\u00eb ecje. Ngjyra e tyre si e zeza po ashtu dhe bezha n\u00eb tonalitetet e tok\u00ebs \u00ebsht\u00eb e ngroht\u00eb dhe e kombinueshme.<\/span><\/p>","protected":false},"excerpt":{"rendered":"<p><span style=\"font-weight: 400\">K\u00ebpuc\u00ebt jan\u00eb t\u00eb punuara nga kastori dhe brenda kan\u00eb veshje t\u00eb ngroht\u00eb. Goma e tyre \u00ebsht\u00eb fleksib\u00ebl e leht\u00eb dhe rezistente. Modeli \u00ebsht\u00eb i disponuesh\u00ebm n\u00eb 2 ngjyra n\u00eb t\u00eb zez\u00eb dhe n\u00eb bezh\u00eb. Taka e tyre \u00ebsht\u00eb me form\u00eb unike si cilind\u00ebr ky detaj e b\u00ebn modelin m\u00eb interesant, l<\/span><span style=\"font-weight: 400\">art\u00ebsia e tak\u00ebs \u00ebsht\u00eb 7 cm.\u00a0<\/span><\/p>\n<p>&nbsp;<\/p>","protected":false},"featured_media":10108,"comment_status":"open","ping_status":"closed","template":"","meta":[],"product_cat":[139,148,150,140,147,146,216,222,224],"product_tag":[],"yoast_head":"<!-- This site is optimized with the Yoast SEO plugin v18.3 - https:\/\/yoast.com\/wordpress\/plugins\/seo\/ -->\n<title>\u00c7izme t\u00eb shkurtra kastor me tak\u00eb Ragazza - PADAS<\/title>\n<meta name=\"description\" content=\"Kastori \u00ebsht\u00eb materiali m\u00eb fisnik p\u00ebr k\u00ebmb\u00ebt tuaja, modeli po ashtu \u00ebsht\u00eb elegant dhe i p\u00ebrshtatsh\u00ebm p\u00ebr t&#039;u veshur si me fustane po ashtu dhe me pantallona.\" \/>\n<meta name=\"robots\" content=\"index, follow, max-snippet:-1, max-image-preview:large, max-video-preview:-1\" \/>\n<link rel=\"canonical\" href=\"https:\/\/padas.al\/english\/product\/cizme-te-shkurtra-kastor-me-take-ragazza\/\" \/>\n<meta property=\"og:locale\" content=\"en_GB\" \/>\n<meta property=\"og:type\" content=\"article\" \/>\n<meta property=\"og:title\" content=\"\u00c7izme t\u00eb shkurtra kastor me tak\u00eb Ragazza - PADAS\" \/>\n<meta property=\"og:description\" content=\"Kastori \u00ebsht\u00eb materiali m\u00eb fisnik p\u00ebr k\u00ebmb\u00ebt tuaja, modeli po ashtu \u00ebsht\u00eb elegant dhe i p\u00ebrshtatsh\u00ebm p\u00ebr t&#039;u veshur si me fustane po ashtu dhe me pantallona.\" \/>\n<meta property=\"og:url\" content=\"https:\/\/padas.al\/english\/product\/cizme-te-shkurtra-kastor-me-take-ragazza\/\" \/>\n<meta property=\"og:site_name\" content=\"PADAS\" \/>\n<meta property=\"article:modified_time\" content=\"2023-04-23T20:54:27+00:00\" \/>\n<meta property=\"og:image\" content=\"https:\/\/padas.al\/wp-content\/uploads\/2022\/12\/fixedratio_20221130121338_ragazza_r0593_suede_gynaikeia_mpotakia_mayra.jpeg\" \/>\n\t<meta property=\"og:image:width\" content=\"540\" \/>\n\t<meta property=\"og:image:height\" content=\"720\" \/>\n\t<meta property=\"og:image:type\" content=\"image\/jpeg\" \/>\n<meta name=\"twitter:card\" content=\"summary_large_image\" \/>\n<meta name=\"twitter:label1\" content=\"Estimated reading time\" \/>\n\t<meta name=\"twitter:data1\" content=\"1 minute\" \/>\n<script type=\"application\/ld+json\" class=\"yoast-schema-graph\">{\"@context\":\"https:\/\/schema.org\",\"@graph\":[{\"@type\":\"Organization\",\"@id\":\"https:\/\/padas.al\/#organization\",\"name\":\"Padas.al\",\"url\":\"https:\/\/padas.al\/\",\"sameAs\":[],\"logo\":{\"@type\":\"ImageObject\",\"@id\":\"https:\/\/padas.al\/#logo\",\"inLanguage\":\"en-GB\",\"url\":\"https:\/\/padas.al\/wp-content\/uploads\/2021\/12\/padas-logo-01.svg\",\"contentUrl\":\"https:\/\/padas.al\/wp-content\/uploads\/2021\/12\/padas-logo-01.svg\",\"width\":196.4218,\"height\":195.7925,\"caption\":\"Padas.al\"},\"image\":{\"@id\":\"https:\/\/padas.al\/#logo\"}},{\"@type\":\"WebSite\",\"@id\":\"https:\/\/padas.al\/#website\",\"url\":\"https:\/\/padas.al\/\",\"name\":\"PADAS\",\"description\":\"Shoe Shop\",\"publisher\":{\"@id\":\"https:\/\/padas.al\/#organization\"},\"potentialAction\":[{\"@type\":\"SearchAction\",\"target\":{\"@type\":\"EntryPoint\",\"urlTemplate\":\"https:\/\/padas.al\/?s={search_term_string}\"},\"query-input\":\"required name=search_term_string\"}],\"inLanguage\":\"en-GB\"},{\"@type\":\"ImageObject\",\"@id\":\"https:\/\/padas.al\/product\/cizme-te-shkurtra-kastor-me-take-ragazza\/#primaryimage\",\"inLanguage\":\"en-GB\",\"url\":\"https:\/\/padas.al\/wp-content\/uploads\/2022\/12\/fixedratio_20221130121338_ragazza_r0593_suede_gynaikeia_mpotakia_mayra.jpeg\",\"contentUrl\":\"https:\/\/padas.al\/wp-content\/uploads\/2022\/12\/fixedratio_20221130121338_ragazza_r0593_suede_gynaikeia_mpotakia_mayra.jpeg\",\"width\":540,\"height\":720},{\"@type\":\"WebPage\",\"@id\":\"https:\/\/padas.al\/product\/cizme-te-shkurtra-kastor-me-take-ragazza\/#webpage\",\"url\":\"https:\/\/padas.al\/product\/cizme-te-shkurtra-kastor-me-take-ragazza\/\",\"name\":\"\u00c7izme t\u00eb shkurtra kastor me tak\u00eb Ragazza - PADAS\",\"isPartOf\":{\"@id\":\"https:\/\/padas.al\/#website\"},\"primaryImageOfPage\":{\"@id\":\"https:\/\/padas.al\/product\/cizme-te-shkurtra-kastor-me-take-ragazza\/#primaryimage\"},\"datePublished\":\"2022-12-12T13:19:49+00:00\",\"dateModified\":\"2023-04-23T20:54:27+00:00\",\"description\":\"Kastori \u00ebsht\u00eb materiali m\u00eb fisnik p\u00ebr k\u00ebmb\u00ebt tuaja, modeli po ashtu \u00ebsht\u00eb elegant dhe i p\u00ebrshtatsh\u00ebm p\u00ebr t'u veshur si me fustane po ashtu dhe me pantallona.\",\"breadcrumb\":{\"@id\":\"https:\/\/padas.al\/product\/cizme-te-shkurtra-kastor-me-take-ragazza\/#breadcrumb\"},\"inLanguage\":\"en-GB\",\"potentialAction\":[{\"@type\":\"ReadAction\",\"target\":[\"https:\/\/padas.al\/product\/cizme-te-shkurtra-kastor-me-take-ragazza\/\"]}]},{\"@type\":\"BreadcrumbList\",\"@id\":\"https:\/\/padas.al\/product\/cizme-te-shkurtra-kastor-me-take-ragazza\/#breadcrumb\",\"itemListElement\":[{\"@type\":\"ListItem\",\"position\":1,\"name\":\"Home\",\"item\":\"https:\/\/padas.al\/\"},{\"@type\":\"ListItem\",\"position\":2,\"name\":\"Shop\",\"item\":\"https:\/\/padas.al\/shop\/\"},{\"@type\":\"ListItem\",\"position\":3,\"name\":\"\u00c7izme t\u00eb shkurtra kastor me tak\u00eb Ragazza\"}]}]}<\/script>\n<!-- \/ Yoast SEO plugin. -->","yoast_head_json":{"title":"\u00c7izme t\u00eb shkurtra kastor me tak\u00eb Ragazza - PADAS","description":"Kastori \u00ebsht\u00eb materiali m\u00eb fisnik p\u00ebr k\u00ebmb\u00ebt tuaja, modeli po ashtu \u00ebsht\u00eb elegant dhe i p\u00ebrshtatsh\u00ebm p\u00ebr t'u veshur si me fustane po ashtu dhe me pantallona.","robots":{"index":"index","follow":"follow","max-snippet":"max-snippet:-1","max-image-preview":"max-image-preview:large","max-video-preview":"max-video-preview:-1"},"canonical":"https:\/\/padas.al\/english\/product\/cizme-te-shkurtra-kastor-me-take-ragazza\/","og_locale":"en_GB","og_type":"article","og_title":"\u00c7izme t\u00eb shkurtra kastor me tak\u00eb Ragazza - PADAS","og_description":"Kastori \u00ebsht\u00eb materiali m\u00eb fisnik p\u00ebr k\u00ebmb\u00ebt tuaja, modeli po ashtu \u00ebsht\u00eb elegant dhe i p\u00ebrshtatsh\u00ebm p\u00ebr t'u veshur si me fustane po ashtu dhe me pantallona.","og_url":"https:\/\/padas.al\/english\/product\/cizme-te-shkurtra-kastor-me-take-ragazza\/","og_site_name":"PADAS","article_modified_time":"2023-04-23T20:54:27+00:00","og_image":[{"width":540,"height":720,"url":"https:\/\/padas.al\/wp-content\/uploads\/2022\/12\/fixedratio_20221130121338_ragazza_r0593_suede_gynaikeia_mpotakia_mayra.jpeg","type":"image\/jpeg"}],"twitter_card":"summary_large_image","twitter_misc":{"Estimated reading time":"1 minute"},"schema":{"@context":"https:\/\/schema.org","@graph":[{"@type":"Organization","@id":"https:\/\/padas.al\/#organization","name":"Padas.al","url":"https:\/\/padas.al\/","sameAs":[],"logo":{"@type":"ImageObject","@id":"https:\/\/padas.al\/#logo","inLanguage":"en-GB","url":"https:\/\/padas.al\/wp-content\/uploads\/2021\/12\/padas-logo-01.svg","contentUrl":"https:\/\/padas.al\/wp-content\/uploads\/2021\/12\/padas-logo-01.svg","width":196.4218,"height":195.7925,"caption":"Padas.al"},"image":{"@id":"https:\/\/padas.al\/#logo"}},{"@type":"WebSite","@id":"https:\/\/padas.al\/#website","url":"https:\/\/padas.al\/","name":"PADAS","description":"Shoe Shop","publisher":{"@id":"https:\/\/padas.al\/#organization"},"potentialAction":[{"@type":"SearchAction","target":{"@type":"EntryPoint","urlTemplate":"https:\/\/padas.al\/?s={search_term_string}"},"query-input":"required name=search_term_string"}],"inLanguage":"en-GB"},{"@type":"ImageObject","@id":"https:\/\/padas.al\/product\/cizme-te-shkurtra-kastor-me-take-ragazza\/#primaryimage","inLanguage":"en-GB","url":"https:\/\/padas.al\/wp-content\/uploads\/2022\/12\/fixedratio_20221130121338_ragazza_r0593_suede_gynaikeia_mpotakia_mayra.jpeg","contentUrl":"https:\/\/padas.al\/wp-content\/uploads\/2022\/12\/fixedratio_20221130121338_ragazza_r0593_suede_gynaikeia_mpotakia_mayra.jpeg","width":540,"height":720},{"@type":"WebPage","@id":"https:\/\/padas.al\/product\/cizme-te-shkurtra-kastor-me-take-ragazza\/#webpage","url":"https:\/\/padas.al\/product\/cizme-te-shkurtra-kastor-me-take-ragazza\/","name":"\u00c7izme t\u00eb shkurtra kastor me tak\u00eb Ragazza - PADAS","isPartOf":{"@id":"https:\/\/padas.al\/#website"},"primaryImageOfPage":{"@id":"https:\/\/padas.al\/product\/cizme-te-shkurtra-kastor-me-take-ragazza\/#primaryimage"},"datePublished":"2022-12-12T13:19:49+00:00","dateModified":"2023-04-23T20:54:27+00:00","description":"Kastori \u00ebsht\u00eb materiali m\u00eb fisnik p\u00ebr k\u00ebmb\u00ebt tuaja, modeli po ashtu \u00ebsht\u00eb elegant dhe i p\u00ebrshtatsh\u00ebm p\u00ebr t'u veshur si me fustane po ashtu dhe me pantallona.","breadcrumb":{"@id":"https:\/\/padas.al\/product\/cizme-te-shkurtra-kastor-me-take-ragazza\/#breadcrumb"},"inLanguage":"en-GB","potentialAction":[{"@type":"ReadAction","target":["https:\/\/padas.al\/product\/cizme-te-shkurtra-kastor-me-take-ragazza\/"]}]},{"@type":"BreadcrumbList","@id":"https:\/\/padas.al\/product\/cizme-te-shkurtra-kastor-me-take-ragazza\/#breadcrumb","itemListElement":[{"@type":"ListItem","position":1,"name":"Home","item":"https:\/\/padas.al\/"},{"@type":"ListItem","position":2,"name":"Shop","item":"https:\/\/padas.al\/shop\/"},{"@type":"ListItem","position":3,"name":"\u00c7izme t\u00eb shkurtra kastor me tak\u00eb Ragazza"}]}]}},"_links":{"self":[{"href":"https:\/\/padas.al\/english\/wp-json\/wp\/v2\/product\/10106"}],"collection":[{"href":"https:\/\/padas.al\/english\/wp-json\/wp\/v2\/product"}],"about":[{"href":"https:\/\/padas.al\/english\/wp-json\/wp\/v2\/types\/product"}],"replies":[{"embeddable":true,"href":"https:\/\/padas.al\/english\/wp-json\/wp\/v2\/comments?post=10106"}],"wp:featuredmedia":[{"embeddable":true,"href":"https:\/\/padas.al\/english\/wp-json\/wp\/v2\/media\/10108"}],"wp:attachment":[{"href":"https:\/\/padas.al\/english\/wp-json\/wp\/v2\/media?parent=10106"}],"wp:term":[{"taxonomy":"product_cat","embeddable":true,"href":"https:\/\/padas.al\/english\/wp-json\/wp\/v2\/product_cat?post=10106"},{"taxonomy":"product_tag","embeddable":true,"href":"https:\/\/padas.al\/english\/wp-json\/wp\/v2\/product_tag?post=10106"}],"curies":[{"name":"wp","href":"https:\/\/api.w.org\/{rel}","templated":true}]}}