{"id":10249,"date":"2022-12-20T18:59:12","date_gmt":"2022-12-20T18:59:12","guid":{"rendered":"https:\/\/padas.al\/?post_type=product&#038;p=10249"},"modified":"2026-01-27T11:32:29","modified_gmt":"2026-01-27T11:32:29","slug":"atlete-me-gome-trendi-e-me-detaje-unike","status":"publish","type":"product","link":"https:\/\/padas.al\/english\/product\/atlete-me-gome-trendi-e-me-detaje-unike\/","title":{"rendered":"Atlete me gom\u00eb trendi e me detaje unike."},"content":{"rendered":"<p>Atletet jan\u00eb t\u00eb punuara nga l\u00ebkura natyrale dhe material kastor n\u00eb detaje si dhe n\u00eb tekstil. Ngjyrat n\u00eb t\u00eb cilat \u00ebsht\u00eb e punuar ky model atleteje jan\u00eb e zeza grija dhe detaje n\u00eb ngjyr\u00ebn portokalli e cila b\u00ebn lidhjen me detajet po n\u00eb k\u00ebt\u00eb ngjyr\u00eb q\u00eb ndodhen n\u00eb gom\u00ebn e tyre. Goma e tyre ka detaje si dh\u00ebmb\u00ebza n\u00eb pjes\u00ebn an\u00ebsore t\u00eb saj, detaj q\u00eb i b\u00ebn ato akoma m\u00eb sportive.<\/p>","protected":false},"excerpt":{"rendered":"<p><span style=\"font-weight: 400\">Atletet i p\u00ebrkasin firm\u00ebs Boxer , kompani greke e cila prodhon dhe treg\u00ebton k\u00ebpuc\u00eb l\u00ebkure me standard t\u00eb lart\u00eb dhe cil\u00ebsore. Modeli ka gom\u00eb t\u00eb leht\u00eb rezistente me detaje t\u00eb ve\u00e7anta dhe brenda n\u00eb pjes\u00ebn ku mb\u00ebshtetet shputa e k\u00ebmb\u00ebs ka shtres\u00eb t\u00eb but\u00eb l\u00ebkur\u00eb. Jan\u00eb t\u00eb p\u00ebrshatshme p\u00ebr sezonin vjesht\u00eb\/dimr\u00ebr dhe jan\u00eb p\u00ebrzgjedhja e duhur p\u00ebr t\u00eb gjith\u00eb ju q\u00eb jeni me orar t\u00eb zgjatur n\u00eb q\u00ebndrim n\u00eb k\u00ebmb\u00eb.<\/span><\/p>","protected":false},"featured_media":10250,"comment_status":"open","ping_status":"closed","template":"","meta":[],"product_cat":[228,229,188,189,200,191,193,192,274],"product_tag":[],"yoast_head":"<!-- This site is optimized with the Yoast SEO plugin v18.3 - https:\/\/yoast.com\/wordpress\/plugins\/seo\/ -->\n<title>Atlete me gom\u00eb trendi e me detaje unike. - PADAS<\/title>\n<meta name=\"description\" content=\"P\u00ebr t\u00eb gjith\u00eb ju q\u00eb jeni me orar t\u00eb zgjatur n\u00eb q\u00ebndrim n\u00eb k\u00ebmb\u00eb k\u00ebto atlete jan\u00eb dhurata m\u00eb e bukur q\u00eb do i jepni k\u00ebmb\u00ebve tuaja. Model unik dhe praktik.\" \/>\n<meta name=\"robots\" content=\"index, follow, max-snippet:-1, max-image-preview:large, max-video-preview:-1\" \/>\n<link rel=\"canonical\" href=\"https:\/\/padas.al\/english\/product\/atlete-me-gome-trendi-e-me-detaje-unike\/\" \/>\n<meta property=\"og:locale\" content=\"en_GB\" \/>\n<meta property=\"og:type\" content=\"article\" \/>\n<meta property=\"og:title\" content=\"Atlete me gom\u00eb trendi e me detaje unike. - PADAS\" \/>\n<meta property=\"og:description\" content=\"P\u00ebr t\u00eb gjith\u00eb ju q\u00eb jeni me orar t\u00eb zgjatur n\u00eb q\u00ebndrim n\u00eb k\u00ebmb\u00eb k\u00ebto atlete jan\u00eb dhurata m\u00eb e bukur q\u00eb do i jepni k\u00ebmb\u00ebve tuaja. Model unik dhe praktik.\" \/>\n<meta property=\"og:url\" content=\"https:\/\/padas.al\/english\/product\/atlete-me-gome-trendi-e-me-detaje-unike\/\" \/>\n<meta property=\"og:site_name\" content=\"PADAS\" \/>\n<meta property=\"article:modified_time\" content=\"2026-01-27T11:32:29+00:00\" \/>\n<meta property=\"og:image\" content=\"https:\/\/padas.al\/wp-content\/uploads\/2022\/12\/boxer-shoes-19188.jpg\" \/>\n\t<meta property=\"og:image:width\" content=\"1000\" \/>\n\t<meta property=\"og:image:height\" content=\"1000\" \/>\n\t<meta property=\"og:image:type\" content=\"image\/jpeg\" \/>\n<meta name=\"twitter:card\" content=\"summary_large_image\" \/>\n<meta name=\"twitter:label1\" content=\"Estimated reading time\" \/>\n\t<meta name=\"twitter:data1\" content=\"1 minute\" \/>\n<script type=\"application\/ld+json\" class=\"yoast-schema-graph\">{\"@context\":\"https:\/\/schema.org\",\"@graph\":[{\"@type\":\"Organization\",\"@id\":\"https:\/\/padas.al\/#organization\",\"name\":\"Padas.al\",\"url\":\"https:\/\/padas.al\/\",\"sameAs\":[],\"logo\":{\"@type\":\"ImageObject\",\"@id\":\"https:\/\/padas.al\/#logo\",\"inLanguage\":\"en-GB\",\"url\":\"https:\/\/padas.al\/wp-content\/uploads\/2021\/12\/padas-logo-01.svg\",\"contentUrl\":\"https:\/\/padas.al\/wp-content\/uploads\/2021\/12\/padas-logo-01.svg\",\"width\":196.4218,\"height\":195.7925,\"caption\":\"Padas.al\"},\"image\":{\"@id\":\"https:\/\/padas.al\/#logo\"}},{\"@type\":\"WebSite\",\"@id\":\"https:\/\/padas.al\/#website\",\"url\":\"https:\/\/padas.al\/\",\"name\":\"PADAS\",\"description\":\"Shoe Shop\",\"publisher\":{\"@id\":\"https:\/\/padas.al\/#organization\"},\"potentialAction\":[{\"@type\":\"SearchAction\",\"target\":{\"@type\":\"EntryPoint\",\"urlTemplate\":\"https:\/\/padas.al\/?s={search_term_string}\"},\"query-input\":\"required name=search_term_string\"}],\"inLanguage\":\"en-GB\"},{\"@type\":\"ImageObject\",\"@id\":\"https:\/\/padas.al\/product\/atlete-me-gome-trendi-e-me-detaje-unike\/#primaryimage\",\"inLanguage\":\"en-GB\",\"url\":\"https:\/\/padas.al\/wp-content\/uploads\/2022\/12\/boxer-shoes-19188.jpg\",\"contentUrl\":\"https:\/\/padas.al\/wp-content\/uploads\/2022\/12\/boxer-shoes-19188.jpg\",\"width\":1000,\"height\":1000},{\"@type\":\"WebPage\",\"@id\":\"https:\/\/padas.al\/product\/atlete-me-gome-trendi-e-me-detaje-unike\/#webpage\",\"url\":\"https:\/\/padas.al\/product\/atlete-me-gome-trendi-e-me-detaje-unike\/\",\"name\":\"Atlete me gom\u00eb trendi e me detaje unike. - PADAS\",\"isPartOf\":{\"@id\":\"https:\/\/padas.al\/#website\"},\"primaryImageOfPage\":{\"@id\":\"https:\/\/padas.al\/product\/atlete-me-gome-trendi-e-me-detaje-unike\/#primaryimage\"},\"datePublished\":\"2022-12-20T18:59:12+00:00\",\"dateModified\":\"2026-01-27T11:32:29+00:00\",\"description\":\"P\u00ebr t\u00eb gjith\u00eb ju q\u00eb jeni me orar t\u00eb zgjatur n\u00eb q\u00ebndrim n\u00eb k\u00ebmb\u00eb k\u00ebto atlete jan\u00eb dhurata m\u00eb e bukur q\u00eb do i jepni k\u00ebmb\u00ebve tuaja. Model unik dhe praktik.\",\"breadcrumb\":{\"@id\":\"https:\/\/padas.al\/product\/atlete-me-gome-trendi-e-me-detaje-unike\/#breadcrumb\"},\"inLanguage\":\"en-GB\",\"potentialAction\":[{\"@type\":\"ReadAction\",\"target\":[\"https:\/\/padas.al\/product\/atlete-me-gome-trendi-e-me-detaje-unike\/\"]}]},{\"@type\":\"BreadcrumbList\",\"@id\":\"https:\/\/padas.al\/product\/atlete-me-gome-trendi-e-me-detaje-unike\/#breadcrumb\",\"itemListElement\":[{\"@type\":\"ListItem\",\"position\":1,\"name\":\"Home\",\"item\":\"https:\/\/padas.al\/\"},{\"@type\":\"ListItem\",\"position\":2,\"name\":\"Shop\",\"item\":\"https:\/\/padas.al\/shop\/\"},{\"@type\":\"ListItem\",\"position\":3,\"name\":\"Atlete me gom\u00eb trendi e me detaje unike.\"}]}]}<\/script>\n<!-- \/ Yoast SEO plugin. -->","yoast_head_json":{"title":"Atlete me gom\u00eb trendi e me detaje unike. - PADAS","description":"P\u00ebr t\u00eb gjith\u00eb ju q\u00eb jeni me orar t\u00eb zgjatur n\u00eb q\u00ebndrim n\u00eb k\u00ebmb\u00eb k\u00ebto atlete jan\u00eb dhurata m\u00eb e bukur q\u00eb do i jepni k\u00ebmb\u00ebve tuaja. Model unik dhe praktik.","robots":{"index":"index","follow":"follow","max-snippet":"max-snippet:-1","max-image-preview":"max-image-preview:large","max-video-preview":"max-video-preview:-1"},"canonical":"https:\/\/padas.al\/english\/product\/atlete-me-gome-trendi-e-me-detaje-unike\/","og_locale":"en_GB","og_type":"article","og_title":"Atlete me gom\u00eb trendi e me detaje unike. - PADAS","og_description":"P\u00ebr t\u00eb gjith\u00eb ju q\u00eb jeni me orar t\u00eb zgjatur n\u00eb q\u00ebndrim n\u00eb k\u00ebmb\u00eb k\u00ebto atlete jan\u00eb dhurata m\u00eb e bukur q\u00eb do i jepni k\u00ebmb\u00ebve tuaja. Model unik dhe praktik.","og_url":"https:\/\/padas.al\/english\/product\/atlete-me-gome-trendi-e-me-detaje-unike\/","og_site_name":"PADAS","article_modified_time":"2026-01-27T11:32:29+00:00","og_image":[{"width":1000,"height":1000,"url":"https:\/\/padas.al\/wp-content\/uploads\/2022\/12\/boxer-shoes-19188.jpg","type":"image\/jpeg"}],"twitter_card":"summary_large_image","twitter_misc":{"Estimated reading time":"1 minute"},"schema":{"@context":"https:\/\/schema.org","@graph":[{"@type":"Organization","@id":"https:\/\/padas.al\/#organization","name":"Padas.al","url":"https:\/\/padas.al\/","sameAs":[],"logo":{"@type":"ImageObject","@id":"https:\/\/padas.al\/#logo","inLanguage":"en-GB","url":"https:\/\/padas.al\/wp-content\/uploads\/2021\/12\/padas-logo-01.svg","contentUrl":"https:\/\/padas.al\/wp-content\/uploads\/2021\/12\/padas-logo-01.svg","width":196.4218,"height":195.7925,"caption":"Padas.al"},"image":{"@id":"https:\/\/padas.al\/#logo"}},{"@type":"WebSite","@id":"https:\/\/padas.al\/#website","url":"https:\/\/padas.al\/","name":"PADAS","description":"Shoe Shop","publisher":{"@id":"https:\/\/padas.al\/#organization"},"potentialAction":[{"@type":"SearchAction","target":{"@type":"EntryPoint","urlTemplate":"https:\/\/padas.al\/?s={search_term_string}"},"query-input":"required name=search_term_string"}],"inLanguage":"en-GB"},{"@type":"ImageObject","@id":"https:\/\/padas.al\/product\/atlete-me-gome-trendi-e-me-detaje-unike\/#primaryimage","inLanguage":"en-GB","url":"https:\/\/padas.al\/wp-content\/uploads\/2022\/12\/boxer-shoes-19188.jpg","contentUrl":"https:\/\/padas.al\/wp-content\/uploads\/2022\/12\/boxer-shoes-19188.jpg","width":1000,"height":1000},{"@type":"WebPage","@id":"https:\/\/padas.al\/product\/atlete-me-gome-trendi-e-me-detaje-unike\/#webpage","url":"https:\/\/padas.al\/product\/atlete-me-gome-trendi-e-me-detaje-unike\/","name":"Atlete me gom\u00eb trendi e me detaje unike. - PADAS","isPartOf":{"@id":"https:\/\/padas.al\/#website"},"primaryImageOfPage":{"@id":"https:\/\/padas.al\/product\/atlete-me-gome-trendi-e-me-detaje-unike\/#primaryimage"},"datePublished":"2022-12-20T18:59:12+00:00","dateModified":"2026-01-27T11:32:29+00:00","description":"P\u00ebr t\u00eb gjith\u00eb ju q\u00eb jeni me orar t\u00eb zgjatur n\u00eb q\u00ebndrim n\u00eb k\u00ebmb\u00eb k\u00ebto atlete jan\u00eb dhurata m\u00eb e bukur q\u00eb do i jepni k\u00ebmb\u00ebve tuaja. Model unik dhe praktik.","breadcrumb":{"@id":"https:\/\/padas.al\/product\/atlete-me-gome-trendi-e-me-detaje-unike\/#breadcrumb"},"inLanguage":"en-GB","potentialAction":[{"@type":"ReadAction","target":["https:\/\/padas.al\/product\/atlete-me-gome-trendi-e-me-detaje-unike\/"]}]},{"@type":"BreadcrumbList","@id":"https:\/\/padas.al\/product\/atlete-me-gome-trendi-e-me-detaje-unike\/#breadcrumb","itemListElement":[{"@type":"ListItem","position":1,"name":"Home","item":"https:\/\/padas.al\/"},{"@type":"ListItem","position":2,"name":"Shop","item":"https:\/\/padas.al\/shop\/"},{"@type":"ListItem","position":3,"name":"Atlete me gom\u00eb trendi e me detaje unike."}]}]}},"_links":{"self":[{"href":"https:\/\/padas.al\/english\/wp-json\/wp\/v2\/product\/10249"}],"collection":[{"href":"https:\/\/padas.al\/english\/wp-json\/wp\/v2\/product"}],"about":[{"href":"https:\/\/padas.al\/english\/wp-json\/wp\/v2\/types\/product"}],"replies":[{"embeddable":true,"href":"https:\/\/padas.al\/english\/wp-json\/wp\/v2\/comments?post=10249"}],"wp:featuredmedia":[{"embeddable":true,"href":"https:\/\/padas.al\/english\/wp-json\/wp\/v2\/media\/10250"}],"wp:attachment":[{"href":"https:\/\/padas.al\/english\/wp-json\/wp\/v2\/media?parent=10249"}],"wp:term":[{"taxonomy":"product_cat","embeddable":true,"href":"https:\/\/padas.al\/english\/wp-json\/wp\/v2\/product_cat?post=10249"},{"taxonomy":"product_tag","embeddable":true,"href":"https:\/\/padas.al\/english\/wp-json\/wp\/v2\/product_tag?post=10249"}],"curies":[{"name":"wp","href":"https:\/\/api.w.org\/{rel}","templated":true}]}}