{"id":10288,"date":"2022-12-21T22:19:10","date_gmt":"2022-12-21T22:19:10","guid":{"rendered":"https:\/\/padas.al\/?post_type=product&#038;p=10288"},"modified":"2024-04-26T14:58:04","modified_gmt":"2024-04-26T14:58:04","slug":"kepuce-me-qafe-kastor-per-femra-ragazza","status":"publish","type":"product","link":"https:\/\/padas.al\/english\/product\/kepuce-me-qafe-kastor-per-femra-ragazza\/","title":{"rendered":"K\u00ebpuc\u00eb me qaf\u00eb kastor p\u00ebr femra Ragazza."},"content":{"rendered":"<p><span style=\"font-weight: 400\">K\u00ebpuc\u00ebt jan\u00eb t\u00eb punuara nga l\u00ebkura natyrale n\u00eb varietetin kastor ose l\u00ebkur\u00eb e kthyer mbrapsht. K\u00ebpuc\u00ebt kan\u00eb gom\u00eb t\u00eb leht\u00eb dhe fleksib\u00ebl t\u00eb cilat nuk rr\u00ebskasin akoma dhe n\u00eb dit\u00ebt me lag\u00ebshtir\u00eb. Kan\u00eb lidh\u00ebse t\u00eb cilat b\u00ebjn\u00eb t\u00eb mundur t\u00eb fiksojn\u00eb dhe t\u00eb mbajn\u00eb k\u00ebmb\u00ebn e fiksuar pas k\u00ebpuc\u00ebve. Modeli n\u00eb gjendje n\u00eb tre ngjyra , t\u00eb zez\u00eb, bezh\u00eb dhe vishnje.\u00a0<\/span><\/p>","protected":false},"excerpt":{"rendered":"<p><span style=\"font-weight: 400\">K\u00ebpuc\u00ebt jan\u00eb prodhim me standard europian t\u00eb firm\u00ebs Ragazza , kompani greke. Ato kan\u00eb nj\u00eb stil sa casual po aq dhe fin dhe t\u00eb kombinuesh\u00ebm me \u00e7do veshje. Duke pasur mb\u00ebshtetje t\u00eb mir\u00eb dhe bazament p\u00ebrpara ato jan\u00eb komode n\u00eb ecje. Ngjyra e tyre jan\u00eb t\u00eb p\u00ebrshtashme dhe t\u00eb kombinueshme.\u00a0<\/span><\/p>","protected":false},"featured_media":10289,"comment_status":"open","ping_status":"closed","template":"","meta":[],"product_cat":[139,140,147,141,216,222,224],"product_tag":[],"yoast_head":"<!-- This site is optimized with the Yoast SEO plugin v18.3 - https:\/\/yoast.com\/wordpress\/plugins\/seo\/ -->\n<title>K\u00ebpuc\u00eb me qaf\u00eb kastor p\u00ebr femra Ragazza. - PADAS<\/title>\n<meta name=\"robots\" content=\"index, follow, max-snippet:-1, max-image-preview:large, max-video-preview:-1\" \/>\n<link rel=\"canonical\" href=\"https:\/\/padas.al\/english\/product\/kepuce-me-qafe-kastor-per-femra-ragazza\/\" \/>\n<meta property=\"og:locale\" content=\"en_GB\" \/>\n<meta property=\"og:type\" content=\"article\" \/>\n<meta property=\"og:title\" content=\"K\u00ebpuc\u00eb me qaf\u00eb kastor p\u00ebr femra Ragazza. - PADAS\" \/>\n<meta property=\"og:description\" content=\"K\u00ebpuc\u00ebt jan\u00eb prodhim me standard europian t\u00eb firm\u00ebs Ragazza , kompani greke. Ato kan\u00eb nj\u00eb stil sa casual po aq dhe fin dhe t\u00eb kombinuesh\u00ebm me \u00e7do veshje. Duke pasur mb\u00ebshtetje t\u00eb mir\u00eb dhe bazament p\u00ebrpara ato jan\u00eb komode n\u00eb ecje. Ngjyra e tyre jan\u00eb t\u00eb p\u00ebrshtashme dhe t\u00eb kombinueshme.\u00a0\" \/>\n<meta property=\"og:url\" content=\"https:\/\/padas.al\/english\/product\/kepuce-me-qafe-kastor-per-femra-ragazza\/\" \/>\n<meta property=\"og:site_name\" content=\"PADAS\" \/>\n<meta property=\"article:modified_time\" content=\"2024-04-26T14:58:04+00:00\" \/>\n<meta property=\"og:image\" content=\"https:\/\/padas.al\/wp-content\/uploads\/2022\/12\/fixedratio_20221020114742_7615b98a.jpeg\" \/>\n\t<meta property=\"og:image:width\" content=\"540\" \/>\n\t<meta property=\"og:image:height\" content=\"720\" \/>\n\t<meta property=\"og:image:type\" content=\"image\/jpeg\" \/>\n<meta name=\"twitter:card\" content=\"summary_large_image\" \/>\n<meta name=\"twitter:label1\" content=\"Estimated reading time\" \/>\n\t<meta name=\"twitter:data1\" content=\"1 minute\" \/>\n<script type=\"application\/ld+json\" class=\"yoast-schema-graph\">{\"@context\":\"https:\/\/schema.org\",\"@graph\":[{\"@type\":\"Organization\",\"@id\":\"https:\/\/padas.al\/#organization\",\"name\":\"Padas.al\",\"url\":\"https:\/\/padas.al\/\",\"sameAs\":[],\"logo\":{\"@type\":\"ImageObject\",\"@id\":\"https:\/\/padas.al\/#logo\",\"inLanguage\":\"en-GB\",\"url\":\"https:\/\/padas.al\/wp-content\/uploads\/2021\/12\/padas-logo-01.svg\",\"contentUrl\":\"https:\/\/padas.al\/wp-content\/uploads\/2021\/12\/padas-logo-01.svg\",\"width\":196.4218,\"height\":195.7925,\"caption\":\"Padas.al\"},\"image\":{\"@id\":\"https:\/\/padas.al\/#logo\"}},{\"@type\":\"WebSite\",\"@id\":\"https:\/\/padas.al\/#website\",\"url\":\"https:\/\/padas.al\/\",\"name\":\"PADAS\",\"description\":\"Shoe Shop\",\"publisher\":{\"@id\":\"https:\/\/padas.al\/#organization\"},\"potentialAction\":[{\"@type\":\"SearchAction\",\"target\":{\"@type\":\"EntryPoint\",\"urlTemplate\":\"https:\/\/padas.al\/?s={search_term_string}\"},\"query-input\":\"required name=search_term_string\"}],\"inLanguage\":\"en-GB\"},{\"@type\":\"ImageObject\",\"@id\":\"https:\/\/padas.al\/product\/kepuce-me-qafe-kastor-per-femra-ragazza\/#primaryimage\",\"inLanguage\":\"en-GB\",\"url\":\"https:\/\/padas.al\/wp-content\/uploads\/2022\/12\/fixedratio_20221020114742_7615b98a.jpeg\",\"contentUrl\":\"https:\/\/padas.al\/wp-content\/uploads\/2022\/12\/fixedratio_20221020114742_7615b98a.jpeg\",\"width\":540,\"height\":720},{\"@type\":\"WebPage\",\"@id\":\"https:\/\/padas.al\/product\/kepuce-me-qafe-kastor-per-femra-ragazza\/#webpage\",\"url\":\"https:\/\/padas.al\/product\/kepuce-me-qafe-kastor-per-femra-ragazza\/\",\"name\":\"K\u00ebpuc\u00eb me qaf\u00eb kastor p\u00ebr femra Ragazza. - PADAS\",\"isPartOf\":{\"@id\":\"https:\/\/padas.al\/#website\"},\"primaryImageOfPage\":{\"@id\":\"https:\/\/padas.al\/product\/kepuce-me-qafe-kastor-per-femra-ragazza\/#primaryimage\"},\"datePublished\":\"2022-12-21T22:19:10+00:00\",\"dateModified\":\"2024-04-26T14:58:04+00:00\",\"breadcrumb\":{\"@id\":\"https:\/\/padas.al\/product\/kepuce-me-qafe-kastor-per-femra-ragazza\/#breadcrumb\"},\"inLanguage\":\"en-GB\",\"potentialAction\":[{\"@type\":\"ReadAction\",\"target\":[\"https:\/\/padas.al\/product\/kepuce-me-qafe-kastor-per-femra-ragazza\/\"]}]},{\"@type\":\"BreadcrumbList\",\"@id\":\"https:\/\/padas.al\/product\/kepuce-me-qafe-kastor-per-femra-ragazza\/#breadcrumb\",\"itemListElement\":[{\"@type\":\"ListItem\",\"position\":1,\"name\":\"Home\",\"item\":\"https:\/\/padas.al\/\"},{\"@type\":\"ListItem\",\"position\":2,\"name\":\"Shop\",\"item\":\"https:\/\/padas.al\/shop\/\"},{\"@type\":\"ListItem\",\"position\":3,\"name\":\"K\u00ebpuc\u00eb me qaf\u00eb kastor p\u00ebr femra Ragazza.\"}]}]}<\/script>\n<!-- \/ Yoast SEO plugin. -->","yoast_head_json":{"title":"K\u00ebpuc\u00eb me qaf\u00eb kastor p\u00ebr femra Ragazza. - PADAS","robots":{"index":"index","follow":"follow","max-snippet":"max-snippet:-1","max-image-preview":"max-image-preview:large","max-video-preview":"max-video-preview:-1"},"canonical":"https:\/\/padas.al\/english\/product\/kepuce-me-qafe-kastor-per-femra-ragazza\/","og_locale":"en_GB","og_type":"article","og_title":"K\u00ebpuc\u00eb me qaf\u00eb kastor p\u00ebr femra Ragazza. - PADAS","og_description":"K\u00ebpuc\u00ebt jan\u00eb prodhim me standard europian t\u00eb firm\u00ebs Ragazza , kompani greke. Ato kan\u00eb nj\u00eb stil sa casual po aq dhe fin dhe t\u00eb kombinuesh\u00ebm me \u00e7do veshje. Duke pasur mb\u00ebshtetje t\u00eb mir\u00eb dhe bazament p\u00ebrpara ato jan\u00eb komode n\u00eb ecje. Ngjyra e tyre jan\u00eb t\u00eb p\u00ebrshtashme dhe t\u00eb kombinueshme.\u00a0","og_url":"https:\/\/padas.al\/english\/product\/kepuce-me-qafe-kastor-per-femra-ragazza\/","og_site_name":"PADAS","article_modified_time":"2024-04-26T14:58:04+00:00","og_image":[{"width":540,"height":720,"url":"https:\/\/padas.al\/wp-content\/uploads\/2022\/12\/fixedratio_20221020114742_7615b98a.jpeg","type":"image\/jpeg"}],"twitter_card":"summary_large_image","twitter_misc":{"Estimated reading time":"1 minute"},"schema":{"@context":"https:\/\/schema.org","@graph":[{"@type":"Organization","@id":"https:\/\/padas.al\/#organization","name":"Padas.al","url":"https:\/\/padas.al\/","sameAs":[],"logo":{"@type":"ImageObject","@id":"https:\/\/padas.al\/#logo","inLanguage":"en-GB","url":"https:\/\/padas.al\/wp-content\/uploads\/2021\/12\/padas-logo-01.svg","contentUrl":"https:\/\/padas.al\/wp-content\/uploads\/2021\/12\/padas-logo-01.svg","width":196.4218,"height":195.7925,"caption":"Padas.al"},"image":{"@id":"https:\/\/padas.al\/#logo"}},{"@type":"WebSite","@id":"https:\/\/padas.al\/#website","url":"https:\/\/padas.al\/","name":"PADAS","description":"Shoe Shop","publisher":{"@id":"https:\/\/padas.al\/#organization"},"potentialAction":[{"@type":"SearchAction","target":{"@type":"EntryPoint","urlTemplate":"https:\/\/padas.al\/?s={search_term_string}"},"query-input":"required name=search_term_string"}],"inLanguage":"en-GB"},{"@type":"ImageObject","@id":"https:\/\/padas.al\/product\/kepuce-me-qafe-kastor-per-femra-ragazza\/#primaryimage","inLanguage":"en-GB","url":"https:\/\/padas.al\/wp-content\/uploads\/2022\/12\/fixedratio_20221020114742_7615b98a.jpeg","contentUrl":"https:\/\/padas.al\/wp-content\/uploads\/2022\/12\/fixedratio_20221020114742_7615b98a.jpeg","width":540,"height":720},{"@type":"WebPage","@id":"https:\/\/padas.al\/product\/kepuce-me-qafe-kastor-per-femra-ragazza\/#webpage","url":"https:\/\/padas.al\/product\/kepuce-me-qafe-kastor-per-femra-ragazza\/","name":"K\u00ebpuc\u00eb me qaf\u00eb kastor p\u00ebr femra Ragazza. - PADAS","isPartOf":{"@id":"https:\/\/padas.al\/#website"},"primaryImageOfPage":{"@id":"https:\/\/padas.al\/product\/kepuce-me-qafe-kastor-per-femra-ragazza\/#primaryimage"},"datePublished":"2022-12-21T22:19:10+00:00","dateModified":"2024-04-26T14:58:04+00:00","breadcrumb":{"@id":"https:\/\/padas.al\/product\/kepuce-me-qafe-kastor-per-femra-ragazza\/#breadcrumb"},"inLanguage":"en-GB","potentialAction":[{"@type":"ReadAction","target":["https:\/\/padas.al\/product\/kepuce-me-qafe-kastor-per-femra-ragazza\/"]}]},{"@type":"BreadcrumbList","@id":"https:\/\/padas.al\/product\/kepuce-me-qafe-kastor-per-femra-ragazza\/#breadcrumb","itemListElement":[{"@type":"ListItem","position":1,"name":"Home","item":"https:\/\/padas.al\/"},{"@type":"ListItem","position":2,"name":"Shop","item":"https:\/\/padas.al\/shop\/"},{"@type":"ListItem","position":3,"name":"K\u00ebpuc\u00eb me qaf\u00eb kastor p\u00ebr femra Ragazza."}]}]}},"_links":{"self":[{"href":"https:\/\/padas.al\/english\/wp-json\/wp\/v2\/product\/10288"}],"collection":[{"href":"https:\/\/padas.al\/english\/wp-json\/wp\/v2\/product"}],"about":[{"href":"https:\/\/padas.al\/english\/wp-json\/wp\/v2\/types\/product"}],"replies":[{"embeddable":true,"href":"https:\/\/padas.al\/english\/wp-json\/wp\/v2\/comments?post=10288"}],"wp:featuredmedia":[{"embeddable":true,"href":"https:\/\/padas.al\/english\/wp-json\/wp\/v2\/media\/10289"}],"wp:attachment":[{"href":"https:\/\/padas.al\/english\/wp-json\/wp\/v2\/media?parent=10288"}],"wp:term":[{"taxonomy":"product_cat","embeddable":true,"href":"https:\/\/padas.al\/english\/wp-json\/wp\/v2\/product_cat?post=10288"},{"taxonomy":"product_tag","embeddable":true,"href":"https:\/\/padas.al\/english\/wp-json\/wp\/v2\/product_tag?post=10288"}],"curies":[{"name":"wp","href":"https:\/\/api.w.org\/{rel}","templated":true}]}}