{"id":10420,"date":"2023-01-20T23:29:15","date_gmt":"2023-01-20T23:29:15","guid":{"rendered":"https:\/\/padas.al\/?post_type=product&#038;p=10420"},"modified":"2026-01-28T08:12:51","modified_gmt":"2026-01-28T08:12:51","slug":"cizme-te-shkurtra-lekure-boxer-ne-stilin-cowboy","status":"publish","type":"product","link":"https:\/\/padas.al\/english\/product\/cizme-te-shkurtra-lekure-boxer-ne-stilin-cowboy\/","title":{"rendered":"\u00c7izme t\u00eb shkurtra l\u00ebkur\u00eb, Boxer n\u00eb stilin \u201ccowboy\u201d"},"content":{"rendered":"<p>\u00c7izmet jan\u00eb t\u00eb punuara nga l\u00ebkura natyrale n\u00eb ngjyr\u00ebn kafe t\u00eb hapur. Ato kan\u00eb zinxhir n\u00eb an\u00ebn e jashtme i cili b\u00ebn t\u00eb mundur heqjen dhe veshjen e tyre, gjithashtu kan\u00eb dhe llastik p\u00ebr tu p\u00ebrshtatur akoma m\u00eb mir\u00eb me k\u00ebmb\u00ebn tuaj. Goma e tyre \u00ebsht\u00eb e leht\u00eb dhe e but\u00eb, shtresa ku mb\u00ebshtetet k\u00ebmba \u00ebsht\u00eb e but\u00eb dhe l\u00ebkur\u00eb nayrale.<\/p>","protected":false},"excerpt":{"rendered":"<p>\u00c7izmet jan\u00eb produkt i firm\u00ebs Boxer , kompani greke e cila prodhon k\u00ebpuc\u00eb l\u00ebkure p\u00ebr meshkuj e femra me standard europian. Kan\u00eb gom\u00eb rezistente e cila \u00ebsht\u00eb e p\u00ebrkulshme dhe nuk rr\u00ebshket. Jan\u00eb t\u00eb p\u00ebrshtashme dhe p\u00ebr dit\u00ebt dhe brenda kan\u00eb veshje t\u00eb ngroht\u00eb.<\/p>","protected":false},"featured_media":10421,"comment_status":"open","ping_status":"closed","template":"","meta":[],"product_cat":[139,148,150,140,147,146,216,222,226],"product_tag":[],"yoast_head":"<!-- This site is optimized with the Yoast SEO plugin v18.3 - https:\/\/yoast.com\/wordpress\/plugins\/seo\/ -->\n<title>\u00c7izme t\u00eb shkurtra l\u00ebkur\u00eb, Boxer n\u00eb stilin \u201ccowboy\u201d - PADAS<\/title>\n<meta name=\"description\" content=\"Modeli i \u00e7izmeve n\u00eb stilin \u201ccowboy\u201d \u00ebsht\u00eb trendenca m\u00eb e p\u00ebrkrahur, pasi jan\u00eb t\u00eb p\u00ebrshtashme p\u00ebr veshje sportive e casual po ashtu dhe elegante.\" \/>\n<meta name=\"robots\" content=\"index, follow, max-snippet:-1, max-image-preview:large, max-video-preview:-1\" \/>\n<link rel=\"canonical\" href=\"https:\/\/padas.al\/english\/product\/cizme-te-shkurtra-lekure-boxer-ne-stilin-cowboy\/\" \/>\n<meta property=\"og:locale\" content=\"en_GB\" \/>\n<meta property=\"og:type\" content=\"article\" \/>\n<meta property=\"og:title\" content=\"\u00c7izme t\u00eb shkurtra l\u00ebkur\u00eb, Boxer n\u00eb stilin \u201ccowboy\u201d - PADAS\" \/>\n<meta property=\"og:description\" content=\"Modeli i \u00e7izmeve n\u00eb stilin \u201ccowboy\u201d \u00ebsht\u00eb trendenca m\u00eb e p\u00ebrkrahur, pasi jan\u00eb t\u00eb p\u00ebrshtashme p\u00ebr veshje sportive e casual po ashtu dhe elegante.\" \/>\n<meta property=\"og:url\" content=\"https:\/\/padas.al\/english\/product\/cizme-te-shkurtra-lekure-boxer-ne-stilin-cowboy\/\" \/>\n<meta property=\"og:site_name\" content=\"PADAS\" \/>\n<meta property=\"article:modified_time\" content=\"2026-01-28T08:12:51+00:00\" \/>\n<meta property=\"og:image\" content=\"https:\/\/padas.al\/wp-content\/uploads\/2023\/01\/5381F536-5FF2-479B-AEAE-AEE42B8B52AA.jpeg\" \/>\n\t<meta property=\"og:image:width\" content=\"1283\" \/>\n\t<meta property=\"og:image:height\" content=\"1451\" \/>\n\t<meta property=\"og:image:type\" content=\"image\/jpeg\" \/>\n<meta name=\"twitter:card\" content=\"summary_large_image\" \/>\n<meta name=\"twitter:label1\" content=\"Estimated reading time\" \/>\n\t<meta name=\"twitter:data1\" content=\"1 minute\" \/>\n<script type=\"application\/ld+json\" class=\"yoast-schema-graph\">{\"@context\":\"https:\/\/schema.org\",\"@graph\":[{\"@type\":\"Organization\",\"@id\":\"https:\/\/padas.al\/#organization\",\"name\":\"Padas.al\",\"url\":\"https:\/\/padas.al\/\",\"sameAs\":[],\"logo\":{\"@type\":\"ImageObject\",\"@id\":\"https:\/\/padas.al\/#logo\",\"inLanguage\":\"en-GB\",\"url\":\"https:\/\/padas.al\/wp-content\/uploads\/2021\/12\/padas-logo-01.svg\",\"contentUrl\":\"https:\/\/padas.al\/wp-content\/uploads\/2021\/12\/padas-logo-01.svg\",\"width\":196.4218,\"height\":195.7925,\"caption\":\"Padas.al\"},\"image\":{\"@id\":\"https:\/\/padas.al\/#logo\"}},{\"@type\":\"WebSite\",\"@id\":\"https:\/\/padas.al\/#website\",\"url\":\"https:\/\/padas.al\/\",\"name\":\"PADAS\",\"description\":\"Shoe Shop\",\"publisher\":{\"@id\":\"https:\/\/padas.al\/#organization\"},\"potentialAction\":[{\"@type\":\"SearchAction\",\"target\":{\"@type\":\"EntryPoint\",\"urlTemplate\":\"https:\/\/padas.al\/?s={search_term_string}\"},\"query-input\":\"required name=search_term_string\"}],\"inLanguage\":\"en-GB\"},{\"@type\":\"ImageObject\",\"@id\":\"https:\/\/padas.al\/product\/cizme-te-shkurtra-lekure-boxer-ne-stilin-cowboy\/#primaryimage\",\"inLanguage\":\"en-GB\",\"url\":\"https:\/\/padas.al\/wp-content\/uploads\/2023\/01\/5381F536-5FF2-479B-AEAE-AEE42B8B52AA.jpeg\",\"contentUrl\":\"https:\/\/padas.al\/wp-content\/uploads\/2023\/01\/5381F536-5FF2-479B-AEAE-AEE42B8B52AA.jpeg\",\"width\":1283,\"height\":1451},{\"@type\":\"WebPage\",\"@id\":\"https:\/\/padas.al\/product\/cizme-te-shkurtra-lekure-boxer-ne-stilin-cowboy\/#webpage\",\"url\":\"https:\/\/padas.al\/product\/cizme-te-shkurtra-lekure-boxer-ne-stilin-cowboy\/\",\"name\":\"\u00c7izme t\u00eb shkurtra l\u00ebkur\u00eb, Boxer n\u00eb stilin \u201ccowboy\u201d - PADAS\",\"isPartOf\":{\"@id\":\"https:\/\/padas.al\/#website\"},\"primaryImageOfPage\":{\"@id\":\"https:\/\/padas.al\/product\/cizme-te-shkurtra-lekure-boxer-ne-stilin-cowboy\/#primaryimage\"},\"datePublished\":\"2023-01-20T23:29:15+00:00\",\"dateModified\":\"2026-01-28T08:12:51+00:00\",\"description\":\"Modeli i \u00e7izmeve n\u00eb stilin \u201ccowboy\u201d \u00ebsht\u00eb trendenca m\u00eb e p\u00ebrkrahur, pasi jan\u00eb t\u00eb p\u00ebrshtashme p\u00ebr veshje sportive e casual po ashtu dhe elegante.\",\"breadcrumb\":{\"@id\":\"https:\/\/padas.al\/product\/cizme-te-shkurtra-lekure-boxer-ne-stilin-cowboy\/#breadcrumb\"},\"inLanguage\":\"en-GB\",\"potentialAction\":[{\"@type\":\"ReadAction\",\"target\":[\"https:\/\/padas.al\/product\/cizme-te-shkurtra-lekure-boxer-ne-stilin-cowboy\/\"]}]},{\"@type\":\"BreadcrumbList\",\"@id\":\"https:\/\/padas.al\/product\/cizme-te-shkurtra-lekure-boxer-ne-stilin-cowboy\/#breadcrumb\",\"itemListElement\":[{\"@type\":\"ListItem\",\"position\":1,\"name\":\"Home\",\"item\":\"https:\/\/padas.al\/\"},{\"@type\":\"ListItem\",\"position\":2,\"name\":\"Shop\",\"item\":\"https:\/\/padas.al\/shop\/\"},{\"@type\":\"ListItem\",\"position\":3,\"name\":\"\u00c7izme t\u00eb shkurtra l\u00ebkur\u00eb, Boxer n\u00eb stilin \u201ccowboy\u201d\"}]}]}<\/script>\n<!-- \/ Yoast SEO plugin. -->","yoast_head_json":{"title":"\u00c7izme t\u00eb shkurtra l\u00ebkur\u00eb, Boxer n\u00eb stilin \u201ccowboy\u201d - PADAS","description":"Modeli i \u00e7izmeve n\u00eb stilin \u201ccowboy\u201d \u00ebsht\u00eb trendenca m\u00eb e p\u00ebrkrahur, pasi jan\u00eb t\u00eb p\u00ebrshtashme p\u00ebr veshje sportive e casual po ashtu dhe elegante.","robots":{"index":"index","follow":"follow","max-snippet":"max-snippet:-1","max-image-preview":"max-image-preview:large","max-video-preview":"max-video-preview:-1"},"canonical":"https:\/\/padas.al\/english\/product\/cizme-te-shkurtra-lekure-boxer-ne-stilin-cowboy\/","og_locale":"en_GB","og_type":"article","og_title":"\u00c7izme t\u00eb shkurtra l\u00ebkur\u00eb, Boxer n\u00eb stilin \u201ccowboy\u201d - PADAS","og_description":"Modeli i \u00e7izmeve n\u00eb stilin \u201ccowboy\u201d \u00ebsht\u00eb trendenca m\u00eb e p\u00ebrkrahur, pasi jan\u00eb t\u00eb p\u00ebrshtashme p\u00ebr veshje sportive e casual po ashtu dhe elegante.","og_url":"https:\/\/padas.al\/english\/product\/cizme-te-shkurtra-lekure-boxer-ne-stilin-cowboy\/","og_site_name":"PADAS","article_modified_time":"2026-01-28T08:12:51+00:00","og_image":[{"width":1283,"height":1451,"url":"https:\/\/padas.al\/wp-content\/uploads\/2023\/01\/5381F536-5FF2-479B-AEAE-AEE42B8B52AA.jpeg","type":"image\/jpeg"}],"twitter_card":"summary_large_image","twitter_misc":{"Estimated reading time":"1 minute"},"schema":{"@context":"https:\/\/schema.org","@graph":[{"@type":"Organization","@id":"https:\/\/padas.al\/#organization","name":"Padas.al","url":"https:\/\/padas.al\/","sameAs":[],"logo":{"@type":"ImageObject","@id":"https:\/\/padas.al\/#logo","inLanguage":"en-GB","url":"https:\/\/padas.al\/wp-content\/uploads\/2021\/12\/padas-logo-01.svg","contentUrl":"https:\/\/padas.al\/wp-content\/uploads\/2021\/12\/padas-logo-01.svg","width":196.4218,"height":195.7925,"caption":"Padas.al"},"image":{"@id":"https:\/\/padas.al\/#logo"}},{"@type":"WebSite","@id":"https:\/\/padas.al\/#website","url":"https:\/\/padas.al\/","name":"PADAS","description":"Shoe Shop","publisher":{"@id":"https:\/\/padas.al\/#organization"},"potentialAction":[{"@type":"SearchAction","target":{"@type":"EntryPoint","urlTemplate":"https:\/\/padas.al\/?s={search_term_string}"},"query-input":"required name=search_term_string"}],"inLanguage":"en-GB"},{"@type":"ImageObject","@id":"https:\/\/padas.al\/product\/cizme-te-shkurtra-lekure-boxer-ne-stilin-cowboy\/#primaryimage","inLanguage":"en-GB","url":"https:\/\/padas.al\/wp-content\/uploads\/2023\/01\/5381F536-5FF2-479B-AEAE-AEE42B8B52AA.jpeg","contentUrl":"https:\/\/padas.al\/wp-content\/uploads\/2023\/01\/5381F536-5FF2-479B-AEAE-AEE42B8B52AA.jpeg","width":1283,"height":1451},{"@type":"WebPage","@id":"https:\/\/padas.al\/product\/cizme-te-shkurtra-lekure-boxer-ne-stilin-cowboy\/#webpage","url":"https:\/\/padas.al\/product\/cizme-te-shkurtra-lekure-boxer-ne-stilin-cowboy\/","name":"\u00c7izme t\u00eb shkurtra l\u00ebkur\u00eb, Boxer n\u00eb stilin \u201ccowboy\u201d - PADAS","isPartOf":{"@id":"https:\/\/padas.al\/#website"},"primaryImageOfPage":{"@id":"https:\/\/padas.al\/product\/cizme-te-shkurtra-lekure-boxer-ne-stilin-cowboy\/#primaryimage"},"datePublished":"2023-01-20T23:29:15+00:00","dateModified":"2026-01-28T08:12:51+00:00","description":"Modeli i \u00e7izmeve n\u00eb stilin \u201ccowboy\u201d \u00ebsht\u00eb trendenca m\u00eb e p\u00ebrkrahur, pasi jan\u00eb t\u00eb p\u00ebrshtashme p\u00ebr veshje sportive e casual po ashtu dhe elegante.","breadcrumb":{"@id":"https:\/\/padas.al\/product\/cizme-te-shkurtra-lekure-boxer-ne-stilin-cowboy\/#breadcrumb"},"inLanguage":"en-GB","potentialAction":[{"@type":"ReadAction","target":["https:\/\/padas.al\/product\/cizme-te-shkurtra-lekure-boxer-ne-stilin-cowboy\/"]}]},{"@type":"BreadcrumbList","@id":"https:\/\/padas.al\/product\/cizme-te-shkurtra-lekure-boxer-ne-stilin-cowboy\/#breadcrumb","itemListElement":[{"@type":"ListItem","position":1,"name":"Home","item":"https:\/\/padas.al\/"},{"@type":"ListItem","position":2,"name":"Shop","item":"https:\/\/padas.al\/shop\/"},{"@type":"ListItem","position":3,"name":"\u00c7izme t\u00eb shkurtra l\u00ebkur\u00eb, Boxer n\u00eb stilin \u201ccowboy\u201d"}]}]}},"_links":{"self":[{"href":"https:\/\/padas.al\/english\/wp-json\/wp\/v2\/product\/10420"}],"collection":[{"href":"https:\/\/padas.al\/english\/wp-json\/wp\/v2\/product"}],"about":[{"href":"https:\/\/padas.al\/english\/wp-json\/wp\/v2\/types\/product"}],"replies":[{"embeddable":true,"href":"https:\/\/padas.al\/english\/wp-json\/wp\/v2\/comments?post=10420"}],"wp:featuredmedia":[{"embeddable":true,"href":"https:\/\/padas.al\/english\/wp-json\/wp\/v2\/media\/10421"}],"wp:attachment":[{"href":"https:\/\/padas.al\/english\/wp-json\/wp\/v2\/media?parent=10420"}],"wp:term":[{"taxonomy":"product_cat","embeddable":true,"href":"https:\/\/padas.al\/english\/wp-json\/wp\/v2\/product_cat?post=10420"},{"taxonomy":"product_tag","embeddable":true,"href":"https:\/\/padas.al\/english\/wp-json\/wp\/v2\/product_tag?post=10420"}],"curies":[{"name":"wp","href":"https:\/\/api.w.org\/{rel}","templated":true}]}}