{"id":10483,"date":"2023-04-28T10:48:11","date_gmt":"2023-04-28T10:48:11","guid":{"rendered":"https:\/\/padas.al\/?post_type=product&#038;p=10483"},"modified":"2024-10-08T19:40:53","modified_gmt":"2024-10-08T19:40:53","slug":"sandale-lekure-me-take-katrore-ragazza","status":"publish","type":"product","link":"https:\/\/padas.al\/english\/product\/sandale-lekure-me-take-katrore-ragazza\/","title":{"rendered":"Sandale l\u00ebkure me tak\u00eb katrore Ragazza."},"content":{"rendered":"<p>Sandale <span style=\"font-weight: 400\">jan\u00eb t\u00eb punuara nga l\u00ebkura natyrale n\u00eb ngjyr\u00ebn e zez\u00eb dhe n\u00eb ngjyr\u00ebn e r\u00ebr\u00ebs me shk\u00eblqim p\u00ebrkat\u00ebsisht. Ato kan\u00eb llastik t\u00eb vog\u00ebl n\u00eb rripin q\u00eb mb\u00ebshtetet te thembra duke b\u00ebr\u00eb k\u00ebshtu t\u00eb mundur veshjen e tyre me leht\u00eb si dhe puthitjen e mir\u00eb pas k\u00ebmb\u00ebs. L\u00ebkura e tyre \u00ebsht\u00eb e but\u00eb dhe n\u00eb pjes\u00ebn ku mb\u00ebshtetet shputa e k\u00ebmb\u00ebs kan\u00eb shtres\u00eb t\u00eb but\u00eb Dryflex e cila b\u00ebn te mundur p\u00ebrthithjen e lag\u00ebshtir\u00ebs duke ofruar k\u00ebshtu k\u00ebmb\u00eb t\u00eb thata e t\u00eb sh\u00ebndetshme.\u00a0<\/span><\/p>\n<p>Lart\u00ebsia e tak\u00ebs; 6.5 cm.<\/p>","protected":false},"excerpt":{"rendered":"<p>Sandalet <span style=\"font-weight: 400\">jan\u00eb produkt i firm\u00ebs greke Ragazza e cila prodhon k\u00ebpuc\u00eb l\u00ebkure p\u00ebr femra me standard europian. Modeli ka tak\u00eb t\u00eb plot\u00eb katrore e cila \u00ebsht\u00eb e leht\u00eb dhe rezistente me gjer\u00ebsi normale te pjesa e gisht\u00ebrinjve p\u00ebr komoditet n\u00eb pjes\u00ebn e gisht\u00ebrinjve. Ngjyra t\u00eb kombinueshme n\u00eb nj\u00eb model tep\u00ebr praktik.<\/span><\/p>","protected":false},"featured_media":10491,"comment_status":"open","ping_status":"closed","template":"","meta":[],"product_cat":[139,151,153,216,222,224],"product_tag":[],"yoast_head":"<!-- This site is optimized with the Yoast SEO plugin v18.3 - https:\/\/yoast.com\/wordpress\/plugins\/seo\/ -->\n<title>Sandale l\u00ebkure me tak\u00eb katrore Ragazza. - PADAS<\/title>\n<meta name=\"description\" content=\"Sandalet ideale p\u00ebr p\u00ebrditshm\u00ebrin\u00eb tuaj dhe jo vet\u00ebm, me tak\u00eb komode dhe model elegant, p\u00ebrshatje e leht\u00eb me \u00e7do stil e \u00e7do ngjyr\u00eb.\" \/>\n<meta name=\"robots\" content=\"index, follow, max-snippet:-1, max-image-preview:large, max-video-preview:-1\" \/>\n<link rel=\"canonical\" href=\"https:\/\/padas.al\/english\/product\/sandale-lekure-me-take-katrore-ragazza\/\" \/>\n<meta property=\"og:locale\" content=\"en_GB\" \/>\n<meta property=\"og:type\" content=\"article\" \/>\n<meta property=\"og:title\" content=\"Sandale l\u00ebkure me tak\u00eb katrore Ragazza. - PADAS\" \/>\n<meta property=\"og:description\" content=\"Sandalet ideale p\u00ebr p\u00ebrditshm\u00ebrin\u00eb tuaj dhe jo vet\u00ebm, me tak\u00eb komode dhe model elegant, p\u00ebrshatje e leht\u00eb me \u00e7do stil e \u00e7do ngjyr\u00eb.\" \/>\n<meta property=\"og:url\" content=\"https:\/\/padas.al\/english\/product\/sandale-lekure-me-take-katrore-ragazza\/\" \/>\n<meta property=\"og:site_name\" content=\"PADAS\" \/>\n<meta property=\"article:modified_time\" content=\"2024-10-08T19:40:53+00:00\" \/>\n<meta property=\"og:image\" content=\"https:\/\/padas.al\/wp-content\/uploads\/2023\/04\/ragazza-women-sandals-leather-2.jpg\" \/>\n\t<meta property=\"og:image:width\" content=\"1100\" \/>\n\t<meta property=\"og:image:height\" content=\"1422\" \/>\n\t<meta property=\"og:image:type\" content=\"image\/jpeg\" \/>\n<meta name=\"twitter:card\" content=\"summary_large_image\" \/>\n<meta name=\"twitter:label1\" content=\"Estimated reading time\" \/>\n\t<meta name=\"twitter:data1\" content=\"1 minute\" \/>\n<script type=\"application\/ld+json\" class=\"yoast-schema-graph\">{\"@context\":\"https:\/\/schema.org\",\"@graph\":[{\"@type\":\"Organization\",\"@id\":\"https:\/\/padas.al\/#organization\",\"name\":\"Padas.al\",\"url\":\"https:\/\/padas.al\/\",\"sameAs\":[],\"logo\":{\"@type\":\"ImageObject\",\"@id\":\"https:\/\/padas.al\/#logo\",\"inLanguage\":\"en-GB\",\"url\":\"https:\/\/padas.al\/wp-content\/uploads\/2021\/12\/padas-logo-01.svg\",\"contentUrl\":\"https:\/\/padas.al\/wp-content\/uploads\/2021\/12\/padas-logo-01.svg\",\"width\":196.4218,\"height\":195.7925,\"caption\":\"Padas.al\"},\"image\":{\"@id\":\"https:\/\/padas.al\/#logo\"}},{\"@type\":\"WebSite\",\"@id\":\"https:\/\/padas.al\/#website\",\"url\":\"https:\/\/padas.al\/\",\"name\":\"PADAS\",\"description\":\"Shoe Shop\",\"publisher\":{\"@id\":\"https:\/\/padas.al\/#organization\"},\"potentialAction\":[{\"@type\":\"SearchAction\",\"target\":{\"@type\":\"EntryPoint\",\"urlTemplate\":\"https:\/\/padas.al\/?s={search_term_string}\"},\"query-input\":\"required name=search_term_string\"}],\"inLanguage\":\"en-GB\"},{\"@type\":\"ImageObject\",\"@id\":\"https:\/\/padas.al\/product\/sandale-lekure-me-take-katrore-ragazza\/#primaryimage\",\"inLanguage\":\"en-GB\",\"url\":\"https:\/\/padas.al\/wp-content\/uploads\/2023\/04\/ragazza-women-sandals-leather-2.jpg\",\"contentUrl\":\"https:\/\/padas.al\/wp-content\/uploads\/2023\/04\/ragazza-women-sandals-leather-2.jpg\",\"width\":1100,\"height\":1422},{\"@type\":\"WebPage\",\"@id\":\"https:\/\/padas.al\/product\/sandale-lekure-me-take-katrore-ragazza\/#webpage\",\"url\":\"https:\/\/padas.al\/product\/sandale-lekure-me-take-katrore-ragazza\/\",\"name\":\"Sandale l\u00ebkure me tak\u00eb katrore Ragazza. - PADAS\",\"isPartOf\":{\"@id\":\"https:\/\/padas.al\/#website\"},\"primaryImageOfPage\":{\"@id\":\"https:\/\/padas.al\/product\/sandale-lekure-me-take-katrore-ragazza\/#primaryimage\"},\"datePublished\":\"2023-04-28T10:48:11+00:00\",\"dateModified\":\"2024-10-08T19:40:53+00:00\",\"description\":\"Sandalet ideale p\u00ebr p\u00ebrditshm\u00ebrin\u00eb tuaj dhe jo vet\u00ebm, me tak\u00eb komode dhe model elegant, p\u00ebrshatje e leht\u00eb me \u00e7do stil e \u00e7do ngjyr\u00eb.\",\"breadcrumb\":{\"@id\":\"https:\/\/padas.al\/product\/sandale-lekure-me-take-katrore-ragazza\/#breadcrumb\"},\"inLanguage\":\"en-GB\",\"potentialAction\":[{\"@type\":\"ReadAction\",\"target\":[\"https:\/\/padas.al\/product\/sandale-lekure-me-take-katrore-ragazza\/\"]}]},{\"@type\":\"BreadcrumbList\",\"@id\":\"https:\/\/padas.al\/product\/sandale-lekure-me-take-katrore-ragazza\/#breadcrumb\",\"itemListElement\":[{\"@type\":\"ListItem\",\"position\":1,\"name\":\"Home\",\"item\":\"https:\/\/padas.al\/\"},{\"@type\":\"ListItem\",\"position\":2,\"name\":\"Shop\",\"item\":\"https:\/\/padas.al\/shop\/\"},{\"@type\":\"ListItem\",\"position\":3,\"name\":\"Sandale l\u00ebkure me tak\u00eb katrore Ragazza.\"}]}]}<\/script>\n<!-- \/ Yoast SEO plugin. -->","yoast_head_json":{"title":"Sandale l\u00ebkure me tak\u00eb katrore Ragazza. - PADAS","description":"Sandalet ideale p\u00ebr p\u00ebrditshm\u00ebrin\u00eb tuaj dhe jo vet\u00ebm, me tak\u00eb komode dhe model elegant, p\u00ebrshatje e leht\u00eb me \u00e7do stil e \u00e7do ngjyr\u00eb.","robots":{"index":"index","follow":"follow","max-snippet":"max-snippet:-1","max-image-preview":"max-image-preview:large","max-video-preview":"max-video-preview:-1"},"canonical":"https:\/\/padas.al\/english\/product\/sandale-lekure-me-take-katrore-ragazza\/","og_locale":"en_GB","og_type":"article","og_title":"Sandale l\u00ebkure me tak\u00eb katrore Ragazza. - PADAS","og_description":"Sandalet ideale p\u00ebr p\u00ebrditshm\u00ebrin\u00eb tuaj dhe jo vet\u00ebm, me tak\u00eb komode dhe model elegant, p\u00ebrshatje e leht\u00eb me \u00e7do stil e \u00e7do ngjyr\u00eb.","og_url":"https:\/\/padas.al\/english\/product\/sandale-lekure-me-take-katrore-ragazza\/","og_site_name":"PADAS","article_modified_time":"2024-10-08T19:40:53+00:00","og_image":[{"width":1100,"height":1422,"url":"https:\/\/padas.al\/wp-content\/uploads\/2023\/04\/ragazza-women-sandals-leather-2.jpg","type":"image\/jpeg"}],"twitter_card":"summary_large_image","twitter_misc":{"Estimated reading time":"1 minute"},"schema":{"@context":"https:\/\/schema.org","@graph":[{"@type":"Organization","@id":"https:\/\/padas.al\/#organization","name":"Padas.al","url":"https:\/\/padas.al\/","sameAs":[],"logo":{"@type":"ImageObject","@id":"https:\/\/padas.al\/#logo","inLanguage":"en-GB","url":"https:\/\/padas.al\/wp-content\/uploads\/2021\/12\/padas-logo-01.svg","contentUrl":"https:\/\/padas.al\/wp-content\/uploads\/2021\/12\/padas-logo-01.svg","width":196.4218,"height":195.7925,"caption":"Padas.al"},"image":{"@id":"https:\/\/padas.al\/#logo"}},{"@type":"WebSite","@id":"https:\/\/padas.al\/#website","url":"https:\/\/padas.al\/","name":"PADAS","description":"Shoe Shop","publisher":{"@id":"https:\/\/padas.al\/#organization"},"potentialAction":[{"@type":"SearchAction","target":{"@type":"EntryPoint","urlTemplate":"https:\/\/padas.al\/?s={search_term_string}"},"query-input":"required name=search_term_string"}],"inLanguage":"en-GB"},{"@type":"ImageObject","@id":"https:\/\/padas.al\/product\/sandale-lekure-me-take-katrore-ragazza\/#primaryimage","inLanguage":"en-GB","url":"https:\/\/padas.al\/wp-content\/uploads\/2023\/04\/ragazza-women-sandals-leather-2.jpg","contentUrl":"https:\/\/padas.al\/wp-content\/uploads\/2023\/04\/ragazza-women-sandals-leather-2.jpg","width":1100,"height":1422},{"@type":"WebPage","@id":"https:\/\/padas.al\/product\/sandale-lekure-me-take-katrore-ragazza\/#webpage","url":"https:\/\/padas.al\/product\/sandale-lekure-me-take-katrore-ragazza\/","name":"Sandale l\u00ebkure me tak\u00eb katrore Ragazza. - PADAS","isPartOf":{"@id":"https:\/\/padas.al\/#website"},"primaryImageOfPage":{"@id":"https:\/\/padas.al\/product\/sandale-lekure-me-take-katrore-ragazza\/#primaryimage"},"datePublished":"2023-04-28T10:48:11+00:00","dateModified":"2024-10-08T19:40:53+00:00","description":"Sandalet ideale p\u00ebr p\u00ebrditshm\u00ebrin\u00eb tuaj dhe jo vet\u00ebm, me tak\u00eb komode dhe model elegant, p\u00ebrshatje e leht\u00eb me \u00e7do stil e \u00e7do ngjyr\u00eb.","breadcrumb":{"@id":"https:\/\/padas.al\/product\/sandale-lekure-me-take-katrore-ragazza\/#breadcrumb"},"inLanguage":"en-GB","potentialAction":[{"@type":"ReadAction","target":["https:\/\/padas.al\/product\/sandale-lekure-me-take-katrore-ragazza\/"]}]},{"@type":"BreadcrumbList","@id":"https:\/\/padas.al\/product\/sandale-lekure-me-take-katrore-ragazza\/#breadcrumb","itemListElement":[{"@type":"ListItem","position":1,"name":"Home","item":"https:\/\/padas.al\/"},{"@type":"ListItem","position":2,"name":"Shop","item":"https:\/\/padas.al\/shop\/"},{"@type":"ListItem","position":3,"name":"Sandale l\u00ebkure me tak\u00eb katrore Ragazza."}]}]}},"_links":{"self":[{"href":"https:\/\/padas.al\/english\/wp-json\/wp\/v2\/product\/10483"}],"collection":[{"href":"https:\/\/padas.al\/english\/wp-json\/wp\/v2\/product"}],"about":[{"href":"https:\/\/padas.al\/english\/wp-json\/wp\/v2\/types\/product"}],"replies":[{"embeddable":true,"href":"https:\/\/padas.al\/english\/wp-json\/wp\/v2\/comments?post=10483"}],"wp:featuredmedia":[{"embeddable":true,"href":"https:\/\/padas.al\/english\/wp-json\/wp\/v2\/media\/10491"}],"wp:attachment":[{"href":"https:\/\/padas.al\/english\/wp-json\/wp\/v2\/media?parent=10483"}],"wp:term":[{"taxonomy":"product_cat","embeddable":true,"href":"https:\/\/padas.al\/english\/wp-json\/wp\/v2\/product_cat?post=10483"},{"taxonomy":"product_tag","embeddable":true,"href":"https:\/\/padas.al\/english\/wp-json\/wp\/v2\/product_tag?post=10483"}],"curies":[{"name":"wp","href":"https:\/\/api.w.org\/{rel}","templated":true}]}}