{"id":10662,"date":"2023-07-15T18:11:02","date_gmt":"2023-07-15T18:11:02","guid":{"rendered":"https:\/\/padas.al\/?post_type=product&#038;p=10662"},"modified":"2026-01-27T12:02:31","modified_gmt":"2026-01-27T12:02:31","slug":"kepuce-lekure-boxer-me-gome-te-lehte-ne-dy-ngjyra","status":"publish","type":"product","link":"https:\/\/padas.al\/english\/product\/kepuce-lekure-boxer-me-gome-te-lehte-ne-dy-ngjyra\/","title":{"rendered":"K\u00ebpuc\u00eb l\u00ebkure Boxer me gom\u00eb t\u00eb leht\u00eb n\u00eb dy ngjyra."},"content":{"rendered":"<p>K\u00ebpuc\u00ebt j<span style=\"font-weight: 400\">an\u00eb prodhim i firm\u00ebs greke Boxer , kompani e cila ofron k\u00ebpuc\u00eb l\u00ebkure me standard europian dhe me nj\u00eb eksperienc\u00eb mbi 100 vje\u00e7are. K\u00ebpuc\u00ebt jan\u00eb t\u00eb lehta dhe kan\u00eb model q\u00eb p\u00ebrshatet me \u00e7do veshje , modeli \u00ebsht\u00eb n\u00eb gjendje n\u00eb dy ngjyra, n\u00eb ngjyr\u00ebn blu e cila ka detaje n\u00eb ngjyr\u00ebn kafe dhe ngjyra tjet\u00ebr \u00ebsht\u00eb kafe e cila ka detaje n\u00eb ngjyr\u00ebn blu. K\u00ebpuc\u00ebt kan\u00eb llastik n\u00eb t\u00eb dy an\u00ebt e cila b\u00ebn t\u00eb mundur p\u00ebrshtatjen me gjer\u00ebsin\u00eb e k\u00ebmb\u00ebs.<\/span><\/p>","protected":false},"excerpt":{"rendered":"<p>Shoes <span style=\"font-weight: 400\">\u00a0jan\u00eb t\u00eb punuara nga l\u00ebkura natyrale si brenda po ashtu dhe jasht\u00eb. Modeli \u00ebsht\u00eb n\u00eb ngjyr\u00ebn blu dhe kafe p\u00ebrkat\u00ebsisht. N\u00eb pjes\u00ebn ku mb\u00ebshtetet shputa e k\u00ebmb\u00ebs kan\u00eb shtres\u00eb t\u00eb but\u00eb l\u00ebkure e cila ofron komoditet maksimal n\u00eb ecje. Kan\u00eb gom\u00eb t\u00eb leht\u00eb, rezistente e cila nuk rr\u00ebshket dhe \u00ebsht\u00eb fleksib\u00ebl, goma e tyre ka stil sportiv dhe \u00ebsht\u00eb me dy ngjyra.<\/span><\/p>","protected":false},"featured_media":10663,"comment_status":"open","ping_status":"closed","template":"","meta":[],"product_cat":[228,229,189,191,201,198,199],"product_tag":[],"yoast_head":"<!-- This site is optimized with the Yoast SEO plugin v18.3 - https:\/\/yoast.com\/wordpress\/plugins\/seo\/ -->\n<title>K\u00ebpuc\u00eb l\u00ebkure Boxer me gom\u00eb t\u00eb leht\u00eb n\u00eb dy ngjyra. - PADAS<\/title>\n<meta name=\"description\" content=\"K\u00ebpuc\u00eb n\u00eb stilin &quot;loafers&quot; p\u00ebr n\u00eb p\u00ebrditshm\u00ebri dhe jo vet\u00ebm, me gom\u00eb n\u00eb dy ngjyra p\u00ebr nj\u00eb pamje casual dhe trendi, t\u00eb kombinueshme dhe tep\u00ebr praktike.\" \/>\n<meta name=\"robots\" content=\"index, follow, max-snippet:-1, max-image-preview:large, max-video-preview:-1\" \/>\n<link rel=\"canonical\" href=\"https:\/\/padas.al\/english\/product\/kepuce-lekure-boxer-me-gome-te-lehte-ne-dy-ngjyra\/\" \/>\n<meta property=\"og:locale\" content=\"en_GB\" \/>\n<meta property=\"og:type\" content=\"article\" \/>\n<meta property=\"og:title\" content=\"K\u00ebpuc\u00eb l\u00ebkure Boxer me gom\u00eb t\u00eb leht\u00eb n\u00eb dy ngjyra. - PADAS\" \/>\n<meta property=\"og:description\" content=\"K\u00ebpuc\u00eb n\u00eb stilin &quot;loafers&quot; p\u00ebr n\u00eb p\u00ebrditshm\u00ebri dhe jo vet\u00ebm, me gom\u00eb n\u00eb dy ngjyra p\u00ebr nj\u00eb pamje casual dhe trendi, t\u00eb kombinueshme dhe tep\u00ebr praktike.\" \/>\n<meta property=\"og:url\" content=\"https:\/\/padas.al\/english\/product\/kepuce-lekure-boxer-me-gome-te-lehte-ne-dy-ngjyra\/\" \/>\n<meta property=\"og:site_name\" content=\"PADAS\" \/>\n<meta property=\"article:modified_time\" content=\"2026-01-27T12:02:31+00:00\" \/>\n<meta property=\"og:image\" content=\"https:\/\/padas.al\/wp-content\/uploads\/2023\/07\/21317-15-016-1.jpg\" \/>\n\t<meta property=\"og:image:width\" content=\"1000\" \/>\n\t<meta property=\"og:image:height\" content=\"1000\" \/>\n\t<meta property=\"og:image:type\" content=\"image\/jpeg\" \/>\n<meta name=\"twitter:card\" content=\"summary_large_image\" \/>\n<meta name=\"twitter:label1\" content=\"Estimated reading time\" \/>\n\t<meta name=\"twitter:data1\" content=\"1 minute\" \/>\n<script type=\"application\/ld+json\" class=\"yoast-schema-graph\">{\"@context\":\"https:\/\/schema.org\",\"@graph\":[{\"@type\":\"Organization\",\"@id\":\"https:\/\/padas.al\/#organization\",\"name\":\"Padas.al\",\"url\":\"https:\/\/padas.al\/\",\"sameAs\":[],\"logo\":{\"@type\":\"ImageObject\",\"@id\":\"https:\/\/padas.al\/#logo\",\"inLanguage\":\"en-GB\",\"url\":\"https:\/\/padas.al\/wp-content\/uploads\/2021\/12\/padas-logo-01.svg\",\"contentUrl\":\"https:\/\/padas.al\/wp-content\/uploads\/2021\/12\/padas-logo-01.svg\",\"width\":196.4218,\"height\":195.7925,\"caption\":\"Padas.al\"},\"image\":{\"@id\":\"https:\/\/padas.al\/#logo\"}},{\"@type\":\"WebSite\",\"@id\":\"https:\/\/padas.al\/#website\",\"url\":\"https:\/\/padas.al\/\",\"name\":\"PADAS\",\"description\":\"Shoe Shop\",\"publisher\":{\"@id\":\"https:\/\/padas.al\/#organization\"},\"potentialAction\":[{\"@type\":\"SearchAction\",\"target\":{\"@type\":\"EntryPoint\",\"urlTemplate\":\"https:\/\/padas.al\/?s={search_term_string}\"},\"query-input\":\"required name=search_term_string\"}],\"inLanguage\":\"en-GB\"},{\"@type\":\"ImageObject\",\"@id\":\"https:\/\/padas.al\/product\/kepuce-lekure-boxer-me-gome-te-lehte-ne-dy-ngjyra\/#primaryimage\",\"inLanguage\":\"en-GB\",\"url\":\"https:\/\/padas.al\/wp-content\/uploads\/2023\/07\/21317-15-016-1.jpg\",\"contentUrl\":\"https:\/\/padas.al\/wp-content\/uploads\/2023\/07\/21317-15-016-1.jpg\",\"width\":1000,\"height\":1000},{\"@type\":\"WebPage\",\"@id\":\"https:\/\/padas.al\/product\/kepuce-lekure-boxer-me-gome-te-lehte-ne-dy-ngjyra\/#webpage\",\"url\":\"https:\/\/padas.al\/product\/kepuce-lekure-boxer-me-gome-te-lehte-ne-dy-ngjyra\/\",\"name\":\"K\u00ebpuc\u00eb l\u00ebkure Boxer me gom\u00eb t\u00eb leht\u00eb n\u00eb dy ngjyra. - PADAS\",\"isPartOf\":{\"@id\":\"https:\/\/padas.al\/#website\"},\"primaryImageOfPage\":{\"@id\":\"https:\/\/padas.al\/product\/kepuce-lekure-boxer-me-gome-te-lehte-ne-dy-ngjyra\/#primaryimage\"},\"datePublished\":\"2023-07-15T18:11:02+00:00\",\"dateModified\":\"2026-01-27T12:02:31+00:00\",\"description\":\"K\u00ebpuc\u00eb n\u00eb stilin \\\"loafers\\\" p\u00ebr n\u00eb p\u00ebrditshm\u00ebri dhe jo vet\u00ebm, me gom\u00eb n\u00eb dy ngjyra p\u00ebr nj\u00eb pamje casual dhe trendi, t\u00eb kombinueshme dhe tep\u00ebr praktike.\",\"breadcrumb\":{\"@id\":\"https:\/\/padas.al\/product\/kepuce-lekure-boxer-me-gome-te-lehte-ne-dy-ngjyra\/#breadcrumb\"},\"inLanguage\":\"en-GB\",\"potentialAction\":[{\"@type\":\"ReadAction\",\"target\":[\"https:\/\/padas.al\/product\/kepuce-lekure-boxer-me-gome-te-lehte-ne-dy-ngjyra\/\"]}]},{\"@type\":\"BreadcrumbList\",\"@id\":\"https:\/\/padas.al\/product\/kepuce-lekure-boxer-me-gome-te-lehte-ne-dy-ngjyra\/#breadcrumb\",\"itemListElement\":[{\"@type\":\"ListItem\",\"position\":1,\"name\":\"Home\",\"item\":\"https:\/\/padas.al\/\"},{\"@type\":\"ListItem\",\"position\":2,\"name\":\"Shop\",\"item\":\"https:\/\/padas.al\/shop\/\"},{\"@type\":\"ListItem\",\"position\":3,\"name\":\"K\u00ebpuc\u00eb l\u00ebkure Boxer me gom\u00eb t\u00eb leht\u00eb n\u00eb dy ngjyra.\"}]}]}<\/script>\n<!-- \/ Yoast SEO plugin. -->","yoast_head_json":{"title":"K\u00ebpuc\u00eb l\u00ebkure Boxer me gom\u00eb t\u00eb leht\u00eb n\u00eb dy ngjyra. - PADAS","description":"K\u00ebpuc\u00eb n\u00eb stilin \"loafers\" p\u00ebr n\u00eb p\u00ebrditshm\u00ebri dhe jo vet\u00ebm, me gom\u00eb n\u00eb dy ngjyra p\u00ebr nj\u00eb pamje casual dhe trendi, t\u00eb kombinueshme dhe tep\u00ebr praktike.","robots":{"index":"index","follow":"follow","max-snippet":"max-snippet:-1","max-image-preview":"max-image-preview:large","max-video-preview":"max-video-preview:-1"},"canonical":"https:\/\/padas.al\/english\/product\/kepuce-lekure-boxer-me-gome-te-lehte-ne-dy-ngjyra\/","og_locale":"en_GB","og_type":"article","og_title":"K\u00ebpuc\u00eb l\u00ebkure Boxer me gom\u00eb t\u00eb leht\u00eb n\u00eb dy ngjyra. - PADAS","og_description":"K\u00ebpuc\u00eb n\u00eb stilin \"loafers\" p\u00ebr n\u00eb p\u00ebrditshm\u00ebri dhe jo vet\u00ebm, me gom\u00eb n\u00eb dy ngjyra p\u00ebr nj\u00eb pamje casual dhe trendi, t\u00eb kombinueshme dhe tep\u00ebr praktike.","og_url":"https:\/\/padas.al\/english\/product\/kepuce-lekure-boxer-me-gome-te-lehte-ne-dy-ngjyra\/","og_site_name":"PADAS","article_modified_time":"2026-01-27T12:02:31+00:00","og_image":[{"width":1000,"height":1000,"url":"https:\/\/padas.al\/wp-content\/uploads\/2023\/07\/21317-15-016-1.jpg","type":"image\/jpeg"}],"twitter_card":"summary_large_image","twitter_misc":{"Estimated reading time":"1 minute"},"schema":{"@context":"https:\/\/schema.org","@graph":[{"@type":"Organization","@id":"https:\/\/padas.al\/#organization","name":"Padas.al","url":"https:\/\/padas.al\/","sameAs":[],"logo":{"@type":"ImageObject","@id":"https:\/\/padas.al\/#logo","inLanguage":"en-GB","url":"https:\/\/padas.al\/wp-content\/uploads\/2021\/12\/padas-logo-01.svg","contentUrl":"https:\/\/padas.al\/wp-content\/uploads\/2021\/12\/padas-logo-01.svg","width":196.4218,"height":195.7925,"caption":"Padas.al"},"image":{"@id":"https:\/\/padas.al\/#logo"}},{"@type":"WebSite","@id":"https:\/\/padas.al\/#website","url":"https:\/\/padas.al\/","name":"PADAS","description":"Shoe Shop","publisher":{"@id":"https:\/\/padas.al\/#organization"},"potentialAction":[{"@type":"SearchAction","target":{"@type":"EntryPoint","urlTemplate":"https:\/\/padas.al\/?s={search_term_string}"},"query-input":"required name=search_term_string"}],"inLanguage":"en-GB"},{"@type":"ImageObject","@id":"https:\/\/padas.al\/product\/kepuce-lekure-boxer-me-gome-te-lehte-ne-dy-ngjyra\/#primaryimage","inLanguage":"en-GB","url":"https:\/\/padas.al\/wp-content\/uploads\/2023\/07\/21317-15-016-1.jpg","contentUrl":"https:\/\/padas.al\/wp-content\/uploads\/2023\/07\/21317-15-016-1.jpg","width":1000,"height":1000},{"@type":"WebPage","@id":"https:\/\/padas.al\/product\/kepuce-lekure-boxer-me-gome-te-lehte-ne-dy-ngjyra\/#webpage","url":"https:\/\/padas.al\/product\/kepuce-lekure-boxer-me-gome-te-lehte-ne-dy-ngjyra\/","name":"K\u00ebpuc\u00eb l\u00ebkure Boxer me gom\u00eb t\u00eb leht\u00eb n\u00eb dy ngjyra. - PADAS","isPartOf":{"@id":"https:\/\/padas.al\/#website"},"primaryImageOfPage":{"@id":"https:\/\/padas.al\/product\/kepuce-lekure-boxer-me-gome-te-lehte-ne-dy-ngjyra\/#primaryimage"},"datePublished":"2023-07-15T18:11:02+00:00","dateModified":"2026-01-27T12:02:31+00:00","description":"K\u00ebpuc\u00eb n\u00eb stilin \"loafers\" p\u00ebr n\u00eb p\u00ebrditshm\u00ebri dhe jo vet\u00ebm, me gom\u00eb n\u00eb dy ngjyra p\u00ebr nj\u00eb pamje casual dhe trendi, t\u00eb kombinueshme dhe tep\u00ebr praktike.","breadcrumb":{"@id":"https:\/\/padas.al\/product\/kepuce-lekure-boxer-me-gome-te-lehte-ne-dy-ngjyra\/#breadcrumb"},"inLanguage":"en-GB","potentialAction":[{"@type":"ReadAction","target":["https:\/\/padas.al\/product\/kepuce-lekure-boxer-me-gome-te-lehte-ne-dy-ngjyra\/"]}]},{"@type":"BreadcrumbList","@id":"https:\/\/padas.al\/product\/kepuce-lekure-boxer-me-gome-te-lehte-ne-dy-ngjyra\/#breadcrumb","itemListElement":[{"@type":"ListItem","position":1,"name":"Home","item":"https:\/\/padas.al\/"},{"@type":"ListItem","position":2,"name":"Shop","item":"https:\/\/padas.al\/shop\/"},{"@type":"ListItem","position":3,"name":"K\u00ebpuc\u00eb l\u00ebkure Boxer me gom\u00eb t\u00eb leht\u00eb n\u00eb dy ngjyra."}]}]}},"_links":{"self":[{"href":"https:\/\/padas.al\/english\/wp-json\/wp\/v2\/product\/10662"}],"collection":[{"href":"https:\/\/padas.al\/english\/wp-json\/wp\/v2\/product"}],"about":[{"href":"https:\/\/padas.al\/english\/wp-json\/wp\/v2\/types\/product"}],"replies":[{"embeddable":true,"href":"https:\/\/padas.al\/english\/wp-json\/wp\/v2\/comments?post=10662"}],"wp:featuredmedia":[{"embeddable":true,"href":"https:\/\/padas.al\/english\/wp-json\/wp\/v2\/media\/10663"}],"wp:attachment":[{"href":"https:\/\/padas.al\/english\/wp-json\/wp\/v2\/media?parent=10662"}],"wp:term":[{"taxonomy":"product_cat","embeddable":true,"href":"https:\/\/padas.al\/english\/wp-json\/wp\/v2\/product_cat?post=10662"},{"taxonomy":"product_tag","embeddable":true,"href":"https:\/\/padas.al\/english\/wp-json\/wp\/v2\/product_tag?post=10662"}],"curies":[{"name":"wp","href":"https:\/\/api.w.org\/{rel}","templated":true}]}}