{"id":10709,"date":"2023-07-18T16:45:30","date_gmt":"2023-07-18T16:45:30","guid":{"rendered":"https:\/\/padas.al\/?post_type=product&#038;p=10709"},"modified":"2026-01-27T11:34:54","modified_gmt":"2026-01-27T11:34:54","slug":"atlete-per-meshkuj-lekure-boxer-me-gome-te-lehte","status":"publish","type":"product","link":"https:\/\/padas.al\/english\/product\/atlete-per-meshkuj-lekure-boxer-me-gome-te-lehte\/","title":{"rendered":"Atlete p\u00ebr meshkuj l\u00ebkure Boxer me gom\u00eb t\u00eb leht\u00eb."},"content":{"rendered":"<p><span style=\"font-weight: 400\">Atletet jan\u00eb prodhim i firm\u00ebs greke Boxer , kompani e cila ofron k\u00ebpuc\u00eb l\u00ebkure me standard europian dhe me nj\u00eb eksperienc\u00eb mbi 100 vje\u00e7are. Atletet jan\u00eb t\u00eb lehta dhe kan\u00eb model q\u00eb p\u00ebrshatet me \u00e7do veshje , modeli \u00ebsht\u00eb n\u00eb ngjyr\u00ebn blu dhe ka detaje n\u00eb ngjyr\u00ebn kafe n\u00eb pjes\u00ebn e thembr\u00ebs. Goma e tyre \u00ebsht\u00eb n\u00eb ngjyr\u00eb qum\u00ebshti.<\/span><\/p>","protected":false},"excerpt":{"rendered":"<p><span style=\"font-weight: 400\">Atletet jan\u00eb t\u00eb punuara nga l\u00ebkura natyrale si brenda po ashtu dhe jasht\u00eb, n\u00eb pjes\u00ebt an\u00ebsor\u00eb atletet kan\u00eb detaje n\u00eb l\u00ebkur\u00ebn kamosh. Modeli \u00ebsht\u00eb n\u00eb ngjyr\u00ebn blu dhe me detaje n\u00eb ngjyr\u00ebn kafe. N\u00eb pjes\u00ebn ku mb\u00ebshtetet shputa e k\u00ebmb\u00ebs kan\u00eb shtres\u00eb t\u00eb but\u00eb l\u00ebkure e cila ofron komoditet maksimal n\u00eb ecje. Kan\u00eb gom\u00eb t\u00eb leht\u00eb, rezistente e cila nuk rr\u00ebshket dhe \u00ebsht\u00eb fleksib\u00ebl. Kan\u00eb lidh\u00ebse t\u00eb cilat b\u00ebjn\u00eb m\u00eb t\u00eb leht\u00eb veshjen e tyre.\u00a0<\/span><\/p>\n<p>&nbsp;<\/p>","protected":false},"featured_media":10710,"comment_status":"open","ping_status":"closed","template":"","meta":[],"product_cat":[228,229,189,200,193],"product_tag":[],"yoast_head":"<!-- This site is optimized with the Yoast SEO plugin v18.3 - https:\/\/yoast.com\/wordpress\/plugins\/seo\/ -->\n<title>Atlete p\u00ebr meshkuj l\u00ebkure Boxer me gom\u00eb t\u00eb leht\u00eb. - PADAS<\/title>\n<meta name=\"description\" content=\"Atlete l\u00ebkure me detaje kamoshi, model sportiv me gom\u00eb bezh\u00eb tep\u00ebr t\u00eb leht\u00eb dhe komode. T\u00eb kombinueshme me \u00e7do veshje dhe t\u00eb p\u00ebrshatshme p\u00ebr n\u00eb p\u00ebrditshm\u00ebri.\" \/>\n<meta name=\"robots\" content=\"index, follow, max-snippet:-1, max-image-preview:large, max-video-preview:-1\" \/>\n<link rel=\"canonical\" href=\"https:\/\/padas.al\/english\/product\/atlete-per-meshkuj-lekure-boxer-me-gome-te-lehte\/\" \/>\n<meta property=\"og:locale\" content=\"en_GB\" \/>\n<meta property=\"og:type\" content=\"article\" \/>\n<meta property=\"og:title\" content=\"Atlete p\u00ebr meshkuj l\u00ebkure Boxer me gom\u00eb t\u00eb leht\u00eb. - PADAS\" \/>\n<meta property=\"og:description\" content=\"Atlete l\u00ebkure me detaje kamoshi, model sportiv me gom\u00eb bezh\u00eb tep\u00ebr t\u00eb leht\u00eb dhe komode. T\u00eb kombinueshme me \u00e7do veshje dhe t\u00eb p\u00ebrshatshme p\u00ebr n\u00eb p\u00ebrditshm\u00ebri.\" \/>\n<meta property=\"og:url\" content=\"https:\/\/padas.al\/english\/product\/atlete-per-meshkuj-lekure-boxer-me-gome-te-lehte\/\" \/>\n<meta property=\"og:site_name\" content=\"PADAS\" \/>\n<meta property=\"article:modified_time\" content=\"2026-01-27T11:34:54+00:00\" \/>\n<meta property=\"og:image\" content=\"https:\/\/padas.al\/wp-content\/uploads\/2023\/07\/21332-15-016-1.jpg\" \/>\n\t<meta property=\"og:image:width\" content=\"1000\" \/>\n\t<meta property=\"og:image:height\" content=\"1000\" \/>\n\t<meta property=\"og:image:type\" content=\"image\/jpeg\" \/>\n<meta name=\"twitter:card\" content=\"summary_large_image\" \/>\n<meta name=\"twitter:label1\" content=\"Estimated reading time\" \/>\n\t<meta name=\"twitter:data1\" content=\"1 minute\" \/>\n<script type=\"application\/ld+json\" class=\"yoast-schema-graph\">{\"@context\":\"https:\/\/schema.org\",\"@graph\":[{\"@type\":\"Organization\",\"@id\":\"https:\/\/padas.al\/#organization\",\"name\":\"Padas.al\",\"url\":\"https:\/\/padas.al\/\",\"sameAs\":[],\"logo\":{\"@type\":\"ImageObject\",\"@id\":\"https:\/\/padas.al\/#logo\",\"inLanguage\":\"en-GB\",\"url\":\"https:\/\/padas.al\/wp-content\/uploads\/2021\/12\/padas-logo-01.svg\",\"contentUrl\":\"https:\/\/padas.al\/wp-content\/uploads\/2021\/12\/padas-logo-01.svg\",\"width\":196.4218,\"height\":195.7925,\"caption\":\"Padas.al\"},\"image\":{\"@id\":\"https:\/\/padas.al\/#logo\"}},{\"@type\":\"WebSite\",\"@id\":\"https:\/\/padas.al\/#website\",\"url\":\"https:\/\/padas.al\/\",\"name\":\"PADAS\",\"description\":\"Shoe Shop\",\"publisher\":{\"@id\":\"https:\/\/padas.al\/#organization\"},\"potentialAction\":[{\"@type\":\"SearchAction\",\"target\":{\"@type\":\"EntryPoint\",\"urlTemplate\":\"https:\/\/padas.al\/?s={search_term_string}\"},\"query-input\":\"required name=search_term_string\"}],\"inLanguage\":\"en-GB\"},{\"@type\":\"ImageObject\",\"@id\":\"https:\/\/padas.al\/product\/atlete-per-meshkuj-lekure-boxer-me-gome-te-lehte\/#primaryimage\",\"inLanguage\":\"en-GB\",\"url\":\"https:\/\/padas.al\/wp-content\/uploads\/2023\/07\/21332-15-016-1.jpg\",\"contentUrl\":\"https:\/\/padas.al\/wp-content\/uploads\/2023\/07\/21332-15-016-1.jpg\",\"width\":1000,\"height\":1000},{\"@type\":\"WebPage\",\"@id\":\"https:\/\/padas.al\/product\/atlete-per-meshkuj-lekure-boxer-me-gome-te-lehte\/#webpage\",\"url\":\"https:\/\/padas.al\/product\/atlete-per-meshkuj-lekure-boxer-me-gome-te-lehte\/\",\"name\":\"Atlete p\u00ebr meshkuj l\u00ebkure Boxer me gom\u00eb t\u00eb leht\u00eb. - PADAS\",\"isPartOf\":{\"@id\":\"https:\/\/padas.al\/#website\"},\"primaryImageOfPage\":{\"@id\":\"https:\/\/padas.al\/product\/atlete-per-meshkuj-lekure-boxer-me-gome-te-lehte\/#primaryimage\"},\"datePublished\":\"2023-07-18T16:45:30+00:00\",\"dateModified\":\"2026-01-27T11:34:54+00:00\",\"description\":\"Atlete l\u00ebkure me detaje kamoshi, model sportiv me gom\u00eb bezh\u00eb tep\u00ebr t\u00eb leht\u00eb dhe komode. T\u00eb kombinueshme me \u00e7do veshje dhe t\u00eb p\u00ebrshatshme p\u00ebr n\u00eb p\u00ebrditshm\u00ebri.\",\"breadcrumb\":{\"@id\":\"https:\/\/padas.al\/product\/atlete-per-meshkuj-lekure-boxer-me-gome-te-lehte\/#breadcrumb\"},\"inLanguage\":\"en-GB\",\"potentialAction\":[{\"@type\":\"ReadAction\",\"target\":[\"https:\/\/padas.al\/product\/atlete-per-meshkuj-lekure-boxer-me-gome-te-lehte\/\"]}]},{\"@type\":\"BreadcrumbList\",\"@id\":\"https:\/\/padas.al\/product\/atlete-per-meshkuj-lekure-boxer-me-gome-te-lehte\/#breadcrumb\",\"itemListElement\":[{\"@type\":\"ListItem\",\"position\":1,\"name\":\"Home\",\"item\":\"https:\/\/padas.al\/\"},{\"@type\":\"ListItem\",\"position\":2,\"name\":\"Shop\",\"item\":\"https:\/\/padas.al\/shop\/\"},{\"@type\":\"ListItem\",\"position\":3,\"name\":\"Atlete p\u00ebr meshkuj l\u00ebkure Boxer me gom\u00eb t\u00eb leht\u00eb.\"}]}]}<\/script>\n<!-- \/ Yoast SEO plugin. -->","yoast_head_json":{"title":"Atlete p\u00ebr meshkuj l\u00ebkure Boxer me gom\u00eb t\u00eb leht\u00eb. - PADAS","description":"Atlete l\u00ebkure me detaje kamoshi, model sportiv me gom\u00eb bezh\u00eb tep\u00ebr t\u00eb leht\u00eb dhe komode. T\u00eb kombinueshme me \u00e7do veshje dhe t\u00eb p\u00ebrshatshme p\u00ebr n\u00eb p\u00ebrditshm\u00ebri.","robots":{"index":"index","follow":"follow","max-snippet":"max-snippet:-1","max-image-preview":"max-image-preview:large","max-video-preview":"max-video-preview:-1"},"canonical":"https:\/\/padas.al\/english\/product\/atlete-per-meshkuj-lekure-boxer-me-gome-te-lehte\/","og_locale":"en_GB","og_type":"article","og_title":"Atlete p\u00ebr meshkuj l\u00ebkure Boxer me gom\u00eb t\u00eb leht\u00eb. - PADAS","og_description":"Atlete l\u00ebkure me detaje kamoshi, model sportiv me gom\u00eb bezh\u00eb tep\u00ebr t\u00eb leht\u00eb dhe komode. T\u00eb kombinueshme me \u00e7do veshje dhe t\u00eb p\u00ebrshatshme p\u00ebr n\u00eb p\u00ebrditshm\u00ebri.","og_url":"https:\/\/padas.al\/english\/product\/atlete-per-meshkuj-lekure-boxer-me-gome-te-lehte\/","og_site_name":"PADAS","article_modified_time":"2026-01-27T11:34:54+00:00","og_image":[{"width":1000,"height":1000,"url":"https:\/\/padas.al\/wp-content\/uploads\/2023\/07\/21332-15-016-1.jpg","type":"image\/jpeg"}],"twitter_card":"summary_large_image","twitter_misc":{"Estimated reading time":"1 minute"},"schema":{"@context":"https:\/\/schema.org","@graph":[{"@type":"Organization","@id":"https:\/\/padas.al\/#organization","name":"Padas.al","url":"https:\/\/padas.al\/","sameAs":[],"logo":{"@type":"ImageObject","@id":"https:\/\/padas.al\/#logo","inLanguage":"en-GB","url":"https:\/\/padas.al\/wp-content\/uploads\/2021\/12\/padas-logo-01.svg","contentUrl":"https:\/\/padas.al\/wp-content\/uploads\/2021\/12\/padas-logo-01.svg","width":196.4218,"height":195.7925,"caption":"Padas.al"},"image":{"@id":"https:\/\/padas.al\/#logo"}},{"@type":"WebSite","@id":"https:\/\/padas.al\/#website","url":"https:\/\/padas.al\/","name":"PADAS","description":"Shoe Shop","publisher":{"@id":"https:\/\/padas.al\/#organization"},"potentialAction":[{"@type":"SearchAction","target":{"@type":"EntryPoint","urlTemplate":"https:\/\/padas.al\/?s={search_term_string}"},"query-input":"required name=search_term_string"}],"inLanguage":"en-GB"},{"@type":"ImageObject","@id":"https:\/\/padas.al\/product\/atlete-per-meshkuj-lekure-boxer-me-gome-te-lehte\/#primaryimage","inLanguage":"en-GB","url":"https:\/\/padas.al\/wp-content\/uploads\/2023\/07\/21332-15-016-1.jpg","contentUrl":"https:\/\/padas.al\/wp-content\/uploads\/2023\/07\/21332-15-016-1.jpg","width":1000,"height":1000},{"@type":"WebPage","@id":"https:\/\/padas.al\/product\/atlete-per-meshkuj-lekure-boxer-me-gome-te-lehte\/#webpage","url":"https:\/\/padas.al\/product\/atlete-per-meshkuj-lekure-boxer-me-gome-te-lehte\/","name":"Atlete p\u00ebr meshkuj l\u00ebkure Boxer me gom\u00eb t\u00eb leht\u00eb. - PADAS","isPartOf":{"@id":"https:\/\/padas.al\/#website"},"primaryImageOfPage":{"@id":"https:\/\/padas.al\/product\/atlete-per-meshkuj-lekure-boxer-me-gome-te-lehte\/#primaryimage"},"datePublished":"2023-07-18T16:45:30+00:00","dateModified":"2026-01-27T11:34:54+00:00","description":"Atlete l\u00ebkure me detaje kamoshi, model sportiv me gom\u00eb bezh\u00eb tep\u00ebr t\u00eb leht\u00eb dhe komode. T\u00eb kombinueshme me \u00e7do veshje dhe t\u00eb p\u00ebrshatshme p\u00ebr n\u00eb p\u00ebrditshm\u00ebri.","breadcrumb":{"@id":"https:\/\/padas.al\/product\/atlete-per-meshkuj-lekure-boxer-me-gome-te-lehte\/#breadcrumb"},"inLanguage":"en-GB","potentialAction":[{"@type":"ReadAction","target":["https:\/\/padas.al\/product\/atlete-per-meshkuj-lekure-boxer-me-gome-te-lehte\/"]}]},{"@type":"BreadcrumbList","@id":"https:\/\/padas.al\/product\/atlete-per-meshkuj-lekure-boxer-me-gome-te-lehte\/#breadcrumb","itemListElement":[{"@type":"ListItem","position":1,"name":"Home","item":"https:\/\/padas.al\/"},{"@type":"ListItem","position":2,"name":"Shop","item":"https:\/\/padas.al\/shop\/"},{"@type":"ListItem","position":3,"name":"Atlete p\u00ebr meshkuj l\u00ebkure Boxer me gom\u00eb t\u00eb leht\u00eb."}]}]}},"_links":{"self":[{"href":"https:\/\/padas.al\/english\/wp-json\/wp\/v2\/product\/10709"}],"collection":[{"href":"https:\/\/padas.al\/english\/wp-json\/wp\/v2\/product"}],"about":[{"href":"https:\/\/padas.al\/english\/wp-json\/wp\/v2\/types\/product"}],"replies":[{"embeddable":true,"href":"https:\/\/padas.al\/english\/wp-json\/wp\/v2\/comments?post=10709"}],"wp:featuredmedia":[{"embeddable":true,"href":"https:\/\/padas.al\/english\/wp-json\/wp\/v2\/media\/10710"}],"wp:attachment":[{"href":"https:\/\/padas.al\/english\/wp-json\/wp\/v2\/media?parent=10709"}],"wp:term":[{"taxonomy":"product_cat","embeddable":true,"href":"https:\/\/padas.al\/english\/wp-json\/wp\/v2\/product_cat?post=10709"},{"taxonomy":"product_tag","embeddable":true,"href":"https:\/\/padas.al\/english\/wp-json\/wp\/v2\/product_tag?post=10709"}],"curies":[{"name":"wp","href":"https:\/\/api.w.org\/{rel}","templated":true}]}}