{"id":10826,"date":"2023-10-23T15:53:43","date_gmt":"2023-10-23T15:53:43","guid":{"rendered":"https:\/\/padas.al\/?post_type=product&#038;p=10826"},"modified":"2023-10-23T15:53:43","modified_gmt":"2023-10-23T15:53:43","slug":"kepuce-lekure-per-femra-me-maje-e-take-katrore-ragazza","status":"publish","type":"product","link":"https:\/\/padas.al\/english\/product\/kepuce-lekure-per-femra-me-maje-e-take-katrore-ragazza\/","title":{"rendered":"K\u00ebpuc\u00eb l\u00ebkure p\u00ebr femra me maj\u00eb e tak\u00eb katrore, Ragazza"},"content":{"rendered":"<p><span style=\"font-weight: 400\">K\u00ebpuc\u00ebt jan\u00eb prodhim i firm\u00ebs greke Ragazza , e cila prodhon k\u00ebpuc\u00eb e sandale l\u00ebkure p\u00ebr femra, ato kan\u00eb cil\u00ebsi dhe standard europian. K\u00ebpuc\u00ebt kan\u00eb maj\u00eb n\u00eb form\u00eb pene dhe me pjesa e sip\u00ebrme \u00ebsht\u00eb e harkuar n\u00eb nj\u00eb dekolte ku fillimi i gisht\u00ebrinjve nuk \u00ebsht\u00eb i duksh\u00ebm. Modeli i tyre \u00ebsht\u00eb i kombinuesh\u00ebm me \u00e7do veshje<\/span><\/p>","protected":false},"excerpt":{"rendered":"<p><span style=\"font-weight: 400\">K\u00ebpuc\u00ebt jan\u00eb t\u00eb punuara nga l\u00ebkura natyrale n\u00eb ngjyr\u00ebn e zez\u00eb dhe at\u00eb kafe t\u00eb err\u00ebt p\u00ebrkat\u00ebsisht.\u00a0 N\u00eb pjes\u00ebn ku mb\u00ebshtetet shputa e k\u00ebmb\u00ebs, k\u00ebpuc\u00ebt jan\u00eb po ashtu prej l\u00ebkure natyrale dhe t\u00eb buta, taka e tyre \u00ebsht\u00eb e veshur me l\u00ebkur\u00eb kjo e b\u00ebn modelin akoma m\u00eb elegant.\u00a0 K\u00ebpuc\u00ebt kan\u00eb suall gome e cila \u00ebsht\u00eb e p\u00ebrkulshme kjo i b\u00ebn ato akoma dhe m\u00eb komode n\u00eb ecje. Lart\u00ebsia e tak\u00ebs \u00ebsht\u00eb 6 cm.<\/span><\/p>","protected":false},"featured_media":10828,"comment_status":"open","ping_status":"closed","template":"","meta":[],"product_cat":[139,140,146,222,224],"product_tag":[],"yoast_head":"<!-- This site is optimized with the Yoast SEO plugin v18.3 - https:\/\/yoast.com\/wordpress\/plugins\/seo\/ -->\n<title>K\u00ebpuc\u00eb l\u00ebkure p\u00ebr femra me maj\u00eb e tak\u00eb katrore, Ragazza - PADAS<\/title>\n<meta name=\"description\" content=\"K\u00ebpuc\u00eb me tak\u00eb komode t\u00eb ul\u00ebt katrore, material l\u00ebkure. T\u00eb p\u00ebrshtashme p\u00ebr n\u00eb p\u00ebrditshm\u00ebri dhe jo vet\u00ebm. Rrin\u00eb bukur n\u00eb k\u00ebmb\u00eb dhe jan\u00eb fine.\" \/>\n<meta name=\"robots\" content=\"index, follow, max-snippet:-1, max-image-preview:large, max-video-preview:-1\" \/>\n<link rel=\"canonical\" href=\"https:\/\/padas.al\/english\/product\/kepuce-lekure-per-femra-me-maje-e-take-katrore-ragazza\/\" \/>\n<meta property=\"og:locale\" content=\"en_GB\" \/>\n<meta property=\"og:type\" content=\"article\" \/>\n<meta property=\"og:title\" content=\"K\u00ebpuc\u00eb l\u00ebkure p\u00ebr femra me maj\u00eb e tak\u00eb katrore, Ragazza - PADAS\" \/>\n<meta property=\"og:description\" content=\"K\u00ebpuc\u00eb me tak\u00eb komode t\u00eb ul\u00ebt katrore, material l\u00ebkure. T\u00eb p\u00ebrshtashme p\u00ebr n\u00eb p\u00ebrditshm\u00ebri dhe jo vet\u00ebm. Rrin\u00eb bukur n\u00eb k\u00ebmb\u00eb dhe jan\u00eb fine.\" \/>\n<meta property=\"og:url\" content=\"https:\/\/padas.al\/english\/product\/kepuce-lekure-per-femra-me-maje-e-take-katrore-ragazza\/\" \/>\n<meta property=\"og:site_name\" content=\"PADAS\" \/>\n<meta property=\"og:image\" content=\"https:\/\/padas.al\/wp-content\/uploads\/2023\/10\/023.jpg\" \/>\n\t<meta property=\"og:image:width\" content=\"1200\" \/>\n\t<meta property=\"og:image:height\" content=\"1200\" \/>\n\t<meta property=\"og:image:type\" content=\"image\/jpeg\" \/>\n<meta name=\"twitter:card\" content=\"summary_large_image\" \/>\n<script type=\"application\/ld+json\" class=\"yoast-schema-graph\">{\"@context\":\"https:\/\/schema.org\",\"@graph\":[{\"@type\":\"Organization\",\"@id\":\"https:\/\/padas.al\/#organization\",\"name\":\"Padas.al\",\"url\":\"https:\/\/padas.al\/\",\"sameAs\":[],\"logo\":{\"@type\":\"ImageObject\",\"@id\":\"https:\/\/padas.al\/#logo\",\"inLanguage\":\"en-GB\",\"url\":\"https:\/\/padas.al\/wp-content\/uploads\/2021\/12\/padas-logo-01.svg\",\"contentUrl\":\"https:\/\/padas.al\/wp-content\/uploads\/2021\/12\/padas-logo-01.svg\",\"width\":196.4218,\"height\":195.7925,\"caption\":\"Padas.al\"},\"image\":{\"@id\":\"https:\/\/padas.al\/#logo\"}},{\"@type\":\"WebSite\",\"@id\":\"https:\/\/padas.al\/#website\",\"url\":\"https:\/\/padas.al\/\",\"name\":\"PADAS\",\"description\":\"Shoe Shop\",\"publisher\":{\"@id\":\"https:\/\/padas.al\/#organization\"},\"potentialAction\":[{\"@type\":\"SearchAction\",\"target\":{\"@type\":\"EntryPoint\",\"urlTemplate\":\"https:\/\/padas.al\/?s={search_term_string}\"},\"query-input\":\"required name=search_term_string\"}],\"inLanguage\":\"en-GB\"},{\"@type\":\"ImageObject\",\"@id\":\"https:\/\/padas.al\/product\/kepuce-lekure-per-femra-me-maje-e-take-katrore-ragazza\/#primaryimage\",\"inLanguage\":\"en-GB\",\"url\":\"https:\/\/padas.al\/wp-content\/uploads\/2023\/10\/023.jpg\",\"contentUrl\":\"https:\/\/padas.al\/wp-content\/uploads\/2023\/10\/023.jpg\",\"width\":1200,\"height\":1200},{\"@type\":\"WebPage\",\"@id\":\"https:\/\/padas.al\/product\/kepuce-lekure-per-femra-me-maje-e-take-katrore-ragazza\/#webpage\",\"url\":\"https:\/\/padas.al\/product\/kepuce-lekure-per-femra-me-maje-e-take-katrore-ragazza\/\",\"name\":\"K\u00ebpuc\u00eb l\u00ebkure p\u00ebr femra me maj\u00eb e tak\u00eb katrore, Ragazza - PADAS\",\"isPartOf\":{\"@id\":\"https:\/\/padas.al\/#website\"},\"primaryImageOfPage\":{\"@id\":\"https:\/\/padas.al\/product\/kepuce-lekure-per-femra-me-maje-e-take-katrore-ragazza\/#primaryimage\"},\"datePublished\":\"2023-10-23T15:53:43+00:00\",\"dateModified\":\"2023-10-23T15:53:43+00:00\",\"description\":\"K\u00ebpuc\u00eb me tak\u00eb komode t\u00eb ul\u00ebt katrore, material l\u00ebkure. T\u00eb p\u00ebrshtashme p\u00ebr n\u00eb p\u00ebrditshm\u00ebri dhe jo vet\u00ebm. Rrin\u00eb bukur n\u00eb k\u00ebmb\u00eb dhe jan\u00eb fine.\",\"breadcrumb\":{\"@id\":\"https:\/\/padas.al\/product\/kepuce-lekure-per-femra-me-maje-e-take-katrore-ragazza\/#breadcrumb\"},\"inLanguage\":\"en-GB\",\"potentialAction\":[{\"@type\":\"ReadAction\",\"target\":[\"https:\/\/padas.al\/product\/kepuce-lekure-per-femra-me-maje-e-take-katrore-ragazza\/\"]}]},{\"@type\":\"BreadcrumbList\",\"@id\":\"https:\/\/padas.al\/product\/kepuce-lekure-per-femra-me-maje-e-take-katrore-ragazza\/#breadcrumb\",\"itemListElement\":[{\"@type\":\"ListItem\",\"position\":1,\"name\":\"Home\",\"item\":\"https:\/\/padas.al\/\"},{\"@type\":\"ListItem\",\"position\":2,\"name\":\"Shop\",\"item\":\"https:\/\/padas.al\/shop\/\"},{\"@type\":\"ListItem\",\"position\":3,\"name\":\"K\u00ebpuc\u00eb l\u00ebkure p\u00ebr femra me maj\u00eb e tak\u00eb katrore, Ragazza\"}]}]}<\/script>\n<!-- \/ Yoast SEO plugin. -->","yoast_head_json":{"title":"K\u00ebpuc\u00eb l\u00ebkure p\u00ebr femra me maj\u00eb e tak\u00eb katrore, Ragazza - PADAS","description":"K\u00ebpuc\u00eb me tak\u00eb komode t\u00eb ul\u00ebt katrore, material l\u00ebkure. T\u00eb p\u00ebrshtashme p\u00ebr n\u00eb p\u00ebrditshm\u00ebri dhe jo vet\u00ebm. Rrin\u00eb bukur n\u00eb k\u00ebmb\u00eb dhe jan\u00eb fine.","robots":{"index":"index","follow":"follow","max-snippet":"max-snippet:-1","max-image-preview":"max-image-preview:large","max-video-preview":"max-video-preview:-1"},"canonical":"https:\/\/padas.al\/english\/product\/kepuce-lekure-per-femra-me-maje-e-take-katrore-ragazza\/","og_locale":"en_GB","og_type":"article","og_title":"K\u00ebpuc\u00eb l\u00ebkure p\u00ebr femra me maj\u00eb e tak\u00eb katrore, Ragazza - PADAS","og_description":"K\u00ebpuc\u00eb me tak\u00eb komode t\u00eb ul\u00ebt katrore, material l\u00ebkure. T\u00eb p\u00ebrshtashme p\u00ebr n\u00eb p\u00ebrditshm\u00ebri dhe jo vet\u00ebm. Rrin\u00eb bukur n\u00eb k\u00ebmb\u00eb dhe jan\u00eb fine.","og_url":"https:\/\/padas.al\/english\/product\/kepuce-lekure-per-femra-me-maje-e-take-katrore-ragazza\/","og_site_name":"PADAS","og_image":[{"width":1200,"height":1200,"url":"https:\/\/padas.al\/wp-content\/uploads\/2023\/10\/023.jpg","type":"image\/jpeg"}],"twitter_card":"summary_large_image","schema":{"@context":"https:\/\/schema.org","@graph":[{"@type":"Organization","@id":"https:\/\/padas.al\/#organization","name":"Padas.al","url":"https:\/\/padas.al\/","sameAs":[],"logo":{"@type":"ImageObject","@id":"https:\/\/padas.al\/#logo","inLanguage":"en-GB","url":"https:\/\/padas.al\/wp-content\/uploads\/2021\/12\/padas-logo-01.svg","contentUrl":"https:\/\/padas.al\/wp-content\/uploads\/2021\/12\/padas-logo-01.svg","width":196.4218,"height":195.7925,"caption":"Padas.al"},"image":{"@id":"https:\/\/padas.al\/#logo"}},{"@type":"WebSite","@id":"https:\/\/padas.al\/#website","url":"https:\/\/padas.al\/","name":"PADAS","description":"Shoe Shop","publisher":{"@id":"https:\/\/padas.al\/#organization"},"potentialAction":[{"@type":"SearchAction","target":{"@type":"EntryPoint","urlTemplate":"https:\/\/padas.al\/?s={search_term_string}"},"query-input":"required name=search_term_string"}],"inLanguage":"en-GB"},{"@type":"ImageObject","@id":"https:\/\/padas.al\/product\/kepuce-lekure-per-femra-me-maje-e-take-katrore-ragazza\/#primaryimage","inLanguage":"en-GB","url":"https:\/\/padas.al\/wp-content\/uploads\/2023\/10\/023.jpg","contentUrl":"https:\/\/padas.al\/wp-content\/uploads\/2023\/10\/023.jpg","width":1200,"height":1200},{"@type":"WebPage","@id":"https:\/\/padas.al\/product\/kepuce-lekure-per-femra-me-maje-e-take-katrore-ragazza\/#webpage","url":"https:\/\/padas.al\/product\/kepuce-lekure-per-femra-me-maje-e-take-katrore-ragazza\/","name":"K\u00ebpuc\u00eb l\u00ebkure p\u00ebr femra me maj\u00eb e tak\u00eb katrore, Ragazza - PADAS","isPartOf":{"@id":"https:\/\/padas.al\/#website"},"primaryImageOfPage":{"@id":"https:\/\/padas.al\/product\/kepuce-lekure-per-femra-me-maje-e-take-katrore-ragazza\/#primaryimage"},"datePublished":"2023-10-23T15:53:43+00:00","dateModified":"2023-10-23T15:53:43+00:00","description":"K\u00ebpuc\u00eb me tak\u00eb komode t\u00eb ul\u00ebt katrore, material l\u00ebkure. T\u00eb p\u00ebrshtashme p\u00ebr n\u00eb p\u00ebrditshm\u00ebri dhe jo vet\u00ebm. Rrin\u00eb bukur n\u00eb k\u00ebmb\u00eb dhe jan\u00eb fine.","breadcrumb":{"@id":"https:\/\/padas.al\/product\/kepuce-lekure-per-femra-me-maje-e-take-katrore-ragazza\/#breadcrumb"},"inLanguage":"en-GB","potentialAction":[{"@type":"ReadAction","target":["https:\/\/padas.al\/product\/kepuce-lekure-per-femra-me-maje-e-take-katrore-ragazza\/"]}]},{"@type":"BreadcrumbList","@id":"https:\/\/padas.al\/product\/kepuce-lekure-per-femra-me-maje-e-take-katrore-ragazza\/#breadcrumb","itemListElement":[{"@type":"ListItem","position":1,"name":"Home","item":"https:\/\/padas.al\/"},{"@type":"ListItem","position":2,"name":"Shop","item":"https:\/\/padas.al\/shop\/"},{"@type":"ListItem","position":3,"name":"K\u00ebpuc\u00eb l\u00ebkure p\u00ebr femra me maj\u00eb e tak\u00eb katrore, Ragazza"}]}]}},"_links":{"self":[{"href":"https:\/\/padas.al\/english\/wp-json\/wp\/v2\/product\/10826"}],"collection":[{"href":"https:\/\/padas.al\/english\/wp-json\/wp\/v2\/product"}],"about":[{"href":"https:\/\/padas.al\/english\/wp-json\/wp\/v2\/types\/product"}],"replies":[{"embeddable":true,"href":"https:\/\/padas.al\/english\/wp-json\/wp\/v2\/comments?post=10826"}],"wp:featuredmedia":[{"embeddable":true,"href":"https:\/\/padas.al\/english\/wp-json\/wp\/v2\/media\/10828"}],"wp:attachment":[{"href":"https:\/\/padas.al\/english\/wp-json\/wp\/v2\/media?parent=10826"}],"wp:term":[{"taxonomy":"product_cat","embeddable":true,"href":"https:\/\/padas.al\/english\/wp-json\/wp\/v2\/product_cat?post=10826"},{"taxonomy":"product_tag","embeddable":true,"href":"https:\/\/padas.al\/english\/wp-json\/wp\/v2\/product_tag?post=10826"}],"curies":[{"name":"wp","href":"https:\/\/api.w.org\/{rel}","templated":true}]}}