{"id":10942,"date":"2023-10-24T21:39:49","date_gmt":"2023-10-24T21:39:49","guid":{"rendered":"https:\/\/padas.al\/?post_type=product&#038;p=10942"},"modified":"2026-02-02T16:17:49","modified_gmt":"2026-02-02T16:17:49","slug":"atlete-per-meshkuj-me-stil-casual-s-oliver-2","status":"publish","type":"product","link":"https:\/\/padas.al\/english\/product\/atlete-per-meshkuj-me-stil-casual-s-oliver-2\/","title":{"rendered":"Atlete p\u00ebr meshkuj me stil casual, s.Oliver"},"content":{"rendered":"<p><span style=\"font-weight: 400\">Atletet jan\u00eb t\u00eb p\u00ebrb\u00ebra nga nj\u00eb l\u00ebkur\u00eb e but\u00eb vegane dhe brenda kan\u00eb veshje t\u00eb ngroht\u00eb, goma e tyre \u00ebsht\u00eb e ngritur n\u00eb nj\u00eb nivel paralel dhe jan\u00eb t\u00eb lehta. Anash tyre n\u00eb faqen e jashtme atletet kan\u00eb nj\u00eb pllak\u00ebz metalike t\u00eb vog\u00ebl mbi t\u00eb cil\u00ebn \u00ebsht\u00eb e shkruar vet marka e tyre. Modeli ka lidh\u00ebse t\u00eb cilat b\u00ebjn\u00eb t\u00eb mundur veshjen e tyre si dhe mund\u00ebsi p\u00ebr ti fiksuar atletet pas k\u00ebmb\u00ebs.<\/span><\/p>","protected":false},"excerpt":{"rendered":"<p><span style=\"font-weight: 400\">Atletet jan\u00eb produkt i firm\u00ebs gjermane s.Oliver, modeli vjen n\u00eb dy ngjyra , n\u00eb t\u00eb zez\u00eb ku dhe goma e tyre \u00ebsht\u00eb n\u00eb mgjyr\u00ebn bezh\u00eb dhe n\u00eb ngjyr\u00ebn kafe ku goma e tyre \u00ebsht\u00eb n\u00eb njyr\u00ebn kafe m\u00eb t\u00eb hapur. Shtresa e tyre e brendshme \u00ebsht\u00eb e but\u00eb dhe jan\u00eb tep\u00ebr praktike n\u00eb ecje dhe t\u00eb p\u00ebrshtashme p\u00ebr ti mbajtur veshur me orar t\u00eb zgjatur.<\/span><\/p>","protected":false},"featured_media":10945,"comment_status":"open","ping_status":"closed","template":"","meta":[],"product_cat":[277,228,189,200,191,193],"product_tag":[],"yoast_head":"<!-- This site is optimized with the Yoast SEO plugin v18.3 - https:\/\/yoast.com\/wordpress\/plugins\/seo\/ -->\n<title>Atlete p\u00ebr meshkuj me stil casual, s.Oliver - PADAS<\/title>\n<meta name=\"description\" content=\"Atletet m\u00eb praktike t\u00eb cilat mund ti kombinoni me \u00e7do veshje, t\u00eb p\u00ebrshtatshme p\u00ebr n\u00eb p\u00ebrditshm\u00ebri me gom\u00eb t\u00eb leht\u00eb dhe model trendi.\" \/>\n<meta name=\"robots\" content=\"index, follow, max-snippet:-1, max-image-preview:large, max-video-preview:-1\" \/>\n<link rel=\"canonical\" href=\"https:\/\/padas.al\/english\/product\/atlete-per-meshkuj-me-stil-casual-s-oliver-2\/\" \/>\n<meta property=\"og:locale\" content=\"en_GB\" \/>\n<meta property=\"og:type\" content=\"article\" \/>\n<meta property=\"og:title\" content=\"Atlete p\u00ebr meshkuj me stil casual, s.Oliver - PADAS\" \/>\n<meta property=\"og:description\" content=\"Atletet m\u00eb praktike t\u00eb cilat mund ti kombinoni me \u00e7do veshje, t\u00eb p\u00ebrshtatshme p\u00ebr n\u00eb p\u00ebrditshm\u00ebri me gom\u00eb t\u00eb leht\u00eb dhe model trendi.\" \/>\n<meta property=\"og:url\" content=\"https:\/\/padas.al\/english\/product\/atlete-per-meshkuj-me-stil-casual-s-oliver-2\/\" \/>\n<meta property=\"og:site_name\" content=\"PADAS\" \/>\n<meta property=\"article:modified_time\" content=\"2026-02-02T16:17:49+00:00\" \/>\n<meta property=\"og:image\" content=\"https:\/\/padas.al\/wp-content\/uploads\/2023\/10\/005-13627-41-001-300.jpg\" \/>\n\t<meta property=\"og:image:width\" content=\"1550\" \/>\n\t<meta property=\"og:image:height\" content=\"1550\" \/>\n\t<meta property=\"og:image:type\" content=\"image\/jpeg\" \/>\n<meta name=\"twitter:card\" content=\"summary_large_image\" \/>\n<script type=\"application\/ld+json\" class=\"yoast-schema-graph\">{\"@context\":\"https:\/\/schema.org\",\"@graph\":[{\"@type\":\"Organization\",\"@id\":\"https:\/\/padas.al\/#organization\",\"name\":\"Padas.al\",\"url\":\"https:\/\/padas.al\/\",\"sameAs\":[],\"logo\":{\"@type\":\"ImageObject\",\"@id\":\"https:\/\/padas.al\/#logo\",\"inLanguage\":\"en-GB\",\"url\":\"https:\/\/padas.al\/wp-content\/uploads\/2021\/12\/padas-logo-01.svg\",\"contentUrl\":\"https:\/\/padas.al\/wp-content\/uploads\/2021\/12\/padas-logo-01.svg\",\"width\":196.4218,\"height\":195.7925,\"caption\":\"Padas.al\"},\"image\":{\"@id\":\"https:\/\/padas.al\/#logo\"}},{\"@type\":\"WebSite\",\"@id\":\"https:\/\/padas.al\/#website\",\"url\":\"https:\/\/padas.al\/\",\"name\":\"PADAS\",\"description\":\"Shoe Shop\",\"publisher\":{\"@id\":\"https:\/\/padas.al\/#organization\"},\"potentialAction\":[{\"@type\":\"SearchAction\",\"target\":{\"@type\":\"EntryPoint\",\"urlTemplate\":\"https:\/\/padas.al\/?s={search_term_string}\"},\"query-input\":\"required name=search_term_string\"}],\"inLanguage\":\"en-GB\"},{\"@type\":\"ImageObject\",\"@id\":\"https:\/\/padas.al\/product\/atlete-per-meshkuj-me-stil-casual-s-oliver-2\/#primaryimage\",\"inLanguage\":\"en-GB\",\"url\":\"https:\/\/padas.al\/wp-content\/uploads\/2023\/10\/005-13627-41-001-300.jpg\",\"contentUrl\":\"https:\/\/padas.al\/wp-content\/uploads\/2023\/10\/005-13627-41-001-300.jpg\",\"width\":1550,\"height\":1550},{\"@type\":\"WebPage\",\"@id\":\"https:\/\/padas.al\/product\/atlete-per-meshkuj-me-stil-casual-s-oliver-2\/#webpage\",\"url\":\"https:\/\/padas.al\/product\/atlete-per-meshkuj-me-stil-casual-s-oliver-2\/\",\"name\":\"Atlete p\u00ebr meshkuj me stil casual, s.Oliver - PADAS\",\"isPartOf\":{\"@id\":\"https:\/\/padas.al\/#website\"},\"primaryImageOfPage\":{\"@id\":\"https:\/\/padas.al\/product\/atlete-per-meshkuj-me-stil-casual-s-oliver-2\/#primaryimage\"},\"datePublished\":\"2023-10-24T21:39:49+00:00\",\"dateModified\":\"2026-02-02T16:17:49+00:00\",\"description\":\"Atletet m\u00eb praktike t\u00eb cilat mund ti kombinoni me \u00e7do veshje, t\u00eb p\u00ebrshtatshme p\u00ebr n\u00eb p\u00ebrditshm\u00ebri me gom\u00eb t\u00eb leht\u00eb dhe model trendi.\",\"breadcrumb\":{\"@id\":\"https:\/\/padas.al\/product\/atlete-per-meshkuj-me-stil-casual-s-oliver-2\/#breadcrumb\"},\"inLanguage\":\"en-GB\",\"potentialAction\":[{\"@type\":\"ReadAction\",\"target\":[\"https:\/\/padas.al\/product\/atlete-per-meshkuj-me-stil-casual-s-oliver-2\/\"]}]},{\"@type\":\"BreadcrumbList\",\"@id\":\"https:\/\/padas.al\/product\/atlete-per-meshkuj-me-stil-casual-s-oliver-2\/#breadcrumb\",\"itemListElement\":[{\"@type\":\"ListItem\",\"position\":1,\"name\":\"Home\",\"item\":\"https:\/\/padas.al\/\"},{\"@type\":\"ListItem\",\"position\":2,\"name\":\"Shop\",\"item\":\"https:\/\/padas.al\/shop\/\"},{\"@type\":\"ListItem\",\"position\":3,\"name\":\"Atlete p\u00ebr meshkuj me stil casual, s.Oliver\"}]}]}<\/script>\n<!-- \/ Yoast SEO plugin. -->","yoast_head_json":{"title":"Atlete p\u00ebr meshkuj me stil casual, s.Oliver - PADAS","description":"Atletet m\u00eb praktike t\u00eb cilat mund ti kombinoni me \u00e7do veshje, t\u00eb p\u00ebrshtatshme p\u00ebr n\u00eb p\u00ebrditshm\u00ebri me gom\u00eb t\u00eb leht\u00eb dhe model trendi.","robots":{"index":"index","follow":"follow","max-snippet":"max-snippet:-1","max-image-preview":"max-image-preview:large","max-video-preview":"max-video-preview:-1"},"canonical":"https:\/\/padas.al\/english\/product\/atlete-per-meshkuj-me-stil-casual-s-oliver-2\/","og_locale":"en_GB","og_type":"article","og_title":"Atlete p\u00ebr meshkuj me stil casual, s.Oliver - PADAS","og_description":"Atletet m\u00eb praktike t\u00eb cilat mund ti kombinoni me \u00e7do veshje, t\u00eb p\u00ebrshtatshme p\u00ebr n\u00eb p\u00ebrditshm\u00ebri me gom\u00eb t\u00eb leht\u00eb dhe model trendi.","og_url":"https:\/\/padas.al\/english\/product\/atlete-per-meshkuj-me-stil-casual-s-oliver-2\/","og_site_name":"PADAS","article_modified_time":"2026-02-02T16:17:49+00:00","og_image":[{"width":1550,"height":1550,"url":"https:\/\/padas.al\/wp-content\/uploads\/2023\/10\/005-13627-41-001-300.jpg","type":"image\/jpeg"}],"twitter_card":"summary_large_image","schema":{"@context":"https:\/\/schema.org","@graph":[{"@type":"Organization","@id":"https:\/\/padas.al\/#organization","name":"Padas.al","url":"https:\/\/padas.al\/","sameAs":[],"logo":{"@type":"ImageObject","@id":"https:\/\/padas.al\/#logo","inLanguage":"en-GB","url":"https:\/\/padas.al\/wp-content\/uploads\/2021\/12\/padas-logo-01.svg","contentUrl":"https:\/\/padas.al\/wp-content\/uploads\/2021\/12\/padas-logo-01.svg","width":196.4218,"height":195.7925,"caption":"Padas.al"},"image":{"@id":"https:\/\/padas.al\/#logo"}},{"@type":"WebSite","@id":"https:\/\/padas.al\/#website","url":"https:\/\/padas.al\/","name":"PADAS","description":"Shoe Shop","publisher":{"@id":"https:\/\/padas.al\/#organization"},"potentialAction":[{"@type":"SearchAction","target":{"@type":"EntryPoint","urlTemplate":"https:\/\/padas.al\/?s={search_term_string}"},"query-input":"required name=search_term_string"}],"inLanguage":"en-GB"},{"@type":"ImageObject","@id":"https:\/\/padas.al\/product\/atlete-per-meshkuj-me-stil-casual-s-oliver-2\/#primaryimage","inLanguage":"en-GB","url":"https:\/\/padas.al\/wp-content\/uploads\/2023\/10\/005-13627-41-001-300.jpg","contentUrl":"https:\/\/padas.al\/wp-content\/uploads\/2023\/10\/005-13627-41-001-300.jpg","width":1550,"height":1550},{"@type":"WebPage","@id":"https:\/\/padas.al\/product\/atlete-per-meshkuj-me-stil-casual-s-oliver-2\/#webpage","url":"https:\/\/padas.al\/product\/atlete-per-meshkuj-me-stil-casual-s-oliver-2\/","name":"Atlete p\u00ebr meshkuj me stil casual, s.Oliver - PADAS","isPartOf":{"@id":"https:\/\/padas.al\/#website"},"primaryImageOfPage":{"@id":"https:\/\/padas.al\/product\/atlete-per-meshkuj-me-stil-casual-s-oliver-2\/#primaryimage"},"datePublished":"2023-10-24T21:39:49+00:00","dateModified":"2026-02-02T16:17:49+00:00","description":"Atletet m\u00eb praktike t\u00eb cilat mund ti kombinoni me \u00e7do veshje, t\u00eb p\u00ebrshtatshme p\u00ebr n\u00eb p\u00ebrditshm\u00ebri me gom\u00eb t\u00eb leht\u00eb dhe model trendi.","breadcrumb":{"@id":"https:\/\/padas.al\/product\/atlete-per-meshkuj-me-stil-casual-s-oliver-2\/#breadcrumb"},"inLanguage":"en-GB","potentialAction":[{"@type":"ReadAction","target":["https:\/\/padas.al\/product\/atlete-per-meshkuj-me-stil-casual-s-oliver-2\/"]}]},{"@type":"BreadcrumbList","@id":"https:\/\/padas.al\/product\/atlete-per-meshkuj-me-stil-casual-s-oliver-2\/#breadcrumb","itemListElement":[{"@type":"ListItem","position":1,"name":"Home","item":"https:\/\/padas.al\/"},{"@type":"ListItem","position":2,"name":"Shop","item":"https:\/\/padas.al\/shop\/"},{"@type":"ListItem","position":3,"name":"Atlete p\u00ebr meshkuj me stil casual, s.Oliver"}]}]}},"_links":{"self":[{"href":"https:\/\/padas.al\/english\/wp-json\/wp\/v2\/product\/10942"}],"collection":[{"href":"https:\/\/padas.al\/english\/wp-json\/wp\/v2\/product"}],"about":[{"href":"https:\/\/padas.al\/english\/wp-json\/wp\/v2\/types\/product"}],"replies":[{"embeddable":true,"href":"https:\/\/padas.al\/english\/wp-json\/wp\/v2\/comments?post=10942"}],"wp:featuredmedia":[{"embeddable":true,"href":"https:\/\/padas.al\/english\/wp-json\/wp\/v2\/media\/10945"}],"wp:attachment":[{"href":"https:\/\/padas.al\/english\/wp-json\/wp\/v2\/media?parent=10942"}],"wp:term":[{"taxonomy":"product_cat","embeddable":true,"href":"https:\/\/padas.al\/english\/wp-json\/wp\/v2\/product_cat?post=10942"},{"taxonomy":"product_tag","embeddable":true,"href":"https:\/\/padas.al\/english\/wp-json\/wp\/v2\/product_tag?post=10942"}],"curies":[{"name":"wp","href":"https:\/\/api.w.org\/{rel}","templated":true}]}}