{"id":11004,"date":"2023-11-06T22:10:20","date_gmt":"2023-11-06T22:10:20","guid":{"rendered":"https:\/\/padas.al\/?post_type=product&#038;p=11004"},"modified":"2026-02-02T16:10:38","modified_gmt":"2026-02-02T16:10:38","slug":"cizme-te-shkurtra-per-meshkuj-s-oliver","status":"publish","type":"product","link":"https:\/\/padas.al\/english\/product\/cizme-te-shkurtra-per-meshkuj-s-oliver\/","title":{"rendered":"\u00c7izme t\u00eb shkurtra p\u00ebr meshkuj, s.Oliver"},"content":{"rendered":"<p>\u00c7izmet <span style=\"font-weight: 400\">jan\u00eb produkt i firm\u00ebs gjermane s.Oliver, modeli vjen n\u00eb dy ngjyra, n\u00eb ngjyr\u00ebn kafe dhe n\u00eb ngjyr\u00ebn e zez\u00eb. Modeli disponon zinxhir n\u00eb an\u00ebn e brendshme p\u00ebr tu veshur m\u00eb leht\u00eb k\u00ebpuc\u00ebt dhe n\u00eb an\u00ebn tjet\u00ebr kan\u00eb llastik p\u00ebr tu p\u00ebrshatur m\u00eb mir\u00eb m\u00eb gjer\u00ebsin\u00eb e k\u00ebmb\u00ebs tuaj. <\/span><span style=\"font-weight: 400\">Forma e tyre p\u00ebrpara ka maj\u00eb t\u00eb harkuar dhe lart\u00ebsia e k\u00ebpuc\u00ebve \u00ebsht\u00eb deri n\u00eb nivelin e ky\u00e7it t\u00eb k\u00ebmb\u00ebs.<\/span><\/p>","protected":false},"excerpt":{"rendered":"<p>\u00c7izmet jan\u00eb t\u00eb p\u00ebrb\u00ebra nga l\u00ebkura natyrale jasht\u00eb dhe brenda kan\u00eb veshje t\u00eb ngroht\u00eb. Kan\u00eb detaje tek qepjet. Shtresa ku mb\u00ebshtetet shputa e k\u00ebmb\u00ebs \u00ebsht\u00eb e but\u00eb dhe \u00ebsht\u00eb &#8220;memory foam&#8221;, kjo b\u00ebn t\u00eb mundur p\u00ebrshtatjen me k\u00ebmb\u00ebn tuaj. Goma e tyre \u00ebsht\u00eb rezistente dhe nuk rr\u00ebshkasin. K\u00ebto \u00e7izme jan\u00eb zgjedhja perfekte p\u00ebr sezonin e ftoht\u00eb e t\u00eb lag\u00ebsht t\u00eb dimrit.<\/p>","protected":false},"featured_media":11005,"comment_status":"open","ping_status":"closed","template":"","meta":[],"product_cat":[277,228,240,241,190],"product_tag":[],"yoast_head":"<!-- This site is optimized with the Yoast SEO plugin v18.3 - https:\/\/yoast.com\/wordpress\/plugins\/seo\/ -->\n<title>\u00c7izme t\u00eb shkurtra p\u00ebr meshkuj, s.Oliver - PADAS<\/title>\n<meta name=\"description\" content=\"\u00c7izme me gom\u00eb trendi, t\u00eb ngrohta e me stil q\u00eb p\u00ebrshtaten me veshje sportive po ashtu dhe me veshje m\u00eb formale si dhe ngjyra t\u00eb kombinueshme.\" \/>\n<meta name=\"robots\" content=\"index, follow, max-snippet:-1, max-image-preview:large, max-video-preview:-1\" \/>\n<link rel=\"canonical\" href=\"https:\/\/padas.al\/english\/product\/cizme-te-shkurtra-per-meshkuj-s-oliver\/\" \/>\n<meta property=\"og:locale\" content=\"en_GB\" \/>\n<meta property=\"og:type\" content=\"article\" \/>\n<meta property=\"og:title\" content=\"\u00c7izme t\u00eb shkurtra p\u00ebr meshkuj, s.Oliver - PADAS\" \/>\n<meta property=\"og:description\" content=\"\u00c7izme me gom\u00eb trendi, t\u00eb ngrohta e me stil q\u00eb p\u00ebrshtaten me veshje sportive po ashtu dhe me veshje m\u00eb formale si dhe ngjyra t\u00eb kombinueshme.\" \/>\n<meta property=\"og:url\" content=\"https:\/\/padas.al\/english\/product\/cizme-te-shkurtra-per-meshkuj-s-oliver\/\" \/>\n<meta property=\"og:site_name\" content=\"PADAS\" \/>\n<meta property=\"article:modified_time\" content=\"2026-02-02T16:10:38+00:00\" \/>\n<meta property=\"og:image\" content=\"https:\/\/padas.al\/wp-content\/uploads\/2023\/11\/005-15401-41-305-270.jpg\" \/>\n\t<meta property=\"og:image:width\" content=\"1550\" \/>\n\t<meta property=\"og:image:height\" content=\"1550\" \/>\n\t<meta property=\"og:image:type\" content=\"image\/jpeg\" \/>\n<meta name=\"twitter:card\" content=\"summary_large_image\" \/>\n<meta name=\"twitter:label1\" content=\"Estimated reading time\" \/>\n\t<meta name=\"twitter:data1\" content=\"1 minute\" \/>\n<script type=\"application\/ld+json\" class=\"yoast-schema-graph\">{\"@context\":\"https:\/\/schema.org\",\"@graph\":[{\"@type\":\"Organization\",\"@id\":\"https:\/\/padas.al\/#organization\",\"name\":\"Padas.al\",\"url\":\"https:\/\/padas.al\/\",\"sameAs\":[],\"logo\":{\"@type\":\"ImageObject\",\"@id\":\"https:\/\/padas.al\/#logo\",\"inLanguage\":\"en-GB\",\"url\":\"https:\/\/padas.al\/wp-content\/uploads\/2021\/12\/padas-logo-01.svg\",\"contentUrl\":\"https:\/\/padas.al\/wp-content\/uploads\/2021\/12\/padas-logo-01.svg\",\"width\":196.4218,\"height\":195.7925,\"caption\":\"Padas.al\"},\"image\":{\"@id\":\"https:\/\/padas.al\/#logo\"}},{\"@type\":\"WebSite\",\"@id\":\"https:\/\/padas.al\/#website\",\"url\":\"https:\/\/padas.al\/\",\"name\":\"PADAS\",\"description\":\"Shoe Shop\",\"publisher\":{\"@id\":\"https:\/\/padas.al\/#organization\"},\"potentialAction\":[{\"@type\":\"SearchAction\",\"target\":{\"@type\":\"EntryPoint\",\"urlTemplate\":\"https:\/\/padas.al\/?s={search_term_string}\"},\"query-input\":\"required name=search_term_string\"}],\"inLanguage\":\"en-GB\"},{\"@type\":\"ImageObject\",\"@id\":\"https:\/\/padas.al\/product\/cizme-te-shkurtra-per-meshkuj-s-oliver\/#primaryimage\",\"inLanguage\":\"en-GB\",\"url\":\"https:\/\/padas.al\/wp-content\/uploads\/2023\/11\/005-15401-41-305-270.jpg\",\"contentUrl\":\"https:\/\/padas.al\/wp-content\/uploads\/2023\/11\/005-15401-41-305-270.jpg\",\"width\":1550,\"height\":1550},{\"@type\":\"WebPage\",\"@id\":\"https:\/\/padas.al\/product\/cizme-te-shkurtra-per-meshkuj-s-oliver\/#webpage\",\"url\":\"https:\/\/padas.al\/product\/cizme-te-shkurtra-per-meshkuj-s-oliver\/\",\"name\":\"\u00c7izme t\u00eb shkurtra p\u00ebr meshkuj, s.Oliver - PADAS\",\"isPartOf\":{\"@id\":\"https:\/\/padas.al\/#website\"},\"primaryImageOfPage\":{\"@id\":\"https:\/\/padas.al\/product\/cizme-te-shkurtra-per-meshkuj-s-oliver\/#primaryimage\"},\"datePublished\":\"2023-11-06T22:10:20+00:00\",\"dateModified\":\"2026-02-02T16:10:38+00:00\",\"description\":\"\u00c7izme me gom\u00eb trendi, t\u00eb ngrohta e me stil q\u00eb p\u00ebrshtaten me veshje sportive po ashtu dhe me veshje m\u00eb formale si dhe ngjyra t\u00eb kombinueshme.\",\"breadcrumb\":{\"@id\":\"https:\/\/padas.al\/product\/cizme-te-shkurtra-per-meshkuj-s-oliver\/#breadcrumb\"},\"inLanguage\":\"en-GB\",\"potentialAction\":[{\"@type\":\"ReadAction\",\"target\":[\"https:\/\/padas.al\/product\/cizme-te-shkurtra-per-meshkuj-s-oliver\/\"]}]},{\"@type\":\"BreadcrumbList\",\"@id\":\"https:\/\/padas.al\/product\/cizme-te-shkurtra-per-meshkuj-s-oliver\/#breadcrumb\",\"itemListElement\":[{\"@type\":\"ListItem\",\"position\":1,\"name\":\"Home\",\"item\":\"https:\/\/padas.al\/\"},{\"@type\":\"ListItem\",\"position\":2,\"name\":\"Shop\",\"item\":\"https:\/\/padas.al\/shop\/\"},{\"@type\":\"ListItem\",\"position\":3,\"name\":\"\u00c7izme t\u00eb shkurtra p\u00ebr meshkuj, s.Oliver\"}]}]}<\/script>\n<!-- \/ Yoast SEO plugin. -->","yoast_head_json":{"title":"\u00c7izme t\u00eb shkurtra p\u00ebr meshkuj, s.Oliver - PADAS","description":"\u00c7izme me gom\u00eb trendi, t\u00eb ngrohta e me stil q\u00eb p\u00ebrshtaten me veshje sportive po ashtu dhe me veshje m\u00eb formale si dhe ngjyra t\u00eb kombinueshme.","robots":{"index":"index","follow":"follow","max-snippet":"max-snippet:-1","max-image-preview":"max-image-preview:large","max-video-preview":"max-video-preview:-1"},"canonical":"https:\/\/padas.al\/english\/product\/cizme-te-shkurtra-per-meshkuj-s-oliver\/","og_locale":"en_GB","og_type":"article","og_title":"\u00c7izme t\u00eb shkurtra p\u00ebr meshkuj, s.Oliver - PADAS","og_description":"\u00c7izme me gom\u00eb trendi, t\u00eb ngrohta e me stil q\u00eb p\u00ebrshtaten me veshje sportive po ashtu dhe me veshje m\u00eb formale si dhe ngjyra t\u00eb kombinueshme.","og_url":"https:\/\/padas.al\/english\/product\/cizme-te-shkurtra-per-meshkuj-s-oliver\/","og_site_name":"PADAS","article_modified_time":"2026-02-02T16:10:38+00:00","og_image":[{"width":1550,"height":1550,"url":"https:\/\/padas.al\/wp-content\/uploads\/2023\/11\/005-15401-41-305-270.jpg","type":"image\/jpeg"}],"twitter_card":"summary_large_image","twitter_misc":{"Estimated reading time":"1 minute"},"schema":{"@context":"https:\/\/schema.org","@graph":[{"@type":"Organization","@id":"https:\/\/padas.al\/#organization","name":"Padas.al","url":"https:\/\/padas.al\/","sameAs":[],"logo":{"@type":"ImageObject","@id":"https:\/\/padas.al\/#logo","inLanguage":"en-GB","url":"https:\/\/padas.al\/wp-content\/uploads\/2021\/12\/padas-logo-01.svg","contentUrl":"https:\/\/padas.al\/wp-content\/uploads\/2021\/12\/padas-logo-01.svg","width":196.4218,"height":195.7925,"caption":"Padas.al"},"image":{"@id":"https:\/\/padas.al\/#logo"}},{"@type":"WebSite","@id":"https:\/\/padas.al\/#website","url":"https:\/\/padas.al\/","name":"PADAS","description":"Shoe Shop","publisher":{"@id":"https:\/\/padas.al\/#organization"},"potentialAction":[{"@type":"SearchAction","target":{"@type":"EntryPoint","urlTemplate":"https:\/\/padas.al\/?s={search_term_string}"},"query-input":"required name=search_term_string"}],"inLanguage":"en-GB"},{"@type":"ImageObject","@id":"https:\/\/padas.al\/product\/cizme-te-shkurtra-per-meshkuj-s-oliver\/#primaryimage","inLanguage":"en-GB","url":"https:\/\/padas.al\/wp-content\/uploads\/2023\/11\/005-15401-41-305-270.jpg","contentUrl":"https:\/\/padas.al\/wp-content\/uploads\/2023\/11\/005-15401-41-305-270.jpg","width":1550,"height":1550},{"@type":"WebPage","@id":"https:\/\/padas.al\/product\/cizme-te-shkurtra-per-meshkuj-s-oliver\/#webpage","url":"https:\/\/padas.al\/product\/cizme-te-shkurtra-per-meshkuj-s-oliver\/","name":"\u00c7izme t\u00eb shkurtra p\u00ebr meshkuj, s.Oliver - PADAS","isPartOf":{"@id":"https:\/\/padas.al\/#website"},"primaryImageOfPage":{"@id":"https:\/\/padas.al\/product\/cizme-te-shkurtra-per-meshkuj-s-oliver\/#primaryimage"},"datePublished":"2023-11-06T22:10:20+00:00","dateModified":"2026-02-02T16:10:38+00:00","description":"\u00c7izme me gom\u00eb trendi, t\u00eb ngrohta e me stil q\u00eb p\u00ebrshtaten me veshje sportive po ashtu dhe me veshje m\u00eb formale si dhe ngjyra t\u00eb kombinueshme.","breadcrumb":{"@id":"https:\/\/padas.al\/product\/cizme-te-shkurtra-per-meshkuj-s-oliver\/#breadcrumb"},"inLanguage":"en-GB","potentialAction":[{"@type":"ReadAction","target":["https:\/\/padas.al\/product\/cizme-te-shkurtra-per-meshkuj-s-oliver\/"]}]},{"@type":"BreadcrumbList","@id":"https:\/\/padas.al\/product\/cizme-te-shkurtra-per-meshkuj-s-oliver\/#breadcrumb","itemListElement":[{"@type":"ListItem","position":1,"name":"Home","item":"https:\/\/padas.al\/"},{"@type":"ListItem","position":2,"name":"Shop","item":"https:\/\/padas.al\/shop\/"},{"@type":"ListItem","position":3,"name":"\u00c7izme t\u00eb shkurtra p\u00ebr meshkuj, s.Oliver"}]}]}},"_links":{"self":[{"href":"https:\/\/padas.al\/english\/wp-json\/wp\/v2\/product\/11004"}],"collection":[{"href":"https:\/\/padas.al\/english\/wp-json\/wp\/v2\/product"}],"about":[{"href":"https:\/\/padas.al\/english\/wp-json\/wp\/v2\/types\/product"}],"replies":[{"embeddable":true,"href":"https:\/\/padas.al\/english\/wp-json\/wp\/v2\/comments?post=11004"}],"wp:featuredmedia":[{"embeddable":true,"href":"https:\/\/padas.al\/english\/wp-json\/wp\/v2\/media\/11005"}],"wp:attachment":[{"href":"https:\/\/padas.al\/english\/wp-json\/wp\/v2\/media?parent=11004"}],"wp:term":[{"taxonomy":"product_cat","embeddable":true,"href":"https:\/\/padas.al\/english\/wp-json\/wp\/v2\/product_cat?post=11004"},{"taxonomy":"product_tag","embeddable":true,"href":"https:\/\/padas.al\/english\/wp-json\/wp\/v2\/product_tag?post=11004"}],"curies":[{"name":"wp","href":"https:\/\/api.w.org\/{rel}","templated":true}]}}