{"id":11027,"date":"2023-11-06T22:38:58","date_gmt":"2023-11-06T22:38:58","guid":{"rendered":"https:\/\/padas.al\/?post_type=product&#038;p=11027"},"modified":"2026-02-02T16:09:36","modified_gmt":"2026-02-02T16:09:36","slug":"kepuce-me-qafe-ose-kambale-per-meshkuj-s-oliver","status":"publish","type":"product","link":"https:\/\/padas.al\/english\/product\/kepuce-me-qafe-ose-kambale-per-meshkuj-s-oliver\/","title":{"rendered":"K\u00ebpuc\u00eb me qaf\u00eb ose kambale p\u00ebr meshkuj, s.Oliver"},"content":{"rendered":"<p><span style=\"font-weight: 400\">K\u00ebpuc\u00ebt jan\u00eb produkt i firm\u00ebs gjermane s.Oliver, modeli vjen n\u00eb dy ngjyra, n\u00eb ngjyr\u00ebn kafe dhe n\u00eb ngjyr\u00ebn e zez\u00eb, goma e tyre \u00ebsht\u00eb n\u00eb ngjyr\u00ebn e zez\u00eb. Ato kan\u00eb lidh\u00ebse p\u00ebr tu veshur m\u00eb leht\u00eb dhe p\u00ebr t\u00eb mbajtur t\u00eb fiksuar k\u00ebpuc\u00ebn pas k\u00ebmbe sipas d\u00ebshir\u00ebs gjithashtu kan\u00eb dhe zinxhir p\u00ebr leht\u00ebsi akoma m\u00eb t\u00eb madhe n\u00eb veshjen e tyre.\u00a0 \u00a0Forma e tyre p\u00ebrpara ka maj\u00eb t\u00eb harkuar dhe lart\u00ebsia e k\u00ebpuc\u00ebve \u00ebsht\u00eb deri n\u00eb nivelin e ky\u00e7it t\u00eb k\u00ebmb\u00ebs.<\/span><\/p>","protected":false},"excerpt":{"rendered":"<p>K\u00ebpuc\u00ebt <span style=\"font-weight: 400\">\u00a0jan\u00eb t\u00eb p\u00ebrb\u00ebra nga nj\u00eb l\u00ebkur\u00eb e but\u00eb vegane dhe brenda kan\u00eb veshje t\u00eb ngroht\u00eb, goma e tyre \u00ebsht\u00eb e ngritur n\u00eb nj\u00eb nivel paralel dhe jan\u00eb t\u00eb lehta dhe brenda kan\u00eb veshje t\u00eb ngroht\u00eb, n\u00eb pjes\u00ebn ku mb\u00ebshtetet shputa e k\u00ebmb\u00ebs kan\u00eb shtres\u00eb t\u00eb but\u00eb memory , kjo b\u00ebn t\u00eb mundur p\u00ebrshtatjen e k\u00ebpuc\u00ebve me k\u00ebmb\u00ebn tuaj. T\u00eb kombinueshme dhe praktike n\u00eb p\u00ebrditshm\u00ebrin\u00eb tuaj.<\/span><\/p>","protected":false},"featured_media":11028,"comment_status":"open","ping_status":"closed","template":"","meta":[],"product_cat":[277,228,240,241,191,192,190],"product_tag":[],"yoast_head":"<!-- This site is optimized with the Yoast SEO plugin v18.3 - https:\/\/yoast.com\/wordpress\/plugins\/seo\/ -->\n<title>K\u00ebpuc\u00eb me qaf\u00eb ose kambale p\u00ebr meshkuj, s.Oliver - PADAS<\/title>\n<meta name=\"description\" content=\"Kambalet jan\u00eb modeli i k\u00ebpuc\u00ebve m\u00eb trendi t\u00eb sezonit. Ato jan\u00eb zgjedhja perfekte p\u00ebr k\u00ebmb\u00ebt tuaja n\u00eb dit\u00ebt e ftohta dhe me lag\u00ebshti t\u00eb dimrit.\" \/>\n<meta name=\"robots\" content=\"index, follow, max-snippet:-1, max-image-preview:large, max-video-preview:-1\" \/>\n<link rel=\"canonical\" href=\"https:\/\/padas.al\/english\/product\/kepuce-me-qafe-ose-kambale-per-meshkuj-s-oliver\/\" \/>\n<meta property=\"og:locale\" content=\"en_GB\" \/>\n<meta property=\"og:type\" content=\"article\" \/>\n<meta property=\"og:title\" content=\"K\u00ebpuc\u00eb me qaf\u00eb ose kambale p\u00ebr meshkuj, s.Oliver - PADAS\" \/>\n<meta property=\"og:description\" content=\"Kambalet jan\u00eb modeli i k\u00ebpuc\u00ebve m\u00eb trendi t\u00eb sezonit. Ato jan\u00eb zgjedhja perfekte p\u00ebr k\u00ebmb\u00ebt tuaja n\u00eb dit\u00ebt e ftohta dhe me lag\u00ebshti t\u00eb dimrit.\" \/>\n<meta property=\"og:url\" content=\"https:\/\/padas.al\/english\/product\/kepuce-me-qafe-ose-kambale-per-meshkuj-s-oliver\/\" \/>\n<meta property=\"og:site_name\" content=\"PADAS\" \/>\n<meta property=\"article:modified_time\" content=\"2026-02-02T16:09:36+00:00\" \/>\n<meta property=\"og:image\" content=\"https:\/\/padas.al\/wp-content\/uploads\/2023\/11\/005-16228-41-001-270.jpg\" \/>\n\t<meta property=\"og:image:width\" content=\"1550\" \/>\n\t<meta property=\"og:image:height\" content=\"1550\" \/>\n\t<meta property=\"og:image:type\" content=\"image\/jpeg\" \/>\n<meta name=\"twitter:card\" content=\"summary_large_image\" \/>\n<meta name=\"twitter:label1\" content=\"Estimated reading time\" \/>\n\t<meta name=\"twitter:data1\" content=\"1 minute\" \/>\n<script type=\"application\/ld+json\" class=\"yoast-schema-graph\">{\"@context\":\"https:\/\/schema.org\",\"@graph\":[{\"@type\":\"Organization\",\"@id\":\"https:\/\/padas.al\/#organization\",\"name\":\"Padas.al\",\"url\":\"https:\/\/padas.al\/\",\"sameAs\":[],\"logo\":{\"@type\":\"ImageObject\",\"@id\":\"https:\/\/padas.al\/#logo\",\"inLanguage\":\"en-GB\",\"url\":\"https:\/\/padas.al\/wp-content\/uploads\/2021\/12\/padas-logo-01.svg\",\"contentUrl\":\"https:\/\/padas.al\/wp-content\/uploads\/2021\/12\/padas-logo-01.svg\",\"width\":196.4218,\"height\":195.7925,\"caption\":\"Padas.al\"},\"image\":{\"@id\":\"https:\/\/padas.al\/#logo\"}},{\"@type\":\"WebSite\",\"@id\":\"https:\/\/padas.al\/#website\",\"url\":\"https:\/\/padas.al\/\",\"name\":\"PADAS\",\"description\":\"Shoe Shop\",\"publisher\":{\"@id\":\"https:\/\/padas.al\/#organization\"},\"potentialAction\":[{\"@type\":\"SearchAction\",\"target\":{\"@type\":\"EntryPoint\",\"urlTemplate\":\"https:\/\/padas.al\/?s={search_term_string}\"},\"query-input\":\"required name=search_term_string\"}],\"inLanguage\":\"en-GB\"},{\"@type\":\"ImageObject\",\"@id\":\"https:\/\/padas.al\/product\/kepuce-me-qafe-ose-kambale-per-meshkuj-s-oliver\/#primaryimage\",\"inLanguage\":\"en-GB\",\"url\":\"https:\/\/padas.al\/wp-content\/uploads\/2023\/11\/005-16228-41-001-270.jpg\",\"contentUrl\":\"https:\/\/padas.al\/wp-content\/uploads\/2023\/11\/005-16228-41-001-270.jpg\",\"width\":1550,\"height\":1550},{\"@type\":\"WebPage\",\"@id\":\"https:\/\/padas.al\/product\/kepuce-me-qafe-ose-kambale-per-meshkuj-s-oliver\/#webpage\",\"url\":\"https:\/\/padas.al\/product\/kepuce-me-qafe-ose-kambale-per-meshkuj-s-oliver\/\",\"name\":\"K\u00ebpuc\u00eb me qaf\u00eb ose kambale p\u00ebr meshkuj, s.Oliver - PADAS\",\"isPartOf\":{\"@id\":\"https:\/\/padas.al\/#website\"},\"primaryImageOfPage\":{\"@id\":\"https:\/\/padas.al\/product\/kepuce-me-qafe-ose-kambale-per-meshkuj-s-oliver\/#primaryimage\"},\"datePublished\":\"2023-11-06T22:38:58+00:00\",\"dateModified\":\"2026-02-02T16:09:36+00:00\",\"description\":\"Kambalet jan\u00eb modeli i k\u00ebpuc\u00ebve m\u00eb trendi t\u00eb sezonit. Ato jan\u00eb zgjedhja perfekte p\u00ebr k\u00ebmb\u00ebt tuaja n\u00eb dit\u00ebt e ftohta dhe me lag\u00ebshti t\u00eb dimrit.\",\"breadcrumb\":{\"@id\":\"https:\/\/padas.al\/product\/kepuce-me-qafe-ose-kambale-per-meshkuj-s-oliver\/#breadcrumb\"},\"inLanguage\":\"en-GB\",\"potentialAction\":[{\"@type\":\"ReadAction\",\"target\":[\"https:\/\/padas.al\/product\/kepuce-me-qafe-ose-kambale-per-meshkuj-s-oliver\/\"]}]},{\"@type\":\"BreadcrumbList\",\"@id\":\"https:\/\/padas.al\/product\/kepuce-me-qafe-ose-kambale-per-meshkuj-s-oliver\/#breadcrumb\",\"itemListElement\":[{\"@type\":\"ListItem\",\"position\":1,\"name\":\"Home\",\"item\":\"https:\/\/padas.al\/\"},{\"@type\":\"ListItem\",\"position\":2,\"name\":\"Shop\",\"item\":\"https:\/\/padas.al\/shop\/\"},{\"@type\":\"ListItem\",\"position\":3,\"name\":\"K\u00ebpuc\u00eb me qaf\u00eb ose kambale p\u00ebr meshkuj, s.Oliver\"}]}]}<\/script>\n<!-- \/ Yoast SEO plugin. -->","yoast_head_json":{"title":"K\u00ebpuc\u00eb me qaf\u00eb ose kambale p\u00ebr meshkuj, s.Oliver - PADAS","description":"Kambalet jan\u00eb modeli i k\u00ebpuc\u00ebve m\u00eb trendi t\u00eb sezonit. Ato jan\u00eb zgjedhja perfekte p\u00ebr k\u00ebmb\u00ebt tuaja n\u00eb dit\u00ebt e ftohta dhe me lag\u00ebshti t\u00eb dimrit.","robots":{"index":"index","follow":"follow","max-snippet":"max-snippet:-1","max-image-preview":"max-image-preview:large","max-video-preview":"max-video-preview:-1"},"canonical":"https:\/\/padas.al\/english\/product\/kepuce-me-qafe-ose-kambale-per-meshkuj-s-oliver\/","og_locale":"en_GB","og_type":"article","og_title":"K\u00ebpuc\u00eb me qaf\u00eb ose kambale p\u00ebr meshkuj, s.Oliver - PADAS","og_description":"Kambalet jan\u00eb modeli i k\u00ebpuc\u00ebve m\u00eb trendi t\u00eb sezonit. Ato jan\u00eb zgjedhja perfekte p\u00ebr k\u00ebmb\u00ebt tuaja n\u00eb dit\u00ebt e ftohta dhe me lag\u00ebshti t\u00eb dimrit.","og_url":"https:\/\/padas.al\/english\/product\/kepuce-me-qafe-ose-kambale-per-meshkuj-s-oliver\/","og_site_name":"PADAS","article_modified_time":"2026-02-02T16:09:36+00:00","og_image":[{"width":1550,"height":1550,"url":"https:\/\/padas.al\/wp-content\/uploads\/2023\/11\/005-16228-41-001-270.jpg","type":"image\/jpeg"}],"twitter_card":"summary_large_image","twitter_misc":{"Estimated reading time":"1 minute"},"schema":{"@context":"https:\/\/schema.org","@graph":[{"@type":"Organization","@id":"https:\/\/padas.al\/#organization","name":"Padas.al","url":"https:\/\/padas.al\/","sameAs":[],"logo":{"@type":"ImageObject","@id":"https:\/\/padas.al\/#logo","inLanguage":"en-GB","url":"https:\/\/padas.al\/wp-content\/uploads\/2021\/12\/padas-logo-01.svg","contentUrl":"https:\/\/padas.al\/wp-content\/uploads\/2021\/12\/padas-logo-01.svg","width":196.4218,"height":195.7925,"caption":"Padas.al"},"image":{"@id":"https:\/\/padas.al\/#logo"}},{"@type":"WebSite","@id":"https:\/\/padas.al\/#website","url":"https:\/\/padas.al\/","name":"PADAS","description":"Shoe Shop","publisher":{"@id":"https:\/\/padas.al\/#organization"},"potentialAction":[{"@type":"SearchAction","target":{"@type":"EntryPoint","urlTemplate":"https:\/\/padas.al\/?s={search_term_string}"},"query-input":"required name=search_term_string"}],"inLanguage":"en-GB"},{"@type":"ImageObject","@id":"https:\/\/padas.al\/product\/kepuce-me-qafe-ose-kambale-per-meshkuj-s-oliver\/#primaryimage","inLanguage":"en-GB","url":"https:\/\/padas.al\/wp-content\/uploads\/2023\/11\/005-16228-41-001-270.jpg","contentUrl":"https:\/\/padas.al\/wp-content\/uploads\/2023\/11\/005-16228-41-001-270.jpg","width":1550,"height":1550},{"@type":"WebPage","@id":"https:\/\/padas.al\/product\/kepuce-me-qafe-ose-kambale-per-meshkuj-s-oliver\/#webpage","url":"https:\/\/padas.al\/product\/kepuce-me-qafe-ose-kambale-per-meshkuj-s-oliver\/","name":"K\u00ebpuc\u00eb me qaf\u00eb ose kambale p\u00ebr meshkuj, s.Oliver - PADAS","isPartOf":{"@id":"https:\/\/padas.al\/#website"},"primaryImageOfPage":{"@id":"https:\/\/padas.al\/product\/kepuce-me-qafe-ose-kambale-per-meshkuj-s-oliver\/#primaryimage"},"datePublished":"2023-11-06T22:38:58+00:00","dateModified":"2026-02-02T16:09:36+00:00","description":"Kambalet jan\u00eb modeli i k\u00ebpuc\u00ebve m\u00eb trendi t\u00eb sezonit. Ato jan\u00eb zgjedhja perfekte p\u00ebr k\u00ebmb\u00ebt tuaja n\u00eb dit\u00ebt e ftohta dhe me lag\u00ebshti t\u00eb dimrit.","breadcrumb":{"@id":"https:\/\/padas.al\/product\/kepuce-me-qafe-ose-kambale-per-meshkuj-s-oliver\/#breadcrumb"},"inLanguage":"en-GB","potentialAction":[{"@type":"ReadAction","target":["https:\/\/padas.al\/product\/kepuce-me-qafe-ose-kambale-per-meshkuj-s-oliver\/"]}]},{"@type":"BreadcrumbList","@id":"https:\/\/padas.al\/product\/kepuce-me-qafe-ose-kambale-per-meshkuj-s-oliver\/#breadcrumb","itemListElement":[{"@type":"ListItem","position":1,"name":"Home","item":"https:\/\/padas.al\/"},{"@type":"ListItem","position":2,"name":"Shop","item":"https:\/\/padas.al\/shop\/"},{"@type":"ListItem","position":3,"name":"K\u00ebpuc\u00eb me qaf\u00eb ose kambale p\u00ebr meshkuj, s.Oliver"}]}]}},"_links":{"self":[{"href":"https:\/\/padas.al\/english\/wp-json\/wp\/v2\/product\/11027"}],"collection":[{"href":"https:\/\/padas.al\/english\/wp-json\/wp\/v2\/product"}],"about":[{"href":"https:\/\/padas.al\/english\/wp-json\/wp\/v2\/types\/product"}],"replies":[{"embeddable":true,"href":"https:\/\/padas.al\/english\/wp-json\/wp\/v2\/comments?post=11027"}],"wp:featuredmedia":[{"embeddable":true,"href":"https:\/\/padas.al\/english\/wp-json\/wp\/v2\/media\/11028"}],"wp:attachment":[{"href":"https:\/\/padas.al\/english\/wp-json\/wp\/v2\/media?parent=11027"}],"wp:term":[{"taxonomy":"product_cat","embeddable":true,"href":"https:\/\/padas.al\/english\/wp-json\/wp\/v2\/product_cat?post=11027"},{"taxonomy":"product_tag","embeddable":true,"href":"https:\/\/padas.al\/english\/wp-json\/wp\/v2\/product_tag?post=11027"}],"curies":[{"name":"wp","href":"https:\/\/api.w.org\/{rel}","templated":true}]}}