{"id":11102,"date":"2023-11-07T00:04:27","date_gmt":"2023-11-07T00:04:27","guid":{"rendered":"https:\/\/padas.al\/?post_type=product&#038;p=11102"},"modified":"2026-02-02T16:04:19","modified_gmt":"2026-02-02T16:04:19","slug":"kepuce-ne-stilin-loafer-me-take-s-oliver","status":"publish","type":"product","link":"https:\/\/padas.al\/english\/product\/kepuce-ne-stilin-loafer-me-take-s-oliver\/","title":{"rendered":"K\u00ebpuc\u00eb n\u00eb stilin loafer me tak\u00eb, s.Oliver"},"content":{"rendered":"<p><span style=\"font-weight: 400\">K\u00ebpuc\u00ebt i p\u00ebrkasin firm\u00ebs gjermane s.Oliver, modeli disponohet n\u00eb dy ngjyra at\u00eb t\u00eb zez\u00eb dhe n\u00eb jeshile ulliri. Pjesa e p\u00ebrparme e tyre \u00ebsht\u00eb me maj\u00eb katrore\u00a0 sipas trendeve te fundit dhe modeli sip\u00ebr \u00ebsht\u00eb loafer. Taka e tyre \u00ebsht\u00eb katrore dhe \u00ebsht\u00eb e veshur me l\u00ebkur\u00ebn si vet k\u00ebpuc\u00ebt. Shualli i tyre \u00ebsht\u00eb i leht\u00eb dhe nuk rr\u00ebshkasin.<\/span><\/p>","protected":false},"excerpt":{"rendered":"<p>K\u00ebpuc\u00ebt jan\u00eb t\u00eb p\u00ebrb\u00ebra prej l\u00ebkure vegane, e cila \u00ebsht\u00eb nj\u00eb l\u00ebkur\u00eb e but\u00eb dhe cil\u00ebsore. N\u00eb pjes\u00ebn ku mb\u00ebshtetet shputa e k\u00ebmb\u00ebs ato kan\u00eb shtres\u00eb t\u00eb but\u00eb memori , kjo i b\u00ebn ato akoma dhe m\u00eb shum\u00eb komode. Taka e tyre ka mb\u00ebshtetje t\u00eb mir\u00eb dhe s\u00eb bashku me platform\u00ebn q\u00eb k\u00ebpuc\u00ebt kan\u00eb b\u00ebjn\u00eb q\u00eb ato t\u00eb jen\u00eb praktike n\u00eb ecje. T\u00eb p\u00ebrshtatshme p\u00ebr n\u00eb p\u00ebrditshm\u00ebri dhe jo vet\u00ebm.<\/p>","protected":false},"featured_media":11103,"comment_status":"open","ping_status":"closed","template":"","meta":[],"product_cat":[276,139,140,146,222],"product_tag":[],"yoast_head":"<!-- This site is optimized with the Yoast SEO plugin v18.3 - https:\/\/yoast.com\/wordpress\/plugins\/seo\/ -->\n<title>K\u00ebpuc\u00eb n\u00eb stilin loafer me tak\u00eb, s.Oliver - PADAS<\/title>\n<meta name=\"description\" content=\"N\u00ebse jeni n\u00eb k\u00ebrkim t\u00eb k\u00ebpuc\u00ebve m\u00eb trendi t\u00eb sezonit, at\u00ebher\u00eb ju b\u00ebjm\u00eb me dije se sapo gjet\u00ebt t\u00eb duhurat. Praktike, komode, t\u00eb bukura dhe t\u00eb kombinueshme\" \/>\n<meta name=\"robots\" content=\"index, follow, max-snippet:-1, max-image-preview:large, max-video-preview:-1\" \/>\n<link rel=\"canonical\" href=\"https:\/\/padas.al\/english\/product\/kepuce-ne-stilin-loafer-me-take-s-oliver\/\" \/>\n<meta property=\"og:locale\" content=\"en_GB\" \/>\n<meta property=\"og:type\" content=\"article\" \/>\n<meta property=\"og:title\" content=\"K\u00ebpuc\u00eb n\u00eb stilin loafer me tak\u00eb, s.Oliver - PADAS\" \/>\n<meta property=\"og:description\" content=\"N\u00ebse jeni n\u00eb k\u00ebrkim t\u00eb k\u00ebpuc\u00ebve m\u00eb trendi t\u00eb sezonit, at\u00ebher\u00eb ju b\u00ebjm\u00eb me dije se sapo gjet\u00ebt t\u00eb duhurat. Praktike, komode, t\u00eb bukura dhe t\u00eb kombinueshme\" \/>\n<meta property=\"og:url\" content=\"https:\/\/padas.al\/english\/product\/kepuce-ne-stilin-loafer-me-take-s-oliver\/\" \/>\n<meta property=\"og:site_name\" content=\"PADAS\" \/>\n<meta property=\"article:modified_time\" content=\"2026-02-02T16:04:19+00:00\" \/>\n<meta property=\"og:image\" content=\"https:\/\/padas.al\/wp-content\/uploads\/2023\/11\/005-24400-41-701-090.jpg\" \/>\n\t<meta property=\"og:image:width\" content=\"1550\" \/>\n\t<meta property=\"og:image:height\" content=\"1550\" \/>\n\t<meta property=\"og:image:type\" content=\"image\/jpeg\" \/>\n<meta name=\"twitter:card\" content=\"summary_large_image\" \/>\n<script type=\"application\/ld+json\" class=\"yoast-schema-graph\">{\"@context\":\"https:\/\/schema.org\",\"@graph\":[{\"@type\":\"Organization\",\"@id\":\"https:\/\/padas.al\/#organization\",\"name\":\"Padas.al\",\"url\":\"https:\/\/padas.al\/\",\"sameAs\":[],\"logo\":{\"@type\":\"ImageObject\",\"@id\":\"https:\/\/padas.al\/#logo\",\"inLanguage\":\"en-GB\",\"url\":\"https:\/\/padas.al\/wp-content\/uploads\/2021\/12\/padas-logo-01.svg\",\"contentUrl\":\"https:\/\/padas.al\/wp-content\/uploads\/2021\/12\/padas-logo-01.svg\",\"width\":196.4218,\"height\":195.7925,\"caption\":\"Padas.al\"},\"image\":{\"@id\":\"https:\/\/padas.al\/#logo\"}},{\"@type\":\"WebSite\",\"@id\":\"https:\/\/padas.al\/#website\",\"url\":\"https:\/\/padas.al\/\",\"name\":\"PADAS\",\"description\":\"Shoe Shop\",\"publisher\":{\"@id\":\"https:\/\/padas.al\/#organization\"},\"potentialAction\":[{\"@type\":\"SearchAction\",\"target\":{\"@type\":\"EntryPoint\",\"urlTemplate\":\"https:\/\/padas.al\/?s={search_term_string}\"},\"query-input\":\"required name=search_term_string\"}],\"inLanguage\":\"en-GB\"},{\"@type\":\"ImageObject\",\"@id\":\"https:\/\/padas.al\/product\/kepuce-ne-stilin-loafer-me-take-s-oliver\/#primaryimage\",\"inLanguage\":\"en-GB\",\"url\":\"https:\/\/padas.al\/wp-content\/uploads\/2023\/11\/005-24400-41-701-090.jpg\",\"contentUrl\":\"https:\/\/padas.al\/wp-content\/uploads\/2023\/11\/005-24400-41-701-090.jpg\",\"width\":1550,\"height\":1550},{\"@type\":\"WebPage\",\"@id\":\"https:\/\/padas.al\/product\/kepuce-ne-stilin-loafer-me-take-s-oliver\/#webpage\",\"url\":\"https:\/\/padas.al\/product\/kepuce-ne-stilin-loafer-me-take-s-oliver\/\",\"name\":\"K\u00ebpuc\u00eb n\u00eb stilin loafer me tak\u00eb, s.Oliver - PADAS\",\"isPartOf\":{\"@id\":\"https:\/\/padas.al\/#website\"},\"primaryImageOfPage\":{\"@id\":\"https:\/\/padas.al\/product\/kepuce-ne-stilin-loafer-me-take-s-oliver\/#primaryimage\"},\"datePublished\":\"2023-11-07T00:04:27+00:00\",\"dateModified\":\"2026-02-02T16:04:19+00:00\",\"description\":\"N\u00ebse jeni n\u00eb k\u00ebrkim t\u00eb k\u00ebpuc\u00ebve m\u00eb trendi t\u00eb sezonit, at\u00ebher\u00eb ju b\u00ebjm\u00eb me dije se sapo gjet\u00ebt t\u00eb duhurat. Praktike, komode, t\u00eb bukura dhe t\u00eb kombinueshme\",\"breadcrumb\":{\"@id\":\"https:\/\/padas.al\/product\/kepuce-ne-stilin-loafer-me-take-s-oliver\/#breadcrumb\"},\"inLanguage\":\"en-GB\",\"potentialAction\":[{\"@type\":\"ReadAction\",\"target\":[\"https:\/\/padas.al\/product\/kepuce-ne-stilin-loafer-me-take-s-oliver\/\"]}]},{\"@type\":\"BreadcrumbList\",\"@id\":\"https:\/\/padas.al\/product\/kepuce-ne-stilin-loafer-me-take-s-oliver\/#breadcrumb\",\"itemListElement\":[{\"@type\":\"ListItem\",\"position\":1,\"name\":\"Home\",\"item\":\"https:\/\/padas.al\/\"},{\"@type\":\"ListItem\",\"position\":2,\"name\":\"Shop\",\"item\":\"https:\/\/padas.al\/shop\/\"},{\"@type\":\"ListItem\",\"position\":3,\"name\":\"K\u00ebpuc\u00eb n\u00eb stilin loafer me tak\u00eb, s.Oliver\"}]}]}<\/script>\n<!-- \/ Yoast SEO plugin. -->","yoast_head_json":{"title":"K\u00ebpuc\u00eb n\u00eb stilin loafer me tak\u00eb, s.Oliver - PADAS","description":"N\u00ebse jeni n\u00eb k\u00ebrkim t\u00eb k\u00ebpuc\u00ebve m\u00eb trendi t\u00eb sezonit, at\u00ebher\u00eb ju b\u00ebjm\u00eb me dije se sapo gjet\u00ebt t\u00eb duhurat. Praktike, komode, t\u00eb bukura dhe t\u00eb kombinueshme","robots":{"index":"index","follow":"follow","max-snippet":"max-snippet:-1","max-image-preview":"max-image-preview:large","max-video-preview":"max-video-preview:-1"},"canonical":"https:\/\/padas.al\/english\/product\/kepuce-ne-stilin-loafer-me-take-s-oliver\/","og_locale":"en_GB","og_type":"article","og_title":"K\u00ebpuc\u00eb n\u00eb stilin loafer me tak\u00eb, s.Oliver - PADAS","og_description":"N\u00ebse jeni n\u00eb k\u00ebrkim t\u00eb k\u00ebpuc\u00ebve m\u00eb trendi t\u00eb sezonit, at\u00ebher\u00eb ju b\u00ebjm\u00eb me dije se sapo gjet\u00ebt t\u00eb duhurat. Praktike, komode, t\u00eb bukura dhe t\u00eb kombinueshme","og_url":"https:\/\/padas.al\/english\/product\/kepuce-ne-stilin-loafer-me-take-s-oliver\/","og_site_name":"PADAS","article_modified_time":"2026-02-02T16:04:19+00:00","og_image":[{"width":1550,"height":1550,"url":"https:\/\/padas.al\/wp-content\/uploads\/2023\/11\/005-24400-41-701-090.jpg","type":"image\/jpeg"}],"twitter_card":"summary_large_image","schema":{"@context":"https:\/\/schema.org","@graph":[{"@type":"Organization","@id":"https:\/\/padas.al\/#organization","name":"Padas.al","url":"https:\/\/padas.al\/","sameAs":[],"logo":{"@type":"ImageObject","@id":"https:\/\/padas.al\/#logo","inLanguage":"en-GB","url":"https:\/\/padas.al\/wp-content\/uploads\/2021\/12\/padas-logo-01.svg","contentUrl":"https:\/\/padas.al\/wp-content\/uploads\/2021\/12\/padas-logo-01.svg","width":196.4218,"height":195.7925,"caption":"Padas.al"},"image":{"@id":"https:\/\/padas.al\/#logo"}},{"@type":"WebSite","@id":"https:\/\/padas.al\/#website","url":"https:\/\/padas.al\/","name":"PADAS","description":"Shoe Shop","publisher":{"@id":"https:\/\/padas.al\/#organization"},"potentialAction":[{"@type":"SearchAction","target":{"@type":"EntryPoint","urlTemplate":"https:\/\/padas.al\/?s={search_term_string}"},"query-input":"required name=search_term_string"}],"inLanguage":"en-GB"},{"@type":"ImageObject","@id":"https:\/\/padas.al\/product\/kepuce-ne-stilin-loafer-me-take-s-oliver\/#primaryimage","inLanguage":"en-GB","url":"https:\/\/padas.al\/wp-content\/uploads\/2023\/11\/005-24400-41-701-090.jpg","contentUrl":"https:\/\/padas.al\/wp-content\/uploads\/2023\/11\/005-24400-41-701-090.jpg","width":1550,"height":1550},{"@type":"WebPage","@id":"https:\/\/padas.al\/product\/kepuce-ne-stilin-loafer-me-take-s-oliver\/#webpage","url":"https:\/\/padas.al\/product\/kepuce-ne-stilin-loafer-me-take-s-oliver\/","name":"K\u00ebpuc\u00eb n\u00eb stilin loafer me tak\u00eb, s.Oliver - PADAS","isPartOf":{"@id":"https:\/\/padas.al\/#website"},"primaryImageOfPage":{"@id":"https:\/\/padas.al\/product\/kepuce-ne-stilin-loafer-me-take-s-oliver\/#primaryimage"},"datePublished":"2023-11-07T00:04:27+00:00","dateModified":"2026-02-02T16:04:19+00:00","description":"N\u00ebse jeni n\u00eb k\u00ebrkim t\u00eb k\u00ebpuc\u00ebve m\u00eb trendi t\u00eb sezonit, at\u00ebher\u00eb ju b\u00ebjm\u00eb me dije se sapo gjet\u00ebt t\u00eb duhurat. Praktike, komode, t\u00eb bukura dhe t\u00eb kombinueshme","breadcrumb":{"@id":"https:\/\/padas.al\/product\/kepuce-ne-stilin-loafer-me-take-s-oliver\/#breadcrumb"},"inLanguage":"en-GB","potentialAction":[{"@type":"ReadAction","target":["https:\/\/padas.al\/product\/kepuce-ne-stilin-loafer-me-take-s-oliver\/"]}]},{"@type":"BreadcrumbList","@id":"https:\/\/padas.al\/product\/kepuce-ne-stilin-loafer-me-take-s-oliver\/#breadcrumb","itemListElement":[{"@type":"ListItem","position":1,"name":"Home","item":"https:\/\/padas.al\/"},{"@type":"ListItem","position":2,"name":"Shop","item":"https:\/\/padas.al\/shop\/"},{"@type":"ListItem","position":3,"name":"K\u00ebpuc\u00eb n\u00eb stilin loafer me tak\u00eb, s.Oliver"}]}]}},"_links":{"self":[{"href":"https:\/\/padas.al\/english\/wp-json\/wp\/v2\/product\/11102"}],"collection":[{"href":"https:\/\/padas.al\/english\/wp-json\/wp\/v2\/product"}],"about":[{"href":"https:\/\/padas.al\/english\/wp-json\/wp\/v2\/types\/product"}],"replies":[{"embeddable":true,"href":"https:\/\/padas.al\/english\/wp-json\/wp\/v2\/comments?post=11102"}],"wp:featuredmedia":[{"embeddable":true,"href":"https:\/\/padas.al\/english\/wp-json\/wp\/v2\/media\/11103"}],"wp:attachment":[{"href":"https:\/\/padas.al\/english\/wp-json\/wp\/v2\/media?parent=11102"}],"wp:term":[{"taxonomy":"product_cat","embeddable":true,"href":"https:\/\/padas.al\/english\/wp-json\/wp\/v2\/product_cat?post=11102"},{"taxonomy":"product_tag","embeddable":true,"href":"https:\/\/padas.al\/english\/wp-json\/wp\/v2\/product_tag?post=11102"}],"curies":[{"name":"wp","href":"https:\/\/api.w.org\/{rel}","templated":true}]}}