{"id":11199,"date":"2024-01-09T21:33:56","date_gmt":"2024-01-09T21:33:56","guid":{"rendered":"https:\/\/padas.al\/?post_type=product&#038;p=11199"},"modified":"2026-05-03T15:08:19","modified_gmt":"2026-05-03T15:08:19","slug":"cante-verde-me-doreza-dhe-rrip-te-gjate-me-detaje-motivesh","status":"publish","type":"product","link":"https:\/\/padas.al\/english\/product\/cante-verde-me-doreza-dhe-rrip-te-gjate-me-detaje-motivesh\/","title":{"rendered":"\u00c7ant\u00eb Verde me doreza dhe rrip t\u00eb gjat\u00eb me detaje motivesh."},"content":{"rendered":"<p>\u00c7anta \u00ebsht\u00eb produkt i firm\u00ebs Verde e cila ofron aksesor\u00eb p\u00ebr femra. \u00c7anta \u00ebsht\u00eb e p\u00ebrb\u00ebr\u00eb prej l\u00ebkure ekologjike dhe modeli vjen n\u00eb tre ngjyra n\u00eb t\u00eb zez\u00eb, blu dhe lejla. \u00c7anta krahas dorezave ka dhe rrip t\u00eb gjat\u00eb p\u00ebr ta mbajtur n\u00eb sup. N\u00eb pjes\u00ebn e p\u00ebrparme \u00ebsht\u00eb logo e firm\u00ebs e stampuar duke krijuar nj\u00eb imazh t\u00eb p\u00eblqyesh\u00ebm, dorezat jan\u00eb t\u00eb nd\u00ebrthurura me l\u00ebkur dhe tekstik tep\u00ebr rezistent me motive rombesh t\u00eb cilat lidhen n\u00eb harmoni me dizajnin e \u00e7ant\u00ebs.<\/p>","protected":false},"excerpt":{"rendered":"<p>\u00c7anta \u00ebsht\u00eb e punuar nga l\u00ebkura ekologjike dhe \u00ebsht\u00eb e organizuar si m\u00eb posht\u00eb; ajo mbyllet me zinxhir n\u00eb hap\u00ebsir\u00ebn e saj q\u00ebndrore dhe brenda gjenden dy xhepa nj\u00ebri prej t\u00eb cil\u00ebve \u00ebsht\u00eb me zinxhir ka hap\u00ebsir\u00eb t\u00eb bollshme dhe \u00ebsht\u00eb perfekte p\u00ebr n\u00eb p\u00ebrditshm\u00ebri apo p\u00ebr udh\u00ebtimet tuaja. N\u00eb pjes\u00ebn e pasme \u00e7anta ka dhe nj\u00eb xhep t\u00eb jasht\u00ebm me zinxhir.<\/p>","protected":false},"featured_media":11200,"comment_status":"open","ping_status":"closed","template":"","meta":[],"product_cat":[139,168,161,163,162,216,218],"product_tag":[],"yoast_head":"<!-- This site is optimized with the Yoast SEO plugin v18.3 - https:\/\/yoast.com\/wordpress\/plugins\/seo\/ -->\n<title>\u00c7ant\u00eb Verde me doreza dhe rrip t\u00eb gjat\u00eb me detaje motivesh. - PADAS<\/title>\n<meta name=\"description\" content=\"\u00c7ant\u00eb me dizajn motivesh me ngjyra t\u00eb kombinueshme tep\u00ebr praktike p\u00ebr n\u00eb p\u00ebrditshm\u00ebri pasi mund ta mbani n\u00eb dor\u00eb ose n\u00eb sup me rripin e gjat\u00eb.\" \/>\n<meta name=\"robots\" content=\"index, follow, max-snippet:-1, max-image-preview:large, max-video-preview:-1\" \/>\n<link rel=\"canonical\" href=\"https:\/\/padas.al\/english\/product\/cante-verde-me-doreza-dhe-rrip-te-gjate-me-detaje-motivesh\/\" \/>\n<meta property=\"og:locale\" content=\"en_GB\" \/>\n<meta property=\"og:type\" content=\"article\" \/>\n<meta property=\"og:title\" content=\"\u00c7ant\u00eb Verde me doreza dhe rrip t\u00eb gjat\u00eb me detaje motivesh. - PADAS\" \/>\n<meta property=\"og:description\" content=\"\u00c7ant\u00eb me dizajn motivesh me ngjyra t\u00eb kombinueshme tep\u00ebr praktike p\u00ebr n\u00eb p\u00ebrditshm\u00ebri pasi mund ta mbani n\u00eb dor\u00eb ose n\u00eb sup me rripin e gjat\u00eb.\" \/>\n<meta property=\"og:url\" content=\"https:\/\/padas.al\/english\/product\/cante-verde-me-doreza-dhe-rrip-te-gjate-me-detaje-motivesh\/\" \/>\n<meta property=\"og:site_name\" content=\"PADAS\" \/>\n<meta property=\"article:modified_time\" content=\"2026-05-03T15:08:19+00:00\" \/>\n<meta property=\"og:image\" content=\"https:\/\/padas.al\/wp-content\/uploads\/2024\/01\/fixedratio_20230907161834_verde_gynaikeia_tsanta_mayri_16_7024.jpeg\" \/>\n\t<meta property=\"og:image:width\" content=\"540\" \/>\n\t<meta property=\"og:image:height\" content=\"720\" \/>\n\t<meta property=\"og:image:type\" content=\"image\/jpeg\" \/>\n<meta name=\"twitter:card\" content=\"summary_large_image\" \/>\n<meta name=\"twitter:label1\" content=\"Estimated reading time\" \/>\n\t<meta name=\"twitter:data1\" content=\"1 minute\" \/>\n<script type=\"application\/ld+json\" class=\"yoast-schema-graph\">{\"@context\":\"https:\/\/schema.org\",\"@graph\":[{\"@type\":\"Organization\",\"@id\":\"https:\/\/padas.al\/#organization\",\"name\":\"Padas.al\",\"url\":\"https:\/\/padas.al\/\",\"sameAs\":[],\"logo\":{\"@type\":\"ImageObject\",\"@id\":\"https:\/\/padas.al\/#logo\",\"inLanguage\":\"en-GB\",\"url\":\"https:\/\/padas.al\/wp-content\/uploads\/2021\/12\/padas-logo-01.svg\",\"contentUrl\":\"https:\/\/padas.al\/wp-content\/uploads\/2021\/12\/padas-logo-01.svg\",\"width\":196.4218,\"height\":195.7925,\"caption\":\"Padas.al\"},\"image\":{\"@id\":\"https:\/\/padas.al\/#logo\"}},{\"@type\":\"WebSite\",\"@id\":\"https:\/\/padas.al\/#website\",\"url\":\"https:\/\/padas.al\/\",\"name\":\"PADAS\",\"description\":\"Shoe Shop\",\"publisher\":{\"@id\":\"https:\/\/padas.al\/#organization\"},\"potentialAction\":[{\"@type\":\"SearchAction\",\"target\":{\"@type\":\"EntryPoint\",\"urlTemplate\":\"https:\/\/padas.al\/?s={search_term_string}\"},\"query-input\":\"required name=search_term_string\"}],\"inLanguage\":\"en-GB\"},{\"@type\":\"ImageObject\",\"@id\":\"https:\/\/padas.al\/product\/cante-verde-me-doreza-dhe-rrip-te-gjate-me-detaje-motivesh\/#primaryimage\",\"inLanguage\":\"en-GB\",\"url\":\"https:\/\/padas.al\/wp-content\/uploads\/2024\/01\/fixedratio_20230907161834_verde_gynaikeia_tsanta_mayri_16_7024.jpeg\",\"contentUrl\":\"https:\/\/padas.al\/wp-content\/uploads\/2024\/01\/fixedratio_20230907161834_verde_gynaikeia_tsanta_mayri_16_7024.jpeg\",\"width\":540,\"height\":720},{\"@type\":\"WebPage\",\"@id\":\"https:\/\/padas.al\/product\/cante-verde-me-doreza-dhe-rrip-te-gjate-me-detaje-motivesh\/#webpage\",\"url\":\"https:\/\/padas.al\/product\/cante-verde-me-doreza-dhe-rrip-te-gjate-me-detaje-motivesh\/\",\"name\":\"\u00c7ant\u00eb Verde me doreza dhe rrip t\u00eb gjat\u00eb me detaje motivesh. - PADAS\",\"isPartOf\":{\"@id\":\"https:\/\/padas.al\/#website\"},\"primaryImageOfPage\":{\"@id\":\"https:\/\/padas.al\/product\/cante-verde-me-doreza-dhe-rrip-te-gjate-me-detaje-motivesh\/#primaryimage\"},\"datePublished\":\"2024-01-09T21:33:56+00:00\",\"dateModified\":\"2026-05-03T15:08:19+00:00\",\"description\":\"\u00c7ant\u00eb me dizajn motivesh me ngjyra t\u00eb kombinueshme tep\u00ebr praktike p\u00ebr n\u00eb p\u00ebrditshm\u00ebri pasi mund ta mbani n\u00eb dor\u00eb ose n\u00eb sup me rripin e gjat\u00eb.\",\"breadcrumb\":{\"@id\":\"https:\/\/padas.al\/product\/cante-verde-me-doreza-dhe-rrip-te-gjate-me-detaje-motivesh\/#breadcrumb\"},\"inLanguage\":\"en-GB\",\"potentialAction\":[{\"@type\":\"ReadAction\",\"target\":[\"https:\/\/padas.al\/product\/cante-verde-me-doreza-dhe-rrip-te-gjate-me-detaje-motivesh\/\"]}]},{\"@type\":\"BreadcrumbList\",\"@id\":\"https:\/\/padas.al\/product\/cante-verde-me-doreza-dhe-rrip-te-gjate-me-detaje-motivesh\/#breadcrumb\",\"itemListElement\":[{\"@type\":\"ListItem\",\"position\":1,\"name\":\"Home\",\"item\":\"https:\/\/padas.al\/\"},{\"@type\":\"ListItem\",\"position\":2,\"name\":\"Shop\",\"item\":\"https:\/\/padas.al\/shop\/\"},{\"@type\":\"ListItem\",\"position\":3,\"name\":\"\u00c7ant\u00eb Verde me doreza dhe rrip t\u00eb gjat\u00eb me detaje motivesh.\"}]}]}<\/script>\n<!-- \/ Yoast SEO plugin. -->","yoast_head_json":{"title":"\u00c7ant\u00eb Verde me doreza dhe rrip t\u00eb gjat\u00eb me detaje motivesh. - PADAS","description":"\u00c7ant\u00eb me dizajn motivesh me ngjyra t\u00eb kombinueshme tep\u00ebr praktike p\u00ebr n\u00eb p\u00ebrditshm\u00ebri pasi mund ta mbani n\u00eb dor\u00eb ose n\u00eb sup me rripin e gjat\u00eb.","robots":{"index":"index","follow":"follow","max-snippet":"max-snippet:-1","max-image-preview":"max-image-preview:large","max-video-preview":"max-video-preview:-1"},"canonical":"https:\/\/padas.al\/english\/product\/cante-verde-me-doreza-dhe-rrip-te-gjate-me-detaje-motivesh\/","og_locale":"en_GB","og_type":"article","og_title":"\u00c7ant\u00eb Verde me doreza dhe rrip t\u00eb gjat\u00eb me detaje motivesh. - PADAS","og_description":"\u00c7ant\u00eb me dizajn motivesh me ngjyra t\u00eb kombinueshme tep\u00ebr praktike p\u00ebr n\u00eb p\u00ebrditshm\u00ebri pasi mund ta mbani n\u00eb dor\u00eb ose n\u00eb sup me rripin e gjat\u00eb.","og_url":"https:\/\/padas.al\/english\/product\/cante-verde-me-doreza-dhe-rrip-te-gjate-me-detaje-motivesh\/","og_site_name":"PADAS","article_modified_time":"2026-05-03T15:08:19+00:00","og_image":[{"width":540,"height":720,"url":"https:\/\/padas.al\/wp-content\/uploads\/2024\/01\/fixedratio_20230907161834_verde_gynaikeia_tsanta_mayri_16_7024.jpeg","type":"image\/jpeg"}],"twitter_card":"summary_large_image","twitter_misc":{"Estimated reading time":"1 minute"},"schema":{"@context":"https:\/\/schema.org","@graph":[{"@type":"Organization","@id":"https:\/\/padas.al\/#organization","name":"Padas.al","url":"https:\/\/padas.al\/","sameAs":[],"logo":{"@type":"ImageObject","@id":"https:\/\/padas.al\/#logo","inLanguage":"en-GB","url":"https:\/\/padas.al\/wp-content\/uploads\/2021\/12\/padas-logo-01.svg","contentUrl":"https:\/\/padas.al\/wp-content\/uploads\/2021\/12\/padas-logo-01.svg","width":196.4218,"height":195.7925,"caption":"Padas.al"},"image":{"@id":"https:\/\/padas.al\/#logo"}},{"@type":"WebSite","@id":"https:\/\/padas.al\/#website","url":"https:\/\/padas.al\/","name":"PADAS","description":"Shoe Shop","publisher":{"@id":"https:\/\/padas.al\/#organization"},"potentialAction":[{"@type":"SearchAction","target":{"@type":"EntryPoint","urlTemplate":"https:\/\/padas.al\/?s={search_term_string}"},"query-input":"required name=search_term_string"}],"inLanguage":"en-GB"},{"@type":"ImageObject","@id":"https:\/\/padas.al\/product\/cante-verde-me-doreza-dhe-rrip-te-gjate-me-detaje-motivesh\/#primaryimage","inLanguage":"en-GB","url":"https:\/\/padas.al\/wp-content\/uploads\/2024\/01\/fixedratio_20230907161834_verde_gynaikeia_tsanta_mayri_16_7024.jpeg","contentUrl":"https:\/\/padas.al\/wp-content\/uploads\/2024\/01\/fixedratio_20230907161834_verde_gynaikeia_tsanta_mayri_16_7024.jpeg","width":540,"height":720},{"@type":"WebPage","@id":"https:\/\/padas.al\/product\/cante-verde-me-doreza-dhe-rrip-te-gjate-me-detaje-motivesh\/#webpage","url":"https:\/\/padas.al\/product\/cante-verde-me-doreza-dhe-rrip-te-gjate-me-detaje-motivesh\/","name":"\u00c7ant\u00eb Verde me doreza dhe rrip t\u00eb gjat\u00eb me detaje motivesh. - PADAS","isPartOf":{"@id":"https:\/\/padas.al\/#website"},"primaryImageOfPage":{"@id":"https:\/\/padas.al\/product\/cante-verde-me-doreza-dhe-rrip-te-gjate-me-detaje-motivesh\/#primaryimage"},"datePublished":"2024-01-09T21:33:56+00:00","dateModified":"2026-05-03T15:08:19+00:00","description":"\u00c7ant\u00eb me dizajn motivesh me ngjyra t\u00eb kombinueshme tep\u00ebr praktike p\u00ebr n\u00eb p\u00ebrditshm\u00ebri pasi mund ta mbani n\u00eb dor\u00eb ose n\u00eb sup me rripin e gjat\u00eb.","breadcrumb":{"@id":"https:\/\/padas.al\/product\/cante-verde-me-doreza-dhe-rrip-te-gjate-me-detaje-motivesh\/#breadcrumb"},"inLanguage":"en-GB","potentialAction":[{"@type":"ReadAction","target":["https:\/\/padas.al\/product\/cante-verde-me-doreza-dhe-rrip-te-gjate-me-detaje-motivesh\/"]}]},{"@type":"BreadcrumbList","@id":"https:\/\/padas.al\/product\/cante-verde-me-doreza-dhe-rrip-te-gjate-me-detaje-motivesh\/#breadcrumb","itemListElement":[{"@type":"ListItem","position":1,"name":"Home","item":"https:\/\/padas.al\/"},{"@type":"ListItem","position":2,"name":"Shop","item":"https:\/\/padas.al\/shop\/"},{"@type":"ListItem","position":3,"name":"\u00c7ant\u00eb Verde me doreza dhe rrip t\u00eb gjat\u00eb me detaje motivesh."}]}]}},"_links":{"self":[{"href":"https:\/\/padas.al\/english\/wp-json\/wp\/v2\/product\/11199"}],"collection":[{"href":"https:\/\/padas.al\/english\/wp-json\/wp\/v2\/product"}],"about":[{"href":"https:\/\/padas.al\/english\/wp-json\/wp\/v2\/types\/product"}],"replies":[{"embeddable":true,"href":"https:\/\/padas.al\/english\/wp-json\/wp\/v2\/comments?post=11199"}],"wp:featuredmedia":[{"embeddable":true,"href":"https:\/\/padas.al\/english\/wp-json\/wp\/v2\/media\/11200"}],"wp:attachment":[{"href":"https:\/\/padas.al\/english\/wp-json\/wp\/v2\/media?parent=11199"}],"wp:term":[{"taxonomy":"product_cat","embeddable":true,"href":"https:\/\/padas.al\/english\/wp-json\/wp\/v2\/product_cat?post=11199"},{"taxonomy":"product_tag","embeddable":true,"href":"https:\/\/padas.al\/english\/wp-json\/wp\/v2\/product_tag?post=11199"}],"curies":[{"name":"wp","href":"https:\/\/api.w.org\/{rel}","templated":true}]}}