{"id":11285,"date":"2024-04-13T17:32:23","date_gmt":"2024-04-13T17:32:23","guid":{"rendered":"https:\/\/padas.al\/?post_type=product&#038;p=11285"},"modified":"2026-01-28T08:15:07","modified_gmt":"2026-01-28T08:15:07","slug":"kepuce-lekure-me-take-ortopedike-boxer","status":"publish","type":"product","link":"https:\/\/padas.al\/english\/product\/kepuce-lekure-me-take-ortopedike-boxer\/","title":{"rendered":"K\u00ebpuc\u00eb l\u00ebkure me tak\u00eb ortopedike, Boxer"},"content":{"rendered":"<p>K\u00ebpuc\u00ebt jan\u00eb t\u00eb punuara nga l\u00ebkura natyrale si brenda po ashtu dhe jasht\u00eb, modeli \u00ebsht\u00eb n\u00eb gjendje n\u00eb ngjyr\u00ebn e zez\u00eb dhe at\u00eb kafe t\u00eb hapur gjithashtu. Goma e tyre \u00ebsht\u00eb e leht\u00eb dhe ka dizajn unik ngjyra e saj \u00ebsht\u00eb bezha. K\u00ebpuc\u00ebt jan\u00eb me qepje e cila i b\u00ebn akoma m\u00eb rezistente k\u00ebpuc\u00ebt por nj\u00ebkoh\u00ebsisht u dhuron atyre nj\u00eb pamje t\u00eb ve\u00e7ant\u00eb. Lart\u00ebsia e tak\u00ebs \u00ebsht\u00eb 4 cm.<\/p>","protected":false},"excerpt":{"rendered":"<p>K\u00ebpuc\u00ebt jan\u00eb prodhim i firm\u00ebs greke Boxer, kompani e cila prodhon k\u00ebpuc\u00eb l\u00ebkure p\u00ebr femra dhe meshkuj sipas trendeve. Benefiti i k\u00ebtyre k\u00ebpuc\u00ebve \u00ebsht\u00eb pik\u00ebrisht p\u00ebrshtatja me k\u00ebmb\u00ebn tuaj , pasi l\u00ebkura e tyre \u00ebsht\u00eb e but\u00eb dhe e mb\u00ebshtjell k\u00ebmb\u00ebn leht\u00eb pavar\u00ebsisht n\u00ebse keni kallo apo ndonj\u00eb kock\u00eb t\u00eb mundshme t\u00eb dal tek gisht\u00ebrinjt\u00eb.<\/p>","protected":false},"featured_media":11287,"comment_status":"open","ping_status":"closed","template":"","meta":[],"product_cat":[139,140,146,141,142,144,151,216,222,226],"product_tag":[],"yoast_head":"<!-- This site is optimized with the Yoast SEO plugin v18.3 - https:\/\/yoast.com\/wordpress\/plugins\/seo\/ -->\n<title>K\u00ebpuc\u00eb l\u00ebkure me tak\u00eb ortopedike, Boxer - PADAS<\/title>\n<meta name=\"description\" content=\"K\u00ebpuc\u00eb me gom\u00eb t\u00eb but\u00eb e t\u00eb leht\u00eb me lart\u00ebsi perfekte p\u00ebr n\u00eb p\u00ebrditshm\u00ebri.Ngjyr\u00eb dhe model i kombinuesh\u00ebm me \u00e7do veshje.Dhurojini k\u00ebmb\u00ebve komoditet\" \/>\n<meta name=\"robots\" content=\"index, follow, max-snippet:-1, max-image-preview:large, max-video-preview:-1\" \/>\n<link rel=\"canonical\" href=\"https:\/\/padas.al\/english\/product\/kepuce-lekure-me-take-ortopedike-boxer\/\" \/>\n<meta property=\"og:locale\" content=\"en_GB\" \/>\n<meta property=\"og:type\" content=\"article\" \/>\n<meta property=\"og:title\" content=\"K\u00ebpuc\u00eb l\u00ebkure me tak\u00eb ortopedike, Boxer - PADAS\" \/>\n<meta property=\"og:description\" content=\"K\u00ebpuc\u00eb me gom\u00eb t\u00eb but\u00eb e t\u00eb leht\u00eb me lart\u00ebsi perfekte p\u00ebr n\u00eb p\u00ebrditshm\u00ebri.Ngjyr\u00eb dhe model i kombinuesh\u00ebm me \u00e7do veshje.Dhurojini k\u00ebmb\u00ebve komoditet\" \/>\n<meta property=\"og:url\" content=\"https:\/\/padas.al\/english\/product\/kepuce-lekure-me-take-ortopedike-boxer\/\" \/>\n<meta property=\"og:site_name\" content=\"PADAS\" \/>\n<meta property=\"article:modified_time\" content=\"2026-01-28T08:15:07+00:00\" \/>\n<meta property=\"og:image\" content=\"https:\/\/padas.al\/wp-content\/uploads\/2024\/04\/98392-10-019-1.jpg\" \/>\n\t<meta property=\"og:image:width\" content=\"1000\" \/>\n\t<meta property=\"og:image:height\" content=\"1000\" \/>\n\t<meta property=\"og:image:type\" content=\"image\/jpeg\" \/>\n<meta name=\"twitter:card\" content=\"summary_large_image\" \/>\n<script type=\"application\/ld+json\" class=\"yoast-schema-graph\">{\"@context\":\"https:\/\/schema.org\",\"@graph\":[{\"@type\":\"Organization\",\"@id\":\"https:\/\/padas.al\/#organization\",\"name\":\"Padas.al\",\"url\":\"https:\/\/padas.al\/\",\"sameAs\":[],\"logo\":{\"@type\":\"ImageObject\",\"@id\":\"https:\/\/padas.al\/#logo\",\"inLanguage\":\"en-GB\",\"url\":\"https:\/\/padas.al\/wp-content\/uploads\/2021\/12\/padas-logo-01.svg\",\"contentUrl\":\"https:\/\/padas.al\/wp-content\/uploads\/2021\/12\/padas-logo-01.svg\",\"width\":196.4218,\"height\":195.7925,\"caption\":\"Padas.al\"},\"image\":{\"@id\":\"https:\/\/padas.al\/#logo\"}},{\"@type\":\"WebSite\",\"@id\":\"https:\/\/padas.al\/#website\",\"url\":\"https:\/\/padas.al\/\",\"name\":\"PADAS\",\"description\":\"Shoe Shop\",\"publisher\":{\"@id\":\"https:\/\/padas.al\/#organization\"},\"potentialAction\":[{\"@type\":\"SearchAction\",\"target\":{\"@type\":\"EntryPoint\",\"urlTemplate\":\"https:\/\/padas.al\/?s={search_term_string}\"},\"query-input\":\"required name=search_term_string\"}],\"inLanguage\":\"en-GB\"},{\"@type\":\"ImageObject\",\"@id\":\"https:\/\/padas.al\/product\/kepuce-lekure-me-take-ortopedike-boxer\/#primaryimage\",\"inLanguage\":\"en-GB\",\"url\":\"https:\/\/padas.al\/wp-content\/uploads\/2024\/04\/98392-10-019-1.jpg\",\"contentUrl\":\"https:\/\/padas.al\/wp-content\/uploads\/2024\/04\/98392-10-019-1.jpg\",\"width\":1000,\"height\":1000},{\"@type\":\"WebPage\",\"@id\":\"https:\/\/padas.al\/product\/kepuce-lekure-me-take-ortopedike-boxer\/#webpage\",\"url\":\"https:\/\/padas.al\/product\/kepuce-lekure-me-take-ortopedike-boxer\/\",\"name\":\"K\u00ebpuc\u00eb l\u00ebkure me tak\u00eb ortopedike, Boxer - PADAS\",\"isPartOf\":{\"@id\":\"https:\/\/padas.al\/#website\"},\"primaryImageOfPage\":{\"@id\":\"https:\/\/padas.al\/product\/kepuce-lekure-me-take-ortopedike-boxer\/#primaryimage\"},\"datePublished\":\"2024-04-13T17:32:23+00:00\",\"dateModified\":\"2026-01-28T08:15:07+00:00\",\"description\":\"K\u00ebpuc\u00eb me gom\u00eb t\u00eb but\u00eb e t\u00eb leht\u00eb me lart\u00ebsi perfekte p\u00ebr n\u00eb p\u00ebrditshm\u00ebri.Ngjyr\u00eb dhe model i kombinuesh\u00ebm me \u00e7do veshje.Dhurojini k\u00ebmb\u00ebve komoditet\",\"breadcrumb\":{\"@id\":\"https:\/\/padas.al\/product\/kepuce-lekure-me-take-ortopedike-boxer\/#breadcrumb\"},\"inLanguage\":\"en-GB\",\"potentialAction\":[{\"@type\":\"ReadAction\",\"target\":[\"https:\/\/padas.al\/product\/kepuce-lekure-me-take-ortopedike-boxer\/\"]}]},{\"@type\":\"BreadcrumbList\",\"@id\":\"https:\/\/padas.al\/product\/kepuce-lekure-me-take-ortopedike-boxer\/#breadcrumb\",\"itemListElement\":[{\"@type\":\"ListItem\",\"position\":1,\"name\":\"Home\",\"item\":\"https:\/\/padas.al\/\"},{\"@type\":\"ListItem\",\"position\":2,\"name\":\"Shop\",\"item\":\"https:\/\/padas.al\/shop\/\"},{\"@type\":\"ListItem\",\"position\":3,\"name\":\"K\u00ebpuc\u00eb l\u00ebkure me tak\u00eb ortopedike, Boxer\"}]}]}<\/script>\n<!-- \/ Yoast SEO plugin. -->","yoast_head_json":{"title":"K\u00ebpuc\u00eb l\u00ebkure me tak\u00eb ortopedike, Boxer - PADAS","description":"K\u00ebpuc\u00eb me gom\u00eb t\u00eb but\u00eb e t\u00eb leht\u00eb me lart\u00ebsi perfekte p\u00ebr n\u00eb p\u00ebrditshm\u00ebri.Ngjyr\u00eb dhe model i kombinuesh\u00ebm me \u00e7do veshje.Dhurojini k\u00ebmb\u00ebve komoditet","robots":{"index":"index","follow":"follow","max-snippet":"max-snippet:-1","max-image-preview":"max-image-preview:large","max-video-preview":"max-video-preview:-1"},"canonical":"https:\/\/padas.al\/english\/product\/kepuce-lekure-me-take-ortopedike-boxer\/","og_locale":"en_GB","og_type":"article","og_title":"K\u00ebpuc\u00eb l\u00ebkure me tak\u00eb ortopedike, Boxer - PADAS","og_description":"K\u00ebpuc\u00eb me gom\u00eb t\u00eb but\u00eb e t\u00eb leht\u00eb me lart\u00ebsi perfekte p\u00ebr n\u00eb p\u00ebrditshm\u00ebri.Ngjyr\u00eb dhe model i kombinuesh\u00ebm me \u00e7do veshje.Dhurojini k\u00ebmb\u00ebve komoditet","og_url":"https:\/\/padas.al\/english\/product\/kepuce-lekure-me-take-ortopedike-boxer\/","og_site_name":"PADAS","article_modified_time":"2026-01-28T08:15:07+00:00","og_image":[{"width":1000,"height":1000,"url":"https:\/\/padas.al\/wp-content\/uploads\/2024\/04\/98392-10-019-1.jpg","type":"image\/jpeg"}],"twitter_card":"summary_large_image","schema":{"@context":"https:\/\/schema.org","@graph":[{"@type":"Organization","@id":"https:\/\/padas.al\/#organization","name":"Padas.al","url":"https:\/\/padas.al\/","sameAs":[],"logo":{"@type":"ImageObject","@id":"https:\/\/padas.al\/#logo","inLanguage":"en-GB","url":"https:\/\/padas.al\/wp-content\/uploads\/2021\/12\/padas-logo-01.svg","contentUrl":"https:\/\/padas.al\/wp-content\/uploads\/2021\/12\/padas-logo-01.svg","width":196.4218,"height":195.7925,"caption":"Padas.al"},"image":{"@id":"https:\/\/padas.al\/#logo"}},{"@type":"WebSite","@id":"https:\/\/padas.al\/#website","url":"https:\/\/padas.al\/","name":"PADAS","description":"Shoe Shop","publisher":{"@id":"https:\/\/padas.al\/#organization"},"potentialAction":[{"@type":"SearchAction","target":{"@type":"EntryPoint","urlTemplate":"https:\/\/padas.al\/?s={search_term_string}"},"query-input":"required name=search_term_string"}],"inLanguage":"en-GB"},{"@type":"ImageObject","@id":"https:\/\/padas.al\/product\/kepuce-lekure-me-take-ortopedike-boxer\/#primaryimage","inLanguage":"en-GB","url":"https:\/\/padas.al\/wp-content\/uploads\/2024\/04\/98392-10-019-1.jpg","contentUrl":"https:\/\/padas.al\/wp-content\/uploads\/2024\/04\/98392-10-019-1.jpg","width":1000,"height":1000},{"@type":"WebPage","@id":"https:\/\/padas.al\/product\/kepuce-lekure-me-take-ortopedike-boxer\/#webpage","url":"https:\/\/padas.al\/product\/kepuce-lekure-me-take-ortopedike-boxer\/","name":"K\u00ebpuc\u00eb l\u00ebkure me tak\u00eb ortopedike, Boxer - PADAS","isPartOf":{"@id":"https:\/\/padas.al\/#website"},"primaryImageOfPage":{"@id":"https:\/\/padas.al\/product\/kepuce-lekure-me-take-ortopedike-boxer\/#primaryimage"},"datePublished":"2024-04-13T17:32:23+00:00","dateModified":"2026-01-28T08:15:07+00:00","description":"K\u00ebpuc\u00eb me gom\u00eb t\u00eb but\u00eb e t\u00eb leht\u00eb me lart\u00ebsi perfekte p\u00ebr n\u00eb p\u00ebrditshm\u00ebri.Ngjyr\u00eb dhe model i kombinuesh\u00ebm me \u00e7do veshje.Dhurojini k\u00ebmb\u00ebve komoditet","breadcrumb":{"@id":"https:\/\/padas.al\/product\/kepuce-lekure-me-take-ortopedike-boxer\/#breadcrumb"},"inLanguage":"en-GB","potentialAction":[{"@type":"ReadAction","target":["https:\/\/padas.al\/product\/kepuce-lekure-me-take-ortopedike-boxer\/"]}]},{"@type":"BreadcrumbList","@id":"https:\/\/padas.al\/product\/kepuce-lekure-me-take-ortopedike-boxer\/#breadcrumb","itemListElement":[{"@type":"ListItem","position":1,"name":"Home","item":"https:\/\/padas.al\/"},{"@type":"ListItem","position":2,"name":"Shop","item":"https:\/\/padas.al\/shop\/"},{"@type":"ListItem","position":3,"name":"K\u00ebpuc\u00eb l\u00ebkure me tak\u00eb ortopedike, Boxer"}]}]}},"_links":{"self":[{"href":"https:\/\/padas.al\/english\/wp-json\/wp\/v2\/product\/11285"}],"collection":[{"href":"https:\/\/padas.al\/english\/wp-json\/wp\/v2\/product"}],"about":[{"href":"https:\/\/padas.al\/english\/wp-json\/wp\/v2\/types\/product"}],"replies":[{"embeddable":true,"href":"https:\/\/padas.al\/english\/wp-json\/wp\/v2\/comments?post=11285"}],"wp:featuredmedia":[{"embeddable":true,"href":"https:\/\/padas.al\/english\/wp-json\/wp\/v2\/media\/11287"}],"wp:attachment":[{"href":"https:\/\/padas.al\/english\/wp-json\/wp\/v2\/media?parent=11285"}],"wp:term":[{"taxonomy":"product_cat","embeddable":true,"href":"https:\/\/padas.al\/english\/wp-json\/wp\/v2\/product_cat?post=11285"},{"taxonomy":"product_tag","embeddable":true,"href":"https:\/\/padas.al\/english\/wp-json\/wp\/v2\/product_tag?post=11285"}],"curies":[{"name":"wp","href":"https:\/\/api.w.org\/{rel}","templated":true}]}}