{"id":11326,"date":"2024-04-16T10:28:18","date_gmt":"2024-04-16T10:28:18","guid":{"rendered":"https:\/\/padas.al\/?post_type=product&#038;p=11326"},"modified":"2026-01-28T08:08:38","modified_gmt":"2026-01-28T08:08:38","slug":"mokasina-lekure-per-femra-boxer","status":"publish","type":"product","link":"https:\/\/padas.al\/english\/product\/mokasina-lekure-per-femra-boxer\/","title":{"rendered":"Mokasina l\u00ebkure p\u00ebr femra, Boxer"},"content":{"rendered":"<p>Mokasinat jan\u00eb t\u00eb p\u00ebrb\u00ebra nga l\u00ebkura natyrale si brenda po ashtu dhe jasht\u00eb, modeli vjen n\u00eb dy ngjyra, n\u00eb bezh\u00eb t\u00eb hapur dhe n\u00eb t\u00eb zez\u00eb. K\u00ebpuc\u00ebt kan\u00eb shuall gome tep\u00ebr t\u00eb leht\u00eb e cila \u00ebsht\u00eb e p\u00ebrkulshme. N\u00eb pjes\u00ebn e p\u00ebrparme kan\u00eb nj\u00eb detaj q\u00eb \u00ebsht\u00eb material metalik n\u00eb ngjyr\u00ebn e floririt, i cili i b\u00ebn k\u00ebpuc\u00ebt m\u00eb fine dhe fem\u00ebrore.<\/p>","protected":false},"excerpt":{"rendered":"<p>Mokasinat jan\u00eb prodhim i firm\u00ebs greke Boxer, kompani e cila prodhon k\u00ebpuc\u00eb l\u00ebkure p\u00ebr femra dhe meshkuj sipas trendeve bashk\u00ebkohore. Ky model k\u00ebpuc\u00ebsh \u00ebsht\u00eb nj\u00eb investim p\u00ebr garderob\u00ebn e \u00e7do femre pasi ato p\u00ebrshtaten mrekulli me veshje sportive e casual po ashtu dhe me veshje klasike.<\/p>","protected":false},"featured_media":11327,"comment_status":"open","ping_status":"closed","template":"","meta":[],"product_cat":[139,140,141,142,145,144,222,226],"product_tag":[],"yoast_head":"<!-- This site is optimized with the Yoast SEO plugin v18.3 - https:\/\/yoast.com\/wordpress\/plugins\/seo\/ -->\n<title>Mokasina l\u00ebkure p\u00ebr femra, Boxer - PADAS<\/title>\n<meta name=\"description\" content=\"Mokasinat jan\u00eb gjithmon\u00eb zgjedhja m\u00eb e mir\u00eb p\u00ebr n\u00eb p\u00ebrditshm\u00ebrin\u00eb tuaj, pasi ato jan\u00eb t\u00eb kombinueshme me \u00e7do veshje si dhe praktike e komode n\u00eb ecje.\" \/>\n<meta name=\"robots\" content=\"index, follow, max-snippet:-1, max-image-preview:large, max-video-preview:-1\" \/>\n<link rel=\"canonical\" href=\"https:\/\/padas.al\/english\/product\/mokasina-lekure-per-femra-boxer\/\" \/>\n<meta property=\"og:locale\" content=\"en_GB\" \/>\n<meta property=\"og:type\" content=\"article\" \/>\n<meta property=\"og:title\" content=\"Mokasina l\u00ebkure p\u00ebr femra, Boxer - PADAS\" \/>\n<meta property=\"og:description\" content=\"Mokasinat jan\u00eb gjithmon\u00eb zgjedhja m\u00eb e mir\u00eb p\u00ebr n\u00eb p\u00ebrditshm\u00ebrin\u00eb tuaj, pasi ato jan\u00eb t\u00eb kombinueshme me \u00e7do veshje si dhe praktike e komode n\u00eb ecje.\" \/>\n<meta property=\"og:url\" content=\"https:\/\/padas.al\/english\/product\/mokasina-lekure-per-femra-boxer\/\" \/>\n<meta property=\"og:site_name\" content=\"PADAS\" \/>\n<meta property=\"article:modified_time\" content=\"2026-01-28T08:08:38+00:00\" \/>\n<meta property=\"og:image\" content=\"https:\/\/padas.al\/wp-content\/uploads\/2024\/04\/98424-10-025-1.jpg\" \/>\n\t<meta property=\"og:image:width\" content=\"1000\" \/>\n\t<meta property=\"og:image:height\" content=\"1000\" \/>\n\t<meta property=\"og:image:type\" content=\"image\/jpeg\" \/>\n<meta name=\"twitter:card\" content=\"summary_large_image\" \/>\n<meta name=\"twitter:label1\" content=\"Estimated reading time\" \/>\n\t<meta name=\"twitter:data1\" content=\"1 minute\" \/>\n<script type=\"application\/ld+json\" class=\"yoast-schema-graph\">{\"@context\":\"https:\/\/schema.org\",\"@graph\":[{\"@type\":\"Organization\",\"@id\":\"https:\/\/padas.al\/#organization\",\"name\":\"Padas.al\",\"url\":\"https:\/\/padas.al\/\",\"sameAs\":[],\"logo\":{\"@type\":\"ImageObject\",\"@id\":\"https:\/\/padas.al\/#logo\",\"inLanguage\":\"en-GB\",\"url\":\"https:\/\/padas.al\/wp-content\/uploads\/2021\/12\/padas-logo-01.svg\",\"contentUrl\":\"https:\/\/padas.al\/wp-content\/uploads\/2021\/12\/padas-logo-01.svg\",\"width\":196.4218,\"height\":195.7925,\"caption\":\"Padas.al\"},\"image\":{\"@id\":\"https:\/\/padas.al\/#logo\"}},{\"@type\":\"WebSite\",\"@id\":\"https:\/\/padas.al\/#website\",\"url\":\"https:\/\/padas.al\/\",\"name\":\"PADAS\",\"description\":\"Shoe Shop\",\"publisher\":{\"@id\":\"https:\/\/padas.al\/#organization\"},\"potentialAction\":[{\"@type\":\"SearchAction\",\"target\":{\"@type\":\"EntryPoint\",\"urlTemplate\":\"https:\/\/padas.al\/?s={search_term_string}\"},\"query-input\":\"required name=search_term_string\"}],\"inLanguage\":\"en-GB\"},{\"@type\":\"ImageObject\",\"@id\":\"https:\/\/padas.al\/product\/mokasina-lekure-per-femra-boxer\/#primaryimage\",\"inLanguage\":\"en-GB\",\"url\":\"https:\/\/padas.al\/wp-content\/uploads\/2024\/04\/98424-10-025-1.jpg\",\"contentUrl\":\"https:\/\/padas.al\/wp-content\/uploads\/2024\/04\/98424-10-025-1.jpg\",\"width\":1000,\"height\":1000},{\"@type\":\"WebPage\",\"@id\":\"https:\/\/padas.al\/product\/mokasina-lekure-per-femra-boxer\/#webpage\",\"url\":\"https:\/\/padas.al\/product\/mokasina-lekure-per-femra-boxer\/\",\"name\":\"Mokasina l\u00ebkure p\u00ebr femra, Boxer - PADAS\",\"isPartOf\":{\"@id\":\"https:\/\/padas.al\/#website\"},\"primaryImageOfPage\":{\"@id\":\"https:\/\/padas.al\/product\/mokasina-lekure-per-femra-boxer\/#primaryimage\"},\"datePublished\":\"2024-04-16T10:28:18+00:00\",\"dateModified\":\"2026-01-28T08:08:38+00:00\",\"description\":\"Mokasinat jan\u00eb gjithmon\u00eb zgjedhja m\u00eb e mir\u00eb p\u00ebr n\u00eb p\u00ebrditshm\u00ebrin\u00eb tuaj, pasi ato jan\u00eb t\u00eb kombinueshme me \u00e7do veshje si dhe praktike e komode n\u00eb ecje.\",\"breadcrumb\":{\"@id\":\"https:\/\/padas.al\/product\/mokasina-lekure-per-femra-boxer\/#breadcrumb\"},\"inLanguage\":\"en-GB\",\"potentialAction\":[{\"@type\":\"ReadAction\",\"target\":[\"https:\/\/padas.al\/product\/mokasina-lekure-per-femra-boxer\/\"]}]},{\"@type\":\"BreadcrumbList\",\"@id\":\"https:\/\/padas.al\/product\/mokasina-lekure-per-femra-boxer\/#breadcrumb\",\"itemListElement\":[{\"@type\":\"ListItem\",\"position\":1,\"name\":\"Home\",\"item\":\"https:\/\/padas.al\/\"},{\"@type\":\"ListItem\",\"position\":2,\"name\":\"Shop\",\"item\":\"https:\/\/padas.al\/shop\/\"},{\"@type\":\"ListItem\",\"position\":3,\"name\":\"Mokasina l\u00ebkure p\u00ebr femra, Boxer\"}]}]}<\/script>\n<!-- \/ Yoast SEO plugin. -->","yoast_head_json":{"title":"Mokasina l\u00ebkure p\u00ebr femra, Boxer - PADAS","description":"Mokasinat jan\u00eb gjithmon\u00eb zgjedhja m\u00eb e mir\u00eb p\u00ebr n\u00eb p\u00ebrditshm\u00ebrin\u00eb tuaj, pasi ato jan\u00eb t\u00eb kombinueshme me \u00e7do veshje si dhe praktike e komode n\u00eb ecje.","robots":{"index":"index","follow":"follow","max-snippet":"max-snippet:-1","max-image-preview":"max-image-preview:large","max-video-preview":"max-video-preview:-1"},"canonical":"https:\/\/padas.al\/english\/product\/mokasina-lekure-per-femra-boxer\/","og_locale":"en_GB","og_type":"article","og_title":"Mokasina l\u00ebkure p\u00ebr femra, Boxer - PADAS","og_description":"Mokasinat jan\u00eb gjithmon\u00eb zgjedhja m\u00eb e mir\u00eb p\u00ebr n\u00eb p\u00ebrditshm\u00ebrin\u00eb tuaj, pasi ato jan\u00eb t\u00eb kombinueshme me \u00e7do veshje si dhe praktike e komode n\u00eb ecje.","og_url":"https:\/\/padas.al\/english\/product\/mokasina-lekure-per-femra-boxer\/","og_site_name":"PADAS","article_modified_time":"2026-01-28T08:08:38+00:00","og_image":[{"width":1000,"height":1000,"url":"https:\/\/padas.al\/wp-content\/uploads\/2024\/04\/98424-10-025-1.jpg","type":"image\/jpeg"}],"twitter_card":"summary_large_image","twitter_misc":{"Estimated reading time":"1 minute"},"schema":{"@context":"https:\/\/schema.org","@graph":[{"@type":"Organization","@id":"https:\/\/padas.al\/#organization","name":"Padas.al","url":"https:\/\/padas.al\/","sameAs":[],"logo":{"@type":"ImageObject","@id":"https:\/\/padas.al\/#logo","inLanguage":"en-GB","url":"https:\/\/padas.al\/wp-content\/uploads\/2021\/12\/padas-logo-01.svg","contentUrl":"https:\/\/padas.al\/wp-content\/uploads\/2021\/12\/padas-logo-01.svg","width":196.4218,"height":195.7925,"caption":"Padas.al"},"image":{"@id":"https:\/\/padas.al\/#logo"}},{"@type":"WebSite","@id":"https:\/\/padas.al\/#website","url":"https:\/\/padas.al\/","name":"PADAS","description":"Shoe Shop","publisher":{"@id":"https:\/\/padas.al\/#organization"},"potentialAction":[{"@type":"SearchAction","target":{"@type":"EntryPoint","urlTemplate":"https:\/\/padas.al\/?s={search_term_string}"},"query-input":"required name=search_term_string"}],"inLanguage":"en-GB"},{"@type":"ImageObject","@id":"https:\/\/padas.al\/product\/mokasina-lekure-per-femra-boxer\/#primaryimage","inLanguage":"en-GB","url":"https:\/\/padas.al\/wp-content\/uploads\/2024\/04\/98424-10-025-1.jpg","contentUrl":"https:\/\/padas.al\/wp-content\/uploads\/2024\/04\/98424-10-025-1.jpg","width":1000,"height":1000},{"@type":"WebPage","@id":"https:\/\/padas.al\/product\/mokasina-lekure-per-femra-boxer\/#webpage","url":"https:\/\/padas.al\/product\/mokasina-lekure-per-femra-boxer\/","name":"Mokasina l\u00ebkure p\u00ebr femra, Boxer - PADAS","isPartOf":{"@id":"https:\/\/padas.al\/#website"},"primaryImageOfPage":{"@id":"https:\/\/padas.al\/product\/mokasina-lekure-per-femra-boxer\/#primaryimage"},"datePublished":"2024-04-16T10:28:18+00:00","dateModified":"2026-01-28T08:08:38+00:00","description":"Mokasinat jan\u00eb gjithmon\u00eb zgjedhja m\u00eb e mir\u00eb p\u00ebr n\u00eb p\u00ebrditshm\u00ebrin\u00eb tuaj, pasi ato jan\u00eb t\u00eb kombinueshme me \u00e7do veshje si dhe praktike e komode n\u00eb ecje.","breadcrumb":{"@id":"https:\/\/padas.al\/product\/mokasina-lekure-per-femra-boxer\/#breadcrumb"},"inLanguage":"en-GB","potentialAction":[{"@type":"ReadAction","target":["https:\/\/padas.al\/product\/mokasina-lekure-per-femra-boxer\/"]}]},{"@type":"BreadcrumbList","@id":"https:\/\/padas.al\/product\/mokasina-lekure-per-femra-boxer\/#breadcrumb","itemListElement":[{"@type":"ListItem","position":1,"name":"Home","item":"https:\/\/padas.al\/"},{"@type":"ListItem","position":2,"name":"Shop","item":"https:\/\/padas.al\/shop\/"},{"@type":"ListItem","position":3,"name":"Mokasina l\u00ebkure p\u00ebr femra, Boxer"}]}]}},"_links":{"self":[{"href":"https:\/\/padas.al\/english\/wp-json\/wp\/v2\/product\/11326"}],"collection":[{"href":"https:\/\/padas.al\/english\/wp-json\/wp\/v2\/product"}],"about":[{"href":"https:\/\/padas.al\/english\/wp-json\/wp\/v2\/types\/product"}],"replies":[{"embeddable":true,"href":"https:\/\/padas.al\/english\/wp-json\/wp\/v2\/comments?post=11326"}],"wp:featuredmedia":[{"embeddable":true,"href":"https:\/\/padas.al\/english\/wp-json\/wp\/v2\/media\/11327"}],"wp:attachment":[{"href":"https:\/\/padas.al\/english\/wp-json\/wp\/v2\/media?parent=11326"}],"wp:term":[{"taxonomy":"product_cat","embeddable":true,"href":"https:\/\/padas.al\/english\/wp-json\/wp\/v2\/product_cat?post=11326"},{"taxonomy":"product_tag","embeddable":true,"href":"https:\/\/padas.al\/english\/wp-json\/wp\/v2\/product_tag?post=11326"}],"curies":[{"name":"wp","href":"https:\/\/api.w.org\/{rel}","templated":true}]}}