{"id":11413,"date":"2024-04-23T17:05:35","date_gmt":"2024-04-23T17:05:35","guid":{"rendered":"https:\/\/padas.al\/?post_type=product&#038;p=11413"},"modified":"2024-04-23T17:05:35","modified_gmt":"2024-04-23T17:05:35","slug":"sandale-lekure-me-take-katrore-dhe-gome-te-perkulshme-boxer","status":"publish","type":"product","link":"https:\/\/padas.al\/english\/product\/sandale-lekure-me-take-katrore-dhe-gome-te-perkulshme-boxer\/","title":{"rendered":"Sandale l\u00ebkure me tak\u00eb katrore dhe gom\u00eb t\u00eb p\u00ebrkulshme, Boxer"},"content":{"rendered":"<p>Sandalet jan\u00eb t\u00eb punuara nga l\u00ebkura natyrale si brenda ashtu edhe n\u00eb pjes\u00ebn ku mb\u00ebshtetet shputa e k\u00ebmb\u00ebs e cila tep\u00ebr e but\u00eb . Modeli vjen n\u00eb dy ngjyra, n\u00eb t\u00eb zez\u00eb dhe n\u00eb kafe mjalt. Mb\u00ebrthehen me tog\u00ebz duke i fiksuar k\u00ebshtu sipas d\u00ebshir\u00ebs ato.<\/p>","protected":false},"excerpt":{"rendered":"<p>Sandalet <span style=\"font-weight: 400\">jan\u00eb prodhim i firm\u00ebs greke Boxer, kompani e cila prodhon k\u00ebpuc\u00eb l\u00ebkure p\u00ebr femra dhe meshkuj sipas standardeve evropiane dhe trendeve. Modeli \u00ebsht\u00eb zgjedhja perfekte n\u00ebse d\u00ebshironi t\u00eb vishni taka por nj\u00ebkoh\u00ebsisht t\u00eb ndiheni dhe komode. Lart\u00ebsia e tak\u00ebs \u00ebsht\u00eb 5 cm.<\/span><\/p>","protected":false},"featured_media":11414,"comment_status":"open","ping_status":"closed","template":"","meta":[],"product_cat":[139,151,153,222,226],"product_tag":[],"yoast_head":"<!-- This site is optimized with the Yoast SEO plugin v18.3 - https:\/\/yoast.com\/wordpress\/plugins\/seo\/ -->\n<title>Sandale l\u00ebkure me tak\u00eb katrore dhe gom\u00eb t\u00eb p\u00ebrkulshme, Boxer - PADAS<\/title>\n<meta name=\"description\" content=\"Sandalet m\u00eb t\u00eb buta m\u00eb t\u00eb lehta dhe me gom\u00eb fleksib\u00ebl jan\u00eb k\u00ebto. Mund ti mbani veshur me orar t\u00eb zgjatur dhe k\u00ebmb\u00ebt tuaja do jen\u00eb t\u00eb shplodhura.\" \/>\n<meta name=\"robots\" content=\"index, follow, max-snippet:-1, max-image-preview:large, max-video-preview:-1\" \/>\n<link rel=\"canonical\" href=\"https:\/\/padas.al\/english\/product\/sandale-lekure-me-take-katrore-dhe-gome-te-perkulshme-boxer\/\" \/>\n<meta property=\"og:locale\" content=\"en_GB\" \/>\n<meta property=\"og:type\" content=\"article\" \/>\n<meta property=\"og:title\" content=\"Sandale l\u00ebkure me tak\u00eb katrore dhe gom\u00eb t\u00eb p\u00ebrkulshme, Boxer - PADAS\" \/>\n<meta property=\"og:description\" content=\"Sandalet m\u00eb t\u00eb buta m\u00eb t\u00eb lehta dhe me gom\u00eb fleksib\u00ebl jan\u00eb k\u00ebto. Mund ti mbani veshur me orar t\u00eb zgjatur dhe k\u00ebmb\u00ebt tuaja do jen\u00eb t\u00eb shplodhura.\" \/>\n<meta property=\"og:url\" content=\"https:\/\/padas.al\/english\/product\/sandale-lekure-me-take-katrore-dhe-gome-te-perkulshme-boxer\/\" \/>\n<meta property=\"og:site_name\" content=\"PADAS\" \/>\n<meta property=\"og:image\" content=\"https:\/\/padas.al\/wp-content\/uploads\/2024\/04\/97064-10-019-1.jpg\" \/>\n\t<meta property=\"og:image:width\" content=\"1000\" \/>\n\t<meta property=\"og:image:height\" content=\"1000\" \/>\n\t<meta property=\"og:image:type\" content=\"image\/jpeg\" \/>\n<meta name=\"twitter:card\" content=\"summary_large_image\" \/>\n<meta name=\"twitter:label1\" content=\"Estimated reading time\" \/>\n\t<meta name=\"twitter:data1\" content=\"1 minute\" \/>\n<script type=\"application\/ld+json\" class=\"yoast-schema-graph\">{\"@context\":\"https:\/\/schema.org\",\"@graph\":[{\"@type\":\"Organization\",\"@id\":\"https:\/\/padas.al\/#organization\",\"name\":\"Padas.al\",\"url\":\"https:\/\/padas.al\/\",\"sameAs\":[],\"logo\":{\"@type\":\"ImageObject\",\"@id\":\"https:\/\/padas.al\/#logo\",\"inLanguage\":\"en-GB\",\"url\":\"https:\/\/padas.al\/wp-content\/uploads\/2021\/12\/padas-logo-01.svg\",\"contentUrl\":\"https:\/\/padas.al\/wp-content\/uploads\/2021\/12\/padas-logo-01.svg\",\"width\":196.4218,\"height\":195.7925,\"caption\":\"Padas.al\"},\"image\":{\"@id\":\"https:\/\/padas.al\/#logo\"}},{\"@type\":\"WebSite\",\"@id\":\"https:\/\/padas.al\/#website\",\"url\":\"https:\/\/padas.al\/\",\"name\":\"PADAS\",\"description\":\"Shoe Shop\",\"publisher\":{\"@id\":\"https:\/\/padas.al\/#organization\"},\"potentialAction\":[{\"@type\":\"SearchAction\",\"target\":{\"@type\":\"EntryPoint\",\"urlTemplate\":\"https:\/\/padas.al\/?s={search_term_string}\"},\"query-input\":\"required name=search_term_string\"}],\"inLanguage\":\"en-GB\"},{\"@type\":\"ImageObject\",\"@id\":\"https:\/\/padas.al\/product\/sandale-lekure-me-take-katrore-dhe-gome-te-perkulshme-boxer\/#primaryimage\",\"inLanguage\":\"en-GB\",\"url\":\"https:\/\/padas.al\/wp-content\/uploads\/2024\/04\/97064-10-019-1.jpg\",\"contentUrl\":\"https:\/\/padas.al\/wp-content\/uploads\/2024\/04\/97064-10-019-1.jpg\",\"width\":1000,\"height\":1000},{\"@type\":\"WebPage\",\"@id\":\"https:\/\/padas.al\/product\/sandale-lekure-me-take-katrore-dhe-gome-te-perkulshme-boxer\/#webpage\",\"url\":\"https:\/\/padas.al\/product\/sandale-lekure-me-take-katrore-dhe-gome-te-perkulshme-boxer\/\",\"name\":\"Sandale l\u00ebkure me tak\u00eb katrore dhe gom\u00eb t\u00eb p\u00ebrkulshme, Boxer - PADAS\",\"isPartOf\":{\"@id\":\"https:\/\/padas.al\/#website\"},\"primaryImageOfPage\":{\"@id\":\"https:\/\/padas.al\/product\/sandale-lekure-me-take-katrore-dhe-gome-te-perkulshme-boxer\/#primaryimage\"},\"datePublished\":\"2024-04-23T17:05:35+00:00\",\"dateModified\":\"2024-04-23T17:05:35+00:00\",\"description\":\"Sandalet m\u00eb t\u00eb buta m\u00eb t\u00eb lehta dhe me gom\u00eb fleksib\u00ebl jan\u00eb k\u00ebto. Mund ti mbani veshur me orar t\u00eb zgjatur dhe k\u00ebmb\u00ebt tuaja do jen\u00eb t\u00eb shplodhura.\",\"breadcrumb\":{\"@id\":\"https:\/\/padas.al\/product\/sandale-lekure-me-take-katrore-dhe-gome-te-perkulshme-boxer\/#breadcrumb\"},\"inLanguage\":\"en-GB\",\"potentialAction\":[{\"@type\":\"ReadAction\",\"target\":[\"https:\/\/padas.al\/product\/sandale-lekure-me-take-katrore-dhe-gome-te-perkulshme-boxer\/\"]}]},{\"@type\":\"BreadcrumbList\",\"@id\":\"https:\/\/padas.al\/product\/sandale-lekure-me-take-katrore-dhe-gome-te-perkulshme-boxer\/#breadcrumb\",\"itemListElement\":[{\"@type\":\"ListItem\",\"position\":1,\"name\":\"Home\",\"item\":\"https:\/\/padas.al\/\"},{\"@type\":\"ListItem\",\"position\":2,\"name\":\"Shop\",\"item\":\"https:\/\/padas.al\/shop\/\"},{\"@type\":\"ListItem\",\"position\":3,\"name\":\"Sandale l\u00ebkure me tak\u00eb katrore dhe gom\u00eb t\u00eb p\u00ebrkulshme, Boxer\"}]}]}<\/script>\n<!-- \/ Yoast SEO plugin. -->","yoast_head_json":{"title":"Sandale l\u00ebkure me tak\u00eb katrore dhe gom\u00eb t\u00eb p\u00ebrkulshme, Boxer - PADAS","description":"Sandalet m\u00eb t\u00eb buta m\u00eb t\u00eb lehta dhe me gom\u00eb fleksib\u00ebl jan\u00eb k\u00ebto. Mund ti mbani veshur me orar t\u00eb zgjatur dhe k\u00ebmb\u00ebt tuaja do jen\u00eb t\u00eb shplodhura.","robots":{"index":"index","follow":"follow","max-snippet":"max-snippet:-1","max-image-preview":"max-image-preview:large","max-video-preview":"max-video-preview:-1"},"canonical":"https:\/\/padas.al\/english\/product\/sandale-lekure-me-take-katrore-dhe-gome-te-perkulshme-boxer\/","og_locale":"en_GB","og_type":"article","og_title":"Sandale l\u00ebkure me tak\u00eb katrore dhe gom\u00eb t\u00eb p\u00ebrkulshme, Boxer - PADAS","og_description":"Sandalet m\u00eb t\u00eb buta m\u00eb t\u00eb lehta dhe me gom\u00eb fleksib\u00ebl jan\u00eb k\u00ebto. Mund ti mbani veshur me orar t\u00eb zgjatur dhe k\u00ebmb\u00ebt tuaja do jen\u00eb t\u00eb shplodhura.","og_url":"https:\/\/padas.al\/english\/product\/sandale-lekure-me-take-katrore-dhe-gome-te-perkulshme-boxer\/","og_site_name":"PADAS","og_image":[{"width":1000,"height":1000,"url":"https:\/\/padas.al\/wp-content\/uploads\/2024\/04\/97064-10-019-1.jpg","type":"image\/jpeg"}],"twitter_card":"summary_large_image","twitter_misc":{"Estimated reading time":"1 minute"},"schema":{"@context":"https:\/\/schema.org","@graph":[{"@type":"Organization","@id":"https:\/\/padas.al\/#organization","name":"Padas.al","url":"https:\/\/padas.al\/","sameAs":[],"logo":{"@type":"ImageObject","@id":"https:\/\/padas.al\/#logo","inLanguage":"en-GB","url":"https:\/\/padas.al\/wp-content\/uploads\/2021\/12\/padas-logo-01.svg","contentUrl":"https:\/\/padas.al\/wp-content\/uploads\/2021\/12\/padas-logo-01.svg","width":196.4218,"height":195.7925,"caption":"Padas.al"},"image":{"@id":"https:\/\/padas.al\/#logo"}},{"@type":"WebSite","@id":"https:\/\/padas.al\/#website","url":"https:\/\/padas.al\/","name":"PADAS","description":"Shoe Shop","publisher":{"@id":"https:\/\/padas.al\/#organization"},"potentialAction":[{"@type":"SearchAction","target":{"@type":"EntryPoint","urlTemplate":"https:\/\/padas.al\/?s={search_term_string}"},"query-input":"required name=search_term_string"}],"inLanguage":"en-GB"},{"@type":"ImageObject","@id":"https:\/\/padas.al\/product\/sandale-lekure-me-take-katrore-dhe-gome-te-perkulshme-boxer\/#primaryimage","inLanguage":"en-GB","url":"https:\/\/padas.al\/wp-content\/uploads\/2024\/04\/97064-10-019-1.jpg","contentUrl":"https:\/\/padas.al\/wp-content\/uploads\/2024\/04\/97064-10-019-1.jpg","width":1000,"height":1000},{"@type":"WebPage","@id":"https:\/\/padas.al\/product\/sandale-lekure-me-take-katrore-dhe-gome-te-perkulshme-boxer\/#webpage","url":"https:\/\/padas.al\/product\/sandale-lekure-me-take-katrore-dhe-gome-te-perkulshme-boxer\/","name":"Sandale l\u00ebkure me tak\u00eb katrore dhe gom\u00eb t\u00eb p\u00ebrkulshme, Boxer - PADAS","isPartOf":{"@id":"https:\/\/padas.al\/#website"},"primaryImageOfPage":{"@id":"https:\/\/padas.al\/product\/sandale-lekure-me-take-katrore-dhe-gome-te-perkulshme-boxer\/#primaryimage"},"datePublished":"2024-04-23T17:05:35+00:00","dateModified":"2024-04-23T17:05:35+00:00","description":"Sandalet m\u00eb t\u00eb buta m\u00eb t\u00eb lehta dhe me gom\u00eb fleksib\u00ebl jan\u00eb k\u00ebto. Mund ti mbani veshur me orar t\u00eb zgjatur dhe k\u00ebmb\u00ebt tuaja do jen\u00eb t\u00eb shplodhura.","breadcrumb":{"@id":"https:\/\/padas.al\/product\/sandale-lekure-me-take-katrore-dhe-gome-te-perkulshme-boxer\/#breadcrumb"},"inLanguage":"en-GB","potentialAction":[{"@type":"ReadAction","target":["https:\/\/padas.al\/product\/sandale-lekure-me-take-katrore-dhe-gome-te-perkulshme-boxer\/"]}]},{"@type":"BreadcrumbList","@id":"https:\/\/padas.al\/product\/sandale-lekure-me-take-katrore-dhe-gome-te-perkulshme-boxer\/#breadcrumb","itemListElement":[{"@type":"ListItem","position":1,"name":"Home","item":"https:\/\/padas.al\/"},{"@type":"ListItem","position":2,"name":"Shop","item":"https:\/\/padas.al\/shop\/"},{"@type":"ListItem","position":3,"name":"Sandale l\u00ebkure me tak\u00eb katrore dhe gom\u00eb t\u00eb p\u00ebrkulshme, Boxer"}]}]}},"_links":{"self":[{"href":"https:\/\/padas.al\/english\/wp-json\/wp\/v2\/product\/11413"}],"collection":[{"href":"https:\/\/padas.al\/english\/wp-json\/wp\/v2\/product"}],"about":[{"href":"https:\/\/padas.al\/english\/wp-json\/wp\/v2\/types\/product"}],"replies":[{"embeddable":true,"href":"https:\/\/padas.al\/english\/wp-json\/wp\/v2\/comments?post=11413"}],"wp:featuredmedia":[{"embeddable":true,"href":"https:\/\/padas.al\/english\/wp-json\/wp\/v2\/media\/11414"}],"wp:attachment":[{"href":"https:\/\/padas.al\/english\/wp-json\/wp\/v2\/media?parent=11413"}],"wp:term":[{"taxonomy":"product_cat","embeddable":true,"href":"https:\/\/padas.al\/english\/wp-json\/wp\/v2\/product_cat?post=11413"},{"taxonomy":"product_tag","embeddable":true,"href":"https:\/\/padas.al\/english\/wp-json\/wp\/v2\/product_tag?post=11413"}],"curies":[{"name":"wp","href":"https:\/\/api.w.org\/{rel}","templated":true}]}}