{"id":11516,"date":"2024-05-03T17:58:31","date_gmt":"2024-05-03T17:58:31","guid":{"rendered":"https:\/\/padas.al\/?post_type=product&#038;p=11516"},"modified":"2026-05-03T15:04:28","modified_gmt":"2026-05-03T15:04:28","slug":"cante-e-vogel-e-zeze-me-doreze-dhe-rrip-zinxhir","status":"publish","type":"product","link":"https:\/\/padas.al\/english\/product\/cante-e-vogel-e-zeze-me-doreze-dhe-rrip-zinxhir\/","title":{"rendered":"\u00c7ant\u00eb e vog\u00ebl e zez\u00eb me dorez\u00eb dhe rrip zinxhir."},"content":{"rendered":"<p>\u00c7anta \u00ebsht\u00eb e punuar nga l\u00ebkura ekologjike me shk\u00eblqim, modeli vjen n\u00eb ngjyr\u00ebn e zez\u00eb, bezh\u00eb dhe at\u00eb kanell\u00eb. \u00c7anta ka dorez\u00ebn e cila mbyllet me dy per\u00e7ina, vet \u00e7anta mbyllet me zixhir dhe brenda ka nj\u00eb xhep. \u00c7anta ka gjithashtu dhe rripin e gjat\u00eb zinxhir p\u00ebr ta mbajtur n\u00eb sup at\u00eb, n\u00eb faqen e p\u00ebrparme gjendet logo e vet firm\u00ebs e cila \u00ebsht\u00eb n\u00eb ngjyr\u00ebn e floririt nj\u00ebsoj si rripi.<\/p>","protected":false},"excerpt":{"rendered":"<p>\u00c7anta \u00ebsht\u00eb produkt i firm\u00ebs Verde, kompani e cila prodhon aksesor\u00eb p\u00ebr femra sipas tendencave m\u00eb t\u00eb fundit. E bukura e k\u00ebtij modeli \u00ebsht\u00eb p\u00ebrshtatja p\u00ebr ta mbajtur at\u00eb si n\u00eb p\u00ebrditshm\u00ebri po ashtu dhe p\u00ebr mbr\u00ebmjet tuaja.<\/p>","protected":false},"featured_media":11517,"comment_status":"open","ping_status":"closed","template":"","meta":[],"product_cat":[139,168,161,163,166,165,218],"product_tag":[],"yoast_head":"<!-- This site is optimized with the Yoast SEO plugin v18.3 - https:\/\/yoast.com\/wordpress\/plugins\/seo\/ -->\n<title>\u00c7ant\u00eb e vog\u00ebl e zez\u00eb me dorez\u00eb dhe rrip zinxhir. - PADAS<\/title>\n<meta name=\"description\" content=\"\u00c7anta m\u00eb lozonjare \u00ebsht\u00eb kjo, ka form\u00eb unike materiali i saj me shk\u00eblqim e b\u00ebn akoma m\u00eb interesante. E p\u00ebrshtatshme p\u00ebr darkat tuaja dhe jo vet\u00ebm.\" \/>\n<meta name=\"robots\" content=\"index, follow, max-snippet:-1, max-image-preview:large, max-video-preview:-1\" \/>\n<link rel=\"canonical\" href=\"https:\/\/padas.al\/english\/product\/cante-e-vogel-e-zeze-me-doreze-dhe-rrip-zinxhir\/\" \/>\n<meta property=\"og:locale\" content=\"en_GB\" \/>\n<meta property=\"og:type\" content=\"article\" \/>\n<meta property=\"og:title\" content=\"\u00c7ant\u00eb e vog\u00ebl e zez\u00eb me dorez\u00eb dhe rrip zinxhir. - PADAS\" \/>\n<meta property=\"og:description\" content=\"\u00c7anta m\u00eb lozonjare \u00ebsht\u00eb kjo, ka form\u00eb unike materiali i saj me shk\u00eblqim e b\u00ebn akoma m\u00eb interesante. E p\u00ebrshtatshme p\u00ebr darkat tuaja dhe jo vet\u00ebm.\" \/>\n<meta property=\"og:url\" content=\"https:\/\/padas.al\/english\/product\/cante-e-vogel-e-zeze-me-doreze-dhe-rrip-zinxhir\/\" \/>\n<meta property=\"og:site_name\" content=\"PADAS\" \/>\n<meta property=\"article:modified_time\" content=\"2026-05-03T15:04:28+00:00\" \/>\n<meta property=\"og:image\" content=\"https:\/\/padas.al\/wp-content\/uploads\/2024\/05\/fixedratio_20240222110627_f9408814.jpeg\" \/>\n\t<meta property=\"og:image:width\" content=\"540\" \/>\n\t<meta property=\"og:image:height\" content=\"720\" \/>\n\t<meta property=\"og:image:type\" content=\"image\/jpeg\" \/>\n<meta name=\"twitter:card\" content=\"summary_large_image\" \/>\n<meta name=\"twitter:label1\" content=\"Estimated reading time\" \/>\n\t<meta name=\"twitter:data1\" content=\"1 minute\" \/>\n<script type=\"application\/ld+json\" class=\"yoast-schema-graph\">{\"@context\":\"https:\/\/schema.org\",\"@graph\":[{\"@type\":\"Organization\",\"@id\":\"https:\/\/padas.al\/#organization\",\"name\":\"Padas.al\",\"url\":\"https:\/\/padas.al\/\",\"sameAs\":[],\"logo\":{\"@type\":\"ImageObject\",\"@id\":\"https:\/\/padas.al\/#logo\",\"inLanguage\":\"en-GB\",\"url\":\"https:\/\/padas.al\/wp-content\/uploads\/2021\/12\/padas-logo-01.svg\",\"contentUrl\":\"https:\/\/padas.al\/wp-content\/uploads\/2021\/12\/padas-logo-01.svg\",\"width\":196.4218,\"height\":195.7925,\"caption\":\"Padas.al\"},\"image\":{\"@id\":\"https:\/\/padas.al\/#logo\"}},{\"@type\":\"WebSite\",\"@id\":\"https:\/\/padas.al\/#website\",\"url\":\"https:\/\/padas.al\/\",\"name\":\"PADAS\",\"description\":\"Shoe Shop\",\"publisher\":{\"@id\":\"https:\/\/padas.al\/#organization\"},\"potentialAction\":[{\"@type\":\"SearchAction\",\"target\":{\"@type\":\"EntryPoint\",\"urlTemplate\":\"https:\/\/padas.al\/?s={search_term_string}\"},\"query-input\":\"required name=search_term_string\"}],\"inLanguage\":\"en-GB\"},{\"@type\":\"ImageObject\",\"@id\":\"https:\/\/padas.al\/product\/cante-e-vogel-e-zeze-me-doreze-dhe-rrip-zinxhir\/#primaryimage\",\"inLanguage\":\"en-GB\",\"url\":\"https:\/\/padas.al\/wp-content\/uploads\/2024\/05\/fixedratio_20240222110627_f9408814.jpeg\",\"contentUrl\":\"https:\/\/padas.al\/wp-content\/uploads\/2024\/05\/fixedratio_20240222110627_f9408814.jpeg\",\"width\":540,\"height\":720},{\"@type\":\"WebPage\",\"@id\":\"https:\/\/padas.al\/product\/cante-e-vogel-e-zeze-me-doreze-dhe-rrip-zinxhir\/#webpage\",\"url\":\"https:\/\/padas.al\/product\/cante-e-vogel-e-zeze-me-doreze-dhe-rrip-zinxhir\/\",\"name\":\"\u00c7ant\u00eb e vog\u00ebl e zez\u00eb me dorez\u00eb dhe rrip zinxhir. - PADAS\",\"isPartOf\":{\"@id\":\"https:\/\/padas.al\/#website\"},\"primaryImageOfPage\":{\"@id\":\"https:\/\/padas.al\/product\/cante-e-vogel-e-zeze-me-doreze-dhe-rrip-zinxhir\/#primaryimage\"},\"datePublished\":\"2024-05-03T17:58:31+00:00\",\"dateModified\":\"2026-05-03T15:04:28+00:00\",\"description\":\"\u00c7anta m\u00eb lozonjare \u00ebsht\u00eb kjo, ka form\u00eb unike materiali i saj me shk\u00eblqim e b\u00ebn akoma m\u00eb interesante. E p\u00ebrshtatshme p\u00ebr darkat tuaja dhe jo vet\u00ebm.\",\"breadcrumb\":{\"@id\":\"https:\/\/padas.al\/product\/cante-e-vogel-e-zeze-me-doreze-dhe-rrip-zinxhir\/#breadcrumb\"},\"inLanguage\":\"en-GB\",\"potentialAction\":[{\"@type\":\"ReadAction\",\"target\":[\"https:\/\/padas.al\/product\/cante-e-vogel-e-zeze-me-doreze-dhe-rrip-zinxhir\/\"]}]},{\"@type\":\"BreadcrumbList\",\"@id\":\"https:\/\/padas.al\/product\/cante-e-vogel-e-zeze-me-doreze-dhe-rrip-zinxhir\/#breadcrumb\",\"itemListElement\":[{\"@type\":\"ListItem\",\"position\":1,\"name\":\"Home\",\"item\":\"https:\/\/padas.al\/\"},{\"@type\":\"ListItem\",\"position\":2,\"name\":\"Shop\",\"item\":\"https:\/\/padas.al\/shop\/\"},{\"@type\":\"ListItem\",\"position\":3,\"name\":\"\u00c7ant\u00eb e vog\u00ebl e zez\u00eb me dorez\u00eb dhe rrip zinxhir.\"}]}]}<\/script>\n<!-- \/ Yoast SEO plugin. -->","yoast_head_json":{"title":"\u00c7ant\u00eb e vog\u00ebl e zez\u00eb me dorez\u00eb dhe rrip zinxhir. - PADAS","description":"\u00c7anta m\u00eb lozonjare \u00ebsht\u00eb kjo, ka form\u00eb unike materiali i saj me shk\u00eblqim e b\u00ebn akoma m\u00eb interesante. E p\u00ebrshtatshme p\u00ebr darkat tuaja dhe jo vet\u00ebm.","robots":{"index":"index","follow":"follow","max-snippet":"max-snippet:-1","max-image-preview":"max-image-preview:large","max-video-preview":"max-video-preview:-1"},"canonical":"https:\/\/padas.al\/english\/product\/cante-e-vogel-e-zeze-me-doreze-dhe-rrip-zinxhir\/","og_locale":"en_GB","og_type":"article","og_title":"\u00c7ant\u00eb e vog\u00ebl e zez\u00eb me dorez\u00eb dhe rrip zinxhir. - PADAS","og_description":"\u00c7anta m\u00eb lozonjare \u00ebsht\u00eb kjo, ka form\u00eb unike materiali i saj me shk\u00eblqim e b\u00ebn akoma m\u00eb interesante. E p\u00ebrshtatshme p\u00ebr darkat tuaja dhe jo vet\u00ebm.","og_url":"https:\/\/padas.al\/english\/product\/cante-e-vogel-e-zeze-me-doreze-dhe-rrip-zinxhir\/","og_site_name":"PADAS","article_modified_time":"2026-05-03T15:04:28+00:00","og_image":[{"width":540,"height":720,"url":"https:\/\/padas.al\/wp-content\/uploads\/2024\/05\/fixedratio_20240222110627_f9408814.jpeg","type":"image\/jpeg"}],"twitter_card":"summary_large_image","twitter_misc":{"Estimated reading time":"1 minute"},"schema":{"@context":"https:\/\/schema.org","@graph":[{"@type":"Organization","@id":"https:\/\/padas.al\/#organization","name":"Padas.al","url":"https:\/\/padas.al\/","sameAs":[],"logo":{"@type":"ImageObject","@id":"https:\/\/padas.al\/#logo","inLanguage":"en-GB","url":"https:\/\/padas.al\/wp-content\/uploads\/2021\/12\/padas-logo-01.svg","contentUrl":"https:\/\/padas.al\/wp-content\/uploads\/2021\/12\/padas-logo-01.svg","width":196.4218,"height":195.7925,"caption":"Padas.al"},"image":{"@id":"https:\/\/padas.al\/#logo"}},{"@type":"WebSite","@id":"https:\/\/padas.al\/#website","url":"https:\/\/padas.al\/","name":"PADAS","description":"Shoe Shop","publisher":{"@id":"https:\/\/padas.al\/#organization"},"potentialAction":[{"@type":"SearchAction","target":{"@type":"EntryPoint","urlTemplate":"https:\/\/padas.al\/?s={search_term_string}"},"query-input":"required name=search_term_string"}],"inLanguage":"en-GB"},{"@type":"ImageObject","@id":"https:\/\/padas.al\/product\/cante-e-vogel-e-zeze-me-doreze-dhe-rrip-zinxhir\/#primaryimage","inLanguage":"en-GB","url":"https:\/\/padas.al\/wp-content\/uploads\/2024\/05\/fixedratio_20240222110627_f9408814.jpeg","contentUrl":"https:\/\/padas.al\/wp-content\/uploads\/2024\/05\/fixedratio_20240222110627_f9408814.jpeg","width":540,"height":720},{"@type":"WebPage","@id":"https:\/\/padas.al\/product\/cante-e-vogel-e-zeze-me-doreze-dhe-rrip-zinxhir\/#webpage","url":"https:\/\/padas.al\/product\/cante-e-vogel-e-zeze-me-doreze-dhe-rrip-zinxhir\/","name":"\u00c7ant\u00eb e vog\u00ebl e zez\u00eb me dorez\u00eb dhe rrip zinxhir. - PADAS","isPartOf":{"@id":"https:\/\/padas.al\/#website"},"primaryImageOfPage":{"@id":"https:\/\/padas.al\/product\/cante-e-vogel-e-zeze-me-doreze-dhe-rrip-zinxhir\/#primaryimage"},"datePublished":"2024-05-03T17:58:31+00:00","dateModified":"2026-05-03T15:04:28+00:00","description":"\u00c7anta m\u00eb lozonjare \u00ebsht\u00eb kjo, ka form\u00eb unike materiali i saj me shk\u00eblqim e b\u00ebn akoma m\u00eb interesante. E p\u00ebrshtatshme p\u00ebr darkat tuaja dhe jo vet\u00ebm.","breadcrumb":{"@id":"https:\/\/padas.al\/product\/cante-e-vogel-e-zeze-me-doreze-dhe-rrip-zinxhir\/#breadcrumb"},"inLanguage":"en-GB","potentialAction":[{"@type":"ReadAction","target":["https:\/\/padas.al\/product\/cante-e-vogel-e-zeze-me-doreze-dhe-rrip-zinxhir\/"]}]},{"@type":"BreadcrumbList","@id":"https:\/\/padas.al\/product\/cante-e-vogel-e-zeze-me-doreze-dhe-rrip-zinxhir\/#breadcrumb","itemListElement":[{"@type":"ListItem","position":1,"name":"Home","item":"https:\/\/padas.al\/"},{"@type":"ListItem","position":2,"name":"Shop","item":"https:\/\/padas.al\/shop\/"},{"@type":"ListItem","position":3,"name":"\u00c7ant\u00eb e vog\u00ebl e zez\u00eb me dorez\u00eb dhe rrip zinxhir."}]}]}},"_links":{"self":[{"href":"https:\/\/padas.al\/english\/wp-json\/wp\/v2\/product\/11516"}],"collection":[{"href":"https:\/\/padas.al\/english\/wp-json\/wp\/v2\/product"}],"about":[{"href":"https:\/\/padas.al\/english\/wp-json\/wp\/v2\/types\/product"}],"replies":[{"embeddable":true,"href":"https:\/\/padas.al\/english\/wp-json\/wp\/v2\/comments?post=11516"}],"wp:featuredmedia":[{"embeddable":true,"href":"https:\/\/padas.al\/english\/wp-json\/wp\/v2\/media\/11517"}],"wp:attachment":[{"href":"https:\/\/padas.al\/english\/wp-json\/wp\/v2\/media?parent=11516"}],"wp:term":[{"taxonomy":"product_cat","embeddable":true,"href":"https:\/\/padas.al\/english\/wp-json\/wp\/v2\/product_cat?post=11516"},{"taxonomy":"product_tag","embeddable":true,"href":"https:\/\/padas.al\/english\/wp-json\/wp\/v2\/product_tag?post=11516"}],"curies":[{"name":"wp","href":"https:\/\/api.w.org\/{rel}","templated":true}]}}