{"id":11606,"date":"2024-10-07T11:48:42","date_gmt":"2024-10-07T11:48:42","guid":{"rendered":"https:\/\/padas.al\/?post_type=product&#038;p=11606"},"modified":"2026-02-02T15:54:08","modified_gmt":"2026-02-02T15:54:08","slug":"kepuce-lekure-ragazza-me-take-te-ulet","status":"publish","type":"product","link":"https:\/\/padas.al\/english\/product\/kepuce-lekure-ragazza-me-take-te-ulet\/","title":{"rendered":"K\u00ebpuc\u00eb l\u00ebkure Ragazza me tak\u00eb t\u00eb ul\u00ebt."},"content":{"rendered":"<p>K\u00ebpuc\u00ebt jan\u00eb t\u00eb p\u00ebrb\u00ebra prej l\u00ebkure natyrale dhe n\u00eb pjes\u00ebn ku mb\u00ebshtetet shputa e k\u00ebmb\u00ebs kan\u00eb shtres\u00eb t\u00eb but\u00eb Dryflex u cila ofron k\u00ebmb\u00ebve t\u00eb jen\u00eb t\u00eb thata pa lag\u00ebshtir\u00eb. Kan\u00eb nj\u00eb aksesor zbukurues sip\u00ebr me detaje n\u00eb ngjyr\u00ebn e floririt. Taka e tyre \u00ebsht\u00eb e plot\u00eb dhe ka mb\u00ebshtetje t\u00eb mir\u00eb, lart\u00ebsia e saj \u00ebsht\u00eb 5cm.<\/p>","protected":false},"excerpt":{"rendered":"<p>K\u00ebpuc\u00ebt jan\u00eb prodhim i firm\u00ebs greke Ragazza e cila prodhon k\u00ebpuc\u00eb l\u00ebkure p\u00ebr femra sipas trendeve t\u00eb fundit. Modeli \u00ebsht\u00eb praktik fal\u00eb tak\u00ebs q\u00eb ato kan\u00eb duke ofruar siguri n\u00eb hapat q\u00eb hidhni. Taka e tyre \u00ebsht\u00eb e veshur me l\u00ebkur\u00eb detaj i cili rrit vler\u00ebn e k\u00ebpuc\u00ebve.<\/p>","protected":false},"featured_media":11608,"comment_status":"open","ping_status":"closed","template":"","meta":[],"product_cat":[139,140,146,142,144,222,224],"product_tag":[],"yoast_head":"<!-- This site is optimized with the Yoast SEO plugin v18.3 - https:\/\/yoast.com\/wordpress\/plugins\/seo\/ -->\n<title>K\u00ebpuc\u00eb l\u00ebkure Ragazza me tak\u00eb t\u00eb ul\u00ebt. - PADAS<\/title>\n<meta name=\"description\" content=\"K\u00ebpuc\u00eb me tak\u00eb t\u00eb ul\u00ebt praktike p\u00ebr ti mbajtuar veshur n\u00eb \u00e7do or\u00eb t\u00eb dit\u00ebs, modeli ka dhe detaj sip\u00ebr e cila i b\u00ebn k\u00ebpuc\u00ebt akoma m\u00eb t\u00ebrheq\u00ebse.\" \/>\n<meta name=\"robots\" content=\"index, follow, max-snippet:-1, max-image-preview:large, max-video-preview:-1\" \/>\n<link rel=\"canonical\" href=\"https:\/\/padas.al\/english\/product\/kepuce-lekure-ragazza-me-take-te-ulet\/\" \/>\n<meta property=\"og:locale\" content=\"en_GB\" \/>\n<meta property=\"og:type\" content=\"article\" \/>\n<meta property=\"og:title\" content=\"K\u00ebpuc\u00eb l\u00ebkure Ragazza me tak\u00eb t\u00eb ul\u00ebt. - PADAS\" \/>\n<meta property=\"og:description\" content=\"K\u00ebpuc\u00eb me tak\u00eb t\u00eb ul\u00ebt praktike p\u00ebr ti mbajtuar veshur n\u00eb \u00e7do or\u00eb t\u00eb dit\u00ebs, modeli ka dhe detaj sip\u00ebr e cila i b\u00ebn k\u00ebpuc\u00ebt akoma m\u00eb t\u00ebrheq\u00ebse.\" \/>\n<meta property=\"og:url\" content=\"https:\/\/padas.al\/english\/product\/kepuce-lekure-ragazza-me-take-te-ulet\/\" \/>\n<meta property=\"og:site_name\" content=\"PADAS\" \/>\n<meta property=\"article:modified_time\" content=\"2026-02-02T15:54:08+00:00\" \/>\n<meta property=\"og:image\" content=\"https:\/\/padas.al\/wp-content\/uploads\/2024\/10\/SFWC2425_00014.jpg\" \/>\n\t<meta property=\"og:image:width\" content=\"1200\" \/>\n\t<meta property=\"og:image:height\" content=\"1200\" \/>\n\t<meta property=\"og:image:type\" content=\"image\/jpeg\" \/>\n<meta name=\"twitter:card\" content=\"summary_large_image\" \/>\n<script type=\"application\/ld+json\" class=\"yoast-schema-graph\">{\"@context\":\"https:\/\/schema.org\",\"@graph\":[{\"@type\":\"Organization\",\"@id\":\"https:\/\/padas.al\/#organization\",\"name\":\"Padas.al\",\"url\":\"https:\/\/padas.al\/\",\"sameAs\":[],\"logo\":{\"@type\":\"ImageObject\",\"@id\":\"https:\/\/padas.al\/#logo\",\"inLanguage\":\"en-GB\",\"url\":\"https:\/\/padas.al\/wp-content\/uploads\/2021\/12\/padas-logo-01.svg\",\"contentUrl\":\"https:\/\/padas.al\/wp-content\/uploads\/2021\/12\/padas-logo-01.svg\",\"width\":196.4218,\"height\":195.7925,\"caption\":\"Padas.al\"},\"image\":{\"@id\":\"https:\/\/padas.al\/#logo\"}},{\"@type\":\"WebSite\",\"@id\":\"https:\/\/padas.al\/#website\",\"url\":\"https:\/\/padas.al\/\",\"name\":\"PADAS\",\"description\":\"Shoe Shop\",\"publisher\":{\"@id\":\"https:\/\/padas.al\/#organization\"},\"potentialAction\":[{\"@type\":\"SearchAction\",\"target\":{\"@type\":\"EntryPoint\",\"urlTemplate\":\"https:\/\/padas.al\/?s={search_term_string}\"},\"query-input\":\"required name=search_term_string\"}],\"inLanguage\":\"en-GB\"},{\"@type\":\"ImageObject\",\"@id\":\"https:\/\/padas.al\/product\/kepuce-lekure-ragazza-me-take-te-ulet\/#primaryimage\",\"inLanguage\":\"en-GB\",\"url\":\"https:\/\/padas.al\/wp-content\/uploads\/2024\/10\/SFWC2425_00014.jpg\",\"contentUrl\":\"https:\/\/padas.al\/wp-content\/uploads\/2024\/10\/SFWC2425_00014.jpg\",\"width\":1200,\"height\":1200},{\"@type\":\"WebPage\",\"@id\":\"https:\/\/padas.al\/product\/kepuce-lekure-ragazza-me-take-te-ulet\/#webpage\",\"url\":\"https:\/\/padas.al\/product\/kepuce-lekure-ragazza-me-take-te-ulet\/\",\"name\":\"K\u00ebpuc\u00eb l\u00ebkure Ragazza me tak\u00eb t\u00eb ul\u00ebt. - PADAS\",\"isPartOf\":{\"@id\":\"https:\/\/padas.al\/#website\"},\"primaryImageOfPage\":{\"@id\":\"https:\/\/padas.al\/product\/kepuce-lekure-ragazza-me-take-te-ulet\/#primaryimage\"},\"datePublished\":\"2024-10-07T11:48:42+00:00\",\"dateModified\":\"2026-02-02T15:54:08+00:00\",\"description\":\"K\u00ebpuc\u00eb me tak\u00eb t\u00eb ul\u00ebt praktike p\u00ebr ti mbajtuar veshur n\u00eb \u00e7do or\u00eb t\u00eb dit\u00ebs, modeli ka dhe detaj sip\u00ebr e cila i b\u00ebn k\u00ebpuc\u00ebt akoma m\u00eb t\u00ebrheq\u00ebse.\",\"breadcrumb\":{\"@id\":\"https:\/\/padas.al\/product\/kepuce-lekure-ragazza-me-take-te-ulet\/#breadcrumb\"},\"inLanguage\":\"en-GB\",\"potentialAction\":[{\"@type\":\"ReadAction\",\"target\":[\"https:\/\/padas.al\/product\/kepuce-lekure-ragazza-me-take-te-ulet\/\"]}]},{\"@type\":\"BreadcrumbList\",\"@id\":\"https:\/\/padas.al\/product\/kepuce-lekure-ragazza-me-take-te-ulet\/#breadcrumb\",\"itemListElement\":[{\"@type\":\"ListItem\",\"position\":1,\"name\":\"Home\",\"item\":\"https:\/\/padas.al\/\"},{\"@type\":\"ListItem\",\"position\":2,\"name\":\"Shop\",\"item\":\"https:\/\/padas.al\/shop\/\"},{\"@type\":\"ListItem\",\"position\":3,\"name\":\"K\u00ebpuc\u00eb l\u00ebkure Ragazza me tak\u00eb t\u00eb ul\u00ebt.\"}]}]}<\/script>\n<!-- \/ Yoast SEO plugin. -->","yoast_head_json":{"title":"K\u00ebpuc\u00eb l\u00ebkure Ragazza me tak\u00eb t\u00eb ul\u00ebt. - PADAS","description":"K\u00ebpuc\u00eb me tak\u00eb t\u00eb ul\u00ebt praktike p\u00ebr ti mbajtuar veshur n\u00eb \u00e7do or\u00eb t\u00eb dit\u00ebs, modeli ka dhe detaj sip\u00ebr e cila i b\u00ebn k\u00ebpuc\u00ebt akoma m\u00eb t\u00ebrheq\u00ebse.","robots":{"index":"index","follow":"follow","max-snippet":"max-snippet:-1","max-image-preview":"max-image-preview:large","max-video-preview":"max-video-preview:-1"},"canonical":"https:\/\/padas.al\/english\/product\/kepuce-lekure-ragazza-me-take-te-ulet\/","og_locale":"en_GB","og_type":"article","og_title":"K\u00ebpuc\u00eb l\u00ebkure Ragazza me tak\u00eb t\u00eb ul\u00ebt. - PADAS","og_description":"K\u00ebpuc\u00eb me tak\u00eb t\u00eb ul\u00ebt praktike p\u00ebr ti mbajtuar veshur n\u00eb \u00e7do or\u00eb t\u00eb dit\u00ebs, modeli ka dhe detaj sip\u00ebr e cila i b\u00ebn k\u00ebpuc\u00ebt akoma m\u00eb t\u00ebrheq\u00ebse.","og_url":"https:\/\/padas.al\/english\/product\/kepuce-lekure-ragazza-me-take-te-ulet\/","og_site_name":"PADAS","article_modified_time":"2026-02-02T15:54:08+00:00","og_image":[{"width":1200,"height":1200,"url":"https:\/\/padas.al\/wp-content\/uploads\/2024\/10\/SFWC2425_00014.jpg","type":"image\/jpeg"}],"twitter_card":"summary_large_image","schema":{"@context":"https:\/\/schema.org","@graph":[{"@type":"Organization","@id":"https:\/\/padas.al\/#organization","name":"Padas.al","url":"https:\/\/padas.al\/","sameAs":[],"logo":{"@type":"ImageObject","@id":"https:\/\/padas.al\/#logo","inLanguage":"en-GB","url":"https:\/\/padas.al\/wp-content\/uploads\/2021\/12\/padas-logo-01.svg","contentUrl":"https:\/\/padas.al\/wp-content\/uploads\/2021\/12\/padas-logo-01.svg","width":196.4218,"height":195.7925,"caption":"Padas.al"},"image":{"@id":"https:\/\/padas.al\/#logo"}},{"@type":"WebSite","@id":"https:\/\/padas.al\/#website","url":"https:\/\/padas.al\/","name":"PADAS","description":"Shoe Shop","publisher":{"@id":"https:\/\/padas.al\/#organization"},"potentialAction":[{"@type":"SearchAction","target":{"@type":"EntryPoint","urlTemplate":"https:\/\/padas.al\/?s={search_term_string}"},"query-input":"required name=search_term_string"}],"inLanguage":"en-GB"},{"@type":"ImageObject","@id":"https:\/\/padas.al\/product\/kepuce-lekure-ragazza-me-take-te-ulet\/#primaryimage","inLanguage":"en-GB","url":"https:\/\/padas.al\/wp-content\/uploads\/2024\/10\/SFWC2425_00014.jpg","contentUrl":"https:\/\/padas.al\/wp-content\/uploads\/2024\/10\/SFWC2425_00014.jpg","width":1200,"height":1200},{"@type":"WebPage","@id":"https:\/\/padas.al\/product\/kepuce-lekure-ragazza-me-take-te-ulet\/#webpage","url":"https:\/\/padas.al\/product\/kepuce-lekure-ragazza-me-take-te-ulet\/","name":"K\u00ebpuc\u00eb l\u00ebkure Ragazza me tak\u00eb t\u00eb ul\u00ebt. - PADAS","isPartOf":{"@id":"https:\/\/padas.al\/#website"},"primaryImageOfPage":{"@id":"https:\/\/padas.al\/product\/kepuce-lekure-ragazza-me-take-te-ulet\/#primaryimage"},"datePublished":"2024-10-07T11:48:42+00:00","dateModified":"2026-02-02T15:54:08+00:00","description":"K\u00ebpuc\u00eb me tak\u00eb t\u00eb ul\u00ebt praktike p\u00ebr ti mbajtuar veshur n\u00eb \u00e7do or\u00eb t\u00eb dit\u00ebs, modeli ka dhe detaj sip\u00ebr e cila i b\u00ebn k\u00ebpuc\u00ebt akoma m\u00eb t\u00ebrheq\u00ebse.","breadcrumb":{"@id":"https:\/\/padas.al\/product\/kepuce-lekure-ragazza-me-take-te-ulet\/#breadcrumb"},"inLanguage":"en-GB","potentialAction":[{"@type":"ReadAction","target":["https:\/\/padas.al\/product\/kepuce-lekure-ragazza-me-take-te-ulet\/"]}]},{"@type":"BreadcrumbList","@id":"https:\/\/padas.al\/product\/kepuce-lekure-ragazza-me-take-te-ulet\/#breadcrumb","itemListElement":[{"@type":"ListItem","position":1,"name":"Home","item":"https:\/\/padas.al\/"},{"@type":"ListItem","position":2,"name":"Shop","item":"https:\/\/padas.al\/shop\/"},{"@type":"ListItem","position":3,"name":"K\u00ebpuc\u00eb l\u00ebkure Ragazza me tak\u00eb t\u00eb ul\u00ebt."}]}]}},"_links":{"self":[{"href":"https:\/\/padas.al\/english\/wp-json\/wp\/v2\/product\/11606"}],"collection":[{"href":"https:\/\/padas.al\/english\/wp-json\/wp\/v2\/product"}],"about":[{"href":"https:\/\/padas.al\/english\/wp-json\/wp\/v2\/types\/product"}],"replies":[{"embeddable":true,"href":"https:\/\/padas.al\/english\/wp-json\/wp\/v2\/comments?post=11606"}],"wp:featuredmedia":[{"embeddable":true,"href":"https:\/\/padas.al\/english\/wp-json\/wp\/v2\/media\/11608"}],"wp:attachment":[{"href":"https:\/\/padas.al\/english\/wp-json\/wp\/v2\/media?parent=11606"}],"wp:term":[{"taxonomy":"product_cat","embeddable":true,"href":"https:\/\/padas.al\/english\/wp-json\/wp\/v2\/product_cat?post=11606"},{"taxonomy":"product_tag","embeddable":true,"href":"https:\/\/padas.al\/english\/wp-json\/wp\/v2\/product_tag?post=11606"}],"curies":[{"name":"wp","href":"https:\/\/api.w.org\/{rel}","templated":true}]}}