{"id":11647,"date":"2024-10-07T15:28:43","date_gmt":"2024-10-07T15:28:43","guid":{"rendered":"https:\/\/padas.al\/?post_type=product&#038;p=11647"},"modified":"2026-02-02T15:54:58","modified_gmt":"2026-02-02T15:54:58","slug":"loafers-ragazza-prej-lekure-me-platforme","status":"publish","type":"product","link":"https:\/\/padas.al\/english\/product\/loafers-ragazza-prej-lekure-me-platforme\/","title":{"rendered":"Loafers Ragazza prej l\u00ebkure me platform\u00eb."},"content":{"rendered":"<p>K\u00ebpuc\u00ebt jan\u00eb t\u00eb p\u00ebrb\u00ebra prej l\u00ebkure natyrale dhe n\u00eb pjes\u00ebn ku mb\u00ebshtetet shputa e k\u00ebmb\u00ebs kan\u00eb shtres\u00eb t\u00eb but\u00eb Dryflex u cila ofron k\u00ebmb\u00ebve t\u00eb jen\u00eb t\u00eb thata pa lag\u00ebshtir\u00eb. P\u00ebrpara kan\u00eb nj\u00eb tog\u00ebz e cila \u00ebsht\u00eb me detaje n\u00eb ngjyr\u00ebn e floririt . Goma e tyre \u00ebsht\u00eb e plot\u00eb dhe ka mb\u00ebshtetje t\u00eb mir\u00eb, \u00ebsht\u00eb rezintente dhe e leht\u00eb.<\/p>","protected":false},"excerpt":{"rendered":"<p>K\u00ebpuc\u00ebt jan\u00eb prodhim i firm\u00ebs greke Ragazza e cila prodhon k\u00ebpuc\u00eb l\u00ebkure p\u00ebr femra sipas trendeve t\u00eb fundit. Modeli \u00ebsht\u00eb praktik fal\u00eb gom\u00ebs q\u00eb kan\u00eb duke ofruar siguri n\u00eb hapat q\u00eb hidhni. Goma e tyre \u00ebsht\u00eb rezistente dhe e leht\u00eb .<\/p>","protected":false},"featured_media":11648,"comment_status":"open","ping_status":"closed","template":"","meta":[],"product_cat":[139,140,141,145,144,222,224],"product_tag":[],"yoast_head":"<!-- This site is optimized with the Yoast SEO plugin v18.3 - https:\/\/yoast.com\/wordpress\/plugins\/seo\/ -->\n<title>Loafers Ragazza prej l\u00ebkure me platform\u00eb. - PADAS<\/title>\n<meta name=\"description\" content=\"K\u00ebpuc\u00ebt n\u00eb stilin &quot;loafers&quot; jan\u00eb gjithmon\u00eb n\u00eb trend dhe t\u00eb p\u00ebrshatshm\u00eb p\u00ebr \u00e7do veshje e mosh\u00eb, e p\u00ebr m\u00eb tep\u00ebr n\u00eb material prej l\u00ebkure.\" \/>\n<meta name=\"robots\" content=\"index, follow, max-snippet:-1, max-image-preview:large, max-video-preview:-1\" \/>\n<link rel=\"canonical\" href=\"https:\/\/padas.al\/english\/product\/loafers-ragazza-prej-lekure-me-platforme\/\" \/>\n<meta property=\"og:locale\" content=\"en_GB\" \/>\n<meta property=\"og:type\" content=\"article\" \/>\n<meta property=\"og:title\" content=\"Loafers Ragazza prej l\u00ebkure me platform\u00eb. - PADAS\" \/>\n<meta property=\"og:description\" content=\"K\u00ebpuc\u00ebt n\u00eb stilin &quot;loafers&quot; jan\u00eb gjithmon\u00eb n\u00eb trend dhe t\u00eb p\u00ebrshatshm\u00eb p\u00ebr \u00e7do veshje e mosh\u00eb, e p\u00ebr m\u00eb tep\u00ebr n\u00eb material prej l\u00ebkure.\" \/>\n<meta property=\"og:url\" content=\"https:\/\/padas.al\/english\/product\/loafers-ragazza-prej-lekure-me-platforme\/\" \/>\n<meta property=\"og:site_name\" content=\"PADAS\" \/>\n<meta property=\"article:modified_time\" content=\"2026-02-02T15:54:58+00:00\" \/>\n<meta property=\"og:image\" content=\"https:\/\/padas.al\/wp-content\/uploads\/2024\/10\/3FS_4024-scaled-1.jpg\" \/>\n\t<meta property=\"og:image:width\" content=\"1440\" \/>\n\t<meta property=\"og:image:height\" content=\"1440\" \/>\n\t<meta property=\"og:image:type\" content=\"image\/jpeg\" \/>\n<meta name=\"twitter:card\" content=\"summary_large_image\" \/>\n<meta name=\"twitter:label1\" content=\"Estimated reading time\" \/>\n\t<meta name=\"twitter:data1\" content=\"1 minute\" \/>\n<script type=\"application\/ld+json\" class=\"yoast-schema-graph\">{\"@context\":\"https:\/\/schema.org\",\"@graph\":[{\"@type\":\"Organization\",\"@id\":\"https:\/\/padas.al\/#organization\",\"name\":\"Padas.al\",\"url\":\"https:\/\/padas.al\/\",\"sameAs\":[],\"logo\":{\"@type\":\"ImageObject\",\"@id\":\"https:\/\/padas.al\/#logo\",\"inLanguage\":\"en-GB\",\"url\":\"https:\/\/padas.al\/wp-content\/uploads\/2021\/12\/padas-logo-01.svg\",\"contentUrl\":\"https:\/\/padas.al\/wp-content\/uploads\/2021\/12\/padas-logo-01.svg\",\"width\":196.4218,\"height\":195.7925,\"caption\":\"Padas.al\"},\"image\":{\"@id\":\"https:\/\/padas.al\/#logo\"}},{\"@type\":\"WebSite\",\"@id\":\"https:\/\/padas.al\/#website\",\"url\":\"https:\/\/padas.al\/\",\"name\":\"PADAS\",\"description\":\"Shoe Shop\",\"publisher\":{\"@id\":\"https:\/\/padas.al\/#organization\"},\"potentialAction\":[{\"@type\":\"SearchAction\",\"target\":{\"@type\":\"EntryPoint\",\"urlTemplate\":\"https:\/\/padas.al\/?s={search_term_string}\"},\"query-input\":\"required name=search_term_string\"}],\"inLanguage\":\"en-GB\"},{\"@type\":\"ImageObject\",\"@id\":\"https:\/\/padas.al\/product\/loafers-ragazza-prej-lekure-me-platforme\/#primaryimage\",\"inLanguage\":\"en-GB\",\"url\":\"https:\/\/padas.al\/wp-content\/uploads\/2024\/10\/3FS_4024-scaled-1.jpg\",\"contentUrl\":\"https:\/\/padas.al\/wp-content\/uploads\/2024\/10\/3FS_4024-scaled-1.jpg\",\"width\":1440,\"height\":1440},{\"@type\":\"WebPage\",\"@id\":\"https:\/\/padas.al\/product\/loafers-ragazza-prej-lekure-me-platforme\/#webpage\",\"url\":\"https:\/\/padas.al\/product\/loafers-ragazza-prej-lekure-me-platforme\/\",\"name\":\"Loafers Ragazza prej l\u00ebkure me platform\u00eb. - PADAS\",\"isPartOf\":{\"@id\":\"https:\/\/padas.al\/#website\"},\"primaryImageOfPage\":{\"@id\":\"https:\/\/padas.al\/product\/loafers-ragazza-prej-lekure-me-platforme\/#primaryimage\"},\"datePublished\":\"2024-10-07T15:28:43+00:00\",\"dateModified\":\"2026-02-02T15:54:58+00:00\",\"description\":\"K\u00ebpuc\u00ebt n\u00eb stilin \\\"loafers\\\" jan\u00eb gjithmon\u00eb n\u00eb trend dhe t\u00eb p\u00ebrshatshm\u00eb p\u00ebr \u00e7do veshje e mosh\u00eb, e p\u00ebr m\u00eb tep\u00ebr n\u00eb material prej l\u00ebkure.\",\"breadcrumb\":{\"@id\":\"https:\/\/padas.al\/product\/loafers-ragazza-prej-lekure-me-platforme\/#breadcrumb\"},\"inLanguage\":\"en-GB\",\"potentialAction\":[{\"@type\":\"ReadAction\",\"target\":[\"https:\/\/padas.al\/product\/loafers-ragazza-prej-lekure-me-platforme\/\"]}]},{\"@type\":\"BreadcrumbList\",\"@id\":\"https:\/\/padas.al\/product\/loafers-ragazza-prej-lekure-me-platforme\/#breadcrumb\",\"itemListElement\":[{\"@type\":\"ListItem\",\"position\":1,\"name\":\"Home\",\"item\":\"https:\/\/padas.al\/\"},{\"@type\":\"ListItem\",\"position\":2,\"name\":\"Shop\",\"item\":\"https:\/\/padas.al\/shop\/\"},{\"@type\":\"ListItem\",\"position\":3,\"name\":\"Loafers Ragazza prej l\u00ebkure me platform\u00eb.\"}]}]}<\/script>\n<!-- \/ Yoast SEO plugin. -->","yoast_head_json":{"title":"Loafers Ragazza prej l\u00ebkure me platform\u00eb. - PADAS","description":"K\u00ebpuc\u00ebt n\u00eb stilin \"loafers\" jan\u00eb gjithmon\u00eb n\u00eb trend dhe t\u00eb p\u00ebrshatshm\u00eb p\u00ebr \u00e7do veshje e mosh\u00eb, e p\u00ebr m\u00eb tep\u00ebr n\u00eb material prej l\u00ebkure.","robots":{"index":"index","follow":"follow","max-snippet":"max-snippet:-1","max-image-preview":"max-image-preview:large","max-video-preview":"max-video-preview:-1"},"canonical":"https:\/\/padas.al\/english\/product\/loafers-ragazza-prej-lekure-me-platforme\/","og_locale":"en_GB","og_type":"article","og_title":"Loafers Ragazza prej l\u00ebkure me platform\u00eb. - PADAS","og_description":"K\u00ebpuc\u00ebt n\u00eb stilin \"loafers\" jan\u00eb gjithmon\u00eb n\u00eb trend dhe t\u00eb p\u00ebrshatshm\u00eb p\u00ebr \u00e7do veshje e mosh\u00eb, e p\u00ebr m\u00eb tep\u00ebr n\u00eb material prej l\u00ebkure.","og_url":"https:\/\/padas.al\/english\/product\/loafers-ragazza-prej-lekure-me-platforme\/","og_site_name":"PADAS","article_modified_time":"2026-02-02T15:54:58+00:00","og_image":[{"width":1440,"height":1440,"url":"https:\/\/padas.al\/wp-content\/uploads\/2024\/10\/3FS_4024-scaled-1.jpg","type":"image\/jpeg"}],"twitter_card":"summary_large_image","twitter_misc":{"Estimated reading time":"1 minute"},"schema":{"@context":"https:\/\/schema.org","@graph":[{"@type":"Organization","@id":"https:\/\/padas.al\/#organization","name":"Padas.al","url":"https:\/\/padas.al\/","sameAs":[],"logo":{"@type":"ImageObject","@id":"https:\/\/padas.al\/#logo","inLanguage":"en-GB","url":"https:\/\/padas.al\/wp-content\/uploads\/2021\/12\/padas-logo-01.svg","contentUrl":"https:\/\/padas.al\/wp-content\/uploads\/2021\/12\/padas-logo-01.svg","width":196.4218,"height":195.7925,"caption":"Padas.al"},"image":{"@id":"https:\/\/padas.al\/#logo"}},{"@type":"WebSite","@id":"https:\/\/padas.al\/#website","url":"https:\/\/padas.al\/","name":"PADAS","description":"Shoe Shop","publisher":{"@id":"https:\/\/padas.al\/#organization"},"potentialAction":[{"@type":"SearchAction","target":{"@type":"EntryPoint","urlTemplate":"https:\/\/padas.al\/?s={search_term_string}"},"query-input":"required name=search_term_string"}],"inLanguage":"en-GB"},{"@type":"ImageObject","@id":"https:\/\/padas.al\/product\/loafers-ragazza-prej-lekure-me-platforme\/#primaryimage","inLanguage":"en-GB","url":"https:\/\/padas.al\/wp-content\/uploads\/2024\/10\/3FS_4024-scaled-1.jpg","contentUrl":"https:\/\/padas.al\/wp-content\/uploads\/2024\/10\/3FS_4024-scaled-1.jpg","width":1440,"height":1440},{"@type":"WebPage","@id":"https:\/\/padas.al\/product\/loafers-ragazza-prej-lekure-me-platforme\/#webpage","url":"https:\/\/padas.al\/product\/loafers-ragazza-prej-lekure-me-platforme\/","name":"Loafers Ragazza prej l\u00ebkure me platform\u00eb. - PADAS","isPartOf":{"@id":"https:\/\/padas.al\/#website"},"primaryImageOfPage":{"@id":"https:\/\/padas.al\/product\/loafers-ragazza-prej-lekure-me-platforme\/#primaryimage"},"datePublished":"2024-10-07T15:28:43+00:00","dateModified":"2026-02-02T15:54:58+00:00","description":"K\u00ebpuc\u00ebt n\u00eb stilin \"loafers\" jan\u00eb gjithmon\u00eb n\u00eb trend dhe t\u00eb p\u00ebrshatshm\u00eb p\u00ebr \u00e7do veshje e mosh\u00eb, e p\u00ebr m\u00eb tep\u00ebr n\u00eb material prej l\u00ebkure.","breadcrumb":{"@id":"https:\/\/padas.al\/product\/loafers-ragazza-prej-lekure-me-platforme\/#breadcrumb"},"inLanguage":"en-GB","potentialAction":[{"@type":"ReadAction","target":["https:\/\/padas.al\/product\/loafers-ragazza-prej-lekure-me-platforme\/"]}]},{"@type":"BreadcrumbList","@id":"https:\/\/padas.al\/product\/loafers-ragazza-prej-lekure-me-platforme\/#breadcrumb","itemListElement":[{"@type":"ListItem","position":1,"name":"Home","item":"https:\/\/padas.al\/"},{"@type":"ListItem","position":2,"name":"Shop","item":"https:\/\/padas.al\/shop\/"},{"@type":"ListItem","position":3,"name":"Loafers Ragazza prej l\u00ebkure me platform\u00eb."}]}]}},"_links":{"self":[{"href":"https:\/\/padas.al\/english\/wp-json\/wp\/v2\/product\/11647"}],"collection":[{"href":"https:\/\/padas.al\/english\/wp-json\/wp\/v2\/product"}],"about":[{"href":"https:\/\/padas.al\/english\/wp-json\/wp\/v2\/types\/product"}],"replies":[{"embeddable":true,"href":"https:\/\/padas.al\/english\/wp-json\/wp\/v2\/comments?post=11647"}],"wp:featuredmedia":[{"embeddable":true,"href":"https:\/\/padas.al\/english\/wp-json\/wp\/v2\/media\/11648"}],"wp:attachment":[{"href":"https:\/\/padas.al\/english\/wp-json\/wp\/v2\/media?parent=11647"}],"wp:term":[{"taxonomy":"product_cat","embeddable":true,"href":"https:\/\/padas.al\/english\/wp-json\/wp\/v2\/product_cat?post=11647"},{"taxonomy":"product_tag","embeddable":true,"href":"https:\/\/padas.al\/english\/wp-json\/wp\/v2\/product_tag?post=11647"}],"curies":[{"name":"wp","href":"https:\/\/api.w.org\/{rel}","templated":true}]}}