{"id":11700,"date":"2024-10-12T19:36:12","date_gmt":"2024-10-12T19:36:12","guid":{"rendered":"https:\/\/padas.al\/?post_type=product&#038;p=11700"},"modified":"2026-05-03T15:01:14","modified_gmt":"2026-05-03T15:01:14","slug":"cante-verde-ne-forme-te-harkuar-me-dy-rripa","status":"publish","type":"product","link":"https:\/\/padas.al\/english\/product\/cante-verde-ne-forme-te-harkuar-me-dy-rripa\/","title":{"rendered":"\u00c7ant\u00eb Verde n\u00eb form\u00eb t\u00eb harkuar me dy rripa."},"content":{"rendered":"<p>\u00c7anta \u00ebsht\u00eb e p\u00ebrb\u00ebr\u00eb prej l\u00ebkure ekologjike dhe modeli vjen n\u00eb ngjyr\u00eb t\u00eb zez\u00eb, roz\u00eb dhe boj\u00eb qielli pastel. Ka form\u00eb t\u00eb harkuar dhe materiali i saj \u00ebsht\u00eb i but\u00eb. N\u00eb pjes\u00ebn e p\u00ebrparme gjendet logo e firm\u00ebs n\u00eb ngjyr\u00ebn gri.<\/p>","protected":false},"excerpt":{"rendered":"<p>\u00c7anta \u00ebsht\u00eb produkt i firm\u00ebs Verde, kompani e cila ofron aksesor\u00eb p\u00ebr femra sipas tendencave t\u00eb fundit.\u00c7anta mbyllet me zinxhir dhe brenda ka xhep me zinxhir. \u00c7anta ka rripin e shkurt\u00ebr dhe po ashtu rrip t\u00eb gjat\u00eb p\u00ebr ta mbajtur krah\u00ebqaf\u00eb. Praktike p\u00ebr n\u00eb p\u00ebrditshm\u00ebri akoma dhe p\u00ebr mbr\u00ebmjet tuaja.<\/p>","protected":false},"featured_media":11701,"comment_status":"open","ping_status":"closed","template":"","meta":[],"product_cat":[139,168,161,163,166,165,216,217,218],"product_tag":[],"yoast_head":"<!-- This site is optimized with the Yoast SEO plugin v18.3 - https:\/\/yoast.com\/wordpress\/plugins\/seo\/ -->\n<title>\u00c7ant\u00eb Verde n\u00eb form\u00eb t\u00eb harkuar me dy rripa. - PADAS<\/title>\n<meta name=\"description\" content=\"Stili i \u00e7antave t\u00eb quajtur &quot;baguette bag&quot; jan\u00eb trend dhe tep\u00ebr praktike nj\u00ebkoh\u00ebsisht. Modeli dhe ngjyrat e tyre jan\u00eb t\u00eb kombinueshme me \u00e7do veshje\" \/>\n<meta name=\"robots\" content=\"index, follow, max-snippet:-1, max-image-preview:large, max-video-preview:-1\" \/>\n<link rel=\"canonical\" href=\"https:\/\/padas.al\/english\/product\/cante-verde-ne-forme-te-harkuar-me-dy-rripa\/\" \/>\n<meta property=\"og:locale\" content=\"en_GB\" \/>\n<meta property=\"og:type\" content=\"article\" \/>\n<meta property=\"og:title\" content=\"\u00c7ant\u00eb Verde n\u00eb form\u00eb t\u00eb harkuar me dy rripa. - PADAS\" \/>\n<meta property=\"og:description\" content=\"Stili i \u00e7antave t\u00eb quajtur &quot;baguette bag&quot; jan\u00eb trend dhe tep\u00ebr praktike nj\u00ebkoh\u00ebsisht. Modeli dhe ngjyrat e tyre jan\u00eb t\u00eb kombinueshme me \u00e7do veshje\" \/>\n<meta property=\"og:url\" content=\"https:\/\/padas.al\/english\/product\/cante-verde-ne-forme-te-harkuar-me-dy-rripa\/\" \/>\n<meta property=\"og:site_name\" content=\"PADAS\" \/>\n<meta property=\"article:modified_time\" content=\"2026-05-03T15:01:14+00:00\" \/>\n<meta property=\"og:image\" content=\"https:\/\/padas.al\/wp-content\/uploads\/2024\/10\/fixedratio_20240329102039_cbba7684.jpeg\" \/>\n\t<meta property=\"og:image:width\" content=\"540\" \/>\n\t<meta property=\"og:image:height\" content=\"720\" \/>\n\t<meta property=\"og:image:type\" content=\"image\/jpeg\" \/>\n<meta name=\"twitter:card\" content=\"summary_large_image\" \/>\n<meta name=\"twitter:label1\" content=\"Estimated reading time\" \/>\n\t<meta name=\"twitter:data1\" content=\"1 minute\" \/>\n<script type=\"application\/ld+json\" class=\"yoast-schema-graph\">{\"@context\":\"https:\/\/schema.org\",\"@graph\":[{\"@type\":\"Organization\",\"@id\":\"https:\/\/padas.al\/#organization\",\"name\":\"Padas.al\",\"url\":\"https:\/\/padas.al\/\",\"sameAs\":[],\"logo\":{\"@type\":\"ImageObject\",\"@id\":\"https:\/\/padas.al\/#logo\",\"inLanguage\":\"en-GB\",\"url\":\"https:\/\/padas.al\/wp-content\/uploads\/2021\/12\/padas-logo-01.svg\",\"contentUrl\":\"https:\/\/padas.al\/wp-content\/uploads\/2021\/12\/padas-logo-01.svg\",\"width\":196.4218,\"height\":195.7925,\"caption\":\"Padas.al\"},\"image\":{\"@id\":\"https:\/\/padas.al\/#logo\"}},{\"@type\":\"WebSite\",\"@id\":\"https:\/\/padas.al\/#website\",\"url\":\"https:\/\/padas.al\/\",\"name\":\"PADAS\",\"description\":\"Shoe Shop\",\"publisher\":{\"@id\":\"https:\/\/padas.al\/#organization\"},\"potentialAction\":[{\"@type\":\"SearchAction\",\"target\":{\"@type\":\"EntryPoint\",\"urlTemplate\":\"https:\/\/padas.al\/?s={search_term_string}\"},\"query-input\":\"required name=search_term_string\"}],\"inLanguage\":\"en-GB\"},{\"@type\":\"ImageObject\",\"@id\":\"https:\/\/padas.al\/product\/cante-verde-ne-forme-te-harkuar-me-dy-rripa\/#primaryimage\",\"inLanguage\":\"en-GB\",\"url\":\"https:\/\/padas.al\/wp-content\/uploads\/2024\/10\/fixedratio_20240329102039_cbba7684.jpeg\",\"contentUrl\":\"https:\/\/padas.al\/wp-content\/uploads\/2024\/10\/fixedratio_20240329102039_cbba7684.jpeg\",\"width\":540,\"height\":720},{\"@type\":\"WebPage\",\"@id\":\"https:\/\/padas.al\/product\/cante-verde-ne-forme-te-harkuar-me-dy-rripa\/#webpage\",\"url\":\"https:\/\/padas.al\/product\/cante-verde-ne-forme-te-harkuar-me-dy-rripa\/\",\"name\":\"\u00c7ant\u00eb Verde n\u00eb form\u00eb t\u00eb harkuar me dy rripa. - PADAS\",\"isPartOf\":{\"@id\":\"https:\/\/padas.al\/#website\"},\"primaryImageOfPage\":{\"@id\":\"https:\/\/padas.al\/product\/cante-verde-ne-forme-te-harkuar-me-dy-rripa\/#primaryimage\"},\"datePublished\":\"2024-10-12T19:36:12+00:00\",\"dateModified\":\"2026-05-03T15:01:14+00:00\",\"description\":\"Stili i \u00e7antave t\u00eb quajtur \\\"baguette bag\\\" jan\u00eb trend dhe tep\u00ebr praktike nj\u00ebkoh\u00ebsisht. Modeli dhe ngjyrat e tyre jan\u00eb t\u00eb kombinueshme me \u00e7do veshje\",\"breadcrumb\":{\"@id\":\"https:\/\/padas.al\/product\/cante-verde-ne-forme-te-harkuar-me-dy-rripa\/#breadcrumb\"},\"inLanguage\":\"en-GB\",\"potentialAction\":[{\"@type\":\"ReadAction\",\"target\":[\"https:\/\/padas.al\/product\/cante-verde-ne-forme-te-harkuar-me-dy-rripa\/\"]}]},{\"@type\":\"BreadcrumbList\",\"@id\":\"https:\/\/padas.al\/product\/cante-verde-ne-forme-te-harkuar-me-dy-rripa\/#breadcrumb\",\"itemListElement\":[{\"@type\":\"ListItem\",\"position\":1,\"name\":\"Home\",\"item\":\"https:\/\/padas.al\/\"},{\"@type\":\"ListItem\",\"position\":2,\"name\":\"Shop\",\"item\":\"https:\/\/padas.al\/shop\/\"},{\"@type\":\"ListItem\",\"position\":3,\"name\":\"\u00c7ant\u00eb Verde n\u00eb form\u00eb t\u00eb harkuar me dy rripa.\"}]}]}<\/script>\n<!-- \/ Yoast SEO plugin. -->","yoast_head_json":{"title":"\u00c7ant\u00eb Verde n\u00eb form\u00eb t\u00eb harkuar me dy rripa. - PADAS","description":"Stili i \u00e7antave t\u00eb quajtur \"baguette bag\" jan\u00eb trend dhe tep\u00ebr praktike nj\u00ebkoh\u00ebsisht. Modeli dhe ngjyrat e tyre jan\u00eb t\u00eb kombinueshme me \u00e7do veshje","robots":{"index":"index","follow":"follow","max-snippet":"max-snippet:-1","max-image-preview":"max-image-preview:large","max-video-preview":"max-video-preview:-1"},"canonical":"https:\/\/padas.al\/english\/product\/cante-verde-ne-forme-te-harkuar-me-dy-rripa\/","og_locale":"en_GB","og_type":"article","og_title":"\u00c7ant\u00eb Verde n\u00eb form\u00eb t\u00eb harkuar me dy rripa. - PADAS","og_description":"Stili i \u00e7antave t\u00eb quajtur \"baguette bag\" jan\u00eb trend dhe tep\u00ebr praktike nj\u00ebkoh\u00ebsisht. Modeli dhe ngjyrat e tyre jan\u00eb t\u00eb kombinueshme me \u00e7do veshje","og_url":"https:\/\/padas.al\/english\/product\/cante-verde-ne-forme-te-harkuar-me-dy-rripa\/","og_site_name":"PADAS","article_modified_time":"2026-05-03T15:01:14+00:00","og_image":[{"width":540,"height":720,"url":"https:\/\/padas.al\/wp-content\/uploads\/2024\/10\/fixedratio_20240329102039_cbba7684.jpeg","type":"image\/jpeg"}],"twitter_card":"summary_large_image","twitter_misc":{"Estimated reading time":"1 minute"},"schema":{"@context":"https:\/\/schema.org","@graph":[{"@type":"Organization","@id":"https:\/\/padas.al\/#organization","name":"Padas.al","url":"https:\/\/padas.al\/","sameAs":[],"logo":{"@type":"ImageObject","@id":"https:\/\/padas.al\/#logo","inLanguage":"en-GB","url":"https:\/\/padas.al\/wp-content\/uploads\/2021\/12\/padas-logo-01.svg","contentUrl":"https:\/\/padas.al\/wp-content\/uploads\/2021\/12\/padas-logo-01.svg","width":196.4218,"height":195.7925,"caption":"Padas.al"},"image":{"@id":"https:\/\/padas.al\/#logo"}},{"@type":"WebSite","@id":"https:\/\/padas.al\/#website","url":"https:\/\/padas.al\/","name":"PADAS","description":"Shoe Shop","publisher":{"@id":"https:\/\/padas.al\/#organization"},"potentialAction":[{"@type":"SearchAction","target":{"@type":"EntryPoint","urlTemplate":"https:\/\/padas.al\/?s={search_term_string}"},"query-input":"required name=search_term_string"}],"inLanguage":"en-GB"},{"@type":"ImageObject","@id":"https:\/\/padas.al\/product\/cante-verde-ne-forme-te-harkuar-me-dy-rripa\/#primaryimage","inLanguage":"en-GB","url":"https:\/\/padas.al\/wp-content\/uploads\/2024\/10\/fixedratio_20240329102039_cbba7684.jpeg","contentUrl":"https:\/\/padas.al\/wp-content\/uploads\/2024\/10\/fixedratio_20240329102039_cbba7684.jpeg","width":540,"height":720},{"@type":"WebPage","@id":"https:\/\/padas.al\/product\/cante-verde-ne-forme-te-harkuar-me-dy-rripa\/#webpage","url":"https:\/\/padas.al\/product\/cante-verde-ne-forme-te-harkuar-me-dy-rripa\/","name":"\u00c7ant\u00eb Verde n\u00eb form\u00eb t\u00eb harkuar me dy rripa. - PADAS","isPartOf":{"@id":"https:\/\/padas.al\/#website"},"primaryImageOfPage":{"@id":"https:\/\/padas.al\/product\/cante-verde-ne-forme-te-harkuar-me-dy-rripa\/#primaryimage"},"datePublished":"2024-10-12T19:36:12+00:00","dateModified":"2026-05-03T15:01:14+00:00","description":"Stili i \u00e7antave t\u00eb quajtur \"baguette bag\" jan\u00eb trend dhe tep\u00ebr praktike nj\u00ebkoh\u00ebsisht. Modeli dhe ngjyrat e tyre jan\u00eb t\u00eb kombinueshme me \u00e7do veshje","breadcrumb":{"@id":"https:\/\/padas.al\/product\/cante-verde-ne-forme-te-harkuar-me-dy-rripa\/#breadcrumb"},"inLanguage":"en-GB","potentialAction":[{"@type":"ReadAction","target":["https:\/\/padas.al\/product\/cante-verde-ne-forme-te-harkuar-me-dy-rripa\/"]}]},{"@type":"BreadcrumbList","@id":"https:\/\/padas.al\/product\/cante-verde-ne-forme-te-harkuar-me-dy-rripa\/#breadcrumb","itemListElement":[{"@type":"ListItem","position":1,"name":"Home","item":"https:\/\/padas.al\/"},{"@type":"ListItem","position":2,"name":"Shop","item":"https:\/\/padas.al\/shop\/"},{"@type":"ListItem","position":3,"name":"\u00c7ant\u00eb Verde n\u00eb form\u00eb t\u00eb harkuar me dy rripa."}]}]}},"_links":{"self":[{"href":"https:\/\/padas.al\/english\/wp-json\/wp\/v2\/product\/11700"}],"collection":[{"href":"https:\/\/padas.al\/english\/wp-json\/wp\/v2\/product"}],"about":[{"href":"https:\/\/padas.al\/english\/wp-json\/wp\/v2\/types\/product"}],"replies":[{"embeddable":true,"href":"https:\/\/padas.al\/english\/wp-json\/wp\/v2\/comments?post=11700"}],"wp:featuredmedia":[{"embeddable":true,"href":"https:\/\/padas.al\/english\/wp-json\/wp\/v2\/media\/11701"}],"wp:attachment":[{"href":"https:\/\/padas.al\/english\/wp-json\/wp\/v2\/media?parent=11700"}],"wp:term":[{"taxonomy":"product_cat","embeddable":true,"href":"https:\/\/padas.al\/english\/wp-json\/wp\/v2\/product_cat?post=11700"},{"taxonomy":"product_tag","embeddable":true,"href":"https:\/\/padas.al\/english\/wp-json\/wp\/v2\/product_tag?post=11700"}],"curies":[{"name":"wp","href":"https:\/\/api.w.org\/{rel}","templated":true}]}}