{"id":11770,"date":"2024-10-12T21:03:00","date_gmt":"2024-10-12T21:03:00","guid":{"rendered":"https:\/\/padas.al\/?post_type=product&#038;p=11770"},"modified":"2026-05-03T14:55:43","modified_gmt":"2026-05-03T14:55:43","slug":"cante-jeshile-verde-baguette-bag","status":"publish","type":"product","link":"https:\/\/padas.al\/english\/product\/cante-jeshile-verde-baguette-bag\/","title":{"rendered":"\u00c7ant\u00eb jeshile Verde &#8220;baguette bag&#8221;"},"content":{"rendered":"<p>\u00c7anta \u00ebsht\u00eb e p\u00ebrb\u00ebr\u00eb prej l\u00ebkure ekologjike dhe ka material t\u00eb but\u00eb. Modeli vjen n\u00eb ngjyr\u00ebn jeshile pastel. Ka aksesorin n\u00eb ngjyr\u00ebn e floririt i cili b\u00ebn t\u00ebmundur dhe mbylljen e \u00e7ant\u00ebs. Forma e saj \u00ebsht\u00eb e harkuar dhe tep\u00ebr fem\u00ebrore po ashtu ngjyra e saj \u00ebsht\u00eb aset p\u00ebr t\u00eb dh\u00ebn\u00eb shije veshjeve tuaja.<\/p>","protected":false},"excerpt":{"rendered":"<p>\u00c7anta \u00ebsht\u00eb produkt i firm\u00ebs Verde, kompani e cila ofron aksesor\u00eb p\u00ebr femra sipas tendencave t\u00eb fundit.\u00c7anta mbyllet me kapak dhe brenda ka xhep me zinxhir. Praktike p\u00ebr n\u00eb p\u00ebrditshm\u00ebri akoma dhe p\u00ebr mbr\u00ebmjet tuaja.<\/p>","protected":false},"featured_media":11771,"comment_status":"open","ping_status":"closed","template":"","meta":[],"product_cat":[139,168,161,163,165,162,216,217,218],"product_tag":[],"yoast_head":"<!-- This site is optimized with the Yoast SEO plugin v18.3 - https:\/\/yoast.com\/wordpress\/plugins\/seo\/ -->\n<title>\u00c7ant\u00eb jeshile Verde &quot;baguette bag&quot; - PADAS<\/title>\n<meta name=\"description\" content=\"Stili i \u00e7antave t\u00eb quajtur &quot;baguette bag&quot; jan\u00eb trend dhe tep\u00ebr praktike nj\u00ebkoh\u00ebsisht. Modeli dhe ngjyrat e saj \u00ebsht\u00eb e kombinueshme me \u00e7do veshje\" \/>\n<meta name=\"robots\" content=\"index, follow, max-snippet:-1, max-image-preview:large, max-video-preview:-1\" \/>\n<link rel=\"canonical\" href=\"https:\/\/padas.al\/english\/product\/cante-jeshile-verde-baguette-bag\/\" \/>\n<meta property=\"og:locale\" content=\"en_GB\" \/>\n<meta property=\"og:type\" content=\"article\" \/>\n<meta property=\"og:title\" content=\"\u00c7ant\u00eb jeshile Verde &quot;baguette bag&quot; - PADAS\" \/>\n<meta property=\"og:description\" content=\"Stili i \u00e7antave t\u00eb quajtur &quot;baguette bag&quot; jan\u00eb trend dhe tep\u00ebr praktike nj\u00ebkoh\u00ebsisht. Modeli dhe ngjyrat e saj \u00ebsht\u00eb e kombinueshme me \u00e7do veshje\" \/>\n<meta property=\"og:url\" content=\"https:\/\/padas.al\/english\/product\/cante-jeshile-verde-baguette-bag\/\" \/>\n<meta property=\"og:site_name\" content=\"PADAS\" \/>\n<meta property=\"article:modified_time\" content=\"2026-05-03T14:55:43+00:00\" \/>\n<meta property=\"og:image\" content=\"https:\/\/padas.al\/wp-content\/uploads\/2024\/10\/fixedratio_20240216122831_559c7998.jpeg\" \/>\n\t<meta property=\"og:image:width\" content=\"540\" \/>\n\t<meta property=\"og:image:height\" content=\"720\" \/>\n\t<meta property=\"og:image:type\" content=\"image\/jpeg\" \/>\n<meta name=\"twitter:card\" content=\"summary_large_image\" \/>\n<meta name=\"twitter:label1\" content=\"Estimated reading time\" \/>\n\t<meta name=\"twitter:data1\" content=\"1 minute\" \/>\n<script type=\"application\/ld+json\" class=\"yoast-schema-graph\">{\"@context\":\"https:\/\/schema.org\",\"@graph\":[{\"@type\":\"Organization\",\"@id\":\"https:\/\/padas.al\/#organization\",\"name\":\"Padas.al\",\"url\":\"https:\/\/padas.al\/\",\"sameAs\":[],\"logo\":{\"@type\":\"ImageObject\",\"@id\":\"https:\/\/padas.al\/#logo\",\"inLanguage\":\"en-GB\",\"url\":\"https:\/\/padas.al\/wp-content\/uploads\/2021\/12\/padas-logo-01.svg\",\"contentUrl\":\"https:\/\/padas.al\/wp-content\/uploads\/2021\/12\/padas-logo-01.svg\",\"width\":196.4218,\"height\":195.7925,\"caption\":\"Padas.al\"},\"image\":{\"@id\":\"https:\/\/padas.al\/#logo\"}},{\"@type\":\"WebSite\",\"@id\":\"https:\/\/padas.al\/#website\",\"url\":\"https:\/\/padas.al\/\",\"name\":\"PADAS\",\"description\":\"Shoe Shop\",\"publisher\":{\"@id\":\"https:\/\/padas.al\/#organization\"},\"potentialAction\":[{\"@type\":\"SearchAction\",\"target\":{\"@type\":\"EntryPoint\",\"urlTemplate\":\"https:\/\/padas.al\/?s={search_term_string}\"},\"query-input\":\"required name=search_term_string\"}],\"inLanguage\":\"en-GB\"},{\"@type\":\"ImageObject\",\"@id\":\"https:\/\/padas.al\/product\/cante-jeshile-verde-baguette-bag\/#primaryimage\",\"inLanguage\":\"en-GB\",\"url\":\"https:\/\/padas.al\/wp-content\/uploads\/2024\/10\/fixedratio_20240216122831_559c7998.jpeg\",\"contentUrl\":\"https:\/\/padas.al\/wp-content\/uploads\/2024\/10\/fixedratio_20240216122831_559c7998.jpeg\",\"width\":540,\"height\":720},{\"@type\":\"WebPage\",\"@id\":\"https:\/\/padas.al\/product\/cante-jeshile-verde-baguette-bag\/#webpage\",\"url\":\"https:\/\/padas.al\/product\/cante-jeshile-verde-baguette-bag\/\",\"name\":\"\u00c7ant\u00eb jeshile Verde \\\"baguette bag\\\" - PADAS\",\"isPartOf\":{\"@id\":\"https:\/\/padas.al\/#website\"},\"primaryImageOfPage\":{\"@id\":\"https:\/\/padas.al\/product\/cante-jeshile-verde-baguette-bag\/#primaryimage\"},\"datePublished\":\"2024-10-12T21:03:00+00:00\",\"dateModified\":\"2026-05-03T14:55:43+00:00\",\"description\":\"Stili i \u00e7antave t\u00eb quajtur \\\"baguette bag\\\" jan\u00eb trend dhe tep\u00ebr praktike nj\u00ebkoh\u00ebsisht. Modeli dhe ngjyrat e saj \u00ebsht\u00eb e kombinueshme me \u00e7do veshje\",\"breadcrumb\":{\"@id\":\"https:\/\/padas.al\/product\/cante-jeshile-verde-baguette-bag\/#breadcrumb\"},\"inLanguage\":\"en-GB\",\"potentialAction\":[{\"@type\":\"ReadAction\",\"target\":[\"https:\/\/padas.al\/product\/cante-jeshile-verde-baguette-bag\/\"]}]},{\"@type\":\"BreadcrumbList\",\"@id\":\"https:\/\/padas.al\/product\/cante-jeshile-verde-baguette-bag\/#breadcrumb\",\"itemListElement\":[{\"@type\":\"ListItem\",\"position\":1,\"name\":\"Home\",\"item\":\"https:\/\/padas.al\/\"},{\"@type\":\"ListItem\",\"position\":2,\"name\":\"Shop\",\"item\":\"https:\/\/padas.al\/shop\/\"},{\"@type\":\"ListItem\",\"position\":3,\"name\":\"\u00c7ant\u00eb jeshile Verde &#8220;baguette bag&#8221;\"}]}]}<\/script>\n<!-- \/ Yoast SEO plugin. -->","yoast_head_json":{"title":"\u00c7ant\u00eb jeshile Verde \"baguette bag\" - PADAS","description":"Stili i \u00e7antave t\u00eb quajtur \"baguette bag\" jan\u00eb trend dhe tep\u00ebr praktike nj\u00ebkoh\u00ebsisht. Modeli dhe ngjyrat e saj \u00ebsht\u00eb e kombinueshme me \u00e7do veshje","robots":{"index":"index","follow":"follow","max-snippet":"max-snippet:-1","max-image-preview":"max-image-preview:large","max-video-preview":"max-video-preview:-1"},"canonical":"https:\/\/padas.al\/english\/product\/cante-jeshile-verde-baguette-bag\/","og_locale":"en_GB","og_type":"article","og_title":"\u00c7ant\u00eb jeshile Verde \"baguette bag\" - PADAS","og_description":"Stili i \u00e7antave t\u00eb quajtur \"baguette bag\" jan\u00eb trend dhe tep\u00ebr praktike nj\u00ebkoh\u00ebsisht. Modeli dhe ngjyrat e saj \u00ebsht\u00eb e kombinueshme me \u00e7do veshje","og_url":"https:\/\/padas.al\/english\/product\/cante-jeshile-verde-baguette-bag\/","og_site_name":"PADAS","article_modified_time":"2026-05-03T14:55:43+00:00","og_image":[{"width":540,"height":720,"url":"https:\/\/padas.al\/wp-content\/uploads\/2024\/10\/fixedratio_20240216122831_559c7998.jpeg","type":"image\/jpeg"}],"twitter_card":"summary_large_image","twitter_misc":{"Estimated reading time":"1 minute"},"schema":{"@context":"https:\/\/schema.org","@graph":[{"@type":"Organization","@id":"https:\/\/padas.al\/#organization","name":"Padas.al","url":"https:\/\/padas.al\/","sameAs":[],"logo":{"@type":"ImageObject","@id":"https:\/\/padas.al\/#logo","inLanguage":"en-GB","url":"https:\/\/padas.al\/wp-content\/uploads\/2021\/12\/padas-logo-01.svg","contentUrl":"https:\/\/padas.al\/wp-content\/uploads\/2021\/12\/padas-logo-01.svg","width":196.4218,"height":195.7925,"caption":"Padas.al"},"image":{"@id":"https:\/\/padas.al\/#logo"}},{"@type":"WebSite","@id":"https:\/\/padas.al\/#website","url":"https:\/\/padas.al\/","name":"PADAS","description":"Shoe Shop","publisher":{"@id":"https:\/\/padas.al\/#organization"},"potentialAction":[{"@type":"SearchAction","target":{"@type":"EntryPoint","urlTemplate":"https:\/\/padas.al\/?s={search_term_string}"},"query-input":"required name=search_term_string"}],"inLanguage":"en-GB"},{"@type":"ImageObject","@id":"https:\/\/padas.al\/product\/cante-jeshile-verde-baguette-bag\/#primaryimage","inLanguage":"en-GB","url":"https:\/\/padas.al\/wp-content\/uploads\/2024\/10\/fixedratio_20240216122831_559c7998.jpeg","contentUrl":"https:\/\/padas.al\/wp-content\/uploads\/2024\/10\/fixedratio_20240216122831_559c7998.jpeg","width":540,"height":720},{"@type":"WebPage","@id":"https:\/\/padas.al\/product\/cante-jeshile-verde-baguette-bag\/#webpage","url":"https:\/\/padas.al\/product\/cante-jeshile-verde-baguette-bag\/","name":"\u00c7ant\u00eb jeshile Verde \"baguette bag\" - PADAS","isPartOf":{"@id":"https:\/\/padas.al\/#website"},"primaryImageOfPage":{"@id":"https:\/\/padas.al\/product\/cante-jeshile-verde-baguette-bag\/#primaryimage"},"datePublished":"2024-10-12T21:03:00+00:00","dateModified":"2026-05-03T14:55:43+00:00","description":"Stili i \u00e7antave t\u00eb quajtur \"baguette bag\" jan\u00eb trend dhe tep\u00ebr praktike nj\u00ebkoh\u00ebsisht. Modeli dhe ngjyrat e saj \u00ebsht\u00eb e kombinueshme me \u00e7do veshje","breadcrumb":{"@id":"https:\/\/padas.al\/product\/cante-jeshile-verde-baguette-bag\/#breadcrumb"},"inLanguage":"en-GB","potentialAction":[{"@type":"ReadAction","target":["https:\/\/padas.al\/product\/cante-jeshile-verde-baguette-bag\/"]}]},{"@type":"BreadcrumbList","@id":"https:\/\/padas.al\/product\/cante-jeshile-verde-baguette-bag\/#breadcrumb","itemListElement":[{"@type":"ListItem","position":1,"name":"Home","item":"https:\/\/padas.al\/"},{"@type":"ListItem","position":2,"name":"Shop","item":"https:\/\/padas.al\/shop\/"},{"@type":"ListItem","position":3,"name":"\u00c7ant\u00eb jeshile Verde &#8220;baguette bag&#8221;"}]}]}},"_links":{"self":[{"href":"https:\/\/padas.al\/english\/wp-json\/wp\/v2\/product\/11770"}],"collection":[{"href":"https:\/\/padas.al\/english\/wp-json\/wp\/v2\/product"}],"about":[{"href":"https:\/\/padas.al\/english\/wp-json\/wp\/v2\/types\/product"}],"replies":[{"embeddable":true,"href":"https:\/\/padas.al\/english\/wp-json\/wp\/v2\/comments?post=11770"}],"wp:featuredmedia":[{"embeddable":true,"href":"https:\/\/padas.al\/english\/wp-json\/wp\/v2\/media\/11771"}],"wp:attachment":[{"href":"https:\/\/padas.al\/english\/wp-json\/wp\/v2\/media?parent=11770"}],"wp:term":[{"taxonomy":"product_cat","embeddable":true,"href":"https:\/\/padas.al\/english\/wp-json\/wp\/v2\/product_cat?post=11770"},{"taxonomy":"product_tag","embeddable":true,"href":"https:\/\/padas.al\/english\/wp-json\/wp\/v2\/product_tag?post=11770"}],"curies":[{"name":"wp","href":"https:\/\/api.w.org\/{rel}","templated":true}]}}