{"id":11776,"date":"2024-10-12T21:34:51","date_gmt":"2024-10-12T21:34:51","guid":{"rendered":"https:\/\/padas.al\/?post_type=product&#038;p=11776"},"modified":"2024-10-12T21:34:52","modified_gmt":"2024-10-12T21:34:52","slug":"cante-pink-me-rrip-zinxhiri-verde","status":"publish","type":"product","link":"https:\/\/padas.al\/english\/product\/cante-pink-me-rrip-zinxhiri-verde\/","title":{"rendered":"\u00c7ant\u00eb pink me rrip zinxhiri, Verde"},"content":{"rendered":"<p>\u00c7anta \u00ebsht\u00eb e p\u00ebrb\u00ebr\u00eb prej l\u00ebkure ekologjike dhe ka material t\u00eb but\u00eb. Modeli vjen n\u00eb ngjyr\u00ebn pink ose \u00e7iklamin. Ka aksesorin n\u00eb ngjyr\u00ebn e floririt n\u00eb kapakun e \u00e7ant\u00ebs e cila lidhet n\u00eb harmoni me rripin e zinxhirit dhe lezeton modelin duke i dh\u00ebn\u00eb nj\u00eb pamje akoma m\u00eb fem\u00ebrore.<\/p>","protected":false},"excerpt":{"rendered":"<p>\u00c7anta \u00ebsht\u00eb produkt i firm\u00ebs Verde, kompani e cila ofron aksesor\u00eb p\u00ebr femra sipas tendencave t\u00eb fundit.\u00c7anta mbyllet me kapak dhe zinxhir dhe brenda ka ndarje dhe xhep me zinxhir. \u00c7anta ka rripin t\u00eb cilin mund ta mbani t\u00eb shkurt\u00ebr po ashtu dhe t\u00eb gjat\u00eb p\u00ebr ta mbajtur krah\u00ebqaf\u00eb. Praktike p\u00ebr n\u00eb p\u00ebrditshm\u00ebri akoma dhe p\u00ebr mbr\u00ebmjet tuaja.<\/p>","protected":false},"featured_media":11777,"comment_status":"open","ping_status":"closed","template":"","meta":[],"product_cat":[139,168,161,166,165,162,216,217,218],"product_tag":[],"yoast_head":"<!-- This site is optimized with the Yoast SEO plugin v18.3 - https:\/\/yoast.com\/wordpress\/plugins\/seo\/ -->\n<title>\u00c7ant\u00eb pink me rrip zinxhiri, Verde - PADAS<\/title>\n<meta name=\"description\" content=\"\u00c7anta \u00ebsht\u00eb aksesor\u00eb q\u00eb p\u00ebrcjell m\u00eb s\u00eb miri stilin ton\u00eb dhe i jep veshjes hijeshin\u00eb q\u00eb duam. P\u00ebr veshjet e err\u00ebta sugjerojm\u00eb \u00e7anta me ngjyr\u00eb.\" \/>\n<meta name=\"robots\" content=\"index, follow, max-snippet:-1, max-image-preview:large, max-video-preview:-1\" \/>\n<link rel=\"canonical\" href=\"https:\/\/padas.al\/english\/product\/cante-pink-me-rrip-zinxhiri-verde\/\" \/>\n<meta property=\"og:locale\" content=\"en_GB\" \/>\n<meta property=\"og:type\" content=\"article\" \/>\n<meta property=\"og:title\" content=\"\u00c7ant\u00eb pink me rrip zinxhiri, Verde - PADAS\" \/>\n<meta property=\"og:description\" content=\"\u00c7anta \u00ebsht\u00eb aksesor\u00eb q\u00eb p\u00ebrcjell m\u00eb s\u00eb miri stilin ton\u00eb dhe i jep veshjes hijeshin\u00eb q\u00eb duam. P\u00ebr veshjet e err\u00ebta sugjerojm\u00eb \u00e7anta me ngjyr\u00eb.\" \/>\n<meta property=\"og:url\" content=\"https:\/\/padas.al\/english\/product\/cante-pink-me-rrip-zinxhiri-verde\/\" \/>\n<meta property=\"og:site_name\" content=\"PADAS\" \/>\n<meta property=\"article:modified_time\" content=\"2024-10-12T21:34:52+00:00\" \/>\n<meta property=\"og:image\" content=\"https:\/\/padas.al\/wp-content\/uploads\/2024\/10\/fixedratio_20230222090017_98c6db6e.jpeg\" \/>\n\t<meta property=\"og:image:width\" content=\"540\" \/>\n\t<meta property=\"og:image:height\" content=\"720\" \/>\n\t<meta property=\"og:image:type\" content=\"image\/jpeg\" \/>\n<meta name=\"twitter:card\" content=\"summary_large_image\" \/>\n<script type=\"application\/ld+json\" class=\"yoast-schema-graph\">{\"@context\":\"https:\/\/schema.org\",\"@graph\":[{\"@type\":\"Organization\",\"@id\":\"https:\/\/padas.al\/#organization\",\"name\":\"Padas.al\",\"url\":\"https:\/\/padas.al\/\",\"sameAs\":[],\"logo\":{\"@type\":\"ImageObject\",\"@id\":\"https:\/\/padas.al\/#logo\",\"inLanguage\":\"en-GB\",\"url\":\"https:\/\/padas.al\/wp-content\/uploads\/2021\/12\/padas-logo-01.svg\",\"contentUrl\":\"https:\/\/padas.al\/wp-content\/uploads\/2021\/12\/padas-logo-01.svg\",\"width\":196.4218,\"height\":195.7925,\"caption\":\"Padas.al\"},\"image\":{\"@id\":\"https:\/\/padas.al\/#logo\"}},{\"@type\":\"WebSite\",\"@id\":\"https:\/\/padas.al\/#website\",\"url\":\"https:\/\/padas.al\/\",\"name\":\"PADAS\",\"description\":\"Shoe Shop\",\"publisher\":{\"@id\":\"https:\/\/padas.al\/#organization\"},\"potentialAction\":[{\"@type\":\"SearchAction\",\"target\":{\"@type\":\"EntryPoint\",\"urlTemplate\":\"https:\/\/padas.al\/?s={search_term_string}\"},\"query-input\":\"required name=search_term_string\"}],\"inLanguage\":\"en-GB\"},{\"@type\":\"ImageObject\",\"@id\":\"https:\/\/padas.al\/product\/cante-pink-me-rrip-zinxhiri-verde\/#primaryimage\",\"inLanguage\":\"en-GB\",\"url\":\"https:\/\/padas.al\/wp-content\/uploads\/2024\/10\/fixedratio_20230222090017_98c6db6e.jpeg\",\"contentUrl\":\"https:\/\/padas.al\/wp-content\/uploads\/2024\/10\/fixedratio_20230222090017_98c6db6e.jpeg\",\"width\":540,\"height\":720},{\"@type\":\"WebPage\",\"@id\":\"https:\/\/padas.al\/product\/cante-pink-me-rrip-zinxhiri-verde\/#webpage\",\"url\":\"https:\/\/padas.al\/product\/cante-pink-me-rrip-zinxhiri-verde\/\",\"name\":\"\u00c7ant\u00eb pink me rrip zinxhiri, Verde - PADAS\",\"isPartOf\":{\"@id\":\"https:\/\/padas.al\/#website\"},\"primaryImageOfPage\":{\"@id\":\"https:\/\/padas.al\/product\/cante-pink-me-rrip-zinxhiri-verde\/#primaryimage\"},\"datePublished\":\"2024-10-12T21:34:51+00:00\",\"dateModified\":\"2024-10-12T21:34:52+00:00\",\"description\":\"\u00c7anta \u00ebsht\u00eb aksesor\u00eb q\u00eb p\u00ebrcjell m\u00eb s\u00eb miri stilin ton\u00eb dhe i jep veshjes hijeshin\u00eb q\u00eb duam. P\u00ebr veshjet e err\u00ebta sugjerojm\u00eb \u00e7anta me ngjyr\u00eb.\",\"breadcrumb\":{\"@id\":\"https:\/\/padas.al\/product\/cante-pink-me-rrip-zinxhiri-verde\/#breadcrumb\"},\"inLanguage\":\"en-GB\",\"potentialAction\":[{\"@type\":\"ReadAction\",\"target\":[\"https:\/\/padas.al\/product\/cante-pink-me-rrip-zinxhiri-verde\/\"]}]},{\"@type\":\"BreadcrumbList\",\"@id\":\"https:\/\/padas.al\/product\/cante-pink-me-rrip-zinxhiri-verde\/#breadcrumb\",\"itemListElement\":[{\"@type\":\"ListItem\",\"position\":1,\"name\":\"Home\",\"item\":\"https:\/\/padas.al\/\"},{\"@type\":\"ListItem\",\"position\":2,\"name\":\"Shop\",\"item\":\"https:\/\/padas.al\/shop\/\"},{\"@type\":\"ListItem\",\"position\":3,\"name\":\"\u00c7ant\u00eb pink me rrip zinxhiri, Verde\"}]}]}<\/script>\n<!-- \/ Yoast SEO plugin. -->","yoast_head_json":{"title":"\u00c7ant\u00eb pink me rrip zinxhiri, Verde - PADAS","description":"\u00c7anta \u00ebsht\u00eb aksesor\u00eb q\u00eb p\u00ebrcjell m\u00eb s\u00eb miri stilin ton\u00eb dhe i jep veshjes hijeshin\u00eb q\u00eb duam. P\u00ebr veshjet e err\u00ebta sugjerojm\u00eb \u00e7anta me ngjyr\u00eb.","robots":{"index":"index","follow":"follow","max-snippet":"max-snippet:-1","max-image-preview":"max-image-preview:large","max-video-preview":"max-video-preview:-1"},"canonical":"https:\/\/padas.al\/english\/product\/cante-pink-me-rrip-zinxhiri-verde\/","og_locale":"en_GB","og_type":"article","og_title":"\u00c7ant\u00eb pink me rrip zinxhiri, Verde - PADAS","og_description":"\u00c7anta \u00ebsht\u00eb aksesor\u00eb q\u00eb p\u00ebrcjell m\u00eb s\u00eb miri stilin ton\u00eb dhe i jep veshjes hijeshin\u00eb q\u00eb duam. P\u00ebr veshjet e err\u00ebta sugjerojm\u00eb \u00e7anta me ngjyr\u00eb.","og_url":"https:\/\/padas.al\/english\/product\/cante-pink-me-rrip-zinxhiri-verde\/","og_site_name":"PADAS","article_modified_time":"2024-10-12T21:34:52+00:00","og_image":[{"width":540,"height":720,"url":"https:\/\/padas.al\/wp-content\/uploads\/2024\/10\/fixedratio_20230222090017_98c6db6e.jpeg","type":"image\/jpeg"}],"twitter_card":"summary_large_image","schema":{"@context":"https:\/\/schema.org","@graph":[{"@type":"Organization","@id":"https:\/\/padas.al\/#organization","name":"Padas.al","url":"https:\/\/padas.al\/","sameAs":[],"logo":{"@type":"ImageObject","@id":"https:\/\/padas.al\/#logo","inLanguage":"en-GB","url":"https:\/\/padas.al\/wp-content\/uploads\/2021\/12\/padas-logo-01.svg","contentUrl":"https:\/\/padas.al\/wp-content\/uploads\/2021\/12\/padas-logo-01.svg","width":196.4218,"height":195.7925,"caption":"Padas.al"},"image":{"@id":"https:\/\/padas.al\/#logo"}},{"@type":"WebSite","@id":"https:\/\/padas.al\/#website","url":"https:\/\/padas.al\/","name":"PADAS","description":"Shoe Shop","publisher":{"@id":"https:\/\/padas.al\/#organization"},"potentialAction":[{"@type":"SearchAction","target":{"@type":"EntryPoint","urlTemplate":"https:\/\/padas.al\/?s={search_term_string}"},"query-input":"required name=search_term_string"}],"inLanguage":"en-GB"},{"@type":"ImageObject","@id":"https:\/\/padas.al\/product\/cante-pink-me-rrip-zinxhiri-verde\/#primaryimage","inLanguage":"en-GB","url":"https:\/\/padas.al\/wp-content\/uploads\/2024\/10\/fixedratio_20230222090017_98c6db6e.jpeg","contentUrl":"https:\/\/padas.al\/wp-content\/uploads\/2024\/10\/fixedratio_20230222090017_98c6db6e.jpeg","width":540,"height":720},{"@type":"WebPage","@id":"https:\/\/padas.al\/product\/cante-pink-me-rrip-zinxhiri-verde\/#webpage","url":"https:\/\/padas.al\/product\/cante-pink-me-rrip-zinxhiri-verde\/","name":"\u00c7ant\u00eb pink me rrip zinxhiri, Verde - PADAS","isPartOf":{"@id":"https:\/\/padas.al\/#website"},"primaryImageOfPage":{"@id":"https:\/\/padas.al\/product\/cante-pink-me-rrip-zinxhiri-verde\/#primaryimage"},"datePublished":"2024-10-12T21:34:51+00:00","dateModified":"2024-10-12T21:34:52+00:00","description":"\u00c7anta \u00ebsht\u00eb aksesor\u00eb q\u00eb p\u00ebrcjell m\u00eb s\u00eb miri stilin ton\u00eb dhe i jep veshjes hijeshin\u00eb q\u00eb duam. P\u00ebr veshjet e err\u00ebta sugjerojm\u00eb \u00e7anta me ngjyr\u00eb.","breadcrumb":{"@id":"https:\/\/padas.al\/product\/cante-pink-me-rrip-zinxhiri-verde\/#breadcrumb"},"inLanguage":"en-GB","potentialAction":[{"@type":"ReadAction","target":["https:\/\/padas.al\/product\/cante-pink-me-rrip-zinxhiri-verde\/"]}]},{"@type":"BreadcrumbList","@id":"https:\/\/padas.al\/product\/cante-pink-me-rrip-zinxhiri-verde\/#breadcrumb","itemListElement":[{"@type":"ListItem","position":1,"name":"Home","item":"https:\/\/padas.al\/"},{"@type":"ListItem","position":2,"name":"Shop","item":"https:\/\/padas.al\/shop\/"},{"@type":"ListItem","position":3,"name":"\u00c7ant\u00eb pink me rrip zinxhiri, Verde"}]}]}},"_links":{"self":[{"href":"https:\/\/padas.al\/english\/wp-json\/wp\/v2\/product\/11776"}],"collection":[{"href":"https:\/\/padas.al\/english\/wp-json\/wp\/v2\/product"}],"about":[{"href":"https:\/\/padas.al\/english\/wp-json\/wp\/v2\/types\/product"}],"replies":[{"embeddable":true,"href":"https:\/\/padas.al\/english\/wp-json\/wp\/v2\/comments?post=11776"}],"wp:featuredmedia":[{"embeddable":true,"href":"https:\/\/padas.al\/english\/wp-json\/wp\/v2\/media\/11777"}],"wp:attachment":[{"href":"https:\/\/padas.al\/english\/wp-json\/wp\/v2\/media?parent=11776"}],"wp:term":[{"taxonomy":"product_cat","embeddable":true,"href":"https:\/\/padas.al\/english\/wp-json\/wp\/v2\/product_cat?post=11776"},{"taxonomy":"product_tag","embeddable":true,"href":"https:\/\/padas.al\/english\/wp-json\/wp\/v2\/product_tag?post=11776"}],"curies":[{"name":"wp","href":"https:\/\/api.w.org\/{rel}","templated":true}]}}