{"id":11818,"date":"2024-10-12T22:27:47","date_gmt":"2024-10-12T22:27:47","guid":{"rendered":"https:\/\/padas.al\/?post_type=product&#038;p=11818"},"modified":"2026-05-03T14:54:24","modified_gmt":"2026-05-03T14:54:24","slug":"canta-te-vogla-praktike-per-ne-perditshmeri-dhe-jo-vetem","status":"publish","type":"product","link":"https:\/\/padas.al\/english\/product\/canta-te-vogla-praktike-per-ne-perditshmeri-dhe-jo-vetem\/","title":{"rendered":"\u00c7anta t\u00eb vogla praktike p\u00ebr n\u00eb p\u00ebrditshm\u00ebri dhe jo vet\u00ebm."},"content":{"rendered":"<p>\u00c7anta \u00ebsht\u00eb e p\u00ebrb\u00ebr\u00eb prej l\u00ebkure ekologjike dhe ka material t\u00eb but\u00eb. Modeli vjen n\u00eb ngjyr\u00ebn blu, krem dhe t\u00eb zez\u00eb. Ka aksesorin n\u00eb ngjyr\u00ebn e vet \u00e7ant\u00ebs n\u00eb kapakun e saj e cila lidhet n\u00eb harmoni me rripin e zinxhirit dhe lezeton modelin duke i dh\u00ebn\u00eb nj\u00eb pamje akoma m\u00eb fem\u00ebrore.<\/p>","protected":false},"excerpt":{"rendered":"<p>\u00c7anta \u00ebsht\u00eb produkt i firm\u00ebs Verde, kompani e cila ofron aksesor\u00eb p\u00ebr femra sipas tendencave t\u00eb fundit.\u00c7anta mbyllet me kapak dhe brenda ka nj\u00eb xhep . \u00c7anta ka rripin e gjat\u00eb p\u00ebr ta mbajtur krah\u00ebqaf\u00eb, i cili \u00ebsht\u00eb l\u00ebkur\u00eb dhe ka an\u00ebsore hallka n\u00eb ngjyr\u00ebn e \u00e7ant\u00ebs. Praktike p\u00ebr n\u00eb p\u00ebrditshm\u00ebri akoma dhe p\u00ebr mbr\u00ebmjet tuaja.<\/p>","protected":false},"featured_media":11820,"comment_status":"open","ping_status":"closed","template":"","meta":[],"product_cat":[139,168,161,166,165,162,216,217,218],"product_tag":[],"yoast_head":"<!-- This site is optimized with the Yoast SEO plugin v18.3 - https:\/\/yoast.com\/wordpress\/plugins\/seo\/ -->\n<title>\u00c7anta t\u00eb vogla praktike p\u00ebr n\u00eb p\u00ebrditshm\u00ebri dhe jo vet\u00ebm. - PADAS<\/title>\n<meta name=\"description\" content=\"\u00c7anta \u00ebsht\u00eb aksesor\u00eb q\u00eb p\u00ebrcjell m\u00eb s\u00eb miri stilin ton\u00eb dhe i jep veshjes hijeshin\u00eb q\u00eb duam. P\u00ebr veshjet e err\u00ebta sugjerojm\u00eb \u00e7anta me ngjyr\u00eb.\" \/>\n<meta name=\"robots\" content=\"index, follow, max-snippet:-1, max-image-preview:large, max-video-preview:-1\" \/>\n<link rel=\"canonical\" href=\"https:\/\/padas.al\/english\/product\/canta-te-vogla-praktike-per-ne-perditshmeri-dhe-jo-vetem\/\" \/>\n<meta property=\"og:locale\" content=\"en_GB\" \/>\n<meta property=\"og:type\" content=\"article\" \/>\n<meta property=\"og:title\" content=\"\u00c7anta t\u00eb vogla praktike p\u00ebr n\u00eb p\u00ebrditshm\u00ebri dhe jo vet\u00ebm. - PADAS\" \/>\n<meta property=\"og:description\" content=\"\u00c7anta \u00ebsht\u00eb aksesor\u00eb q\u00eb p\u00ebrcjell m\u00eb s\u00eb miri stilin ton\u00eb dhe i jep veshjes hijeshin\u00eb q\u00eb duam. P\u00ebr veshjet e err\u00ebta sugjerojm\u00eb \u00e7anta me ngjyr\u00eb.\" \/>\n<meta property=\"og:url\" content=\"https:\/\/padas.al\/english\/product\/canta-te-vogla-praktike-per-ne-perditshmeri-dhe-jo-vetem\/\" \/>\n<meta property=\"og:site_name\" content=\"PADAS\" \/>\n<meta property=\"article:modified_time\" content=\"2026-05-03T14:54:24+00:00\" \/>\n<meta property=\"og:image\" content=\"https:\/\/padas.al\/wp-content\/uploads\/2024\/10\/fixedratio_20240222110725_f19a84bf.jpeg\" \/>\n\t<meta property=\"og:image:width\" content=\"540\" \/>\n\t<meta property=\"og:image:height\" content=\"720\" \/>\n\t<meta property=\"og:image:type\" content=\"image\/jpeg\" \/>\n<meta name=\"twitter:card\" content=\"summary_large_image\" \/>\n<script type=\"application\/ld+json\" class=\"yoast-schema-graph\">{\"@context\":\"https:\/\/schema.org\",\"@graph\":[{\"@type\":\"Organization\",\"@id\":\"https:\/\/padas.al\/#organization\",\"name\":\"Padas.al\",\"url\":\"https:\/\/padas.al\/\",\"sameAs\":[],\"logo\":{\"@type\":\"ImageObject\",\"@id\":\"https:\/\/padas.al\/#logo\",\"inLanguage\":\"en-GB\",\"url\":\"https:\/\/padas.al\/wp-content\/uploads\/2021\/12\/padas-logo-01.svg\",\"contentUrl\":\"https:\/\/padas.al\/wp-content\/uploads\/2021\/12\/padas-logo-01.svg\",\"width\":196.4218,\"height\":195.7925,\"caption\":\"Padas.al\"},\"image\":{\"@id\":\"https:\/\/padas.al\/#logo\"}},{\"@type\":\"WebSite\",\"@id\":\"https:\/\/padas.al\/#website\",\"url\":\"https:\/\/padas.al\/\",\"name\":\"PADAS\",\"description\":\"Shoe Shop\",\"publisher\":{\"@id\":\"https:\/\/padas.al\/#organization\"},\"potentialAction\":[{\"@type\":\"SearchAction\",\"target\":{\"@type\":\"EntryPoint\",\"urlTemplate\":\"https:\/\/padas.al\/?s={search_term_string}\"},\"query-input\":\"required name=search_term_string\"}],\"inLanguage\":\"en-GB\"},{\"@type\":\"ImageObject\",\"@id\":\"https:\/\/padas.al\/product\/canta-te-vogla-praktike-per-ne-perditshmeri-dhe-jo-vetem\/#primaryimage\",\"inLanguage\":\"en-GB\",\"url\":\"https:\/\/padas.al\/wp-content\/uploads\/2024\/10\/fixedratio_20240222110725_f19a84bf.jpeg\",\"contentUrl\":\"https:\/\/padas.al\/wp-content\/uploads\/2024\/10\/fixedratio_20240222110725_f19a84bf.jpeg\",\"width\":540,\"height\":720},{\"@type\":\"WebPage\",\"@id\":\"https:\/\/padas.al\/product\/canta-te-vogla-praktike-per-ne-perditshmeri-dhe-jo-vetem\/#webpage\",\"url\":\"https:\/\/padas.al\/product\/canta-te-vogla-praktike-per-ne-perditshmeri-dhe-jo-vetem\/\",\"name\":\"\u00c7anta t\u00eb vogla praktike p\u00ebr n\u00eb p\u00ebrditshm\u00ebri dhe jo vet\u00ebm. - PADAS\",\"isPartOf\":{\"@id\":\"https:\/\/padas.al\/#website\"},\"primaryImageOfPage\":{\"@id\":\"https:\/\/padas.al\/product\/canta-te-vogla-praktike-per-ne-perditshmeri-dhe-jo-vetem\/#primaryimage\"},\"datePublished\":\"2024-10-12T22:27:47+00:00\",\"dateModified\":\"2026-05-03T14:54:24+00:00\",\"description\":\"\u00c7anta \u00ebsht\u00eb aksesor\u00eb q\u00eb p\u00ebrcjell m\u00eb s\u00eb miri stilin ton\u00eb dhe i jep veshjes hijeshin\u00eb q\u00eb duam. P\u00ebr veshjet e err\u00ebta sugjerojm\u00eb \u00e7anta me ngjyr\u00eb.\",\"breadcrumb\":{\"@id\":\"https:\/\/padas.al\/product\/canta-te-vogla-praktike-per-ne-perditshmeri-dhe-jo-vetem\/#breadcrumb\"},\"inLanguage\":\"en-GB\",\"potentialAction\":[{\"@type\":\"ReadAction\",\"target\":[\"https:\/\/padas.al\/product\/canta-te-vogla-praktike-per-ne-perditshmeri-dhe-jo-vetem\/\"]}]},{\"@type\":\"BreadcrumbList\",\"@id\":\"https:\/\/padas.al\/product\/canta-te-vogla-praktike-per-ne-perditshmeri-dhe-jo-vetem\/#breadcrumb\",\"itemListElement\":[{\"@type\":\"ListItem\",\"position\":1,\"name\":\"Home\",\"item\":\"https:\/\/padas.al\/\"},{\"@type\":\"ListItem\",\"position\":2,\"name\":\"Shop\",\"item\":\"https:\/\/padas.al\/shop\/\"},{\"@type\":\"ListItem\",\"position\":3,\"name\":\"\u00c7anta t\u00eb vogla praktike p\u00ebr n\u00eb p\u00ebrditshm\u00ebri dhe jo vet\u00ebm.\"}]}]}<\/script>\n<!-- \/ Yoast SEO plugin. -->","yoast_head_json":{"title":"\u00c7anta t\u00eb vogla praktike p\u00ebr n\u00eb p\u00ebrditshm\u00ebri dhe jo vet\u00ebm. - PADAS","description":"\u00c7anta \u00ebsht\u00eb aksesor\u00eb q\u00eb p\u00ebrcjell m\u00eb s\u00eb miri stilin ton\u00eb dhe i jep veshjes hijeshin\u00eb q\u00eb duam. P\u00ebr veshjet e err\u00ebta sugjerojm\u00eb \u00e7anta me ngjyr\u00eb.","robots":{"index":"index","follow":"follow","max-snippet":"max-snippet:-1","max-image-preview":"max-image-preview:large","max-video-preview":"max-video-preview:-1"},"canonical":"https:\/\/padas.al\/english\/product\/canta-te-vogla-praktike-per-ne-perditshmeri-dhe-jo-vetem\/","og_locale":"en_GB","og_type":"article","og_title":"\u00c7anta t\u00eb vogla praktike p\u00ebr n\u00eb p\u00ebrditshm\u00ebri dhe jo vet\u00ebm. - PADAS","og_description":"\u00c7anta \u00ebsht\u00eb aksesor\u00eb q\u00eb p\u00ebrcjell m\u00eb s\u00eb miri stilin ton\u00eb dhe i jep veshjes hijeshin\u00eb q\u00eb duam. P\u00ebr veshjet e err\u00ebta sugjerojm\u00eb \u00e7anta me ngjyr\u00eb.","og_url":"https:\/\/padas.al\/english\/product\/canta-te-vogla-praktike-per-ne-perditshmeri-dhe-jo-vetem\/","og_site_name":"PADAS","article_modified_time":"2026-05-03T14:54:24+00:00","og_image":[{"width":540,"height":720,"url":"https:\/\/padas.al\/wp-content\/uploads\/2024\/10\/fixedratio_20240222110725_f19a84bf.jpeg","type":"image\/jpeg"}],"twitter_card":"summary_large_image","schema":{"@context":"https:\/\/schema.org","@graph":[{"@type":"Organization","@id":"https:\/\/padas.al\/#organization","name":"Padas.al","url":"https:\/\/padas.al\/","sameAs":[],"logo":{"@type":"ImageObject","@id":"https:\/\/padas.al\/#logo","inLanguage":"en-GB","url":"https:\/\/padas.al\/wp-content\/uploads\/2021\/12\/padas-logo-01.svg","contentUrl":"https:\/\/padas.al\/wp-content\/uploads\/2021\/12\/padas-logo-01.svg","width":196.4218,"height":195.7925,"caption":"Padas.al"},"image":{"@id":"https:\/\/padas.al\/#logo"}},{"@type":"WebSite","@id":"https:\/\/padas.al\/#website","url":"https:\/\/padas.al\/","name":"PADAS","description":"Shoe Shop","publisher":{"@id":"https:\/\/padas.al\/#organization"},"potentialAction":[{"@type":"SearchAction","target":{"@type":"EntryPoint","urlTemplate":"https:\/\/padas.al\/?s={search_term_string}"},"query-input":"required name=search_term_string"}],"inLanguage":"en-GB"},{"@type":"ImageObject","@id":"https:\/\/padas.al\/product\/canta-te-vogla-praktike-per-ne-perditshmeri-dhe-jo-vetem\/#primaryimage","inLanguage":"en-GB","url":"https:\/\/padas.al\/wp-content\/uploads\/2024\/10\/fixedratio_20240222110725_f19a84bf.jpeg","contentUrl":"https:\/\/padas.al\/wp-content\/uploads\/2024\/10\/fixedratio_20240222110725_f19a84bf.jpeg","width":540,"height":720},{"@type":"WebPage","@id":"https:\/\/padas.al\/product\/canta-te-vogla-praktike-per-ne-perditshmeri-dhe-jo-vetem\/#webpage","url":"https:\/\/padas.al\/product\/canta-te-vogla-praktike-per-ne-perditshmeri-dhe-jo-vetem\/","name":"\u00c7anta t\u00eb vogla praktike p\u00ebr n\u00eb p\u00ebrditshm\u00ebri dhe jo vet\u00ebm. - PADAS","isPartOf":{"@id":"https:\/\/padas.al\/#website"},"primaryImageOfPage":{"@id":"https:\/\/padas.al\/product\/canta-te-vogla-praktike-per-ne-perditshmeri-dhe-jo-vetem\/#primaryimage"},"datePublished":"2024-10-12T22:27:47+00:00","dateModified":"2026-05-03T14:54:24+00:00","description":"\u00c7anta \u00ebsht\u00eb aksesor\u00eb q\u00eb p\u00ebrcjell m\u00eb s\u00eb miri stilin ton\u00eb dhe i jep veshjes hijeshin\u00eb q\u00eb duam. P\u00ebr veshjet e err\u00ebta sugjerojm\u00eb \u00e7anta me ngjyr\u00eb.","breadcrumb":{"@id":"https:\/\/padas.al\/product\/canta-te-vogla-praktike-per-ne-perditshmeri-dhe-jo-vetem\/#breadcrumb"},"inLanguage":"en-GB","potentialAction":[{"@type":"ReadAction","target":["https:\/\/padas.al\/product\/canta-te-vogla-praktike-per-ne-perditshmeri-dhe-jo-vetem\/"]}]},{"@type":"BreadcrumbList","@id":"https:\/\/padas.al\/product\/canta-te-vogla-praktike-per-ne-perditshmeri-dhe-jo-vetem\/#breadcrumb","itemListElement":[{"@type":"ListItem","position":1,"name":"Home","item":"https:\/\/padas.al\/"},{"@type":"ListItem","position":2,"name":"Shop","item":"https:\/\/padas.al\/shop\/"},{"@type":"ListItem","position":3,"name":"\u00c7anta t\u00eb vogla praktike p\u00ebr n\u00eb p\u00ebrditshm\u00ebri dhe jo vet\u00ebm."}]}]}},"_links":{"self":[{"href":"https:\/\/padas.al\/english\/wp-json\/wp\/v2\/product\/11818"}],"collection":[{"href":"https:\/\/padas.al\/english\/wp-json\/wp\/v2\/product"}],"about":[{"href":"https:\/\/padas.al\/english\/wp-json\/wp\/v2\/types\/product"}],"replies":[{"embeddable":true,"href":"https:\/\/padas.al\/english\/wp-json\/wp\/v2\/comments?post=11818"}],"wp:featuredmedia":[{"embeddable":true,"href":"https:\/\/padas.al\/english\/wp-json\/wp\/v2\/media\/11820"}],"wp:attachment":[{"href":"https:\/\/padas.al\/english\/wp-json\/wp\/v2\/media?parent=11818"}],"wp:term":[{"taxonomy":"product_cat","embeddable":true,"href":"https:\/\/padas.al\/english\/wp-json\/wp\/v2\/product_cat?post=11818"},{"taxonomy":"product_tag","embeddable":true,"href":"https:\/\/padas.al\/english\/wp-json\/wp\/v2\/product_tag?post=11818"}],"curies":[{"name":"wp","href":"https:\/\/api.w.org\/{rel}","templated":true}]}}