{"id":11842,"date":"2024-10-13T15:02:50","date_gmt":"2024-10-13T15:02:50","guid":{"rendered":"https:\/\/padas.al\/?post_type=product&#038;p=11842"},"modified":"2025-10-28T21:18:11","modified_gmt":"2025-10-28T21:18:11","slug":"cante-me-lidhese-bucket-bag-me-dy-rripa-verde","status":"publish","type":"product","link":"https:\/\/padas.al\/english\/product\/cante-me-lidhese-bucket-bag-me-dy-rripa-verde\/","title":{"rendered":"\u00c7ant\u00eb me lidh\u00ebse ,&#8221;bucket bag&#8221; me dy rripa, Verde"},"content":{"rendered":"<p>\u00c7anta \u00ebsht\u00eb e p\u00ebrb\u00ebr\u00eb prej l\u00ebkure ekologjike dhe ka material t\u00eb but\u00eb. Modeli vjen n\u00eb ngjyr\u00ebn krem e cila \u00ebsht\u00eb e p\u00ebrshtashme me \u00e7do veshje dhe n\u00eb ngjyr\u00ebn e kuqe p\u00ebr t\u00eb gjitha vajzat q\u00eb p\u00eblqejn\u00eb kombinimet. Ajo mbyllet me rrip q\u00eb kalon p\u00ebrqark saj duke i t\u00ebrhequr para dhe n\u00eb faqen ballore t\u00eb saj ka t\u00eb stampuar logon e vet firm\u00ebs. Lidh\u00ebset q\u00eb mbyllin \u00e7ant\u00ebn sa funsionale jan\u00eb po aq dhe e lezetojn\u00eb modelin duke i dh\u00ebn\u00eb nj\u00eb pamje akoma m\u00eb fem\u00ebrore.<\/p>","protected":false},"excerpt":{"rendered":"<p>\u00c7anta \u00ebsht\u00eb produkt i firm\u00ebs Verde, kompani e cila ofron aksesor\u00eb p\u00ebr femra sipas tendencave t\u00eb fundit.\u00c7anta mbyllet me lidh\u00ebse l\u00ebkure dhe brenda ka dy xhepa nj\u00ebri prej tyre \u00ebsht\u00eb me zinxhir. \u00c7anta ka rripin e shkurt\u00ebr po ashtu dhe rrip t\u00eb gjat\u00eb p\u00ebr ta mbajtur krah\u00ebqaf\u00eb. Praktike p\u00ebr n\u00eb p\u00ebrditshm\u00ebri akoma dhe p\u00ebr mbr\u00ebmjet tuaja.<\/p>","protected":false},"featured_media":11843,"comment_status":"open","ping_status":"closed","template":"","meta":[],"product_cat":[139,168,161,163,166,162,216,217,218],"product_tag":[],"yoast_head":"<!-- This site is optimized with the Yoast SEO plugin v18.3 - https:\/\/yoast.com\/wordpress\/plugins\/seo\/ -->\n<title>\u00c7ant\u00eb me lidh\u00ebse ,&quot;bucket bag&quot; me dy rripa, Verde - PADAS<\/title>\n<meta name=\"description\" content=\"&quot;Bucket bag&quot; jan\u00eb forma unike q\u00eb jan\u00eb praktike p\u00ebr t\u00eb gjith\u00eb ato femra q\u00eb e duan \u00e7ant\u00ebn praktike dhe t\u00eb hapet e mbyllet leht\u00ebsisht.\" \/>\n<meta name=\"robots\" content=\"index, follow, max-snippet:-1, max-image-preview:large, max-video-preview:-1\" \/>\n<link rel=\"canonical\" href=\"https:\/\/padas.al\/english\/product\/cante-me-lidhese-bucket-bag-me-dy-rripa-verde\/\" \/>\n<meta property=\"og:locale\" content=\"en_GB\" \/>\n<meta property=\"og:type\" content=\"article\" \/>\n<meta property=\"og:title\" content=\"\u00c7ant\u00eb me lidh\u00ebse ,&quot;bucket bag&quot; me dy rripa, Verde - PADAS\" \/>\n<meta property=\"og:description\" content=\"&quot;Bucket bag&quot; jan\u00eb forma unike q\u00eb jan\u00eb praktike p\u00ebr t\u00eb gjith\u00eb ato femra q\u00eb e duan \u00e7ant\u00ebn praktike dhe t\u00eb hapet e mbyllet leht\u00ebsisht.\" \/>\n<meta property=\"og:url\" content=\"https:\/\/padas.al\/english\/product\/cante-me-lidhese-bucket-bag-me-dy-rripa-verde\/\" \/>\n<meta property=\"og:site_name\" content=\"PADAS\" \/>\n<meta property=\"article:modified_time\" content=\"2025-10-28T21:18:11+00:00\" \/>\n<meta property=\"og:image\" content=\"https:\/\/padas.al\/wp-content\/uploads\/2024\/10\/fixedratio_20240321094407_verde_gynaikeia_tsanta_kokkini_16_7312.jpeg\" \/>\n\t<meta property=\"og:image:width\" content=\"540\" \/>\n\t<meta property=\"og:image:height\" content=\"720\" \/>\n\t<meta property=\"og:image:type\" content=\"image\/jpeg\" \/>\n<meta name=\"twitter:card\" content=\"summary_large_image\" \/>\n<meta name=\"twitter:label1\" content=\"Estimated reading time\" \/>\n\t<meta name=\"twitter:data1\" content=\"1 minute\" \/>\n<script type=\"application\/ld+json\" class=\"yoast-schema-graph\">{\"@context\":\"https:\/\/schema.org\",\"@graph\":[{\"@type\":\"Organization\",\"@id\":\"https:\/\/padas.al\/#organization\",\"name\":\"Padas.al\",\"url\":\"https:\/\/padas.al\/\",\"sameAs\":[],\"logo\":{\"@type\":\"ImageObject\",\"@id\":\"https:\/\/padas.al\/#logo\",\"inLanguage\":\"en-GB\",\"url\":\"https:\/\/padas.al\/wp-content\/uploads\/2021\/12\/padas-logo-01.svg\",\"contentUrl\":\"https:\/\/padas.al\/wp-content\/uploads\/2021\/12\/padas-logo-01.svg\",\"width\":196.4218,\"height\":195.7925,\"caption\":\"Padas.al\"},\"image\":{\"@id\":\"https:\/\/padas.al\/#logo\"}},{\"@type\":\"WebSite\",\"@id\":\"https:\/\/padas.al\/#website\",\"url\":\"https:\/\/padas.al\/\",\"name\":\"PADAS\",\"description\":\"Shoe Shop\",\"publisher\":{\"@id\":\"https:\/\/padas.al\/#organization\"},\"potentialAction\":[{\"@type\":\"SearchAction\",\"target\":{\"@type\":\"EntryPoint\",\"urlTemplate\":\"https:\/\/padas.al\/?s={search_term_string}\"},\"query-input\":\"required name=search_term_string\"}],\"inLanguage\":\"en-GB\"},{\"@type\":\"ImageObject\",\"@id\":\"https:\/\/padas.al\/product\/cante-me-lidhese-bucket-bag-me-dy-rripa-verde\/#primaryimage\",\"inLanguage\":\"en-GB\",\"url\":\"https:\/\/padas.al\/wp-content\/uploads\/2024\/10\/fixedratio_20240321094407_verde_gynaikeia_tsanta_kokkini_16_7312.jpeg\",\"contentUrl\":\"https:\/\/padas.al\/wp-content\/uploads\/2024\/10\/fixedratio_20240321094407_verde_gynaikeia_tsanta_kokkini_16_7312.jpeg\",\"width\":540,\"height\":720},{\"@type\":\"WebPage\",\"@id\":\"https:\/\/padas.al\/product\/cante-me-lidhese-bucket-bag-me-dy-rripa-verde\/#webpage\",\"url\":\"https:\/\/padas.al\/product\/cante-me-lidhese-bucket-bag-me-dy-rripa-verde\/\",\"name\":\"\u00c7ant\u00eb me lidh\u00ebse ,\\\"bucket bag\\\" me dy rripa, Verde - PADAS\",\"isPartOf\":{\"@id\":\"https:\/\/padas.al\/#website\"},\"primaryImageOfPage\":{\"@id\":\"https:\/\/padas.al\/product\/cante-me-lidhese-bucket-bag-me-dy-rripa-verde\/#primaryimage\"},\"datePublished\":\"2024-10-13T15:02:50+00:00\",\"dateModified\":\"2025-10-28T21:18:11+00:00\",\"description\":\"\\\"Bucket bag\\\" jan\u00eb forma unike q\u00eb jan\u00eb praktike p\u00ebr t\u00eb gjith\u00eb ato femra q\u00eb e duan \u00e7ant\u00ebn praktike dhe t\u00eb hapet e mbyllet leht\u00ebsisht.\",\"breadcrumb\":{\"@id\":\"https:\/\/padas.al\/product\/cante-me-lidhese-bucket-bag-me-dy-rripa-verde\/#breadcrumb\"},\"inLanguage\":\"en-GB\",\"potentialAction\":[{\"@type\":\"ReadAction\",\"target\":[\"https:\/\/padas.al\/product\/cante-me-lidhese-bucket-bag-me-dy-rripa-verde\/\"]}]},{\"@type\":\"BreadcrumbList\",\"@id\":\"https:\/\/padas.al\/product\/cante-me-lidhese-bucket-bag-me-dy-rripa-verde\/#breadcrumb\",\"itemListElement\":[{\"@type\":\"ListItem\",\"position\":1,\"name\":\"Home\",\"item\":\"https:\/\/padas.al\/\"},{\"@type\":\"ListItem\",\"position\":2,\"name\":\"Shop\",\"item\":\"https:\/\/padas.al\/shop\/\"},{\"@type\":\"ListItem\",\"position\":3,\"name\":\"\u00c7ant\u00eb me lidh\u00ebse ,&#8221;bucket bag&#8221; me dy rripa, Verde\"}]}]}<\/script>\n<!-- \/ Yoast SEO plugin. -->","yoast_head_json":{"title":"\u00c7ant\u00eb me lidh\u00ebse ,\"bucket bag\" me dy rripa, Verde - PADAS","description":"\"Bucket bag\" jan\u00eb forma unike q\u00eb jan\u00eb praktike p\u00ebr t\u00eb gjith\u00eb ato femra q\u00eb e duan \u00e7ant\u00ebn praktike dhe t\u00eb hapet e mbyllet leht\u00ebsisht.","robots":{"index":"index","follow":"follow","max-snippet":"max-snippet:-1","max-image-preview":"max-image-preview:large","max-video-preview":"max-video-preview:-1"},"canonical":"https:\/\/padas.al\/english\/product\/cante-me-lidhese-bucket-bag-me-dy-rripa-verde\/","og_locale":"en_GB","og_type":"article","og_title":"\u00c7ant\u00eb me lidh\u00ebse ,\"bucket bag\" me dy rripa, Verde - PADAS","og_description":"\"Bucket bag\" jan\u00eb forma unike q\u00eb jan\u00eb praktike p\u00ebr t\u00eb gjith\u00eb ato femra q\u00eb e duan \u00e7ant\u00ebn praktike dhe t\u00eb hapet e mbyllet leht\u00ebsisht.","og_url":"https:\/\/padas.al\/english\/product\/cante-me-lidhese-bucket-bag-me-dy-rripa-verde\/","og_site_name":"PADAS","article_modified_time":"2025-10-28T21:18:11+00:00","og_image":[{"width":540,"height":720,"url":"https:\/\/padas.al\/wp-content\/uploads\/2024\/10\/fixedratio_20240321094407_verde_gynaikeia_tsanta_kokkini_16_7312.jpeg","type":"image\/jpeg"}],"twitter_card":"summary_large_image","twitter_misc":{"Estimated reading time":"1 minute"},"schema":{"@context":"https:\/\/schema.org","@graph":[{"@type":"Organization","@id":"https:\/\/padas.al\/#organization","name":"Padas.al","url":"https:\/\/padas.al\/","sameAs":[],"logo":{"@type":"ImageObject","@id":"https:\/\/padas.al\/#logo","inLanguage":"en-GB","url":"https:\/\/padas.al\/wp-content\/uploads\/2021\/12\/padas-logo-01.svg","contentUrl":"https:\/\/padas.al\/wp-content\/uploads\/2021\/12\/padas-logo-01.svg","width":196.4218,"height":195.7925,"caption":"Padas.al"},"image":{"@id":"https:\/\/padas.al\/#logo"}},{"@type":"WebSite","@id":"https:\/\/padas.al\/#website","url":"https:\/\/padas.al\/","name":"PADAS","description":"Shoe Shop","publisher":{"@id":"https:\/\/padas.al\/#organization"},"potentialAction":[{"@type":"SearchAction","target":{"@type":"EntryPoint","urlTemplate":"https:\/\/padas.al\/?s={search_term_string}"},"query-input":"required name=search_term_string"}],"inLanguage":"en-GB"},{"@type":"ImageObject","@id":"https:\/\/padas.al\/product\/cante-me-lidhese-bucket-bag-me-dy-rripa-verde\/#primaryimage","inLanguage":"en-GB","url":"https:\/\/padas.al\/wp-content\/uploads\/2024\/10\/fixedratio_20240321094407_verde_gynaikeia_tsanta_kokkini_16_7312.jpeg","contentUrl":"https:\/\/padas.al\/wp-content\/uploads\/2024\/10\/fixedratio_20240321094407_verde_gynaikeia_tsanta_kokkini_16_7312.jpeg","width":540,"height":720},{"@type":"WebPage","@id":"https:\/\/padas.al\/product\/cante-me-lidhese-bucket-bag-me-dy-rripa-verde\/#webpage","url":"https:\/\/padas.al\/product\/cante-me-lidhese-bucket-bag-me-dy-rripa-verde\/","name":"\u00c7ant\u00eb me lidh\u00ebse ,\"bucket bag\" me dy rripa, Verde - PADAS","isPartOf":{"@id":"https:\/\/padas.al\/#website"},"primaryImageOfPage":{"@id":"https:\/\/padas.al\/product\/cante-me-lidhese-bucket-bag-me-dy-rripa-verde\/#primaryimage"},"datePublished":"2024-10-13T15:02:50+00:00","dateModified":"2025-10-28T21:18:11+00:00","description":"\"Bucket bag\" jan\u00eb forma unike q\u00eb jan\u00eb praktike p\u00ebr t\u00eb gjith\u00eb ato femra q\u00eb e duan \u00e7ant\u00ebn praktike dhe t\u00eb hapet e mbyllet leht\u00ebsisht.","breadcrumb":{"@id":"https:\/\/padas.al\/product\/cante-me-lidhese-bucket-bag-me-dy-rripa-verde\/#breadcrumb"},"inLanguage":"en-GB","potentialAction":[{"@type":"ReadAction","target":["https:\/\/padas.al\/product\/cante-me-lidhese-bucket-bag-me-dy-rripa-verde\/"]}]},{"@type":"BreadcrumbList","@id":"https:\/\/padas.al\/product\/cante-me-lidhese-bucket-bag-me-dy-rripa-verde\/#breadcrumb","itemListElement":[{"@type":"ListItem","position":1,"name":"Home","item":"https:\/\/padas.al\/"},{"@type":"ListItem","position":2,"name":"Shop","item":"https:\/\/padas.al\/shop\/"},{"@type":"ListItem","position":3,"name":"\u00c7ant\u00eb me lidh\u00ebse ,&#8221;bucket bag&#8221; me dy rripa, Verde"}]}]}},"_links":{"self":[{"href":"https:\/\/padas.al\/english\/wp-json\/wp\/v2\/product\/11842"}],"collection":[{"href":"https:\/\/padas.al\/english\/wp-json\/wp\/v2\/product"}],"about":[{"href":"https:\/\/padas.al\/english\/wp-json\/wp\/v2\/types\/product"}],"replies":[{"embeddable":true,"href":"https:\/\/padas.al\/english\/wp-json\/wp\/v2\/comments?post=11842"}],"wp:featuredmedia":[{"embeddable":true,"href":"https:\/\/padas.al\/english\/wp-json\/wp\/v2\/media\/11843"}],"wp:attachment":[{"href":"https:\/\/padas.al\/english\/wp-json\/wp\/v2\/media?parent=11842"}],"wp:term":[{"taxonomy":"product_cat","embeddable":true,"href":"https:\/\/padas.al\/english\/wp-json\/wp\/v2\/product_cat?post=11842"},{"taxonomy":"product_tag","embeddable":true,"href":"https:\/\/padas.al\/english\/wp-json\/wp\/v2\/product_tag?post=11842"}],"curies":[{"name":"wp","href":"https:\/\/api.w.org\/{rel}","templated":true}]}}