{"id":11855,"date":"2024-10-13T15:35:25","date_gmt":"2024-10-13T15:35:25","guid":{"rendered":"https:\/\/padas.al\/?post_type=product&#038;p=11855"},"modified":"2026-05-03T14:52:29","modified_gmt":"2026-05-03T14:52:29","slug":"canta-te-vogla-praktike-per-ne-perditshmeri-verde","status":"publish","type":"product","link":"https:\/\/padas.al\/english\/product\/canta-te-vogla-praktike-per-ne-perditshmeri-verde\/","title":{"rendered":"\u00c7anta t\u00eb vogla praktike p\u00ebr n\u00eb p\u00ebrditshm\u00ebri, Verde"},"content":{"rendered":"<p>\u00c7anta \u00ebsht\u00eb e p\u00ebrb\u00ebr\u00eb prej l\u00ebkure ekologjike dhe ka material t\u00eb but\u00eb. Modeli vjen n\u00eb ngjyr\u00ebn e zez\u00eb , bojqielli pastel dhe at\u00eb krem. Ka aksesorin me logon e vet firm\u00ebs n\u00eb kapakun e \u00e7ant\u00ebs e cila lidhet n\u00eb harmoni me rripin e zinxhirit dhe lezeton modelin duke i dh\u00ebn\u00eb nj\u00eb pamje akoma m\u00eb fem\u00ebrore.<\/p>","protected":false},"excerpt":{"rendered":"<p>\u00c7anta \u00ebsht\u00eb produkt i firm\u00ebs Verde, kompani e cila ofron aksesor\u00eb p\u00ebr femra sipas tendencave t\u00eb fundit.\u00c7anta mbyllet me kapak dhe brenda ka xhep me zinxhir. Rripi i saj \u00ebsht\u00eb prej zinxhiri n\u00eb t\u00eb dy skajet dhe pjesa tjet\u00ebr \u00ebsht\u00eb l\u00ebkur\u00eb. Praktike p\u00ebr n\u00eb p\u00ebrditshm\u00ebri akoma dhe p\u00ebr mbr\u00ebmjet tuaja.<\/p>","protected":false},"featured_media":11856,"comment_status":"open","ping_status":"closed","template":"","meta":[],"product_cat":[139,168,161,166,165,216,217,218],"product_tag":[],"yoast_head":"<!-- This site is optimized with the Yoast SEO plugin v18.3 - https:\/\/yoast.com\/wordpress\/plugins\/seo\/ -->\n<title>\u00c7anta t\u00eb vogla praktike p\u00ebr n\u00eb p\u00ebrditshm\u00ebri, Verde - PADAS<\/title>\n<meta name=\"description\" content=\"\u00c7anta \u00ebsht\u00eb aksesor\u00eb q\u00eb p\u00ebrcjell m\u00eb s\u00eb miri stilin ton\u00eb dhe i jep veshjes hijeshin\u00eb q\u00eb duam. P\u00ebr veshjet e err\u00ebta sugjerojm\u00eb \u00e7anta me ngjyr\u00eb.\" \/>\n<meta name=\"robots\" content=\"index, follow, max-snippet:-1, max-image-preview:large, max-video-preview:-1\" \/>\n<link rel=\"canonical\" href=\"https:\/\/padas.al\/english\/product\/canta-te-vogla-praktike-per-ne-perditshmeri-verde\/\" \/>\n<meta property=\"og:locale\" content=\"en_GB\" \/>\n<meta property=\"og:type\" content=\"article\" \/>\n<meta property=\"og:title\" content=\"\u00c7anta t\u00eb vogla praktike p\u00ebr n\u00eb p\u00ebrditshm\u00ebri, Verde - PADAS\" \/>\n<meta property=\"og:description\" content=\"\u00c7anta \u00ebsht\u00eb aksesor\u00eb q\u00eb p\u00ebrcjell m\u00eb s\u00eb miri stilin ton\u00eb dhe i jep veshjes hijeshin\u00eb q\u00eb duam. P\u00ebr veshjet e err\u00ebta sugjerojm\u00eb \u00e7anta me ngjyr\u00eb.\" \/>\n<meta property=\"og:url\" content=\"https:\/\/padas.al\/english\/product\/canta-te-vogla-praktike-per-ne-perditshmeri-verde\/\" \/>\n<meta property=\"og:site_name\" content=\"PADAS\" \/>\n<meta property=\"article:modified_time\" content=\"2026-05-03T14:52:29+00:00\" \/>\n<meta property=\"og:image\" content=\"https:\/\/padas.al\/wp-content\/uploads\/2024\/10\/fixedratio_20240321094323_3f11afba.jpeg\" \/>\n\t<meta property=\"og:image:width\" content=\"540\" \/>\n\t<meta property=\"og:image:height\" content=\"720\" \/>\n\t<meta property=\"og:image:type\" content=\"image\/jpeg\" \/>\n<meta name=\"twitter:card\" content=\"summary_large_image\" \/>\n<meta name=\"twitter:label1\" content=\"Estimated reading time\" \/>\n\t<meta name=\"twitter:data1\" content=\"1 minute\" \/>\n<script type=\"application\/ld+json\" class=\"yoast-schema-graph\">{\"@context\":\"https:\/\/schema.org\",\"@graph\":[{\"@type\":\"Organization\",\"@id\":\"https:\/\/padas.al\/#organization\",\"name\":\"Padas.al\",\"url\":\"https:\/\/padas.al\/\",\"sameAs\":[],\"logo\":{\"@type\":\"ImageObject\",\"@id\":\"https:\/\/padas.al\/#logo\",\"inLanguage\":\"en-GB\",\"url\":\"https:\/\/padas.al\/wp-content\/uploads\/2021\/12\/padas-logo-01.svg\",\"contentUrl\":\"https:\/\/padas.al\/wp-content\/uploads\/2021\/12\/padas-logo-01.svg\",\"width\":196.4218,\"height\":195.7925,\"caption\":\"Padas.al\"},\"image\":{\"@id\":\"https:\/\/padas.al\/#logo\"}},{\"@type\":\"WebSite\",\"@id\":\"https:\/\/padas.al\/#website\",\"url\":\"https:\/\/padas.al\/\",\"name\":\"PADAS\",\"description\":\"Shoe Shop\",\"publisher\":{\"@id\":\"https:\/\/padas.al\/#organization\"},\"potentialAction\":[{\"@type\":\"SearchAction\",\"target\":{\"@type\":\"EntryPoint\",\"urlTemplate\":\"https:\/\/padas.al\/?s={search_term_string}\"},\"query-input\":\"required name=search_term_string\"}],\"inLanguage\":\"en-GB\"},{\"@type\":\"ImageObject\",\"@id\":\"https:\/\/padas.al\/product\/canta-te-vogla-praktike-per-ne-perditshmeri-verde\/#primaryimage\",\"inLanguage\":\"en-GB\",\"url\":\"https:\/\/padas.al\/wp-content\/uploads\/2024\/10\/fixedratio_20240321094323_3f11afba.jpeg\",\"contentUrl\":\"https:\/\/padas.al\/wp-content\/uploads\/2024\/10\/fixedratio_20240321094323_3f11afba.jpeg\",\"width\":540,\"height\":720},{\"@type\":\"WebPage\",\"@id\":\"https:\/\/padas.al\/product\/canta-te-vogla-praktike-per-ne-perditshmeri-verde\/#webpage\",\"url\":\"https:\/\/padas.al\/product\/canta-te-vogla-praktike-per-ne-perditshmeri-verde\/\",\"name\":\"\u00c7anta t\u00eb vogla praktike p\u00ebr n\u00eb p\u00ebrditshm\u00ebri, Verde - PADAS\",\"isPartOf\":{\"@id\":\"https:\/\/padas.al\/#website\"},\"primaryImageOfPage\":{\"@id\":\"https:\/\/padas.al\/product\/canta-te-vogla-praktike-per-ne-perditshmeri-verde\/#primaryimage\"},\"datePublished\":\"2024-10-13T15:35:25+00:00\",\"dateModified\":\"2026-05-03T14:52:29+00:00\",\"description\":\"\u00c7anta \u00ebsht\u00eb aksesor\u00eb q\u00eb p\u00ebrcjell m\u00eb s\u00eb miri stilin ton\u00eb dhe i jep veshjes hijeshin\u00eb q\u00eb duam. P\u00ebr veshjet e err\u00ebta sugjerojm\u00eb \u00e7anta me ngjyr\u00eb.\",\"breadcrumb\":{\"@id\":\"https:\/\/padas.al\/product\/canta-te-vogla-praktike-per-ne-perditshmeri-verde\/#breadcrumb\"},\"inLanguage\":\"en-GB\",\"potentialAction\":[{\"@type\":\"ReadAction\",\"target\":[\"https:\/\/padas.al\/product\/canta-te-vogla-praktike-per-ne-perditshmeri-verde\/\"]}]},{\"@type\":\"BreadcrumbList\",\"@id\":\"https:\/\/padas.al\/product\/canta-te-vogla-praktike-per-ne-perditshmeri-verde\/#breadcrumb\",\"itemListElement\":[{\"@type\":\"ListItem\",\"position\":1,\"name\":\"Home\",\"item\":\"https:\/\/padas.al\/\"},{\"@type\":\"ListItem\",\"position\":2,\"name\":\"Shop\",\"item\":\"https:\/\/padas.al\/shop\/\"},{\"@type\":\"ListItem\",\"position\":3,\"name\":\"\u00c7anta t\u00eb vogla praktike p\u00ebr n\u00eb p\u00ebrditshm\u00ebri, Verde\"}]}]}<\/script>\n<!-- \/ Yoast SEO plugin. -->","yoast_head_json":{"title":"\u00c7anta t\u00eb vogla praktike p\u00ebr n\u00eb p\u00ebrditshm\u00ebri, Verde - PADAS","description":"\u00c7anta \u00ebsht\u00eb aksesor\u00eb q\u00eb p\u00ebrcjell m\u00eb s\u00eb miri stilin ton\u00eb dhe i jep veshjes hijeshin\u00eb q\u00eb duam. P\u00ebr veshjet e err\u00ebta sugjerojm\u00eb \u00e7anta me ngjyr\u00eb.","robots":{"index":"index","follow":"follow","max-snippet":"max-snippet:-1","max-image-preview":"max-image-preview:large","max-video-preview":"max-video-preview:-1"},"canonical":"https:\/\/padas.al\/english\/product\/canta-te-vogla-praktike-per-ne-perditshmeri-verde\/","og_locale":"en_GB","og_type":"article","og_title":"\u00c7anta t\u00eb vogla praktike p\u00ebr n\u00eb p\u00ebrditshm\u00ebri, Verde - PADAS","og_description":"\u00c7anta \u00ebsht\u00eb aksesor\u00eb q\u00eb p\u00ebrcjell m\u00eb s\u00eb miri stilin ton\u00eb dhe i jep veshjes hijeshin\u00eb q\u00eb duam. P\u00ebr veshjet e err\u00ebta sugjerojm\u00eb \u00e7anta me ngjyr\u00eb.","og_url":"https:\/\/padas.al\/english\/product\/canta-te-vogla-praktike-per-ne-perditshmeri-verde\/","og_site_name":"PADAS","article_modified_time":"2026-05-03T14:52:29+00:00","og_image":[{"width":540,"height":720,"url":"https:\/\/padas.al\/wp-content\/uploads\/2024\/10\/fixedratio_20240321094323_3f11afba.jpeg","type":"image\/jpeg"}],"twitter_card":"summary_large_image","twitter_misc":{"Estimated reading time":"1 minute"},"schema":{"@context":"https:\/\/schema.org","@graph":[{"@type":"Organization","@id":"https:\/\/padas.al\/#organization","name":"Padas.al","url":"https:\/\/padas.al\/","sameAs":[],"logo":{"@type":"ImageObject","@id":"https:\/\/padas.al\/#logo","inLanguage":"en-GB","url":"https:\/\/padas.al\/wp-content\/uploads\/2021\/12\/padas-logo-01.svg","contentUrl":"https:\/\/padas.al\/wp-content\/uploads\/2021\/12\/padas-logo-01.svg","width":196.4218,"height":195.7925,"caption":"Padas.al"},"image":{"@id":"https:\/\/padas.al\/#logo"}},{"@type":"WebSite","@id":"https:\/\/padas.al\/#website","url":"https:\/\/padas.al\/","name":"PADAS","description":"Shoe Shop","publisher":{"@id":"https:\/\/padas.al\/#organization"},"potentialAction":[{"@type":"SearchAction","target":{"@type":"EntryPoint","urlTemplate":"https:\/\/padas.al\/?s={search_term_string}"},"query-input":"required name=search_term_string"}],"inLanguage":"en-GB"},{"@type":"ImageObject","@id":"https:\/\/padas.al\/product\/canta-te-vogla-praktike-per-ne-perditshmeri-verde\/#primaryimage","inLanguage":"en-GB","url":"https:\/\/padas.al\/wp-content\/uploads\/2024\/10\/fixedratio_20240321094323_3f11afba.jpeg","contentUrl":"https:\/\/padas.al\/wp-content\/uploads\/2024\/10\/fixedratio_20240321094323_3f11afba.jpeg","width":540,"height":720},{"@type":"WebPage","@id":"https:\/\/padas.al\/product\/canta-te-vogla-praktike-per-ne-perditshmeri-verde\/#webpage","url":"https:\/\/padas.al\/product\/canta-te-vogla-praktike-per-ne-perditshmeri-verde\/","name":"\u00c7anta t\u00eb vogla praktike p\u00ebr n\u00eb p\u00ebrditshm\u00ebri, Verde - PADAS","isPartOf":{"@id":"https:\/\/padas.al\/#website"},"primaryImageOfPage":{"@id":"https:\/\/padas.al\/product\/canta-te-vogla-praktike-per-ne-perditshmeri-verde\/#primaryimage"},"datePublished":"2024-10-13T15:35:25+00:00","dateModified":"2026-05-03T14:52:29+00:00","description":"\u00c7anta \u00ebsht\u00eb aksesor\u00eb q\u00eb p\u00ebrcjell m\u00eb s\u00eb miri stilin ton\u00eb dhe i jep veshjes hijeshin\u00eb q\u00eb duam. P\u00ebr veshjet e err\u00ebta sugjerojm\u00eb \u00e7anta me ngjyr\u00eb.","breadcrumb":{"@id":"https:\/\/padas.al\/product\/canta-te-vogla-praktike-per-ne-perditshmeri-verde\/#breadcrumb"},"inLanguage":"en-GB","potentialAction":[{"@type":"ReadAction","target":["https:\/\/padas.al\/product\/canta-te-vogla-praktike-per-ne-perditshmeri-verde\/"]}]},{"@type":"BreadcrumbList","@id":"https:\/\/padas.al\/product\/canta-te-vogla-praktike-per-ne-perditshmeri-verde\/#breadcrumb","itemListElement":[{"@type":"ListItem","position":1,"name":"Home","item":"https:\/\/padas.al\/"},{"@type":"ListItem","position":2,"name":"Shop","item":"https:\/\/padas.al\/shop\/"},{"@type":"ListItem","position":3,"name":"\u00c7anta t\u00eb vogla praktike p\u00ebr n\u00eb p\u00ebrditshm\u00ebri, Verde"}]}]}},"_links":{"self":[{"href":"https:\/\/padas.al\/english\/wp-json\/wp\/v2\/product\/11855"}],"collection":[{"href":"https:\/\/padas.al\/english\/wp-json\/wp\/v2\/product"}],"about":[{"href":"https:\/\/padas.al\/english\/wp-json\/wp\/v2\/types\/product"}],"replies":[{"embeddable":true,"href":"https:\/\/padas.al\/english\/wp-json\/wp\/v2\/comments?post=11855"}],"wp:featuredmedia":[{"embeddable":true,"href":"https:\/\/padas.al\/english\/wp-json\/wp\/v2\/media\/11856"}],"wp:attachment":[{"href":"https:\/\/padas.al\/english\/wp-json\/wp\/v2\/media?parent=11855"}],"wp:term":[{"taxonomy":"product_cat","embeddable":true,"href":"https:\/\/padas.al\/english\/wp-json\/wp\/v2\/product_cat?post=11855"},{"taxonomy":"product_tag","embeddable":true,"href":"https:\/\/padas.al\/english\/wp-json\/wp\/v2\/product_tag?post=11855"}],"curies":[{"name":"wp","href":"https:\/\/api.w.org\/{rel}","templated":true}]}}