{"id":11894,"date":"2024-10-13T17:31:50","date_gmt":"2024-10-13T17:31:50","guid":{"rendered":"https:\/\/padas.al\/?post_type=product&#038;p=11894"},"modified":"2024-10-13T17:31:51","modified_gmt":"2024-10-13T17:31:51","slug":"canta-zarf-per-mbremje-me-detaj-fjongoje","status":"publish","type":"product","link":"https:\/\/padas.al\/english\/product\/canta-zarf-per-mbremje-me-detaj-fjongoje\/","title":{"rendered":"\u00c7anta zarf p\u00ebr mbr\u00ebmje me detaj fjongoje"},"content":{"rendered":"<p>\u00c7anta \u00ebsht\u00eb e p\u00ebrb\u00ebr\u00eb prej l\u00ebkure ekologjike si kastor dhe ka form\u00eb t\u00eb rregullt. Modeli vjen n\u00eb ngjyr\u00ebn e zez\u00eb, lejla dhe blu , ngjyra t\u00eb cilat p\u00ebrshtaten p\u00ebr n\u00eb mbr\u00ebmje.\u00a0 \u00c7anta mbyllet me kapak dhe brenda ka nj\u00eb xhep. Rripi i saj \u00ebsht\u00eb prej\u00a0 zinxhiri i cili lezeton modelin duke i dh\u00ebn\u00eb nj\u00eb pamje akoma m\u00eb fem\u00ebrore.<\/p>","protected":false},"excerpt":{"rendered":"<p>\u00c7anta \u00ebsht\u00eb produkt i firm\u00ebs Verde, kompani e cila ofron aksesor\u00eb p\u00ebr femra sipas tendencave t\u00eb fundit.\u00c7anta mbyllet me kapak dhe brenda ka xhep me zinxhir dhe rripi i saj \u00ebsht\u00eb prej zinxhiri t\u00eb gjat\u00eb p\u00ebr ta mbajtur krah\u00ebqaf\u00eb \u00e7ant\u00ebn. Praktike p\u00ebr n\u00eb p\u00ebrditshm\u00ebri akoma dhe p\u00ebr mbr\u00ebmjet tuaja.<\/p>","protected":false},"featured_media":11895,"comment_status":"open","ping_status":"closed","template":"","meta":[],"product_cat":[139,168,161,163,166,165,216,217,218],"product_tag":[],"yoast_head":"<!-- This site is optimized with the Yoast SEO plugin v18.3 - https:\/\/yoast.com\/wordpress\/plugins\/seo\/ -->\n<title>\u00c7anta zarf p\u00ebr mbr\u00ebmje me detaj fjongoje - PADAS<\/title>\n<meta name=\"description\" content=\"\u00c7antat e vogla jan\u00eb nj\u00eb zgjedhje e mir\u00eb p\u00ebr mbr\u00ebmjet tuaja, por dhe p\u00ebr n\u00eb p\u00ebrditshm\u00ebri. Ka form\u00eb dhe ngjyr\u00eb t\u00eb p\u00ebrshatshme me \u00e7do veshje.\" \/>\n<meta name=\"robots\" content=\"index, follow, max-snippet:-1, max-image-preview:large, max-video-preview:-1\" \/>\n<link rel=\"canonical\" href=\"https:\/\/padas.al\/english\/product\/canta-zarf-per-mbremje-me-detaj-fjongoje\/\" \/>\n<meta property=\"og:locale\" content=\"en_GB\" \/>\n<meta property=\"og:type\" content=\"article\" \/>\n<meta property=\"og:title\" content=\"\u00c7anta zarf p\u00ebr mbr\u00ebmje me detaj fjongoje - PADAS\" \/>\n<meta property=\"og:description\" content=\"\u00c7antat e vogla jan\u00eb nj\u00eb zgjedhje e mir\u00eb p\u00ebr mbr\u00ebmjet tuaja, por dhe p\u00ebr n\u00eb p\u00ebrditshm\u00ebri. Ka form\u00eb dhe ngjyr\u00eb t\u00eb p\u00ebrshatshme me \u00e7do veshje.\" \/>\n<meta property=\"og:url\" content=\"https:\/\/padas.al\/english\/product\/canta-zarf-per-mbremje-me-detaj-fjongoje\/\" \/>\n<meta property=\"og:site_name\" content=\"PADAS\" \/>\n<meta property=\"article:modified_time\" content=\"2024-10-13T17:31:51+00:00\" \/>\n<meta property=\"og:image\" content=\"https:\/\/padas.al\/wp-content\/uploads\/2024\/10\/fixedratio_20231005103257_1e5b3bec.jpeg\" \/>\n\t<meta property=\"og:image:width\" content=\"540\" \/>\n\t<meta property=\"og:image:height\" content=\"720\" \/>\n\t<meta property=\"og:image:type\" content=\"image\/jpeg\" \/>\n<meta name=\"twitter:card\" content=\"summary_large_image\" \/>\n<script type=\"application\/ld+json\" class=\"yoast-schema-graph\">{\"@context\":\"https:\/\/schema.org\",\"@graph\":[{\"@type\":\"Organization\",\"@id\":\"https:\/\/padas.al\/#organization\",\"name\":\"Padas.al\",\"url\":\"https:\/\/padas.al\/\",\"sameAs\":[],\"logo\":{\"@type\":\"ImageObject\",\"@id\":\"https:\/\/padas.al\/#logo\",\"inLanguage\":\"en-GB\",\"url\":\"https:\/\/padas.al\/wp-content\/uploads\/2021\/12\/padas-logo-01.svg\",\"contentUrl\":\"https:\/\/padas.al\/wp-content\/uploads\/2021\/12\/padas-logo-01.svg\",\"width\":196.4218,\"height\":195.7925,\"caption\":\"Padas.al\"},\"image\":{\"@id\":\"https:\/\/padas.al\/#logo\"}},{\"@type\":\"WebSite\",\"@id\":\"https:\/\/padas.al\/#website\",\"url\":\"https:\/\/padas.al\/\",\"name\":\"PADAS\",\"description\":\"Shoe Shop\",\"publisher\":{\"@id\":\"https:\/\/padas.al\/#organization\"},\"potentialAction\":[{\"@type\":\"SearchAction\",\"target\":{\"@type\":\"EntryPoint\",\"urlTemplate\":\"https:\/\/padas.al\/?s={search_term_string}\"},\"query-input\":\"required name=search_term_string\"}],\"inLanguage\":\"en-GB\"},{\"@type\":\"ImageObject\",\"@id\":\"https:\/\/padas.al\/product\/canta-zarf-per-mbremje-me-detaj-fjongoje\/#primaryimage\",\"inLanguage\":\"en-GB\",\"url\":\"https:\/\/padas.al\/wp-content\/uploads\/2024\/10\/fixedratio_20231005103257_1e5b3bec.jpeg\",\"contentUrl\":\"https:\/\/padas.al\/wp-content\/uploads\/2024\/10\/fixedratio_20231005103257_1e5b3bec.jpeg\",\"width\":540,\"height\":720},{\"@type\":\"WebPage\",\"@id\":\"https:\/\/padas.al\/product\/canta-zarf-per-mbremje-me-detaj-fjongoje\/#webpage\",\"url\":\"https:\/\/padas.al\/product\/canta-zarf-per-mbremje-me-detaj-fjongoje\/\",\"name\":\"\u00c7anta zarf p\u00ebr mbr\u00ebmje me detaj fjongoje - PADAS\",\"isPartOf\":{\"@id\":\"https:\/\/padas.al\/#website\"},\"primaryImageOfPage\":{\"@id\":\"https:\/\/padas.al\/product\/canta-zarf-per-mbremje-me-detaj-fjongoje\/#primaryimage\"},\"datePublished\":\"2024-10-13T17:31:50+00:00\",\"dateModified\":\"2024-10-13T17:31:51+00:00\",\"description\":\"\u00c7antat e vogla jan\u00eb nj\u00eb zgjedhje e mir\u00eb p\u00ebr mbr\u00ebmjet tuaja, por dhe p\u00ebr n\u00eb p\u00ebrditshm\u00ebri. Ka form\u00eb dhe ngjyr\u00eb t\u00eb p\u00ebrshatshme me \u00e7do veshje.\",\"breadcrumb\":{\"@id\":\"https:\/\/padas.al\/product\/canta-zarf-per-mbremje-me-detaj-fjongoje\/#breadcrumb\"},\"inLanguage\":\"en-GB\",\"potentialAction\":[{\"@type\":\"ReadAction\",\"target\":[\"https:\/\/padas.al\/product\/canta-zarf-per-mbremje-me-detaj-fjongoje\/\"]}]},{\"@type\":\"BreadcrumbList\",\"@id\":\"https:\/\/padas.al\/product\/canta-zarf-per-mbremje-me-detaj-fjongoje\/#breadcrumb\",\"itemListElement\":[{\"@type\":\"ListItem\",\"position\":1,\"name\":\"Home\",\"item\":\"https:\/\/padas.al\/\"},{\"@type\":\"ListItem\",\"position\":2,\"name\":\"Shop\",\"item\":\"https:\/\/padas.al\/shop\/\"},{\"@type\":\"ListItem\",\"position\":3,\"name\":\"\u00c7anta zarf p\u00ebr mbr\u00ebmje me detaj fjongoje\"}]}]}<\/script>\n<!-- \/ Yoast SEO plugin. -->","yoast_head_json":{"title":"\u00c7anta zarf p\u00ebr mbr\u00ebmje me detaj fjongoje - PADAS","description":"\u00c7antat e vogla jan\u00eb nj\u00eb zgjedhje e mir\u00eb p\u00ebr mbr\u00ebmjet tuaja, por dhe p\u00ebr n\u00eb p\u00ebrditshm\u00ebri. Ka form\u00eb dhe ngjyr\u00eb t\u00eb p\u00ebrshatshme me \u00e7do veshje.","robots":{"index":"index","follow":"follow","max-snippet":"max-snippet:-1","max-image-preview":"max-image-preview:large","max-video-preview":"max-video-preview:-1"},"canonical":"https:\/\/padas.al\/english\/product\/canta-zarf-per-mbremje-me-detaj-fjongoje\/","og_locale":"en_GB","og_type":"article","og_title":"\u00c7anta zarf p\u00ebr mbr\u00ebmje me detaj fjongoje - PADAS","og_description":"\u00c7antat e vogla jan\u00eb nj\u00eb zgjedhje e mir\u00eb p\u00ebr mbr\u00ebmjet tuaja, por dhe p\u00ebr n\u00eb p\u00ebrditshm\u00ebri. Ka form\u00eb dhe ngjyr\u00eb t\u00eb p\u00ebrshatshme me \u00e7do veshje.","og_url":"https:\/\/padas.al\/english\/product\/canta-zarf-per-mbremje-me-detaj-fjongoje\/","og_site_name":"PADAS","article_modified_time":"2024-10-13T17:31:51+00:00","og_image":[{"width":540,"height":720,"url":"https:\/\/padas.al\/wp-content\/uploads\/2024\/10\/fixedratio_20231005103257_1e5b3bec.jpeg","type":"image\/jpeg"}],"twitter_card":"summary_large_image","schema":{"@context":"https:\/\/schema.org","@graph":[{"@type":"Organization","@id":"https:\/\/padas.al\/#organization","name":"Padas.al","url":"https:\/\/padas.al\/","sameAs":[],"logo":{"@type":"ImageObject","@id":"https:\/\/padas.al\/#logo","inLanguage":"en-GB","url":"https:\/\/padas.al\/wp-content\/uploads\/2021\/12\/padas-logo-01.svg","contentUrl":"https:\/\/padas.al\/wp-content\/uploads\/2021\/12\/padas-logo-01.svg","width":196.4218,"height":195.7925,"caption":"Padas.al"},"image":{"@id":"https:\/\/padas.al\/#logo"}},{"@type":"WebSite","@id":"https:\/\/padas.al\/#website","url":"https:\/\/padas.al\/","name":"PADAS","description":"Shoe Shop","publisher":{"@id":"https:\/\/padas.al\/#organization"},"potentialAction":[{"@type":"SearchAction","target":{"@type":"EntryPoint","urlTemplate":"https:\/\/padas.al\/?s={search_term_string}"},"query-input":"required name=search_term_string"}],"inLanguage":"en-GB"},{"@type":"ImageObject","@id":"https:\/\/padas.al\/product\/canta-zarf-per-mbremje-me-detaj-fjongoje\/#primaryimage","inLanguage":"en-GB","url":"https:\/\/padas.al\/wp-content\/uploads\/2024\/10\/fixedratio_20231005103257_1e5b3bec.jpeg","contentUrl":"https:\/\/padas.al\/wp-content\/uploads\/2024\/10\/fixedratio_20231005103257_1e5b3bec.jpeg","width":540,"height":720},{"@type":"WebPage","@id":"https:\/\/padas.al\/product\/canta-zarf-per-mbremje-me-detaj-fjongoje\/#webpage","url":"https:\/\/padas.al\/product\/canta-zarf-per-mbremje-me-detaj-fjongoje\/","name":"\u00c7anta zarf p\u00ebr mbr\u00ebmje me detaj fjongoje - PADAS","isPartOf":{"@id":"https:\/\/padas.al\/#website"},"primaryImageOfPage":{"@id":"https:\/\/padas.al\/product\/canta-zarf-per-mbremje-me-detaj-fjongoje\/#primaryimage"},"datePublished":"2024-10-13T17:31:50+00:00","dateModified":"2024-10-13T17:31:51+00:00","description":"\u00c7antat e vogla jan\u00eb nj\u00eb zgjedhje e mir\u00eb p\u00ebr mbr\u00ebmjet tuaja, por dhe p\u00ebr n\u00eb p\u00ebrditshm\u00ebri. Ka form\u00eb dhe ngjyr\u00eb t\u00eb p\u00ebrshatshme me \u00e7do veshje.","breadcrumb":{"@id":"https:\/\/padas.al\/product\/canta-zarf-per-mbremje-me-detaj-fjongoje\/#breadcrumb"},"inLanguage":"en-GB","potentialAction":[{"@type":"ReadAction","target":["https:\/\/padas.al\/product\/canta-zarf-per-mbremje-me-detaj-fjongoje\/"]}]},{"@type":"BreadcrumbList","@id":"https:\/\/padas.al\/product\/canta-zarf-per-mbremje-me-detaj-fjongoje\/#breadcrumb","itemListElement":[{"@type":"ListItem","position":1,"name":"Home","item":"https:\/\/padas.al\/"},{"@type":"ListItem","position":2,"name":"Shop","item":"https:\/\/padas.al\/shop\/"},{"@type":"ListItem","position":3,"name":"\u00c7anta zarf p\u00ebr mbr\u00ebmje me detaj fjongoje"}]}]}},"_links":{"self":[{"href":"https:\/\/padas.al\/english\/wp-json\/wp\/v2\/product\/11894"}],"collection":[{"href":"https:\/\/padas.al\/english\/wp-json\/wp\/v2\/product"}],"about":[{"href":"https:\/\/padas.al\/english\/wp-json\/wp\/v2\/types\/product"}],"replies":[{"embeddable":true,"href":"https:\/\/padas.al\/english\/wp-json\/wp\/v2\/comments?post=11894"}],"wp:featuredmedia":[{"embeddable":true,"href":"https:\/\/padas.al\/english\/wp-json\/wp\/v2\/media\/11895"}],"wp:attachment":[{"href":"https:\/\/padas.al\/english\/wp-json\/wp\/v2\/media?parent=11894"}],"wp:term":[{"taxonomy":"product_cat","embeddable":true,"href":"https:\/\/padas.al\/english\/wp-json\/wp\/v2\/product_cat?post=11894"},{"taxonomy":"product_tag","embeddable":true,"href":"https:\/\/padas.al\/english\/wp-json\/wp\/v2\/product_tag?post=11894"}],"curies":[{"name":"wp","href":"https:\/\/api.w.org\/{rel}","templated":true}]}}