{"id":11988,"date":"2024-10-15T15:15:00","date_gmt":"2024-10-15T15:15:00","guid":{"rendered":"https:\/\/padas.al\/?post_type=product&#038;p=11988"},"modified":"2025-10-28T21:30:36","modified_gmt":"2025-10-28T21:30:36","slug":"cante-ne-stilin-baguette-bag-verde","status":"publish","type":"product","link":"https:\/\/padas.al\/english\/product\/cante-ne-stilin-baguette-bag-verde\/","title":{"rendered":"\u00c7ant\u00eb n\u00eb stilin &#8220;baguette bag&#8221; , Verde"},"content":{"rendered":"<p>\u00c7anta \u00ebsht\u00eb e p\u00ebrb\u00ebr\u00eb prej l\u00ebkure ekologjike dhe ka material t\u00eb but\u00eb. Modeli vjen n\u00eb ngjyr\u00ebn e zez\u00eb, gri t\u00eb hapur dhe lejla. Ka aksesorin me logon e vet firm\u00ebs n\u00eb faqen ballore dhe n\u00eb t\u00eb dy an\u00ebt jan\u00eb qepje t\u00eb cilat krijojn\u00eb pala simetrike.<\/p>","protected":false},"excerpt":{"rendered":"<p>\u00c7anta \u00ebsht\u00eb produkt i firm\u00ebs Verde, kompani e cila ofron aksesor\u00eb p\u00ebr femra sipas tendencave t\u00eb fundit.\u00c7anta mbyllet me zinxhir dhe brenda ka xhep me zinxhir, ajo ka rripin e shkurt\u00ebr dhe \u00ebsht\u00eb praktike p\u00ebr n\u00eb p\u00ebrditshm\u00ebri akoma dhe p\u00ebr mbr\u00ebmjet tuaja.<\/p>","protected":false},"featured_media":11989,"comment_status":"open","ping_status":"closed","template":"","meta":[],"product_cat":[139,168,161,163,162,216,217,218],"product_tag":[],"yoast_head":"<!-- This site is optimized with the Yoast SEO plugin v18.3 - https:\/\/yoast.com\/wordpress\/plugins\/seo\/ -->\n<title>\u00c7ant\u00eb n\u00eb stilin &quot;baguette bag&quot; , Verde - PADAS<\/title>\n<meta name=\"description\" content=\"Kjo \u00e7ant\u00eb \u00ebsht\u00eb p\u00ebr t\u00eb gjitha ato vajza q\u00eb jan\u00eb detaiste dhe duan t\u00eb shk\u00eblqejn\u00eb nga koka te k\u00ebmb\u00ebt pa l\u00ebn\u00eb m\u00ebnjan\u00eb aksesorin m\u00eb kryesor, \u00e7ant\u00ebn.\" \/>\n<meta name=\"robots\" content=\"index, follow, max-snippet:-1, max-image-preview:large, max-video-preview:-1\" \/>\n<link rel=\"canonical\" href=\"https:\/\/padas.al\/english\/product\/cante-ne-stilin-baguette-bag-verde\/\" \/>\n<meta property=\"og:locale\" content=\"en_GB\" \/>\n<meta property=\"og:type\" content=\"article\" \/>\n<meta property=\"og:title\" content=\"\u00c7ant\u00eb n\u00eb stilin &quot;baguette bag&quot; , Verde - PADAS\" \/>\n<meta property=\"og:description\" content=\"Kjo \u00e7ant\u00eb \u00ebsht\u00eb p\u00ebr t\u00eb gjitha ato vajza q\u00eb jan\u00eb detaiste dhe duan t\u00eb shk\u00eblqejn\u00eb nga koka te k\u00ebmb\u00ebt pa l\u00ebn\u00eb m\u00ebnjan\u00eb aksesorin m\u00eb kryesor, \u00e7ant\u00ebn.\" \/>\n<meta property=\"og:url\" content=\"https:\/\/padas.al\/english\/product\/cante-ne-stilin-baguette-bag-verde\/\" \/>\n<meta property=\"og:site_name\" content=\"PADAS\" \/>\n<meta property=\"article:modified_time\" content=\"2025-10-28T21:30:36+00:00\" \/>\n<meta property=\"og:image\" content=\"https:\/\/padas.al\/wp-content\/uploads\/2024\/10\/fixedratio_20240229093228_c7c373fb.jpeg\" \/>\n\t<meta property=\"og:image:width\" content=\"540\" \/>\n\t<meta property=\"og:image:height\" content=\"720\" \/>\n\t<meta property=\"og:image:type\" content=\"image\/jpeg\" \/>\n<meta name=\"twitter:card\" content=\"summary_large_image\" \/>\n<script type=\"application\/ld+json\" class=\"yoast-schema-graph\">{\"@context\":\"https:\/\/schema.org\",\"@graph\":[{\"@type\":\"Organization\",\"@id\":\"https:\/\/padas.al\/#organization\",\"name\":\"Padas.al\",\"url\":\"https:\/\/padas.al\/\",\"sameAs\":[],\"logo\":{\"@type\":\"ImageObject\",\"@id\":\"https:\/\/padas.al\/#logo\",\"inLanguage\":\"en-GB\",\"url\":\"https:\/\/padas.al\/wp-content\/uploads\/2021\/12\/padas-logo-01.svg\",\"contentUrl\":\"https:\/\/padas.al\/wp-content\/uploads\/2021\/12\/padas-logo-01.svg\",\"width\":196.4218,\"height\":195.7925,\"caption\":\"Padas.al\"},\"image\":{\"@id\":\"https:\/\/padas.al\/#logo\"}},{\"@type\":\"WebSite\",\"@id\":\"https:\/\/padas.al\/#website\",\"url\":\"https:\/\/padas.al\/\",\"name\":\"PADAS\",\"description\":\"Shoe Shop\",\"publisher\":{\"@id\":\"https:\/\/padas.al\/#organization\"},\"potentialAction\":[{\"@type\":\"SearchAction\",\"target\":{\"@type\":\"EntryPoint\",\"urlTemplate\":\"https:\/\/padas.al\/?s={search_term_string}\"},\"query-input\":\"required name=search_term_string\"}],\"inLanguage\":\"en-GB\"},{\"@type\":\"ImageObject\",\"@id\":\"https:\/\/padas.al\/product\/cante-ne-stilin-baguette-bag-verde\/#primaryimage\",\"inLanguage\":\"en-GB\",\"url\":\"https:\/\/padas.al\/wp-content\/uploads\/2024\/10\/fixedratio_20240229093228_c7c373fb.jpeg\",\"contentUrl\":\"https:\/\/padas.al\/wp-content\/uploads\/2024\/10\/fixedratio_20240229093228_c7c373fb.jpeg\",\"width\":540,\"height\":720},{\"@type\":\"WebPage\",\"@id\":\"https:\/\/padas.al\/product\/cante-ne-stilin-baguette-bag-verde\/#webpage\",\"url\":\"https:\/\/padas.al\/product\/cante-ne-stilin-baguette-bag-verde\/\",\"name\":\"\u00c7ant\u00eb n\u00eb stilin \\\"baguette bag\\\" , Verde - PADAS\",\"isPartOf\":{\"@id\":\"https:\/\/padas.al\/#website\"},\"primaryImageOfPage\":{\"@id\":\"https:\/\/padas.al\/product\/cante-ne-stilin-baguette-bag-verde\/#primaryimage\"},\"datePublished\":\"2024-10-15T15:15:00+00:00\",\"dateModified\":\"2025-10-28T21:30:36+00:00\",\"description\":\"Kjo \u00e7ant\u00eb \u00ebsht\u00eb p\u00ebr t\u00eb gjitha ato vajza q\u00eb jan\u00eb detaiste dhe duan t\u00eb shk\u00eblqejn\u00eb nga koka te k\u00ebmb\u00ebt pa l\u00ebn\u00eb m\u00ebnjan\u00eb aksesorin m\u00eb kryesor, \u00e7ant\u00ebn.\",\"breadcrumb\":{\"@id\":\"https:\/\/padas.al\/product\/cante-ne-stilin-baguette-bag-verde\/#breadcrumb\"},\"inLanguage\":\"en-GB\",\"potentialAction\":[{\"@type\":\"ReadAction\",\"target\":[\"https:\/\/padas.al\/product\/cante-ne-stilin-baguette-bag-verde\/\"]}]},{\"@type\":\"BreadcrumbList\",\"@id\":\"https:\/\/padas.al\/product\/cante-ne-stilin-baguette-bag-verde\/#breadcrumb\",\"itemListElement\":[{\"@type\":\"ListItem\",\"position\":1,\"name\":\"Home\",\"item\":\"https:\/\/padas.al\/\"},{\"@type\":\"ListItem\",\"position\":2,\"name\":\"Shop\",\"item\":\"https:\/\/padas.al\/shop\/\"},{\"@type\":\"ListItem\",\"position\":3,\"name\":\"\u00c7ant\u00eb n\u00eb stilin &#8220;baguette bag&#8221; , Verde\"}]}]}<\/script>\n<!-- \/ Yoast SEO plugin. -->","yoast_head_json":{"title":"\u00c7ant\u00eb n\u00eb stilin \"baguette bag\" , Verde - PADAS","description":"Kjo \u00e7ant\u00eb \u00ebsht\u00eb p\u00ebr t\u00eb gjitha ato vajza q\u00eb jan\u00eb detaiste dhe duan t\u00eb shk\u00eblqejn\u00eb nga koka te k\u00ebmb\u00ebt pa l\u00ebn\u00eb m\u00ebnjan\u00eb aksesorin m\u00eb kryesor, \u00e7ant\u00ebn.","robots":{"index":"index","follow":"follow","max-snippet":"max-snippet:-1","max-image-preview":"max-image-preview:large","max-video-preview":"max-video-preview:-1"},"canonical":"https:\/\/padas.al\/english\/product\/cante-ne-stilin-baguette-bag-verde\/","og_locale":"en_GB","og_type":"article","og_title":"\u00c7ant\u00eb n\u00eb stilin \"baguette bag\" , Verde - PADAS","og_description":"Kjo \u00e7ant\u00eb \u00ebsht\u00eb p\u00ebr t\u00eb gjitha ato vajza q\u00eb jan\u00eb detaiste dhe duan t\u00eb shk\u00eblqejn\u00eb nga koka te k\u00ebmb\u00ebt pa l\u00ebn\u00eb m\u00ebnjan\u00eb aksesorin m\u00eb kryesor, \u00e7ant\u00ebn.","og_url":"https:\/\/padas.al\/english\/product\/cante-ne-stilin-baguette-bag-verde\/","og_site_name":"PADAS","article_modified_time":"2025-10-28T21:30:36+00:00","og_image":[{"width":540,"height":720,"url":"https:\/\/padas.al\/wp-content\/uploads\/2024\/10\/fixedratio_20240229093228_c7c373fb.jpeg","type":"image\/jpeg"}],"twitter_card":"summary_large_image","schema":{"@context":"https:\/\/schema.org","@graph":[{"@type":"Organization","@id":"https:\/\/padas.al\/#organization","name":"Padas.al","url":"https:\/\/padas.al\/","sameAs":[],"logo":{"@type":"ImageObject","@id":"https:\/\/padas.al\/#logo","inLanguage":"en-GB","url":"https:\/\/padas.al\/wp-content\/uploads\/2021\/12\/padas-logo-01.svg","contentUrl":"https:\/\/padas.al\/wp-content\/uploads\/2021\/12\/padas-logo-01.svg","width":196.4218,"height":195.7925,"caption":"Padas.al"},"image":{"@id":"https:\/\/padas.al\/#logo"}},{"@type":"WebSite","@id":"https:\/\/padas.al\/#website","url":"https:\/\/padas.al\/","name":"PADAS","description":"Shoe Shop","publisher":{"@id":"https:\/\/padas.al\/#organization"},"potentialAction":[{"@type":"SearchAction","target":{"@type":"EntryPoint","urlTemplate":"https:\/\/padas.al\/?s={search_term_string}"},"query-input":"required name=search_term_string"}],"inLanguage":"en-GB"},{"@type":"ImageObject","@id":"https:\/\/padas.al\/product\/cante-ne-stilin-baguette-bag-verde\/#primaryimage","inLanguage":"en-GB","url":"https:\/\/padas.al\/wp-content\/uploads\/2024\/10\/fixedratio_20240229093228_c7c373fb.jpeg","contentUrl":"https:\/\/padas.al\/wp-content\/uploads\/2024\/10\/fixedratio_20240229093228_c7c373fb.jpeg","width":540,"height":720},{"@type":"WebPage","@id":"https:\/\/padas.al\/product\/cante-ne-stilin-baguette-bag-verde\/#webpage","url":"https:\/\/padas.al\/product\/cante-ne-stilin-baguette-bag-verde\/","name":"\u00c7ant\u00eb n\u00eb stilin \"baguette bag\" , Verde - PADAS","isPartOf":{"@id":"https:\/\/padas.al\/#website"},"primaryImageOfPage":{"@id":"https:\/\/padas.al\/product\/cante-ne-stilin-baguette-bag-verde\/#primaryimage"},"datePublished":"2024-10-15T15:15:00+00:00","dateModified":"2025-10-28T21:30:36+00:00","description":"Kjo \u00e7ant\u00eb \u00ebsht\u00eb p\u00ebr t\u00eb gjitha ato vajza q\u00eb jan\u00eb detaiste dhe duan t\u00eb shk\u00eblqejn\u00eb nga koka te k\u00ebmb\u00ebt pa l\u00ebn\u00eb m\u00ebnjan\u00eb aksesorin m\u00eb kryesor, \u00e7ant\u00ebn.","breadcrumb":{"@id":"https:\/\/padas.al\/product\/cante-ne-stilin-baguette-bag-verde\/#breadcrumb"},"inLanguage":"en-GB","potentialAction":[{"@type":"ReadAction","target":["https:\/\/padas.al\/product\/cante-ne-stilin-baguette-bag-verde\/"]}]},{"@type":"BreadcrumbList","@id":"https:\/\/padas.al\/product\/cante-ne-stilin-baguette-bag-verde\/#breadcrumb","itemListElement":[{"@type":"ListItem","position":1,"name":"Home","item":"https:\/\/padas.al\/"},{"@type":"ListItem","position":2,"name":"Shop","item":"https:\/\/padas.al\/shop\/"},{"@type":"ListItem","position":3,"name":"\u00c7ant\u00eb n\u00eb stilin &#8220;baguette bag&#8221; , Verde"}]}]}},"_links":{"self":[{"href":"https:\/\/padas.al\/english\/wp-json\/wp\/v2\/product\/11988"}],"collection":[{"href":"https:\/\/padas.al\/english\/wp-json\/wp\/v2\/product"}],"about":[{"href":"https:\/\/padas.al\/english\/wp-json\/wp\/v2\/types\/product"}],"replies":[{"embeddable":true,"href":"https:\/\/padas.al\/english\/wp-json\/wp\/v2\/comments?post=11988"}],"wp:featuredmedia":[{"embeddable":true,"href":"https:\/\/padas.al\/english\/wp-json\/wp\/v2\/media\/11989"}],"wp:attachment":[{"href":"https:\/\/padas.al\/english\/wp-json\/wp\/v2\/media?parent=11988"}],"wp:term":[{"taxonomy":"product_cat","embeddable":true,"href":"https:\/\/padas.al\/english\/wp-json\/wp\/v2\/product_cat?post=11988"},{"taxonomy":"product_tag","embeddable":true,"href":"https:\/\/padas.al\/english\/wp-json\/wp\/v2\/product_tag?post=11988"}],"curies":[{"name":"wp","href":"https:\/\/api.w.org\/{rel}","templated":true}]}}