{"id":12004,"date":"2024-10-20T13:04:03","date_gmt":"2024-10-20T13:04:03","guid":{"rendered":"https:\/\/padas.al\/?post_type=product&#038;p=12004"},"modified":"2024-10-22T14:05:15","modified_gmt":"2024-10-22T14:05:15","slug":"cante-praktike-me-forme-te-rregullt-verde","status":"publish","type":"product","link":"https:\/\/padas.al\/english\/product\/cante-praktike-me-forme-te-rregullt-verde\/","title":{"rendered":"\u00c7ant\u00eb praktike me form\u00eb t\u00eb rregullt, Verde"},"content":{"rendered":"<p>\u00c7anta \u00ebsht\u00eb e p\u00ebrb\u00ebr\u00eb prej l\u00ebkure ekologjike n\u00eb ngjyr\u00ebn blu dhe ka nj\u00eb material t\u00eb but\u00eb. Ka dy doreza\u00a0 l\u00ebkure dhe \u00ebsht\u00eb komode kur mb\u00ebshtetet n\u00eb sup. \u00c7anta ka form\u00eb t\u00eb rregullt drejtk\u00ebndore e cila e ruan form\u00ebn e saj.<\/p>","protected":false},"excerpt":{"rendered":"<p>\u00c7anta \u00ebsht\u00eb produkt i firm\u00ebs Verde , kompani e cila ofron aksesor\u00eb p\u00ebr femra sipas trendencave t\u00eb fundit. \u00c7anta mbyllet me zinxhir dhe brenda \u00ebsht\u00eb e bollshme dhe brenda jan\u00eb dy hap\u00ebsira t\u00eb ve\u00e7anta t\u00eb ndara dhe ka dy xhepa p\u00ebr t\u00eb sistemuar sendet tuaja, po ashtu n\u00eb pjes\u00ebn e pasme gjendet nj\u00eb xhep tjet\u00ebr me zinxhir.<\/p>","protected":false},"featured_media":12005,"comment_status":"open","ping_status":"closed","template":"","meta":[],"product_cat":[139,168,161,163,162,216,217,218],"product_tag":[],"yoast_head":"<!-- This site is optimized with the Yoast SEO plugin v18.3 - https:\/\/yoast.com\/wordpress\/plugins\/seo\/ -->\n<title>\u00c7ant\u00eb praktike me form\u00eb t\u00eb rregullt, Verde - PADAS<\/title>\n<meta name=\"description\" content=\"\u00c7anta n\u00eb stilin &quot;shopping bag&quot; \u00ebsht\u00eb gjithmon\u00eb nj\u00eb zgjedhje perfekte p\u00ebr p\u00ebrditshm\u00ebrin\u00eb tuaj po ashtu dhe p\u00ebr udh\u00ebtimet tuaja.\" \/>\n<meta name=\"robots\" content=\"index, follow, max-snippet:-1, max-image-preview:large, max-video-preview:-1\" \/>\n<link rel=\"canonical\" href=\"https:\/\/padas.al\/english\/product\/cante-praktike-me-forme-te-rregullt-verde\/\" \/>\n<meta property=\"og:locale\" content=\"en_GB\" \/>\n<meta property=\"og:type\" content=\"article\" \/>\n<meta property=\"og:title\" content=\"\u00c7ant\u00eb praktike me form\u00eb t\u00eb rregullt, Verde - PADAS\" \/>\n<meta property=\"og:description\" content=\"\u00c7anta n\u00eb stilin &quot;shopping bag&quot; \u00ebsht\u00eb gjithmon\u00eb nj\u00eb zgjedhje perfekte p\u00ebr p\u00ebrditshm\u00ebrin\u00eb tuaj po ashtu dhe p\u00ebr udh\u00ebtimet tuaja.\" \/>\n<meta property=\"og:url\" content=\"https:\/\/padas.al\/english\/product\/cante-praktike-me-forme-te-rregullt-verde\/\" \/>\n<meta property=\"og:site_name\" content=\"PADAS\" \/>\n<meta property=\"article:modified_time\" content=\"2024-10-22T14:05:15+00:00\" \/>\n<meta property=\"og:image\" content=\"https:\/\/padas.al\/wp-content\/uploads\/2024\/10\/fixedratio_20240212105838_5e0ebb99.jpeg\" \/>\n\t<meta property=\"og:image:width\" content=\"540\" \/>\n\t<meta property=\"og:image:height\" content=\"720\" \/>\n\t<meta property=\"og:image:type\" content=\"image\/jpeg\" \/>\n<meta name=\"twitter:card\" content=\"summary_large_image\" \/>\n<script type=\"application\/ld+json\" class=\"yoast-schema-graph\">{\"@context\":\"https:\/\/schema.org\",\"@graph\":[{\"@type\":\"Organization\",\"@id\":\"https:\/\/padas.al\/#organization\",\"name\":\"Padas.al\",\"url\":\"https:\/\/padas.al\/\",\"sameAs\":[],\"logo\":{\"@type\":\"ImageObject\",\"@id\":\"https:\/\/padas.al\/#logo\",\"inLanguage\":\"en-GB\",\"url\":\"https:\/\/padas.al\/wp-content\/uploads\/2021\/12\/padas-logo-01.svg\",\"contentUrl\":\"https:\/\/padas.al\/wp-content\/uploads\/2021\/12\/padas-logo-01.svg\",\"width\":196.4218,\"height\":195.7925,\"caption\":\"Padas.al\"},\"image\":{\"@id\":\"https:\/\/padas.al\/#logo\"}},{\"@type\":\"WebSite\",\"@id\":\"https:\/\/padas.al\/#website\",\"url\":\"https:\/\/padas.al\/\",\"name\":\"PADAS\",\"description\":\"Shoe Shop\",\"publisher\":{\"@id\":\"https:\/\/padas.al\/#organization\"},\"potentialAction\":[{\"@type\":\"SearchAction\",\"target\":{\"@type\":\"EntryPoint\",\"urlTemplate\":\"https:\/\/padas.al\/?s={search_term_string}\"},\"query-input\":\"required name=search_term_string\"}],\"inLanguage\":\"en-GB\"},{\"@type\":\"ImageObject\",\"@id\":\"https:\/\/padas.al\/product\/cante-praktike-me-forme-te-rregullt-verde\/#primaryimage\",\"inLanguage\":\"en-GB\",\"url\":\"https:\/\/padas.al\/wp-content\/uploads\/2024\/10\/fixedratio_20240212105838_5e0ebb99.jpeg\",\"contentUrl\":\"https:\/\/padas.al\/wp-content\/uploads\/2024\/10\/fixedratio_20240212105838_5e0ebb99.jpeg\",\"width\":540,\"height\":720},{\"@type\":\"WebPage\",\"@id\":\"https:\/\/padas.al\/product\/cante-praktike-me-forme-te-rregullt-verde\/#webpage\",\"url\":\"https:\/\/padas.al\/product\/cante-praktike-me-forme-te-rregullt-verde\/\",\"name\":\"\u00c7ant\u00eb praktike me form\u00eb t\u00eb rregullt, Verde - PADAS\",\"isPartOf\":{\"@id\":\"https:\/\/padas.al\/#website\"},\"primaryImageOfPage\":{\"@id\":\"https:\/\/padas.al\/product\/cante-praktike-me-forme-te-rregullt-verde\/#primaryimage\"},\"datePublished\":\"2024-10-20T13:04:03+00:00\",\"dateModified\":\"2024-10-22T14:05:15+00:00\",\"description\":\"\u00c7anta n\u00eb stilin \\\"shopping bag\\\" \u00ebsht\u00eb gjithmon\u00eb nj\u00eb zgjedhje perfekte p\u00ebr p\u00ebrditshm\u00ebrin\u00eb tuaj po ashtu dhe p\u00ebr udh\u00ebtimet tuaja.\",\"breadcrumb\":{\"@id\":\"https:\/\/padas.al\/product\/cante-praktike-me-forme-te-rregullt-verde\/#breadcrumb\"},\"inLanguage\":\"en-GB\",\"potentialAction\":[{\"@type\":\"ReadAction\",\"target\":[\"https:\/\/padas.al\/product\/cante-praktike-me-forme-te-rregullt-verde\/\"]}]},{\"@type\":\"BreadcrumbList\",\"@id\":\"https:\/\/padas.al\/product\/cante-praktike-me-forme-te-rregullt-verde\/#breadcrumb\",\"itemListElement\":[{\"@type\":\"ListItem\",\"position\":1,\"name\":\"Home\",\"item\":\"https:\/\/padas.al\/\"},{\"@type\":\"ListItem\",\"position\":2,\"name\":\"Shop\",\"item\":\"https:\/\/padas.al\/shop\/\"},{\"@type\":\"ListItem\",\"position\":3,\"name\":\"\u00c7ant\u00eb praktike me form\u00eb t\u00eb rregullt, Verde\"}]}]}<\/script>\n<!-- \/ Yoast SEO plugin. -->","yoast_head_json":{"title":"\u00c7ant\u00eb praktike me form\u00eb t\u00eb rregullt, Verde - PADAS","description":"\u00c7anta n\u00eb stilin \"shopping bag\" \u00ebsht\u00eb gjithmon\u00eb nj\u00eb zgjedhje perfekte p\u00ebr p\u00ebrditshm\u00ebrin\u00eb tuaj po ashtu dhe p\u00ebr udh\u00ebtimet tuaja.","robots":{"index":"index","follow":"follow","max-snippet":"max-snippet:-1","max-image-preview":"max-image-preview:large","max-video-preview":"max-video-preview:-1"},"canonical":"https:\/\/padas.al\/english\/product\/cante-praktike-me-forme-te-rregullt-verde\/","og_locale":"en_GB","og_type":"article","og_title":"\u00c7ant\u00eb praktike me form\u00eb t\u00eb rregullt, Verde - PADAS","og_description":"\u00c7anta n\u00eb stilin \"shopping bag\" \u00ebsht\u00eb gjithmon\u00eb nj\u00eb zgjedhje perfekte p\u00ebr p\u00ebrditshm\u00ebrin\u00eb tuaj po ashtu dhe p\u00ebr udh\u00ebtimet tuaja.","og_url":"https:\/\/padas.al\/english\/product\/cante-praktike-me-forme-te-rregullt-verde\/","og_site_name":"PADAS","article_modified_time":"2024-10-22T14:05:15+00:00","og_image":[{"width":540,"height":720,"url":"https:\/\/padas.al\/wp-content\/uploads\/2024\/10\/fixedratio_20240212105838_5e0ebb99.jpeg","type":"image\/jpeg"}],"twitter_card":"summary_large_image","schema":{"@context":"https:\/\/schema.org","@graph":[{"@type":"Organization","@id":"https:\/\/padas.al\/#organization","name":"Padas.al","url":"https:\/\/padas.al\/","sameAs":[],"logo":{"@type":"ImageObject","@id":"https:\/\/padas.al\/#logo","inLanguage":"en-GB","url":"https:\/\/padas.al\/wp-content\/uploads\/2021\/12\/padas-logo-01.svg","contentUrl":"https:\/\/padas.al\/wp-content\/uploads\/2021\/12\/padas-logo-01.svg","width":196.4218,"height":195.7925,"caption":"Padas.al"},"image":{"@id":"https:\/\/padas.al\/#logo"}},{"@type":"WebSite","@id":"https:\/\/padas.al\/#website","url":"https:\/\/padas.al\/","name":"PADAS","description":"Shoe Shop","publisher":{"@id":"https:\/\/padas.al\/#organization"},"potentialAction":[{"@type":"SearchAction","target":{"@type":"EntryPoint","urlTemplate":"https:\/\/padas.al\/?s={search_term_string}"},"query-input":"required name=search_term_string"}],"inLanguage":"en-GB"},{"@type":"ImageObject","@id":"https:\/\/padas.al\/product\/cante-praktike-me-forme-te-rregullt-verde\/#primaryimage","inLanguage":"en-GB","url":"https:\/\/padas.al\/wp-content\/uploads\/2024\/10\/fixedratio_20240212105838_5e0ebb99.jpeg","contentUrl":"https:\/\/padas.al\/wp-content\/uploads\/2024\/10\/fixedratio_20240212105838_5e0ebb99.jpeg","width":540,"height":720},{"@type":"WebPage","@id":"https:\/\/padas.al\/product\/cante-praktike-me-forme-te-rregullt-verde\/#webpage","url":"https:\/\/padas.al\/product\/cante-praktike-me-forme-te-rregullt-verde\/","name":"\u00c7ant\u00eb praktike me form\u00eb t\u00eb rregullt, Verde - PADAS","isPartOf":{"@id":"https:\/\/padas.al\/#website"},"primaryImageOfPage":{"@id":"https:\/\/padas.al\/product\/cante-praktike-me-forme-te-rregullt-verde\/#primaryimage"},"datePublished":"2024-10-20T13:04:03+00:00","dateModified":"2024-10-22T14:05:15+00:00","description":"\u00c7anta n\u00eb stilin \"shopping bag\" \u00ebsht\u00eb gjithmon\u00eb nj\u00eb zgjedhje perfekte p\u00ebr p\u00ebrditshm\u00ebrin\u00eb tuaj po ashtu dhe p\u00ebr udh\u00ebtimet tuaja.","breadcrumb":{"@id":"https:\/\/padas.al\/product\/cante-praktike-me-forme-te-rregullt-verde\/#breadcrumb"},"inLanguage":"en-GB","potentialAction":[{"@type":"ReadAction","target":["https:\/\/padas.al\/product\/cante-praktike-me-forme-te-rregullt-verde\/"]}]},{"@type":"BreadcrumbList","@id":"https:\/\/padas.al\/product\/cante-praktike-me-forme-te-rregullt-verde\/#breadcrumb","itemListElement":[{"@type":"ListItem","position":1,"name":"Home","item":"https:\/\/padas.al\/"},{"@type":"ListItem","position":2,"name":"Shop","item":"https:\/\/padas.al\/shop\/"},{"@type":"ListItem","position":3,"name":"\u00c7ant\u00eb praktike me form\u00eb t\u00eb rregullt, Verde"}]}]}},"_links":{"self":[{"href":"https:\/\/padas.al\/english\/wp-json\/wp\/v2\/product\/12004"}],"collection":[{"href":"https:\/\/padas.al\/english\/wp-json\/wp\/v2\/product"}],"about":[{"href":"https:\/\/padas.al\/english\/wp-json\/wp\/v2\/types\/product"}],"replies":[{"embeddable":true,"href":"https:\/\/padas.al\/english\/wp-json\/wp\/v2\/comments?post=12004"}],"wp:featuredmedia":[{"embeddable":true,"href":"https:\/\/padas.al\/english\/wp-json\/wp\/v2\/media\/12005"}],"wp:attachment":[{"href":"https:\/\/padas.al\/english\/wp-json\/wp\/v2\/media?parent=12004"}],"wp:term":[{"taxonomy":"product_cat","embeddable":true,"href":"https:\/\/padas.al\/english\/wp-json\/wp\/v2\/product_cat?post=12004"},{"taxonomy":"product_tag","embeddable":true,"href":"https:\/\/padas.al\/english\/wp-json\/wp\/v2\/product_tag?post=12004"}],"curies":[{"name":"wp","href":"https:\/\/api.w.org\/{rel}","templated":true}]}}