{"id":12038,"date":"2024-10-22T12:44:47","date_gmt":"2024-10-22T12:44:47","guid":{"rendered":"https:\/\/padas.al\/?post_type=product&#038;p=12038"},"modified":"2025-10-28T21:27:21","modified_gmt":"2025-10-28T21:27:21","slug":"cante-me-doreze-me-detaje-dekoruese-ne-kapak-verde","status":"publish","type":"product","link":"https:\/\/padas.al\/english\/product\/cante-me-doreze-me-detaje-dekoruese-ne-kapak-verde\/","title":{"rendered":"\u00c7ant\u00eb me dorez\u00eb me detaje dekoruese n\u00eb kapak, Verde"},"content":{"rendered":"<p>\u00c7anta \u00ebsht\u00eb e p\u00ebrb\u00ebr\u00eb prej l\u00ebkure ekologjike n\u00eb ngjyr\u00ebn blu t\u00eb hapur dhe n\u00eb krem, ajo ka nj\u00eb material tep\u00ebr t\u00eb but\u00eb. Ka dorez\u00ebn p\u00ebr ta mbajtur n\u00eb dor\u00eb po ashtu dhe rrip t\u00eb gjat\u00eb p\u00ebr ta mbajtur n\u00eb sup. \u00c7anta ka dy g\u00ebrsheta n\u00eb t\u00eb dy an\u00ebt e kapakut t\u00eb cilat zgjaten duke krijuar dy xhufka q\u00eb lezetojn\u00eb modelin.<\/p>","protected":false},"excerpt":{"rendered":"<p>\u00c7anta \u00ebsht\u00eb produkt i firm\u00ebs Verde , kompani e cila ofron aksesor\u00eb p\u00ebr femra sipas trendencave t\u00eb fundit. \u00c7anta mbyllet me kapak dhe zinxhir dhe brenda \u00ebsht\u00eb e bollshme, jan\u00eb dy ndarje dhe ka xhepa p\u00ebr t\u00eb sistemuar sendet tuaja, po ashtu n\u00eb pjes\u00ebn e pasme gjendet nj\u00eb xhep tjet\u00ebr me zinxhir.<\/p>","protected":false},"featured_media":12039,"comment_status":"open","ping_status":"closed","template":"","meta":[],"product_cat":[139,168,161,163,166,162,216,217,218],"product_tag":[],"yoast_head":"<!-- This site is optimized with the Yoast SEO plugin v18.3 - https:\/\/yoast.com\/wordpress\/plugins\/seo\/ -->\n<title>\u00c7ant\u00eb me dorez\u00eb me detaje dekoruese n\u00eb kapak, Verde - PADAS<\/title>\n<meta name=\"description\" content=\"\u00c7ant\u00eb me rrip t\u00eb shkurt\u00ebr e t\u00eb gjat\u00eb me ngjyra t\u00eb \u00ebmbla p\u00ebr t\u00eb gjitha vajzat q\u00eb p\u00eblqejn\u00eb kombinimet. Madh\u00ebsi mesatare p\u00ebr n\u00eb p\u00ebrditshm\u00ebri.\" \/>\n<meta name=\"robots\" content=\"index, follow, max-snippet:-1, max-image-preview:large, max-video-preview:-1\" \/>\n<link rel=\"canonical\" href=\"https:\/\/padas.al\/english\/product\/cante-me-doreze-me-detaje-dekoruese-ne-kapak-verde\/\" \/>\n<meta property=\"og:locale\" content=\"en_GB\" \/>\n<meta property=\"og:type\" content=\"article\" \/>\n<meta property=\"og:title\" content=\"\u00c7ant\u00eb me dorez\u00eb me detaje dekoruese n\u00eb kapak, Verde - PADAS\" \/>\n<meta property=\"og:description\" content=\"\u00c7ant\u00eb me rrip t\u00eb shkurt\u00ebr e t\u00eb gjat\u00eb me ngjyra t\u00eb \u00ebmbla p\u00ebr t\u00eb gjitha vajzat q\u00eb p\u00eblqejn\u00eb kombinimet. Madh\u00ebsi mesatare p\u00ebr n\u00eb p\u00ebrditshm\u00ebri.\" \/>\n<meta property=\"og:url\" content=\"https:\/\/padas.al\/english\/product\/cante-me-doreze-me-detaje-dekoruese-ne-kapak-verde\/\" \/>\n<meta property=\"og:site_name\" content=\"PADAS\" \/>\n<meta property=\"article:modified_time\" content=\"2025-10-28T21:27:21+00:00\" \/>\n<meta property=\"og:image\" content=\"https:\/\/padas.al\/wp-content\/uploads\/2024\/10\/fixedratio_20240321094630_0f3f0456.jpeg\" \/>\n\t<meta property=\"og:image:width\" content=\"540\" \/>\n\t<meta property=\"og:image:height\" content=\"720\" \/>\n\t<meta property=\"og:image:type\" content=\"image\/jpeg\" \/>\n<meta name=\"twitter:card\" content=\"summary_large_image\" \/>\n<script type=\"application\/ld+json\" class=\"yoast-schema-graph\">{\"@context\":\"https:\/\/schema.org\",\"@graph\":[{\"@type\":\"Organization\",\"@id\":\"https:\/\/padas.al\/#organization\",\"name\":\"Padas.al\",\"url\":\"https:\/\/padas.al\/\",\"sameAs\":[],\"logo\":{\"@type\":\"ImageObject\",\"@id\":\"https:\/\/padas.al\/#logo\",\"inLanguage\":\"en-GB\",\"url\":\"https:\/\/padas.al\/wp-content\/uploads\/2021\/12\/padas-logo-01.svg\",\"contentUrl\":\"https:\/\/padas.al\/wp-content\/uploads\/2021\/12\/padas-logo-01.svg\",\"width\":196.4218,\"height\":195.7925,\"caption\":\"Padas.al\"},\"image\":{\"@id\":\"https:\/\/padas.al\/#logo\"}},{\"@type\":\"WebSite\",\"@id\":\"https:\/\/padas.al\/#website\",\"url\":\"https:\/\/padas.al\/\",\"name\":\"PADAS\",\"description\":\"Shoe Shop\",\"publisher\":{\"@id\":\"https:\/\/padas.al\/#organization\"},\"potentialAction\":[{\"@type\":\"SearchAction\",\"target\":{\"@type\":\"EntryPoint\",\"urlTemplate\":\"https:\/\/padas.al\/?s={search_term_string}\"},\"query-input\":\"required name=search_term_string\"}],\"inLanguage\":\"en-GB\"},{\"@type\":\"ImageObject\",\"@id\":\"https:\/\/padas.al\/product\/cante-me-doreze-me-detaje-dekoruese-ne-kapak-verde\/#primaryimage\",\"inLanguage\":\"en-GB\",\"url\":\"https:\/\/padas.al\/wp-content\/uploads\/2024\/10\/fixedratio_20240321094630_0f3f0456.jpeg\",\"contentUrl\":\"https:\/\/padas.al\/wp-content\/uploads\/2024\/10\/fixedratio_20240321094630_0f3f0456.jpeg\",\"width\":540,\"height\":720},{\"@type\":\"WebPage\",\"@id\":\"https:\/\/padas.al\/product\/cante-me-doreze-me-detaje-dekoruese-ne-kapak-verde\/#webpage\",\"url\":\"https:\/\/padas.al\/product\/cante-me-doreze-me-detaje-dekoruese-ne-kapak-verde\/\",\"name\":\"\u00c7ant\u00eb me dorez\u00eb me detaje dekoruese n\u00eb kapak, Verde - PADAS\",\"isPartOf\":{\"@id\":\"https:\/\/padas.al\/#website\"},\"primaryImageOfPage\":{\"@id\":\"https:\/\/padas.al\/product\/cante-me-doreze-me-detaje-dekoruese-ne-kapak-verde\/#primaryimage\"},\"datePublished\":\"2024-10-22T12:44:47+00:00\",\"dateModified\":\"2025-10-28T21:27:21+00:00\",\"description\":\"\u00c7ant\u00eb me rrip t\u00eb shkurt\u00ebr e t\u00eb gjat\u00eb me ngjyra t\u00eb \u00ebmbla p\u00ebr t\u00eb gjitha vajzat q\u00eb p\u00eblqejn\u00eb kombinimet. Madh\u00ebsi mesatare p\u00ebr n\u00eb p\u00ebrditshm\u00ebri.\",\"breadcrumb\":{\"@id\":\"https:\/\/padas.al\/product\/cante-me-doreze-me-detaje-dekoruese-ne-kapak-verde\/#breadcrumb\"},\"inLanguage\":\"en-GB\",\"potentialAction\":[{\"@type\":\"ReadAction\",\"target\":[\"https:\/\/padas.al\/product\/cante-me-doreze-me-detaje-dekoruese-ne-kapak-verde\/\"]}]},{\"@type\":\"BreadcrumbList\",\"@id\":\"https:\/\/padas.al\/product\/cante-me-doreze-me-detaje-dekoruese-ne-kapak-verde\/#breadcrumb\",\"itemListElement\":[{\"@type\":\"ListItem\",\"position\":1,\"name\":\"Home\",\"item\":\"https:\/\/padas.al\/\"},{\"@type\":\"ListItem\",\"position\":2,\"name\":\"Shop\",\"item\":\"https:\/\/padas.al\/shop\/\"},{\"@type\":\"ListItem\",\"position\":3,\"name\":\"\u00c7ant\u00eb me dorez\u00eb me detaje dekoruese n\u00eb kapak, Verde\"}]}]}<\/script>\n<!-- \/ Yoast SEO plugin. -->","yoast_head_json":{"title":"\u00c7ant\u00eb me dorez\u00eb me detaje dekoruese n\u00eb kapak, Verde - PADAS","description":"\u00c7ant\u00eb me rrip t\u00eb shkurt\u00ebr e t\u00eb gjat\u00eb me ngjyra t\u00eb \u00ebmbla p\u00ebr t\u00eb gjitha vajzat q\u00eb p\u00eblqejn\u00eb kombinimet. Madh\u00ebsi mesatare p\u00ebr n\u00eb p\u00ebrditshm\u00ebri.","robots":{"index":"index","follow":"follow","max-snippet":"max-snippet:-1","max-image-preview":"max-image-preview:large","max-video-preview":"max-video-preview:-1"},"canonical":"https:\/\/padas.al\/english\/product\/cante-me-doreze-me-detaje-dekoruese-ne-kapak-verde\/","og_locale":"en_GB","og_type":"article","og_title":"\u00c7ant\u00eb me dorez\u00eb me detaje dekoruese n\u00eb kapak, Verde - PADAS","og_description":"\u00c7ant\u00eb me rrip t\u00eb shkurt\u00ebr e t\u00eb gjat\u00eb me ngjyra t\u00eb \u00ebmbla p\u00ebr t\u00eb gjitha vajzat q\u00eb p\u00eblqejn\u00eb kombinimet. Madh\u00ebsi mesatare p\u00ebr n\u00eb p\u00ebrditshm\u00ebri.","og_url":"https:\/\/padas.al\/english\/product\/cante-me-doreze-me-detaje-dekoruese-ne-kapak-verde\/","og_site_name":"PADAS","article_modified_time":"2025-10-28T21:27:21+00:00","og_image":[{"width":540,"height":720,"url":"https:\/\/padas.al\/wp-content\/uploads\/2024\/10\/fixedratio_20240321094630_0f3f0456.jpeg","type":"image\/jpeg"}],"twitter_card":"summary_large_image","schema":{"@context":"https:\/\/schema.org","@graph":[{"@type":"Organization","@id":"https:\/\/padas.al\/#organization","name":"Padas.al","url":"https:\/\/padas.al\/","sameAs":[],"logo":{"@type":"ImageObject","@id":"https:\/\/padas.al\/#logo","inLanguage":"en-GB","url":"https:\/\/padas.al\/wp-content\/uploads\/2021\/12\/padas-logo-01.svg","contentUrl":"https:\/\/padas.al\/wp-content\/uploads\/2021\/12\/padas-logo-01.svg","width":196.4218,"height":195.7925,"caption":"Padas.al"},"image":{"@id":"https:\/\/padas.al\/#logo"}},{"@type":"WebSite","@id":"https:\/\/padas.al\/#website","url":"https:\/\/padas.al\/","name":"PADAS","description":"Shoe Shop","publisher":{"@id":"https:\/\/padas.al\/#organization"},"potentialAction":[{"@type":"SearchAction","target":{"@type":"EntryPoint","urlTemplate":"https:\/\/padas.al\/?s={search_term_string}"},"query-input":"required name=search_term_string"}],"inLanguage":"en-GB"},{"@type":"ImageObject","@id":"https:\/\/padas.al\/product\/cante-me-doreze-me-detaje-dekoruese-ne-kapak-verde\/#primaryimage","inLanguage":"en-GB","url":"https:\/\/padas.al\/wp-content\/uploads\/2024\/10\/fixedratio_20240321094630_0f3f0456.jpeg","contentUrl":"https:\/\/padas.al\/wp-content\/uploads\/2024\/10\/fixedratio_20240321094630_0f3f0456.jpeg","width":540,"height":720},{"@type":"WebPage","@id":"https:\/\/padas.al\/product\/cante-me-doreze-me-detaje-dekoruese-ne-kapak-verde\/#webpage","url":"https:\/\/padas.al\/product\/cante-me-doreze-me-detaje-dekoruese-ne-kapak-verde\/","name":"\u00c7ant\u00eb me dorez\u00eb me detaje dekoruese n\u00eb kapak, Verde - PADAS","isPartOf":{"@id":"https:\/\/padas.al\/#website"},"primaryImageOfPage":{"@id":"https:\/\/padas.al\/product\/cante-me-doreze-me-detaje-dekoruese-ne-kapak-verde\/#primaryimage"},"datePublished":"2024-10-22T12:44:47+00:00","dateModified":"2025-10-28T21:27:21+00:00","description":"\u00c7ant\u00eb me rrip t\u00eb shkurt\u00ebr e t\u00eb gjat\u00eb me ngjyra t\u00eb \u00ebmbla p\u00ebr t\u00eb gjitha vajzat q\u00eb p\u00eblqejn\u00eb kombinimet. Madh\u00ebsi mesatare p\u00ebr n\u00eb p\u00ebrditshm\u00ebri.","breadcrumb":{"@id":"https:\/\/padas.al\/product\/cante-me-doreze-me-detaje-dekoruese-ne-kapak-verde\/#breadcrumb"},"inLanguage":"en-GB","potentialAction":[{"@type":"ReadAction","target":["https:\/\/padas.al\/product\/cante-me-doreze-me-detaje-dekoruese-ne-kapak-verde\/"]}]},{"@type":"BreadcrumbList","@id":"https:\/\/padas.al\/product\/cante-me-doreze-me-detaje-dekoruese-ne-kapak-verde\/#breadcrumb","itemListElement":[{"@type":"ListItem","position":1,"name":"Home","item":"https:\/\/padas.al\/"},{"@type":"ListItem","position":2,"name":"Shop","item":"https:\/\/padas.al\/shop\/"},{"@type":"ListItem","position":3,"name":"\u00c7ant\u00eb me dorez\u00eb me detaje dekoruese n\u00eb kapak, Verde"}]}]}},"_links":{"self":[{"href":"https:\/\/padas.al\/english\/wp-json\/wp\/v2\/product\/12038"}],"collection":[{"href":"https:\/\/padas.al\/english\/wp-json\/wp\/v2\/product"}],"about":[{"href":"https:\/\/padas.al\/english\/wp-json\/wp\/v2\/types\/product"}],"replies":[{"embeddable":true,"href":"https:\/\/padas.al\/english\/wp-json\/wp\/v2\/comments?post=12038"}],"wp:featuredmedia":[{"embeddable":true,"href":"https:\/\/padas.al\/english\/wp-json\/wp\/v2\/media\/12039"}],"wp:attachment":[{"href":"https:\/\/padas.al\/english\/wp-json\/wp\/v2\/media?parent=12038"}],"wp:term":[{"taxonomy":"product_cat","embeddable":true,"href":"https:\/\/padas.al\/english\/wp-json\/wp\/v2\/product_cat?post=12038"},{"taxonomy":"product_tag","embeddable":true,"href":"https:\/\/padas.al\/english\/wp-json\/wp\/v2\/product_tag?post=12038"}],"curies":[{"name":"wp","href":"https:\/\/api.w.org\/{rel}","templated":true}]}}