{"id":12236,"date":"2024-10-24T16:33:33","date_gmt":"2024-10-24T16:33:33","guid":{"rendered":"https:\/\/padas.al\/?post_type=product&#038;p=12236"},"modified":"2026-01-27T11:23:26","modified_gmt":"2026-01-27T11:23:26","slug":"atlete-pa-lidhese-per-meshkuj-carrera","status":"publish","type":"product","link":"https:\/\/padas.al\/english\/product\/atlete-pa-lidhese-per-meshkuj-carrera\/","title":{"rendered":"Atlete pa lidh\u00ebse p\u00ebr meshkuj Carrera"},"content":{"rendered":"<p>Atlete jan\u00eb t\u00eb nd\u00ebrtuara me struktur\u00eb komforte e cila p\u00ebrshatet me k\u00ebmb\u00ebn, kan\u00eb shtres\u00eb t\u00eb but\u00eb n\u00eb pjes\u00ebn ku mb\u00ebshtetet shputa e k\u00ebmb\u00ebs dhe jan\u00eb t\u00eb lehta. Goma e tyre \u00ebsht\u00eb rezistente dhe e leht\u00eb.\u00a0 Modeli \u00ebsht\u00eb n\u00eb ngjyr\u00ebn e zez\u00eb dhe ka gom\u00eb t\u00eb bardh\u00eb p\u00ebr ta b\u00ebr\u00eb akoma dhe m\u00eb t\u00ebrheq\u00ebs modelin.<\/p>","protected":false},"excerpt":{"rendered":"<p>Atletet jan\u00eb produkt me cil\u00ebsi dhe standard europian. Jan\u00eb praktike p\u00ebr n\u00eb p\u00ebrditshm\u00ebri, mund ti vishni dhe duken bukur me xhinse por gjithashtu dhe pantallona doku p\u00ebr nj\u00eb pamje m\u00eb trendi.<\/p>","protected":false},"featured_media":12237,"comment_status":"open","ping_status":"closed","template":"","meta":[],"product_cat":[228,189,200,191,193],"product_tag":[],"yoast_head":"<!-- This site is optimized with the Yoast SEO plugin v18.3 - https:\/\/yoast.com\/wordpress\/plugins\/seo\/ -->\n<title>Atlete pa lidh\u00ebse p\u00ebr meshkuj Carrera - PADAS<\/title>\n<meta name=\"description\" content=\"Atlete sa trendi po aq dhe sportive tep\u00ebr komode n\u00eb ecje dhe jan\u00eb t\u00eb p\u00ebrshtatshme p\u00ebr n\u00eb p\u00ebrdishm\u00ebri me veshjet tuaj sportive ose casual.\" \/>\n<meta name=\"robots\" content=\"index, follow, max-snippet:-1, max-image-preview:large, max-video-preview:-1\" \/>\n<link rel=\"canonical\" href=\"https:\/\/padas.al\/english\/product\/atlete-pa-lidhese-per-meshkuj-carrera\/\" \/>\n<meta property=\"og:locale\" content=\"en_GB\" \/>\n<meta property=\"og:type\" content=\"article\" \/>\n<meta property=\"og:title\" content=\"Atlete pa lidh\u00ebse p\u00ebr meshkuj Carrera - PADAS\" \/>\n<meta property=\"og:description\" content=\"Atlete sa trendi po aq dhe sportive tep\u00ebr komode n\u00eb ecje dhe jan\u00eb t\u00eb p\u00ebrshtatshme p\u00ebr n\u00eb p\u00ebrdishm\u00ebri me veshjet tuaj sportive ose casual.\" \/>\n<meta property=\"og:url\" content=\"https:\/\/padas.al\/english\/product\/atlete-pa-lidhese-per-meshkuj-carrera\/\" \/>\n<meta property=\"og:site_name\" content=\"PADAS\" \/>\n<meta property=\"article:modified_time\" content=\"2026-01-27T11:23:26+00:00\" \/>\n<meta name=\"twitter:card\" content=\"summary_large_image\" \/>\n<meta name=\"twitter:image\" content=\"https:\/\/padas.al\/wp-content\/uploads\/2024\/10\/carrera_cam85300_2020_andrika_papoytsia_sportpanic_gr-650x650-1.webp\" \/>\n<meta name=\"twitter:label1\" content=\"Estimated reading time\" \/>\n\t<meta name=\"twitter:data1\" content=\"1 minute\" \/>\n<script type=\"application\/ld+json\" class=\"yoast-schema-graph\">{\"@context\":\"https:\/\/schema.org\",\"@graph\":[{\"@type\":\"Organization\",\"@id\":\"https:\/\/padas.al\/#organization\",\"name\":\"Padas.al\",\"url\":\"https:\/\/padas.al\/\",\"sameAs\":[],\"logo\":{\"@type\":\"ImageObject\",\"@id\":\"https:\/\/padas.al\/#logo\",\"inLanguage\":\"en-GB\",\"url\":\"https:\/\/padas.al\/wp-content\/uploads\/2021\/12\/padas-logo-01.svg\",\"contentUrl\":\"https:\/\/padas.al\/wp-content\/uploads\/2021\/12\/padas-logo-01.svg\",\"width\":196.4218,\"height\":195.7925,\"caption\":\"Padas.al\"},\"image\":{\"@id\":\"https:\/\/padas.al\/#logo\"}},{\"@type\":\"WebSite\",\"@id\":\"https:\/\/padas.al\/#website\",\"url\":\"https:\/\/padas.al\/\",\"name\":\"PADAS\",\"description\":\"Shoe Shop\",\"publisher\":{\"@id\":\"https:\/\/padas.al\/#organization\"},\"potentialAction\":[{\"@type\":\"SearchAction\",\"target\":{\"@type\":\"EntryPoint\",\"urlTemplate\":\"https:\/\/padas.al\/?s={search_term_string}\"},\"query-input\":\"required name=search_term_string\"}],\"inLanguage\":\"en-GB\"},{\"@type\":\"ImageObject\",\"@id\":\"https:\/\/padas.al\/product\/atlete-pa-lidhese-per-meshkuj-carrera\/#primaryimage\",\"inLanguage\":\"en-GB\",\"url\":\"https:\/\/padas.al\/wp-content\/uploads\/2024\/10\/carrera_cam85300_2020_andrika_papoytsia_sportpanic_gr-650x650-1.webp\",\"contentUrl\":\"https:\/\/padas.al\/wp-content\/uploads\/2024\/10\/carrera_cam85300_2020_andrika_papoytsia_sportpanic_gr-650x650-1.webp\",\"width\":650,\"height\":650},{\"@type\":\"WebPage\",\"@id\":\"https:\/\/padas.al\/product\/atlete-pa-lidhese-per-meshkuj-carrera\/#webpage\",\"url\":\"https:\/\/padas.al\/product\/atlete-pa-lidhese-per-meshkuj-carrera\/\",\"name\":\"Atlete pa lidh\u00ebse p\u00ebr meshkuj Carrera - PADAS\",\"isPartOf\":{\"@id\":\"https:\/\/padas.al\/#website\"},\"primaryImageOfPage\":{\"@id\":\"https:\/\/padas.al\/product\/atlete-pa-lidhese-per-meshkuj-carrera\/#primaryimage\"},\"datePublished\":\"2024-10-24T16:33:33+00:00\",\"dateModified\":\"2026-01-27T11:23:26+00:00\",\"description\":\"Atlete sa trendi po aq dhe sportive tep\u00ebr komode n\u00eb ecje dhe jan\u00eb t\u00eb p\u00ebrshtatshme p\u00ebr n\u00eb p\u00ebrdishm\u00ebri me veshjet tuaj sportive ose casual.\",\"breadcrumb\":{\"@id\":\"https:\/\/padas.al\/product\/atlete-pa-lidhese-per-meshkuj-carrera\/#breadcrumb\"},\"inLanguage\":\"en-GB\",\"potentialAction\":[{\"@type\":\"ReadAction\",\"target\":[\"https:\/\/padas.al\/product\/atlete-pa-lidhese-per-meshkuj-carrera\/\"]}]},{\"@type\":\"BreadcrumbList\",\"@id\":\"https:\/\/padas.al\/product\/atlete-pa-lidhese-per-meshkuj-carrera\/#breadcrumb\",\"itemListElement\":[{\"@type\":\"ListItem\",\"position\":1,\"name\":\"Home\",\"item\":\"https:\/\/padas.al\/\"},{\"@type\":\"ListItem\",\"position\":2,\"name\":\"Shop\",\"item\":\"https:\/\/padas.al\/shop\/\"},{\"@type\":\"ListItem\",\"position\":3,\"name\":\"Atlete pa lidh\u00ebse p\u00ebr meshkuj Carrera\"}]}]}<\/script>\n<!-- \/ Yoast SEO plugin. -->","yoast_head_json":{"title":"Atlete pa lidh\u00ebse p\u00ebr meshkuj Carrera - PADAS","description":"Atlete sa trendi po aq dhe sportive tep\u00ebr komode n\u00eb ecje dhe jan\u00eb t\u00eb p\u00ebrshtatshme p\u00ebr n\u00eb p\u00ebrdishm\u00ebri me veshjet tuaj sportive ose casual.","robots":{"index":"index","follow":"follow","max-snippet":"max-snippet:-1","max-image-preview":"max-image-preview:large","max-video-preview":"max-video-preview:-1"},"canonical":"https:\/\/padas.al\/english\/product\/atlete-pa-lidhese-per-meshkuj-carrera\/","og_locale":"en_GB","og_type":"article","og_title":"Atlete pa lidh\u00ebse p\u00ebr meshkuj Carrera - PADAS","og_description":"Atlete sa trendi po aq dhe sportive tep\u00ebr komode n\u00eb ecje dhe jan\u00eb t\u00eb p\u00ebrshtatshme p\u00ebr n\u00eb p\u00ebrdishm\u00ebri me veshjet tuaj sportive ose casual.","og_url":"https:\/\/padas.al\/english\/product\/atlete-pa-lidhese-per-meshkuj-carrera\/","og_site_name":"PADAS","article_modified_time":"2026-01-27T11:23:26+00:00","twitter_card":"summary_large_image","twitter_image":"https:\/\/padas.al\/wp-content\/uploads\/2024\/10\/carrera_cam85300_2020_andrika_papoytsia_sportpanic_gr-650x650-1.webp","twitter_misc":{"Estimated reading time":"1 minute"},"schema":{"@context":"https:\/\/schema.org","@graph":[{"@type":"Organization","@id":"https:\/\/padas.al\/#organization","name":"Padas.al","url":"https:\/\/padas.al\/","sameAs":[],"logo":{"@type":"ImageObject","@id":"https:\/\/padas.al\/#logo","inLanguage":"en-GB","url":"https:\/\/padas.al\/wp-content\/uploads\/2021\/12\/padas-logo-01.svg","contentUrl":"https:\/\/padas.al\/wp-content\/uploads\/2021\/12\/padas-logo-01.svg","width":196.4218,"height":195.7925,"caption":"Padas.al"},"image":{"@id":"https:\/\/padas.al\/#logo"}},{"@type":"WebSite","@id":"https:\/\/padas.al\/#website","url":"https:\/\/padas.al\/","name":"PADAS","description":"Shoe Shop","publisher":{"@id":"https:\/\/padas.al\/#organization"},"potentialAction":[{"@type":"SearchAction","target":{"@type":"EntryPoint","urlTemplate":"https:\/\/padas.al\/?s={search_term_string}"},"query-input":"required name=search_term_string"}],"inLanguage":"en-GB"},{"@type":"ImageObject","@id":"https:\/\/padas.al\/product\/atlete-pa-lidhese-per-meshkuj-carrera\/#primaryimage","inLanguage":"en-GB","url":"https:\/\/padas.al\/wp-content\/uploads\/2024\/10\/carrera_cam85300_2020_andrika_papoytsia_sportpanic_gr-650x650-1.webp","contentUrl":"https:\/\/padas.al\/wp-content\/uploads\/2024\/10\/carrera_cam85300_2020_andrika_papoytsia_sportpanic_gr-650x650-1.webp","width":650,"height":650},{"@type":"WebPage","@id":"https:\/\/padas.al\/product\/atlete-pa-lidhese-per-meshkuj-carrera\/#webpage","url":"https:\/\/padas.al\/product\/atlete-pa-lidhese-per-meshkuj-carrera\/","name":"Atlete pa lidh\u00ebse p\u00ebr meshkuj Carrera - PADAS","isPartOf":{"@id":"https:\/\/padas.al\/#website"},"primaryImageOfPage":{"@id":"https:\/\/padas.al\/product\/atlete-pa-lidhese-per-meshkuj-carrera\/#primaryimage"},"datePublished":"2024-10-24T16:33:33+00:00","dateModified":"2026-01-27T11:23:26+00:00","description":"Atlete sa trendi po aq dhe sportive tep\u00ebr komode n\u00eb ecje dhe jan\u00eb t\u00eb p\u00ebrshtatshme p\u00ebr n\u00eb p\u00ebrdishm\u00ebri me veshjet tuaj sportive ose casual.","breadcrumb":{"@id":"https:\/\/padas.al\/product\/atlete-pa-lidhese-per-meshkuj-carrera\/#breadcrumb"},"inLanguage":"en-GB","potentialAction":[{"@type":"ReadAction","target":["https:\/\/padas.al\/product\/atlete-pa-lidhese-per-meshkuj-carrera\/"]}]},{"@type":"BreadcrumbList","@id":"https:\/\/padas.al\/product\/atlete-pa-lidhese-per-meshkuj-carrera\/#breadcrumb","itemListElement":[{"@type":"ListItem","position":1,"name":"Home","item":"https:\/\/padas.al\/"},{"@type":"ListItem","position":2,"name":"Shop","item":"https:\/\/padas.al\/shop\/"},{"@type":"ListItem","position":3,"name":"Atlete pa lidh\u00ebse p\u00ebr meshkuj Carrera"}]}]}},"_links":{"self":[{"href":"https:\/\/padas.al\/english\/wp-json\/wp\/v2\/product\/12236"}],"collection":[{"href":"https:\/\/padas.al\/english\/wp-json\/wp\/v2\/product"}],"about":[{"href":"https:\/\/padas.al\/english\/wp-json\/wp\/v2\/types\/product"}],"replies":[{"embeddable":true,"href":"https:\/\/padas.al\/english\/wp-json\/wp\/v2\/comments?post=12236"}],"wp:featuredmedia":[{"embeddable":true,"href":"https:\/\/padas.al\/english\/wp-json\/wp\/v2\/media\/12237"}],"wp:attachment":[{"href":"https:\/\/padas.al\/english\/wp-json\/wp\/v2\/media?parent=12236"}],"wp:term":[{"taxonomy":"product_cat","embeddable":true,"href":"https:\/\/padas.al\/english\/wp-json\/wp\/v2\/product_cat?post=12236"},{"taxonomy":"product_tag","embeddable":true,"href":"https:\/\/padas.al\/english\/wp-json\/wp\/v2\/product_tag?post=12236"}],"curies":[{"name":"wp","href":"https:\/\/api.w.org\/{rel}","templated":true}]}}