{"id":12326,"date":"2024-12-17T21:26:54","date_gmt":"2024-12-17T21:26:54","guid":{"rendered":"https:\/\/padas.al\/?post_type=product&#038;p=12326"},"modified":"2025-07-22T12:33:07","modified_gmt":"2025-07-22T12:33:07","slug":"cante-fragola-me-forme-unike-dhe-joshese","status":"publish","type":"product","link":"https:\/\/padas.al\/english\/product\/cante-fragola-me-forme-unike-dhe-joshese\/","title":{"rendered":"\u00c7ant\u00eb Fragola me form\u00eb unike dhe josh\u00ebse"},"content":{"rendered":"<p>\u00c7anta \u00ebsht\u00eb e p\u00ebrb\u00ebr\u00eb prej l\u00ebkure ekologjike dhe modeli vjen n\u00eb ngjyr\u00ebn e kuqe,kafe dhe gjihashtu t\u00eb zez\u00eb. \u00c7anta ka rrip t\u00eb gjat\u00eb me detaje p\u00ebr ta mbajtur n\u00eb sup. Mbyllet me zinxhir dhe n\u00eb t\u00eb gith\u00eb sip\u00ebrfaqen ka qepje asimetrike t\u00eb cilat krijojn\u00eb &#8220;puffy&#8221;.Brenda ka nj\u00eb xhep p\u00ebr t\u00eb sistemuar sendet tuaja.<\/p>","protected":false},"excerpt":{"rendered":"<p>\u00c7anta i p\u00ebrket firm\u00ebs Fragola e cila \u00ebsht\u00eb kompani greke q\u00eb ofron aksesor\u00eb p\u00ebr femra sipas trendeve m\u00eb t\u00eb fundit. Modeli \u00ebsht\u00eb unik dhe \u00ebsht\u00eb i p\u00ebrshtash\u00ebm p\u00ebr n\u00eb p\u00ebrditshm\u00ebri duke e mbajtur me rripin e gjat\u00eb dhe p\u00ebr n\u00eb mbr\u00ebmje.<\/p>","protected":false},"featured_media":12327,"comment_status":"open","ping_status":"closed","template":"","meta":[],"product_cat":[139,168,161,166,165,162],"product_tag":[],"yoast_head":"<!-- This site is optimized with the Yoast SEO plugin v18.3 - https:\/\/yoast.com\/wordpress\/plugins\/seo\/ -->\n<title>\u00c7ant\u00eb Fragola me form\u00eb unike dhe josh\u00ebse - PADAS<\/title>\n<meta name=\"description\" content=\"\u00c7ant\u00eb e vog\u00ebl plot stil e detaje p\u00ebr n\u00eb p\u00ebrditshm\u00ebrin\u00eb tuaj dhe p\u00ebr n\u00eb mbr\u00ebmje. Me ngjyra t\u00eb ndryshme p\u00ebr t\u00eb gjitha vajzat q\u00eb p\u00eblqejn\u00eb modele t\u00eb reja.\" \/>\n<meta name=\"robots\" content=\"index, follow, max-snippet:-1, max-image-preview:large, max-video-preview:-1\" \/>\n<link rel=\"canonical\" href=\"https:\/\/padas.al\/english\/product\/cante-fragola-me-forme-unike-dhe-joshese\/\" \/>\n<meta property=\"og:locale\" content=\"en_GB\" \/>\n<meta property=\"og:type\" content=\"article\" \/>\n<meta property=\"og:title\" content=\"\u00c7ant\u00eb Fragola me form\u00eb unike dhe josh\u00ebse - PADAS\" \/>\n<meta property=\"og:description\" content=\"\u00c7ant\u00eb e vog\u00ebl plot stil e detaje p\u00ebr n\u00eb p\u00ebrditshm\u00ebrin\u00eb tuaj dhe p\u00ebr n\u00eb mbr\u00ebmje. Me ngjyra t\u00eb ndryshme p\u00ebr t\u00eb gjitha vajzat q\u00eb p\u00eblqejn\u00eb modele t\u00eb reja.\" \/>\n<meta property=\"og:url\" content=\"https:\/\/padas.al\/english\/product\/cante-fragola-me-forme-unike-dhe-joshese\/\" \/>\n<meta property=\"og:site_name\" content=\"PADAS\" \/>\n<meta property=\"article:modified_time\" content=\"2025-07-22T12:33:07+00:00\" \/>\n<meta name=\"twitter:card\" content=\"summary_large_image\" \/>\n<meta name=\"twitter:image\" content=\"https:\/\/padas.al\/wp-content\/uploads\/2024\/12\/FE182-black-shiny-1.webp\" \/>\n<meta name=\"twitter:label1\" content=\"Estimated reading time\" \/>\n\t<meta name=\"twitter:data1\" content=\"1 minute\" \/>\n<script type=\"application\/ld+json\" class=\"yoast-schema-graph\">{\"@context\":\"https:\/\/schema.org\",\"@graph\":[{\"@type\":\"Organization\",\"@id\":\"https:\/\/padas.al\/#organization\",\"name\":\"Padas.al\",\"url\":\"https:\/\/padas.al\/\",\"sameAs\":[],\"logo\":{\"@type\":\"ImageObject\",\"@id\":\"https:\/\/padas.al\/#logo\",\"inLanguage\":\"en-GB\",\"url\":\"https:\/\/padas.al\/wp-content\/uploads\/2021\/12\/padas-logo-01.svg\",\"contentUrl\":\"https:\/\/padas.al\/wp-content\/uploads\/2021\/12\/padas-logo-01.svg\",\"width\":196.4218,\"height\":195.7925,\"caption\":\"Padas.al\"},\"image\":{\"@id\":\"https:\/\/padas.al\/#logo\"}},{\"@type\":\"WebSite\",\"@id\":\"https:\/\/padas.al\/#website\",\"url\":\"https:\/\/padas.al\/\",\"name\":\"PADAS\",\"description\":\"Shoe Shop\",\"publisher\":{\"@id\":\"https:\/\/padas.al\/#organization\"},\"potentialAction\":[{\"@type\":\"SearchAction\",\"target\":{\"@type\":\"EntryPoint\",\"urlTemplate\":\"https:\/\/padas.al\/?s={search_term_string}\"},\"query-input\":\"required name=search_term_string\"}],\"inLanguage\":\"en-GB\"},{\"@type\":\"ImageObject\",\"@id\":\"https:\/\/padas.al\/product\/cante-fragola-me-forme-unike-dhe-joshese\/#primaryimage\",\"inLanguage\":\"en-GB\",\"url\":\"https:\/\/padas.al\/wp-content\/uploads\/2024\/12\/FE182-black-shiny-1.webp\",\"contentUrl\":\"https:\/\/padas.al\/wp-content\/uploads\/2024\/12\/FE182-black-shiny-1.webp\",\"width\":1000,\"height\":1500},{\"@type\":\"WebPage\",\"@id\":\"https:\/\/padas.al\/product\/cante-fragola-me-forme-unike-dhe-joshese\/#webpage\",\"url\":\"https:\/\/padas.al\/product\/cante-fragola-me-forme-unike-dhe-joshese\/\",\"name\":\"\u00c7ant\u00eb Fragola me form\u00eb unike dhe josh\u00ebse - PADAS\",\"isPartOf\":{\"@id\":\"https:\/\/padas.al\/#website\"},\"primaryImageOfPage\":{\"@id\":\"https:\/\/padas.al\/product\/cante-fragola-me-forme-unike-dhe-joshese\/#primaryimage\"},\"datePublished\":\"2024-12-17T21:26:54+00:00\",\"dateModified\":\"2025-07-22T12:33:07+00:00\",\"description\":\"\u00c7ant\u00eb e vog\u00ebl plot stil e detaje p\u00ebr n\u00eb p\u00ebrditshm\u00ebrin\u00eb tuaj dhe p\u00ebr n\u00eb mbr\u00ebmje. Me ngjyra t\u00eb ndryshme p\u00ebr t\u00eb gjitha vajzat q\u00eb p\u00eblqejn\u00eb modele t\u00eb reja.\",\"breadcrumb\":{\"@id\":\"https:\/\/padas.al\/product\/cante-fragola-me-forme-unike-dhe-joshese\/#breadcrumb\"},\"inLanguage\":\"en-GB\",\"potentialAction\":[{\"@type\":\"ReadAction\",\"target\":[\"https:\/\/padas.al\/product\/cante-fragola-me-forme-unike-dhe-joshese\/\"]}]},{\"@type\":\"BreadcrumbList\",\"@id\":\"https:\/\/padas.al\/product\/cante-fragola-me-forme-unike-dhe-joshese\/#breadcrumb\",\"itemListElement\":[{\"@type\":\"ListItem\",\"position\":1,\"name\":\"Home\",\"item\":\"https:\/\/padas.al\/\"},{\"@type\":\"ListItem\",\"position\":2,\"name\":\"Shop\",\"item\":\"https:\/\/padas.al\/shop\/\"},{\"@type\":\"ListItem\",\"position\":3,\"name\":\"\u00c7ant\u00eb Fragola me form\u00eb unike dhe josh\u00ebse\"}]}]}<\/script>\n<!-- \/ Yoast SEO plugin. -->","yoast_head_json":{"title":"\u00c7ant\u00eb Fragola me form\u00eb unike dhe josh\u00ebse - PADAS","description":"\u00c7ant\u00eb e vog\u00ebl plot stil e detaje p\u00ebr n\u00eb p\u00ebrditshm\u00ebrin\u00eb tuaj dhe p\u00ebr n\u00eb mbr\u00ebmje. Me ngjyra t\u00eb ndryshme p\u00ebr t\u00eb gjitha vajzat q\u00eb p\u00eblqejn\u00eb modele t\u00eb reja.","robots":{"index":"index","follow":"follow","max-snippet":"max-snippet:-1","max-image-preview":"max-image-preview:large","max-video-preview":"max-video-preview:-1"},"canonical":"https:\/\/padas.al\/english\/product\/cante-fragola-me-forme-unike-dhe-joshese\/","og_locale":"en_GB","og_type":"article","og_title":"\u00c7ant\u00eb Fragola me form\u00eb unike dhe josh\u00ebse - PADAS","og_description":"\u00c7ant\u00eb e vog\u00ebl plot stil e detaje p\u00ebr n\u00eb p\u00ebrditshm\u00ebrin\u00eb tuaj dhe p\u00ebr n\u00eb mbr\u00ebmje. Me ngjyra t\u00eb ndryshme p\u00ebr t\u00eb gjitha vajzat q\u00eb p\u00eblqejn\u00eb modele t\u00eb reja.","og_url":"https:\/\/padas.al\/english\/product\/cante-fragola-me-forme-unike-dhe-joshese\/","og_site_name":"PADAS","article_modified_time":"2025-07-22T12:33:07+00:00","twitter_card":"summary_large_image","twitter_image":"https:\/\/padas.al\/wp-content\/uploads\/2024\/12\/FE182-black-shiny-1.webp","twitter_misc":{"Estimated reading time":"1 minute"},"schema":{"@context":"https:\/\/schema.org","@graph":[{"@type":"Organization","@id":"https:\/\/padas.al\/#organization","name":"Padas.al","url":"https:\/\/padas.al\/","sameAs":[],"logo":{"@type":"ImageObject","@id":"https:\/\/padas.al\/#logo","inLanguage":"en-GB","url":"https:\/\/padas.al\/wp-content\/uploads\/2021\/12\/padas-logo-01.svg","contentUrl":"https:\/\/padas.al\/wp-content\/uploads\/2021\/12\/padas-logo-01.svg","width":196.4218,"height":195.7925,"caption":"Padas.al"},"image":{"@id":"https:\/\/padas.al\/#logo"}},{"@type":"WebSite","@id":"https:\/\/padas.al\/#website","url":"https:\/\/padas.al\/","name":"PADAS","description":"Shoe Shop","publisher":{"@id":"https:\/\/padas.al\/#organization"},"potentialAction":[{"@type":"SearchAction","target":{"@type":"EntryPoint","urlTemplate":"https:\/\/padas.al\/?s={search_term_string}"},"query-input":"required name=search_term_string"}],"inLanguage":"en-GB"},{"@type":"ImageObject","@id":"https:\/\/padas.al\/product\/cante-fragola-me-forme-unike-dhe-joshese\/#primaryimage","inLanguage":"en-GB","url":"https:\/\/padas.al\/wp-content\/uploads\/2024\/12\/FE182-black-shiny-1.webp","contentUrl":"https:\/\/padas.al\/wp-content\/uploads\/2024\/12\/FE182-black-shiny-1.webp","width":1000,"height":1500},{"@type":"WebPage","@id":"https:\/\/padas.al\/product\/cante-fragola-me-forme-unike-dhe-joshese\/#webpage","url":"https:\/\/padas.al\/product\/cante-fragola-me-forme-unike-dhe-joshese\/","name":"\u00c7ant\u00eb Fragola me form\u00eb unike dhe josh\u00ebse - PADAS","isPartOf":{"@id":"https:\/\/padas.al\/#website"},"primaryImageOfPage":{"@id":"https:\/\/padas.al\/product\/cante-fragola-me-forme-unike-dhe-joshese\/#primaryimage"},"datePublished":"2024-12-17T21:26:54+00:00","dateModified":"2025-07-22T12:33:07+00:00","description":"\u00c7ant\u00eb e vog\u00ebl plot stil e detaje p\u00ebr n\u00eb p\u00ebrditshm\u00ebrin\u00eb tuaj dhe p\u00ebr n\u00eb mbr\u00ebmje. Me ngjyra t\u00eb ndryshme p\u00ebr t\u00eb gjitha vajzat q\u00eb p\u00eblqejn\u00eb modele t\u00eb reja.","breadcrumb":{"@id":"https:\/\/padas.al\/product\/cante-fragola-me-forme-unike-dhe-joshese\/#breadcrumb"},"inLanguage":"en-GB","potentialAction":[{"@type":"ReadAction","target":["https:\/\/padas.al\/product\/cante-fragola-me-forme-unike-dhe-joshese\/"]}]},{"@type":"BreadcrumbList","@id":"https:\/\/padas.al\/product\/cante-fragola-me-forme-unike-dhe-joshese\/#breadcrumb","itemListElement":[{"@type":"ListItem","position":1,"name":"Home","item":"https:\/\/padas.al\/"},{"@type":"ListItem","position":2,"name":"Shop","item":"https:\/\/padas.al\/shop\/"},{"@type":"ListItem","position":3,"name":"\u00c7ant\u00eb Fragola me form\u00eb unike dhe josh\u00ebse"}]}]}},"_links":{"self":[{"href":"https:\/\/padas.al\/english\/wp-json\/wp\/v2\/product\/12326"}],"collection":[{"href":"https:\/\/padas.al\/english\/wp-json\/wp\/v2\/product"}],"about":[{"href":"https:\/\/padas.al\/english\/wp-json\/wp\/v2\/types\/product"}],"replies":[{"embeddable":true,"href":"https:\/\/padas.al\/english\/wp-json\/wp\/v2\/comments?post=12326"}],"wp:featuredmedia":[{"embeddable":true,"href":"https:\/\/padas.al\/english\/wp-json\/wp\/v2\/media\/12327"}],"wp:attachment":[{"href":"https:\/\/padas.al\/english\/wp-json\/wp\/v2\/media?parent=12326"}],"wp:term":[{"taxonomy":"product_cat","embeddable":true,"href":"https:\/\/padas.al\/english\/wp-json\/wp\/v2\/product_cat?post=12326"},{"taxonomy":"product_tag","embeddable":true,"href":"https:\/\/padas.al\/english\/wp-json\/wp\/v2\/product_tag?post=12326"}],"curies":[{"name":"wp","href":"https:\/\/api.w.org\/{rel}","templated":true}]}}