{"id":12482,"date":"2025-05-28T12:01:15","date_gmt":"2025-05-28T12:01:15","guid":{"rendered":"https:\/\/padas.al\/?post_type=product&#038;p=12482"},"modified":"2026-05-06T07:05:39","modified_gmt":"2026-05-06T07:05:39","slug":"shapka-te-mbyllura-leopard-mule-ragazza","status":"publish","type":"product","link":"https:\/\/padas.al\/english\/product\/shapka-te-mbyllura-leopard-mule-ragazza\/","title":{"rendered":"Shapka t\u00eb mbyllura leopard, &#8220;Mule&#8221;, Ragazza"},"content":{"rendered":"<p>Shapkat jan\u00eb t\u00eb p\u00ebrb\u00ebra prej l\u00ebkure natyrale n\u00eb dizajn &#8220;animal print&#8221; dhe kan\u00eb detaj n\u00eb ngjyr\u00ebn gold sip\u00ebr. Goma e tyre \u00ebsht\u00eb e leht\u00eb fleksib\u00ebl dhe nuk rr\u00ebshkasin. Modeli i tyre, mule \u00ebsht\u00eb n\u00eb trend dhe me stil q\u00eb p\u00ebrshtatet p\u00ebr \u00e7do or\u00eb t\u00eb dit\u00ebs.<\/p>","protected":false},"excerpt":{"rendered":"<p>Shapkat jan\u00eb prodhim i firm\u00ebs greke Ragazza kompani e cila prodhon k\u00ebpuc\u00eb e sandale l\u00ebkure p\u00ebr femra me standard e cil\u00ebsi europiane sipas tendencave t\u00eb fundit. Modeli \u00ebsht\u00eb tep\u00ebr i p\u00eblqyesh\u00ebm dhe praktik.<\/p>","protected":false},"featured_media":12471,"comment_status":"open","ping_status":"closed","template":"","meta":[],"product_cat":[139,151,152,154,216,222,224],"product_tag":[],"yoast_head":"<!-- This site is optimized with the Yoast SEO plugin v18.3 - https:\/\/yoast.com\/wordpress\/plugins\/seo\/ -->\n<title>Shapka t\u00eb mbyllura leopard, &quot;Mule&quot;, Ragazza - PADAS<\/title>\n<meta name=\"description\" content=\"Shapka t\u00eb sheshta praktike p\u00ebr n\u00eb p\u00ebrditshm\u00ebri dhe tep\u00ebr komode n\u00eb ecje. T\u00eb kombinueshme dhe plot stil\" \/>\n<meta name=\"robots\" content=\"index, follow, max-snippet:-1, max-image-preview:large, max-video-preview:-1\" \/>\n<link rel=\"canonical\" href=\"https:\/\/padas.al\/english\/product\/shapka-te-mbyllura-leopard-mule-ragazza\/\" \/>\n<meta property=\"og:locale\" content=\"en_GB\" \/>\n<meta property=\"og:type\" content=\"article\" \/>\n<meta property=\"og:title\" content=\"Shapka t\u00eb mbyllura leopard, &quot;Mule&quot;, Ragazza - PADAS\" \/>\n<meta property=\"og:description\" content=\"Shapka t\u00eb sheshta praktike p\u00ebr n\u00eb p\u00ebrditshm\u00ebri dhe tep\u00ebr komode n\u00eb ecje. T\u00eb kombinueshme dhe plot stil\" \/>\n<meta property=\"og:url\" content=\"https:\/\/padas.al\/english\/product\/shapka-te-mbyllura-leopard-mule-ragazza\/\" \/>\n<meta property=\"og:site_name\" content=\"PADAS\" \/>\n<meta property=\"article:modified_time\" content=\"2026-05-06T07:05:39+00:00\" \/>\n<meta property=\"og:image\" content=\"https:\/\/padas.al\/wp-content\/uploads\/2025\/05\/20250416041112_ragazza_dermatina_mules_me_chontro_takouni_0117.jpeg\" \/>\n\t<meta property=\"og:image:width\" content=\"1000\" \/>\n\t<meta property=\"og:image:height\" content=\"1000\" \/>\n\t<meta property=\"og:image:type\" content=\"image\/jpeg\" \/>\n<meta name=\"twitter:card\" content=\"summary_large_image\" \/>\n<meta name=\"twitter:label1\" content=\"Estimated reading time\" \/>\n\t<meta name=\"twitter:data1\" content=\"1 minute\" \/>\n<script type=\"application\/ld+json\" class=\"yoast-schema-graph\">{\"@context\":\"https:\/\/schema.org\",\"@graph\":[{\"@type\":\"Organization\",\"@id\":\"https:\/\/padas.al\/#organization\",\"name\":\"Padas.al\",\"url\":\"https:\/\/padas.al\/\",\"sameAs\":[],\"logo\":{\"@type\":\"ImageObject\",\"@id\":\"https:\/\/padas.al\/#logo\",\"inLanguage\":\"en-GB\",\"url\":\"https:\/\/padas.al\/wp-content\/uploads\/2021\/12\/padas-logo-01.svg\",\"contentUrl\":\"https:\/\/padas.al\/wp-content\/uploads\/2021\/12\/padas-logo-01.svg\",\"width\":196.4218,\"height\":195.7925,\"caption\":\"Padas.al\"},\"image\":{\"@id\":\"https:\/\/padas.al\/#logo\"}},{\"@type\":\"WebSite\",\"@id\":\"https:\/\/padas.al\/#website\",\"url\":\"https:\/\/padas.al\/\",\"name\":\"PADAS\",\"description\":\"Shoe Shop\",\"publisher\":{\"@id\":\"https:\/\/padas.al\/#organization\"},\"potentialAction\":[{\"@type\":\"SearchAction\",\"target\":{\"@type\":\"EntryPoint\",\"urlTemplate\":\"https:\/\/padas.al\/?s={search_term_string}\"},\"query-input\":\"required name=search_term_string\"}],\"inLanguage\":\"en-GB\"},{\"@type\":\"ImageObject\",\"@id\":\"https:\/\/padas.al\/product\/shapka-te-mbyllura-leopard-mule-ragazza\/#primaryimage\",\"inLanguage\":\"en-GB\",\"url\":\"https:\/\/padas.al\/wp-content\/uploads\/2025\/05\/20250416041112_ragazza_dermatina_mules_me_chontro_takouni_0117.jpeg\",\"contentUrl\":\"https:\/\/padas.al\/wp-content\/uploads\/2025\/05\/20250416041112_ragazza_dermatina_mules_me_chontro_takouni_0117.jpeg\",\"width\":1000,\"height\":1000},{\"@type\":\"WebPage\",\"@id\":\"https:\/\/padas.al\/product\/shapka-te-mbyllura-leopard-mule-ragazza\/#webpage\",\"url\":\"https:\/\/padas.al\/product\/shapka-te-mbyllura-leopard-mule-ragazza\/\",\"name\":\"Shapka t\u00eb mbyllura leopard, \\\"Mule\\\", Ragazza - PADAS\",\"isPartOf\":{\"@id\":\"https:\/\/padas.al\/#website\"},\"primaryImageOfPage\":{\"@id\":\"https:\/\/padas.al\/product\/shapka-te-mbyllura-leopard-mule-ragazza\/#primaryimage\"},\"datePublished\":\"2025-05-28T12:01:15+00:00\",\"dateModified\":\"2026-05-06T07:05:39+00:00\",\"description\":\"Shapka t\u00eb sheshta praktike p\u00ebr n\u00eb p\u00ebrditshm\u00ebri dhe tep\u00ebr komode n\u00eb ecje. T\u00eb kombinueshme dhe plot stil\",\"breadcrumb\":{\"@id\":\"https:\/\/padas.al\/product\/shapka-te-mbyllura-leopard-mule-ragazza\/#breadcrumb\"},\"inLanguage\":\"en-GB\",\"potentialAction\":[{\"@type\":\"ReadAction\",\"target\":[\"https:\/\/padas.al\/product\/shapka-te-mbyllura-leopard-mule-ragazza\/\"]}]},{\"@type\":\"BreadcrumbList\",\"@id\":\"https:\/\/padas.al\/product\/shapka-te-mbyllura-leopard-mule-ragazza\/#breadcrumb\",\"itemListElement\":[{\"@type\":\"ListItem\",\"position\":1,\"name\":\"Home\",\"item\":\"https:\/\/padas.al\/\"},{\"@type\":\"ListItem\",\"position\":2,\"name\":\"Shop\",\"item\":\"https:\/\/padas.al\/shop\/\"},{\"@type\":\"ListItem\",\"position\":3,\"name\":\"Shapka t\u00eb mbyllura leopard, &#8220;Mule&#8221;, Ragazza\"}]}]}<\/script>\n<!-- \/ Yoast SEO plugin. -->","yoast_head_json":{"title":"Shapka t\u00eb mbyllura leopard, \"Mule\", Ragazza - PADAS","description":"Shapka t\u00eb sheshta praktike p\u00ebr n\u00eb p\u00ebrditshm\u00ebri dhe tep\u00ebr komode n\u00eb ecje. T\u00eb kombinueshme dhe plot stil","robots":{"index":"index","follow":"follow","max-snippet":"max-snippet:-1","max-image-preview":"max-image-preview:large","max-video-preview":"max-video-preview:-1"},"canonical":"https:\/\/padas.al\/english\/product\/shapka-te-mbyllura-leopard-mule-ragazza\/","og_locale":"en_GB","og_type":"article","og_title":"Shapka t\u00eb mbyllura leopard, \"Mule\", Ragazza - PADAS","og_description":"Shapka t\u00eb sheshta praktike p\u00ebr n\u00eb p\u00ebrditshm\u00ebri dhe tep\u00ebr komode n\u00eb ecje. T\u00eb kombinueshme dhe plot stil","og_url":"https:\/\/padas.al\/english\/product\/shapka-te-mbyllura-leopard-mule-ragazza\/","og_site_name":"PADAS","article_modified_time":"2026-05-06T07:05:39+00:00","og_image":[{"width":1000,"height":1000,"url":"https:\/\/padas.al\/wp-content\/uploads\/2025\/05\/20250416041112_ragazza_dermatina_mules_me_chontro_takouni_0117.jpeg","type":"image\/jpeg"}],"twitter_card":"summary_large_image","twitter_misc":{"Estimated reading time":"1 minute"},"schema":{"@context":"https:\/\/schema.org","@graph":[{"@type":"Organization","@id":"https:\/\/padas.al\/#organization","name":"Padas.al","url":"https:\/\/padas.al\/","sameAs":[],"logo":{"@type":"ImageObject","@id":"https:\/\/padas.al\/#logo","inLanguage":"en-GB","url":"https:\/\/padas.al\/wp-content\/uploads\/2021\/12\/padas-logo-01.svg","contentUrl":"https:\/\/padas.al\/wp-content\/uploads\/2021\/12\/padas-logo-01.svg","width":196.4218,"height":195.7925,"caption":"Padas.al"},"image":{"@id":"https:\/\/padas.al\/#logo"}},{"@type":"WebSite","@id":"https:\/\/padas.al\/#website","url":"https:\/\/padas.al\/","name":"PADAS","description":"Shoe Shop","publisher":{"@id":"https:\/\/padas.al\/#organization"},"potentialAction":[{"@type":"SearchAction","target":{"@type":"EntryPoint","urlTemplate":"https:\/\/padas.al\/?s={search_term_string}"},"query-input":"required name=search_term_string"}],"inLanguage":"en-GB"},{"@type":"ImageObject","@id":"https:\/\/padas.al\/product\/shapka-te-mbyllura-leopard-mule-ragazza\/#primaryimage","inLanguage":"en-GB","url":"https:\/\/padas.al\/wp-content\/uploads\/2025\/05\/20250416041112_ragazza_dermatina_mules_me_chontro_takouni_0117.jpeg","contentUrl":"https:\/\/padas.al\/wp-content\/uploads\/2025\/05\/20250416041112_ragazza_dermatina_mules_me_chontro_takouni_0117.jpeg","width":1000,"height":1000},{"@type":"WebPage","@id":"https:\/\/padas.al\/product\/shapka-te-mbyllura-leopard-mule-ragazza\/#webpage","url":"https:\/\/padas.al\/product\/shapka-te-mbyllura-leopard-mule-ragazza\/","name":"Shapka t\u00eb mbyllura leopard, \"Mule\", Ragazza - PADAS","isPartOf":{"@id":"https:\/\/padas.al\/#website"},"primaryImageOfPage":{"@id":"https:\/\/padas.al\/product\/shapka-te-mbyllura-leopard-mule-ragazza\/#primaryimage"},"datePublished":"2025-05-28T12:01:15+00:00","dateModified":"2026-05-06T07:05:39+00:00","description":"Shapka t\u00eb sheshta praktike p\u00ebr n\u00eb p\u00ebrditshm\u00ebri dhe tep\u00ebr komode n\u00eb ecje. T\u00eb kombinueshme dhe plot stil","breadcrumb":{"@id":"https:\/\/padas.al\/product\/shapka-te-mbyllura-leopard-mule-ragazza\/#breadcrumb"},"inLanguage":"en-GB","potentialAction":[{"@type":"ReadAction","target":["https:\/\/padas.al\/product\/shapka-te-mbyllura-leopard-mule-ragazza\/"]}]},{"@type":"BreadcrumbList","@id":"https:\/\/padas.al\/product\/shapka-te-mbyllura-leopard-mule-ragazza\/#breadcrumb","itemListElement":[{"@type":"ListItem","position":1,"name":"Home","item":"https:\/\/padas.al\/"},{"@type":"ListItem","position":2,"name":"Shop","item":"https:\/\/padas.al\/shop\/"},{"@type":"ListItem","position":3,"name":"Shapka t\u00eb mbyllura leopard, &#8220;Mule&#8221;, Ragazza"}]}]}},"_links":{"self":[{"href":"https:\/\/padas.al\/english\/wp-json\/wp\/v2\/product\/12482"}],"collection":[{"href":"https:\/\/padas.al\/english\/wp-json\/wp\/v2\/product"}],"about":[{"href":"https:\/\/padas.al\/english\/wp-json\/wp\/v2\/types\/product"}],"replies":[{"embeddable":true,"href":"https:\/\/padas.al\/english\/wp-json\/wp\/v2\/comments?post=12482"}],"wp:featuredmedia":[{"embeddable":true,"href":"https:\/\/padas.al\/english\/wp-json\/wp\/v2\/media\/12471"}],"wp:attachment":[{"href":"https:\/\/padas.al\/english\/wp-json\/wp\/v2\/media?parent=12482"}],"wp:term":[{"taxonomy":"product_cat","embeddable":true,"href":"https:\/\/padas.al\/english\/wp-json\/wp\/v2\/product_cat?post=12482"},{"taxonomy":"product_tag","embeddable":true,"href":"https:\/\/padas.al\/english\/wp-json\/wp\/v2\/product_tag?post=12482"}],"curies":[{"name":"wp","href":"https:\/\/api.w.org\/{rel}","templated":true}]}}