{"id":12534,"date":"2025-05-28T18:17:28","date_gmt":"2025-05-28T18:17:28","guid":{"rendered":"https:\/\/padas.al\/?post_type=product&#038;p=12534"},"modified":"2026-01-30T15:56:41","modified_gmt":"2026-01-30T15:56:41","slug":"kepuce-sandale-elegante-me-take-prej-lekure-ragazza","status":"publish","type":"product","link":"https:\/\/padas.al\/english\/product\/kepuce-sandale-elegante-me-take-prej-lekure-ragazza\/","title":{"rendered":"K\u00ebpuc\u00eb sandale elegante me tak\u00eb prej l\u00ebkure, Ragazza"},"content":{"rendered":"<p>K\u00ebpuc\u00ebt jan\u00eb t\u00eb p\u00ebrb\u00ebra prej l\u00ebkure natyrale dhe kan\u00eb shuall gome t\u00eb leht\u00eb dhe fleksib\u00ebl, taka e tyre \u00ebsht\u00eb komode dhe kan\u00eb mb\u00ebshtetje t\u00eb mir\u00eb. Modeli \u00ebsht\u00eb elegant dhe e nxjerr k\u00ebmb\u00ebn fine. I p\u00ebrshtatsh\u00ebm dhe p\u00ebr n\u00eb p\u00ebrditshm\u00ebri p\u00ebr ato femra q\u00eb veshja e tyre \u00ebsht\u00eb m\u00eb zyrtare.<\/p>","protected":false},"excerpt":{"rendered":"<p>K\u00ebpuc\u00ebt jan\u00eb prodhim i firm\u00ebs greke Ragazza kompani e cila prodhon k\u00ebpuc\u00eb e sandale l\u00ebkure p\u00ebr femra me standard e cil\u00ebsi europiane sipas tendencave t\u00eb fundit. Modeli \u00ebsht\u00eb tep\u00ebr i p\u00eblqyesh\u00ebm dhe praktik.<\/p>","protected":false},"featured_media":12535,"comment_status":"open","ping_status":"closed","template":"","meta":[],"product_cat":[139,146,151,153,216,222,224],"product_tag":[],"yoast_head":"<!-- This site is optimized with the Yoast SEO plugin v18.3 - https:\/\/yoast.com\/wordpress\/plugins\/seo\/ -->\n<title>K\u00ebpuc\u00eb sandale elegante me tak\u00eb prej l\u00ebkure, Ragazza - PADAS<\/title>\n<meta name=\"description\" content=\"K\u00ebpuc\u00eb t\u00eb lehta dhe fine si p\u00ebr n\u00eb p\u00ebrditshm\u00ebri p\u00ebr ato femra q\u00eb veshja e tyre \u00ebsht\u00eb elegante apo zyrtare, si dhe p\u00ebr n\u00eb mbr\u00ebmje.\" \/>\n<meta name=\"robots\" content=\"index, follow, max-snippet:-1, max-image-preview:large, max-video-preview:-1\" \/>\n<link rel=\"canonical\" href=\"https:\/\/padas.al\/english\/product\/kepuce-sandale-elegante-me-take-prej-lekure-ragazza\/\" \/>\n<meta property=\"og:locale\" content=\"en_GB\" \/>\n<meta property=\"og:type\" content=\"article\" \/>\n<meta property=\"og:title\" content=\"K\u00ebpuc\u00eb sandale elegante me tak\u00eb prej l\u00ebkure, Ragazza - PADAS\" \/>\n<meta property=\"og:description\" content=\"K\u00ebpuc\u00eb t\u00eb lehta dhe fine si p\u00ebr n\u00eb p\u00ebrditshm\u00ebri p\u00ebr ato femra q\u00eb veshja e tyre \u00ebsht\u00eb elegante apo zyrtare, si dhe p\u00ebr n\u00eb mbr\u00ebmje.\" \/>\n<meta property=\"og:url\" content=\"https:\/\/padas.al\/english\/product\/kepuce-sandale-elegante-me-take-prej-lekure-ragazza\/\" \/>\n<meta property=\"og:site_name\" content=\"PADAS\" \/>\n<meta property=\"article:modified_time\" content=\"2026-01-30T15:56:41+00:00\" \/>\n<meta property=\"og:image\" content=\"https:\/\/padas.al\/wp-content\/uploads\/2025\/05\/ragazza_086_mauro-1.jpg\" \/>\n\t<meta property=\"og:image:width\" content=\"800\" \/>\n\t<meta property=\"og:image:height\" content=\"800\" \/>\n\t<meta property=\"og:image:type\" content=\"image\/jpeg\" \/>\n<meta name=\"twitter:card\" content=\"summary_large_image\" \/>\n<meta name=\"twitter:label1\" content=\"Estimated reading time\" \/>\n\t<meta name=\"twitter:data1\" content=\"1 minute\" \/>\n<script type=\"application\/ld+json\" class=\"yoast-schema-graph\">{\"@context\":\"https:\/\/schema.org\",\"@graph\":[{\"@type\":\"Organization\",\"@id\":\"https:\/\/padas.al\/#organization\",\"name\":\"Padas.al\",\"url\":\"https:\/\/padas.al\/\",\"sameAs\":[],\"logo\":{\"@type\":\"ImageObject\",\"@id\":\"https:\/\/padas.al\/#logo\",\"inLanguage\":\"en-GB\",\"url\":\"https:\/\/padas.al\/wp-content\/uploads\/2021\/12\/padas-logo-01.svg\",\"contentUrl\":\"https:\/\/padas.al\/wp-content\/uploads\/2021\/12\/padas-logo-01.svg\",\"width\":196.4218,\"height\":195.7925,\"caption\":\"Padas.al\"},\"image\":{\"@id\":\"https:\/\/padas.al\/#logo\"}},{\"@type\":\"WebSite\",\"@id\":\"https:\/\/padas.al\/#website\",\"url\":\"https:\/\/padas.al\/\",\"name\":\"PADAS\",\"description\":\"Shoe Shop\",\"publisher\":{\"@id\":\"https:\/\/padas.al\/#organization\"},\"potentialAction\":[{\"@type\":\"SearchAction\",\"target\":{\"@type\":\"EntryPoint\",\"urlTemplate\":\"https:\/\/padas.al\/?s={search_term_string}\"},\"query-input\":\"required name=search_term_string\"}],\"inLanguage\":\"en-GB\"},{\"@type\":\"ImageObject\",\"@id\":\"https:\/\/padas.al\/product\/kepuce-sandale-elegante-me-take-prej-lekure-ragazza\/#primaryimage\",\"inLanguage\":\"en-GB\",\"url\":\"https:\/\/padas.al\/wp-content\/uploads\/2025\/05\/ragazza_086_mauro-1.jpg\",\"contentUrl\":\"https:\/\/padas.al\/wp-content\/uploads\/2025\/05\/ragazza_086_mauro-1.jpg\",\"width\":800,\"height\":800},{\"@type\":\"WebPage\",\"@id\":\"https:\/\/padas.al\/product\/kepuce-sandale-elegante-me-take-prej-lekure-ragazza\/#webpage\",\"url\":\"https:\/\/padas.al\/product\/kepuce-sandale-elegante-me-take-prej-lekure-ragazza\/\",\"name\":\"K\u00ebpuc\u00eb sandale elegante me tak\u00eb prej l\u00ebkure, Ragazza - PADAS\",\"isPartOf\":{\"@id\":\"https:\/\/padas.al\/#website\"},\"primaryImageOfPage\":{\"@id\":\"https:\/\/padas.al\/product\/kepuce-sandale-elegante-me-take-prej-lekure-ragazza\/#primaryimage\"},\"datePublished\":\"2025-05-28T18:17:28+00:00\",\"dateModified\":\"2026-01-30T15:56:41+00:00\",\"description\":\"K\u00ebpuc\u00eb t\u00eb lehta dhe fine si p\u00ebr n\u00eb p\u00ebrditshm\u00ebri p\u00ebr ato femra q\u00eb veshja e tyre \u00ebsht\u00eb elegante apo zyrtare, si dhe p\u00ebr n\u00eb mbr\u00ebmje.\",\"breadcrumb\":{\"@id\":\"https:\/\/padas.al\/product\/kepuce-sandale-elegante-me-take-prej-lekure-ragazza\/#breadcrumb\"},\"inLanguage\":\"en-GB\",\"potentialAction\":[{\"@type\":\"ReadAction\",\"target\":[\"https:\/\/padas.al\/product\/kepuce-sandale-elegante-me-take-prej-lekure-ragazza\/\"]}]},{\"@type\":\"BreadcrumbList\",\"@id\":\"https:\/\/padas.al\/product\/kepuce-sandale-elegante-me-take-prej-lekure-ragazza\/#breadcrumb\",\"itemListElement\":[{\"@type\":\"ListItem\",\"position\":1,\"name\":\"Home\",\"item\":\"https:\/\/padas.al\/\"},{\"@type\":\"ListItem\",\"position\":2,\"name\":\"Shop\",\"item\":\"https:\/\/padas.al\/shop\/\"},{\"@type\":\"ListItem\",\"position\":3,\"name\":\"K\u00ebpuc\u00eb sandale elegante me tak\u00eb prej l\u00ebkure, Ragazza\"}]}]}<\/script>\n<!-- \/ Yoast SEO plugin. -->","yoast_head_json":{"title":"K\u00ebpuc\u00eb sandale elegante me tak\u00eb prej l\u00ebkure, Ragazza - PADAS","description":"K\u00ebpuc\u00eb t\u00eb lehta dhe fine si p\u00ebr n\u00eb p\u00ebrditshm\u00ebri p\u00ebr ato femra q\u00eb veshja e tyre \u00ebsht\u00eb elegante apo zyrtare, si dhe p\u00ebr n\u00eb mbr\u00ebmje.","robots":{"index":"index","follow":"follow","max-snippet":"max-snippet:-1","max-image-preview":"max-image-preview:large","max-video-preview":"max-video-preview:-1"},"canonical":"https:\/\/padas.al\/english\/product\/kepuce-sandale-elegante-me-take-prej-lekure-ragazza\/","og_locale":"en_GB","og_type":"article","og_title":"K\u00ebpuc\u00eb sandale elegante me tak\u00eb prej l\u00ebkure, Ragazza - PADAS","og_description":"K\u00ebpuc\u00eb t\u00eb lehta dhe fine si p\u00ebr n\u00eb p\u00ebrditshm\u00ebri p\u00ebr ato femra q\u00eb veshja e tyre \u00ebsht\u00eb elegante apo zyrtare, si dhe p\u00ebr n\u00eb mbr\u00ebmje.","og_url":"https:\/\/padas.al\/english\/product\/kepuce-sandale-elegante-me-take-prej-lekure-ragazza\/","og_site_name":"PADAS","article_modified_time":"2026-01-30T15:56:41+00:00","og_image":[{"width":800,"height":800,"url":"https:\/\/padas.al\/wp-content\/uploads\/2025\/05\/ragazza_086_mauro-1.jpg","type":"image\/jpeg"}],"twitter_card":"summary_large_image","twitter_misc":{"Estimated reading time":"1 minute"},"schema":{"@context":"https:\/\/schema.org","@graph":[{"@type":"Organization","@id":"https:\/\/padas.al\/#organization","name":"Padas.al","url":"https:\/\/padas.al\/","sameAs":[],"logo":{"@type":"ImageObject","@id":"https:\/\/padas.al\/#logo","inLanguage":"en-GB","url":"https:\/\/padas.al\/wp-content\/uploads\/2021\/12\/padas-logo-01.svg","contentUrl":"https:\/\/padas.al\/wp-content\/uploads\/2021\/12\/padas-logo-01.svg","width":196.4218,"height":195.7925,"caption":"Padas.al"},"image":{"@id":"https:\/\/padas.al\/#logo"}},{"@type":"WebSite","@id":"https:\/\/padas.al\/#website","url":"https:\/\/padas.al\/","name":"PADAS","description":"Shoe Shop","publisher":{"@id":"https:\/\/padas.al\/#organization"},"potentialAction":[{"@type":"SearchAction","target":{"@type":"EntryPoint","urlTemplate":"https:\/\/padas.al\/?s={search_term_string}"},"query-input":"required name=search_term_string"}],"inLanguage":"en-GB"},{"@type":"ImageObject","@id":"https:\/\/padas.al\/product\/kepuce-sandale-elegante-me-take-prej-lekure-ragazza\/#primaryimage","inLanguage":"en-GB","url":"https:\/\/padas.al\/wp-content\/uploads\/2025\/05\/ragazza_086_mauro-1.jpg","contentUrl":"https:\/\/padas.al\/wp-content\/uploads\/2025\/05\/ragazza_086_mauro-1.jpg","width":800,"height":800},{"@type":"WebPage","@id":"https:\/\/padas.al\/product\/kepuce-sandale-elegante-me-take-prej-lekure-ragazza\/#webpage","url":"https:\/\/padas.al\/product\/kepuce-sandale-elegante-me-take-prej-lekure-ragazza\/","name":"K\u00ebpuc\u00eb sandale elegante me tak\u00eb prej l\u00ebkure, Ragazza - PADAS","isPartOf":{"@id":"https:\/\/padas.al\/#website"},"primaryImageOfPage":{"@id":"https:\/\/padas.al\/product\/kepuce-sandale-elegante-me-take-prej-lekure-ragazza\/#primaryimage"},"datePublished":"2025-05-28T18:17:28+00:00","dateModified":"2026-01-30T15:56:41+00:00","description":"K\u00ebpuc\u00eb t\u00eb lehta dhe fine si p\u00ebr n\u00eb p\u00ebrditshm\u00ebri p\u00ebr ato femra q\u00eb veshja e tyre \u00ebsht\u00eb elegante apo zyrtare, si dhe p\u00ebr n\u00eb mbr\u00ebmje.","breadcrumb":{"@id":"https:\/\/padas.al\/product\/kepuce-sandale-elegante-me-take-prej-lekure-ragazza\/#breadcrumb"},"inLanguage":"en-GB","potentialAction":[{"@type":"ReadAction","target":["https:\/\/padas.al\/product\/kepuce-sandale-elegante-me-take-prej-lekure-ragazza\/"]}]},{"@type":"BreadcrumbList","@id":"https:\/\/padas.al\/product\/kepuce-sandale-elegante-me-take-prej-lekure-ragazza\/#breadcrumb","itemListElement":[{"@type":"ListItem","position":1,"name":"Home","item":"https:\/\/padas.al\/"},{"@type":"ListItem","position":2,"name":"Shop","item":"https:\/\/padas.al\/shop\/"},{"@type":"ListItem","position":3,"name":"K\u00ebpuc\u00eb sandale elegante me tak\u00eb prej l\u00ebkure, Ragazza"}]}]}},"_links":{"self":[{"href":"https:\/\/padas.al\/english\/wp-json\/wp\/v2\/product\/12534"}],"collection":[{"href":"https:\/\/padas.al\/english\/wp-json\/wp\/v2\/product"}],"about":[{"href":"https:\/\/padas.al\/english\/wp-json\/wp\/v2\/types\/product"}],"replies":[{"embeddable":true,"href":"https:\/\/padas.al\/english\/wp-json\/wp\/v2\/comments?post=12534"}],"wp:featuredmedia":[{"embeddable":true,"href":"https:\/\/padas.al\/english\/wp-json\/wp\/v2\/media\/12535"}],"wp:attachment":[{"href":"https:\/\/padas.al\/english\/wp-json\/wp\/v2\/media?parent=12534"}],"wp:term":[{"taxonomy":"product_cat","embeddable":true,"href":"https:\/\/padas.al\/english\/wp-json\/wp\/v2\/product_cat?post=12534"},{"taxonomy":"product_tag","embeddable":true,"href":"https:\/\/padas.al\/english\/wp-json\/wp\/v2\/product_tag?post=12534"}],"curies":[{"name":"wp","href":"https:\/\/api.w.org\/{rel}","templated":true}]}}