{"id":12557,"date":"2025-07-22T10:43:23","date_gmt":"2025-07-22T10:43:23","guid":{"rendered":"https:\/\/padas.al\/?post_type=product&#038;p=12557"},"modified":"2025-07-22T10:43:23","modified_gmt":"2025-07-22T10:43:23","slug":"kepuce-me-maje-me-take-unike","status":"publish","type":"product","link":"https:\/\/padas.al\/english\/product\/kepuce-me-maje-me-take-unike\/","title":{"rendered":"K\u00ebpuc\u00eb me maj\u00eb me tak\u00eb unike"},"content":{"rendered":"<p>K\u00ebpuc\u00ebt jan\u00eb t\u00eb punuara nga l\u00ebkura natyrale n\u00eb pjes\u00ebn ku mb\u00ebshtetet shputa e k\u00ebmb\u00ebs, n\u00eb pjes\u00ebn e sip\u00ebrme modeli \u00ebsht\u00eb si rrjet\u00eb dhe ka gur\u00eb t\u00eb vegj\u00ebl t\u00eb shndritsh\u00ebm. Taka e tyre \u00ebsht\u00eb unike ka form\u00ebn e kull\u00ebs Eiffel. Jan\u00eb t\u00eb lehta dhe komode n\u00eb fal\u00eb tak\u00ebs s\u00eb tyre.<\/p>","protected":false},"excerpt":{"rendered":"<p>K\u00ebpuc\u00ebt jan\u00eb t\u00eb punuara n\u00eb m\u00ebnyr\u00eb artizanale nga firma greke Fardoulis, kompani e cila prodhon k\u00ebpuc\u00eb l\u00ebkure p\u00ebr femra sipas tendencave m\u00eb t\u00eb fundit dhe me standard europian.<\/p>","protected":false},"featured_media":12558,"comment_status":"open","ping_status":"closed","template":"","meta":[],"product_cat":[139,140,146,151,153,222,223],"product_tag":[],"yoast_head":"<!-- This site is optimized with the Yoast SEO plugin v18.3 - https:\/\/yoast.com\/wordpress\/plugins\/seo\/ -->\n<title>K\u00ebpuc\u00eb me maj\u00eb me tak\u00eb unike - PADAS<\/title>\n<meta name=\"description\" content=\"Sandale elegante p\u00ebr nj\u00eb pamje fem\u00ebrore me tak\u00eb trendi tep\u00ebr t\u00eb lehta. Zgjedhja perfekte p\u00ebr mbr\u00ebmjet dhe eventet tuaja\" \/>\n<meta name=\"robots\" content=\"index, follow, max-snippet:-1, max-image-preview:large, max-video-preview:-1\" \/>\n<link rel=\"canonical\" href=\"https:\/\/padas.al\/english\/product\/kepuce-me-maje-me-take-unike\/\" \/>\n<meta property=\"og:locale\" content=\"en_GB\" \/>\n<meta property=\"og:type\" content=\"article\" \/>\n<meta property=\"og:title\" content=\"K\u00ebpuc\u00eb me maj\u00eb me tak\u00eb unike - PADAS\" \/>\n<meta property=\"og:description\" content=\"Sandale elegante p\u00ebr nj\u00eb pamje fem\u00ebrore me tak\u00eb trendi tep\u00ebr t\u00eb lehta. Zgjedhja perfekte p\u00ebr mbr\u00ebmjet dhe eventet tuaja\" \/>\n<meta property=\"og:url\" content=\"https:\/\/padas.al\/english\/product\/kepuce-me-maje-me-take-unike\/\" \/>\n<meta property=\"og:site_name\" content=\"PADAS\" \/>\n<meta property=\"og:image\" content=\"https:\/\/padas.al\/wp-content\/uploads\/2025\/07\/738-44-MAURO-2-510x510-1.jpg\" \/>\n\t<meta property=\"og:image:width\" content=\"510\" \/>\n\t<meta property=\"og:image:height\" content=\"510\" \/>\n\t<meta property=\"og:image:type\" content=\"image\/jpeg\" \/>\n<meta name=\"twitter:card\" content=\"summary_large_image\" \/>\n<script type=\"application\/ld+json\" class=\"yoast-schema-graph\">{\"@context\":\"https:\/\/schema.org\",\"@graph\":[{\"@type\":\"Organization\",\"@id\":\"https:\/\/padas.al\/#organization\",\"name\":\"Padas.al\",\"url\":\"https:\/\/padas.al\/\",\"sameAs\":[],\"logo\":{\"@type\":\"ImageObject\",\"@id\":\"https:\/\/padas.al\/#logo\",\"inLanguage\":\"en-GB\",\"url\":\"https:\/\/padas.al\/wp-content\/uploads\/2021\/12\/padas-logo-01.svg\",\"contentUrl\":\"https:\/\/padas.al\/wp-content\/uploads\/2021\/12\/padas-logo-01.svg\",\"width\":196.4218,\"height\":195.7925,\"caption\":\"Padas.al\"},\"image\":{\"@id\":\"https:\/\/padas.al\/#logo\"}},{\"@type\":\"WebSite\",\"@id\":\"https:\/\/padas.al\/#website\",\"url\":\"https:\/\/padas.al\/\",\"name\":\"PADAS\",\"description\":\"Shoe Shop\",\"publisher\":{\"@id\":\"https:\/\/padas.al\/#organization\"},\"potentialAction\":[{\"@type\":\"SearchAction\",\"target\":{\"@type\":\"EntryPoint\",\"urlTemplate\":\"https:\/\/padas.al\/?s={search_term_string}\"},\"query-input\":\"required name=search_term_string\"}],\"inLanguage\":\"en-GB\"},{\"@type\":\"ImageObject\",\"@id\":\"https:\/\/padas.al\/product\/kepuce-me-maje-me-take-unike\/#primaryimage\",\"inLanguage\":\"en-GB\",\"url\":\"https:\/\/padas.al\/wp-content\/uploads\/2025\/07\/738-44-MAURO-2-510x510-1.jpg\",\"contentUrl\":\"https:\/\/padas.al\/wp-content\/uploads\/2025\/07\/738-44-MAURO-2-510x510-1.jpg\",\"width\":510,\"height\":510},{\"@type\":\"WebPage\",\"@id\":\"https:\/\/padas.al\/product\/kepuce-me-maje-me-take-unike\/#webpage\",\"url\":\"https:\/\/padas.al\/product\/kepuce-me-maje-me-take-unike\/\",\"name\":\"K\u00ebpuc\u00eb me maj\u00eb me tak\u00eb unike - PADAS\",\"isPartOf\":{\"@id\":\"https:\/\/padas.al\/#website\"},\"primaryImageOfPage\":{\"@id\":\"https:\/\/padas.al\/product\/kepuce-me-maje-me-take-unike\/#primaryimage\"},\"datePublished\":\"2025-07-22T10:43:23+00:00\",\"dateModified\":\"2025-07-22T10:43:23+00:00\",\"description\":\"Sandale elegante p\u00ebr nj\u00eb pamje fem\u00ebrore me tak\u00eb trendi tep\u00ebr t\u00eb lehta. Zgjedhja perfekte p\u00ebr mbr\u00ebmjet dhe eventet tuaja\",\"breadcrumb\":{\"@id\":\"https:\/\/padas.al\/product\/kepuce-me-maje-me-take-unike\/#breadcrumb\"},\"inLanguage\":\"en-GB\",\"potentialAction\":[{\"@type\":\"ReadAction\",\"target\":[\"https:\/\/padas.al\/product\/kepuce-me-maje-me-take-unike\/\"]}]},{\"@type\":\"BreadcrumbList\",\"@id\":\"https:\/\/padas.al\/product\/kepuce-me-maje-me-take-unike\/#breadcrumb\",\"itemListElement\":[{\"@type\":\"ListItem\",\"position\":1,\"name\":\"Home\",\"item\":\"https:\/\/padas.al\/\"},{\"@type\":\"ListItem\",\"position\":2,\"name\":\"Shop\",\"item\":\"https:\/\/padas.al\/shop\/\"},{\"@type\":\"ListItem\",\"position\":3,\"name\":\"K\u00ebpuc\u00eb me maj\u00eb me tak\u00eb unike\"}]}]}<\/script>\n<!-- \/ Yoast SEO plugin. -->","yoast_head_json":{"title":"K\u00ebpuc\u00eb me maj\u00eb me tak\u00eb unike - PADAS","description":"Sandale elegante p\u00ebr nj\u00eb pamje fem\u00ebrore me tak\u00eb trendi tep\u00ebr t\u00eb lehta. Zgjedhja perfekte p\u00ebr mbr\u00ebmjet dhe eventet tuaja","robots":{"index":"index","follow":"follow","max-snippet":"max-snippet:-1","max-image-preview":"max-image-preview:large","max-video-preview":"max-video-preview:-1"},"canonical":"https:\/\/padas.al\/english\/product\/kepuce-me-maje-me-take-unike\/","og_locale":"en_GB","og_type":"article","og_title":"K\u00ebpuc\u00eb me maj\u00eb me tak\u00eb unike - PADAS","og_description":"Sandale elegante p\u00ebr nj\u00eb pamje fem\u00ebrore me tak\u00eb trendi tep\u00ebr t\u00eb lehta. Zgjedhja perfekte p\u00ebr mbr\u00ebmjet dhe eventet tuaja","og_url":"https:\/\/padas.al\/english\/product\/kepuce-me-maje-me-take-unike\/","og_site_name":"PADAS","og_image":[{"width":510,"height":510,"url":"https:\/\/padas.al\/wp-content\/uploads\/2025\/07\/738-44-MAURO-2-510x510-1.jpg","type":"image\/jpeg"}],"twitter_card":"summary_large_image","schema":{"@context":"https:\/\/schema.org","@graph":[{"@type":"Organization","@id":"https:\/\/padas.al\/#organization","name":"Padas.al","url":"https:\/\/padas.al\/","sameAs":[],"logo":{"@type":"ImageObject","@id":"https:\/\/padas.al\/#logo","inLanguage":"en-GB","url":"https:\/\/padas.al\/wp-content\/uploads\/2021\/12\/padas-logo-01.svg","contentUrl":"https:\/\/padas.al\/wp-content\/uploads\/2021\/12\/padas-logo-01.svg","width":196.4218,"height":195.7925,"caption":"Padas.al"},"image":{"@id":"https:\/\/padas.al\/#logo"}},{"@type":"WebSite","@id":"https:\/\/padas.al\/#website","url":"https:\/\/padas.al\/","name":"PADAS","description":"Shoe Shop","publisher":{"@id":"https:\/\/padas.al\/#organization"},"potentialAction":[{"@type":"SearchAction","target":{"@type":"EntryPoint","urlTemplate":"https:\/\/padas.al\/?s={search_term_string}"},"query-input":"required name=search_term_string"}],"inLanguage":"en-GB"},{"@type":"ImageObject","@id":"https:\/\/padas.al\/product\/kepuce-me-maje-me-take-unike\/#primaryimage","inLanguage":"en-GB","url":"https:\/\/padas.al\/wp-content\/uploads\/2025\/07\/738-44-MAURO-2-510x510-1.jpg","contentUrl":"https:\/\/padas.al\/wp-content\/uploads\/2025\/07\/738-44-MAURO-2-510x510-1.jpg","width":510,"height":510},{"@type":"WebPage","@id":"https:\/\/padas.al\/product\/kepuce-me-maje-me-take-unike\/#webpage","url":"https:\/\/padas.al\/product\/kepuce-me-maje-me-take-unike\/","name":"K\u00ebpuc\u00eb me maj\u00eb me tak\u00eb unike - PADAS","isPartOf":{"@id":"https:\/\/padas.al\/#website"},"primaryImageOfPage":{"@id":"https:\/\/padas.al\/product\/kepuce-me-maje-me-take-unike\/#primaryimage"},"datePublished":"2025-07-22T10:43:23+00:00","dateModified":"2025-07-22T10:43:23+00:00","description":"Sandale elegante p\u00ebr nj\u00eb pamje fem\u00ebrore me tak\u00eb trendi tep\u00ebr t\u00eb lehta. Zgjedhja perfekte p\u00ebr mbr\u00ebmjet dhe eventet tuaja","breadcrumb":{"@id":"https:\/\/padas.al\/product\/kepuce-me-maje-me-take-unike\/#breadcrumb"},"inLanguage":"en-GB","potentialAction":[{"@type":"ReadAction","target":["https:\/\/padas.al\/product\/kepuce-me-maje-me-take-unike\/"]}]},{"@type":"BreadcrumbList","@id":"https:\/\/padas.al\/product\/kepuce-me-maje-me-take-unike\/#breadcrumb","itemListElement":[{"@type":"ListItem","position":1,"name":"Home","item":"https:\/\/padas.al\/"},{"@type":"ListItem","position":2,"name":"Shop","item":"https:\/\/padas.al\/shop\/"},{"@type":"ListItem","position":3,"name":"K\u00ebpuc\u00eb me maj\u00eb me tak\u00eb unike"}]}]}},"_links":{"self":[{"href":"https:\/\/padas.al\/english\/wp-json\/wp\/v2\/product\/12557"}],"collection":[{"href":"https:\/\/padas.al\/english\/wp-json\/wp\/v2\/product"}],"about":[{"href":"https:\/\/padas.al\/english\/wp-json\/wp\/v2\/types\/product"}],"replies":[{"embeddable":true,"href":"https:\/\/padas.al\/english\/wp-json\/wp\/v2\/comments?post=12557"}],"wp:featuredmedia":[{"embeddable":true,"href":"https:\/\/padas.al\/english\/wp-json\/wp\/v2\/media\/12558"}],"wp:attachment":[{"href":"https:\/\/padas.al\/english\/wp-json\/wp\/v2\/media?parent=12557"}],"wp:term":[{"taxonomy":"product_cat","embeddable":true,"href":"https:\/\/padas.al\/english\/wp-json\/wp\/v2\/product_cat?post=12557"},{"taxonomy":"product_tag","embeddable":true,"href":"https:\/\/padas.al\/english\/wp-json\/wp\/v2\/product_tag?post=12557"}],"curies":[{"name":"wp","href":"https:\/\/api.w.org\/{rel}","templated":true}]}}