{"id":12565,"date":"2025-07-22T11:01:03","date_gmt":"2025-07-22T11:01:03","guid":{"rendered":"https:\/\/padas.al\/?post_type=product&#038;p=12565"},"modified":"2026-01-30T15:49:09","modified_gmt":"2026-01-30T15:49:09","slug":"kepuce-sandale-prej-lekure-elegante-me-model-unik-siper","status":"publish","type":"product","link":"https:\/\/padas.al\/english\/product\/kepuce-sandale-prej-lekure-elegante-me-model-unik-siper\/","title":{"rendered":"K\u00ebpuc\u00eb sandale prej l\u00ebkure elegante me model unik sip\u00ebr"},"content":{"rendered":"<p>Sandalet jan\u00eb t\u00eb p\u00ebrb\u00ebra prej l\u00ebkure natyrale, modeli sip\u00ebr e nxjerr k\u00ebmb\u00ebn elegante. Taka e tyre \u00ebsht\u00eb e lrt\u00eb 7 cm dhe ka form\u00eb unike si kulla Eiffel, duke qene se \u00ebsht\u00eb m\u00eb e gjer\u00eb posht\u00eb e b\u00ebn sandale komode n\u00eb ecje.<\/p>","protected":false},"excerpt":{"rendered":"<p>K\u00ebpuc\u00ebt jan\u00eb t\u00eb punuara n\u00eb m\u00ebnyr\u00eb artizanale nga firma greke Fardoulis, kompani e cila prodhon k\u00ebpuc\u00eb l\u00ebkure p\u00ebr femra sipas tendencave m\u00eb t\u00eb fundit dhe me standard europian.<\/p>","protected":false},"featured_media":12566,"comment_status":"open","ping_status":"closed","template":"","meta":[],"product_cat":[139,140,146,151,153,222,223],"product_tag":[],"yoast_head":"<!-- This site is optimized with the Yoast SEO plugin v18.3 - https:\/\/yoast.com\/wordpress\/plugins\/seo\/ -->\n<title>K\u00ebpuc\u00eb sandale prej l\u00ebkure elegante me model unik sip\u00ebr - PADAS<\/title>\n<meta name=\"description\" content=\"Sandale elegante me tak\u00eb trendi e leht\u00eb dhe t\u00eb p\u00ebrshtatshme p\u00ebr mbr\u00ebmjet dhe eventet tuaja, por dhe n\u00eb p\u00ebrditshm\u00ebri p\u00ebr veshje m\u00eb formale.\" \/>\n<meta name=\"robots\" content=\"index, follow, max-snippet:-1, max-image-preview:large, max-video-preview:-1\" \/>\n<link rel=\"canonical\" href=\"https:\/\/padas.al\/english\/product\/kepuce-sandale-prej-lekure-elegante-me-model-unik-siper\/\" \/>\n<meta property=\"og:locale\" content=\"en_GB\" \/>\n<meta property=\"og:type\" content=\"article\" \/>\n<meta property=\"og:title\" content=\"K\u00ebpuc\u00eb sandale prej l\u00ebkure elegante me model unik sip\u00ebr - PADAS\" \/>\n<meta property=\"og:description\" content=\"Sandale elegante me tak\u00eb trendi e leht\u00eb dhe t\u00eb p\u00ebrshtatshme p\u00ebr mbr\u00ebmjet dhe eventet tuaja, por dhe n\u00eb p\u00ebrditshm\u00ebri p\u00ebr veshje m\u00eb formale.\" \/>\n<meta property=\"og:url\" content=\"https:\/\/padas.al\/english\/product\/kepuce-sandale-prej-lekure-elegante-me-model-unik-siper\/\" \/>\n<meta property=\"og:site_name\" content=\"PADAS\" \/>\n<meta property=\"article:modified_time\" content=\"2026-01-30T15:49:09+00:00\" \/>\n<meta property=\"og:image\" content=\"https:\/\/padas.al\/wp-content\/uploads\/2025\/07\/738-72-KAFE-2-510x510-1.jpg\" \/>\n\t<meta property=\"og:image:width\" content=\"510\" \/>\n\t<meta property=\"og:image:height\" content=\"510\" \/>\n\t<meta property=\"og:image:type\" content=\"image\/jpeg\" \/>\n<meta name=\"twitter:card\" content=\"summary_large_image\" \/>\n<meta name=\"twitter:label1\" content=\"Estimated reading time\" \/>\n\t<meta name=\"twitter:data1\" content=\"1 minute\" \/>\n<script type=\"application\/ld+json\" class=\"yoast-schema-graph\">{\"@context\":\"https:\/\/schema.org\",\"@graph\":[{\"@type\":\"Organization\",\"@id\":\"https:\/\/padas.al\/#organization\",\"name\":\"Padas.al\",\"url\":\"https:\/\/padas.al\/\",\"sameAs\":[],\"logo\":{\"@type\":\"ImageObject\",\"@id\":\"https:\/\/padas.al\/#logo\",\"inLanguage\":\"en-GB\",\"url\":\"https:\/\/padas.al\/wp-content\/uploads\/2021\/12\/padas-logo-01.svg\",\"contentUrl\":\"https:\/\/padas.al\/wp-content\/uploads\/2021\/12\/padas-logo-01.svg\",\"width\":196.4218,\"height\":195.7925,\"caption\":\"Padas.al\"},\"image\":{\"@id\":\"https:\/\/padas.al\/#logo\"}},{\"@type\":\"WebSite\",\"@id\":\"https:\/\/padas.al\/#website\",\"url\":\"https:\/\/padas.al\/\",\"name\":\"PADAS\",\"description\":\"Shoe Shop\",\"publisher\":{\"@id\":\"https:\/\/padas.al\/#organization\"},\"potentialAction\":[{\"@type\":\"SearchAction\",\"target\":{\"@type\":\"EntryPoint\",\"urlTemplate\":\"https:\/\/padas.al\/?s={search_term_string}\"},\"query-input\":\"required name=search_term_string\"}],\"inLanguage\":\"en-GB\"},{\"@type\":\"ImageObject\",\"@id\":\"https:\/\/padas.al\/product\/kepuce-sandale-prej-lekure-elegante-me-model-unik-siper\/#primaryimage\",\"inLanguage\":\"en-GB\",\"url\":\"https:\/\/padas.al\/wp-content\/uploads\/2025\/07\/738-72-KAFE-2-510x510-1.jpg\",\"contentUrl\":\"https:\/\/padas.al\/wp-content\/uploads\/2025\/07\/738-72-KAFE-2-510x510-1.jpg\",\"width\":510,\"height\":510},{\"@type\":\"WebPage\",\"@id\":\"https:\/\/padas.al\/product\/kepuce-sandale-prej-lekure-elegante-me-model-unik-siper\/#webpage\",\"url\":\"https:\/\/padas.al\/product\/kepuce-sandale-prej-lekure-elegante-me-model-unik-siper\/\",\"name\":\"K\u00ebpuc\u00eb sandale prej l\u00ebkure elegante me model unik sip\u00ebr - PADAS\",\"isPartOf\":{\"@id\":\"https:\/\/padas.al\/#website\"},\"primaryImageOfPage\":{\"@id\":\"https:\/\/padas.al\/product\/kepuce-sandale-prej-lekure-elegante-me-model-unik-siper\/#primaryimage\"},\"datePublished\":\"2025-07-22T11:01:03+00:00\",\"dateModified\":\"2026-01-30T15:49:09+00:00\",\"description\":\"Sandale elegante me tak\u00eb trendi e leht\u00eb dhe t\u00eb p\u00ebrshtatshme p\u00ebr mbr\u00ebmjet dhe eventet tuaja, por dhe n\u00eb p\u00ebrditshm\u00ebri p\u00ebr veshje m\u00eb formale.\",\"breadcrumb\":{\"@id\":\"https:\/\/padas.al\/product\/kepuce-sandale-prej-lekure-elegante-me-model-unik-siper\/#breadcrumb\"},\"inLanguage\":\"en-GB\",\"potentialAction\":[{\"@type\":\"ReadAction\",\"target\":[\"https:\/\/padas.al\/product\/kepuce-sandale-prej-lekure-elegante-me-model-unik-siper\/\"]}]},{\"@type\":\"BreadcrumbList\",\"@id\":\"https:\/\/padas.al\/product\/kepuce-sandale-prej-lekure-elegante-me-model-unik-siper\/#breadcrumb\",\"itemListElement\":[{\"@type\":\"ListItem\",\"position\":1,\"name\":\"Home\",\"item\":\"https:\/\/padas.al\/\"},{\"@type\":\"ListItem\",\"position\":2,\"name\":\"Shop\",\"item\":\"https:\/\/padas.al\/shop\/\"},{\"@type\":\"ListItem\",\"position\":3,\"name\":\"K\u00ebpuc\u00eb sandale prej l\u00ebkure elegante me model unik sip\u00ebr\"}]}]}<\/script>\n<!-- \/ Yoast SEO plugin. -->","yoast_head_json":{"title":"K\u00ebpuc\u00eb sandale prej l\u00ebkure elegante me model unik sip\u00ebr - PADAS","description":"Sandale elegante me tak\u00eb trendi e leht\u00eb dhe t\u00eb p\u00ebrshtatshme p\u00ebr mbr\u00ebmjet dhe eventet tuaja, por dhe n\u00eb p\u00ebrditshm\u00ebri p\u00ebr veshje m\u00eb formale.","robots":{"index":"index","follow":"follow","max-snippet":"max-snippet:-1","max-image-preview":"max-image-preview:large","max-video-preview":"max-video-preview:-1"},"canonical":"https:\/\/padas.al\/english\/product\/kepuce-sandale-prej-lekure-elegante-me-model-unik-siper\/","og_locale":"en_GB","og_type":"article","og_title":"K\u00ebpuc\u00eb sandale prej l\u00ebkure elegante me model unik sip\u00ebr - PADAS","og_description":"Sandale elegante me tak\u00eb trendi e leht\u00eb dhe t\u00eb p\u00ebrshtatshme p\u00ebr mbr\u00ebmjet dhe eventet tuaja, por dhe n\u00eb p\u00ebrditshm\u00ebri p\u00ebr veshje m\u00eb formale.","og_url":"https:\/\/padas.al\/english\/product\/kepuce-sandale-prej-lekure-elegante-me-model-unik-siper\/","og_site_name":"PADAS","article_modified_time":"2026-01-30T15:49:09+00:00","og_image":[{"width":510,"height":510,"url":"https:\/\/padas.al\/wp-content\/uploads\/2025\/07\/738-72-KAFE-2-510x510-1.jpg","type":"image\/jpeg"}],"twitter_card":"summary_large_image","twitter_misc":{"Estimated reading time":"1 minute"},"schema":{"@context":"https:\/\/schema.org","@graph":[{"@type":"Organization","@id":"https:\/\/padas.al\/#organization","name":"Padas.al","url":"https:\/\/padas.al\/","sameAs":[],"logo":{"@type":"ImageObject","@id":"https:\/\/padas.al\/#logo","inLanguage":"en-GB","url":"https:\/\/padas.al\/wp-content\/uploads\/2021\/12\/padas-logo-01.svg","contentUrl":"https:\/\/padas.al\/wp-content\/uploads\/2021\/12\/padas-logo-01.svg","width":196.4218,"height":195.7925,"caption":"Padas.al"},"image":{"@id":"https:\/\/padas.al\/#logo"}},{"@type":"WebSite","@id":"https:\/\/padas.al\/#website","url":"https:\/\/padas.al\/","name":"PADAS","description":"Shoe Shop","publisher":{"@id":"https:\/\/padas.al\/#organization"},"potentialAction":[{"@type":"SearchAction","target":{"@type":"EntryPoint","urlTemplate":"https:\/\/padas.al\/?s={search_term_string}"},"query-input":"required name=search_term_string"}],"inLanguage":"en-GB"},{"@type":"ImageObject","@id":"https:\/\/padas.al\/product\/kepuce-sandale-prej-lekure-elegante-me-model-unik-siper\/#primaryimage","inLanguage":"en-GB","url":"https:\/\/padas.al\/wp-content\/uploads\/2025\/07\/738-72-KAFE-2-510x510-1.jpg","contentUrl":"https:\/\/padas.al\/wp-content\/uploads\/2025\/07\/738-72-KAFE-2-510x510-1.jpg","width":510,"height":510},{"@type":"WebPage","@id":"https:\/\/padas.al\/product\/kepuce-sandale-prej-lekure-elegante-me-model-unik-siper\/#webpage","url":"https:\/\/padas.al\/product\/kepuce-sandale-prej-lekure-elegante-me-model-unik-siper\/","name":"K\u00ebpuc\u00eb sandale prej l\u00ebkure elegante me model unik sip\u00ebr - PADAS","isPartOf":{"@id":"https:\/\/padas.al\/#website"},"primaryImageOfPage":{"@id":"https:\/\/padas.al\/product\/kepuce-sandale-prej-lekure-elegante-me-model-unik-siper\/#primaryimage"},"datePublished":"2025-07-22T11:01:03+00:00","dateModified":"2026-01-30T15:49:09+00:00","description":"Sandale elegante me tak\u00eb trendi e leht\u00eb dhe t\u00eb p\u00ebrshtatshme p\u00ebr mbr\u00ebmjet dhe eventet tuaja, por dhe n\u00eb p\u00ebrditshm\u00ebri p\u00ebr veshje m\u00eb formale.","breadcrumb":{"@id":"https:\/\/padas.al\/product\/kepuce-sandale-prej-lekure-elegante-me-model-unik-siper\/#breadcrumb"},"inLanguage":"en-GB","potentialAction":[{"@type":"ReadAction","target":["https:\/\/padas.al\/product\/kepuce-sandale-prej-lekure-elegante-me-model-unik-siper\/"]}]},{"@type":"BreadcrumbList","@id":"https:\/\/padas.al\/product\/kepuce-sandale-prej-lekure-elegante-me-model-unik-siper\/#breadcrumb","itemListElement":[{"@type":"ListItem","position":1,"name":"Home","item":"https:\/\/padas.al\/"},{"@type":"ListItem","position":2,"name":"Shop","item":"https:\/\/padas.al\/shop\/"},{"@type":"ListItem","position":3,"name":"K\u00ebpuc\u00eb sandale prej l\u00ebkure elegante me model unik sip\u00ebr"}]}]}},"_links":{"self":[{"href":"https:\/\/padas.al\/english\/wp-json\/wp\/v2\/product\/12565"}],"collection":[{"href":"https:\/\/padas.al\/english\/wp-json\/wp\/v2\/product"}],"about":[{"href":"https:\/\/padas.al\/english\/wp-json\/wp\/v2\/types\/product"}],"replies":[{"embeddable":true,"href":"https:\/\/padas.al\/english\/wp-json\/wp\/v2\/comments?post=12565"}],"wp:featuredmedia":[{"embeddable":true,"href":"https:\/\/padas.al\/english\/wp-json\/wp\/v2\/media\/12566"}],"wp:attachment":[{"href":"https:\/\/padas.al\/english\/wp-json\/wp\/v2\/media?parent=12565"}],"wp:term":[{"taxonomy":"product_cat","embeddable":true,"href":"https:\/\/padas.al\/english\/wp-json\/wp\/v2\/product_cat?post=12565"},{"taxonomy":"product_tag","embeddable":true,"href":"https:\/\/padas.al\/english\/wp-json\/wp\/v2\/product_tag?post=12565"}],"curies":[{"name":"wp","href":"https:\/\/api.w.org\/{rel}","templated":true}]}}