{"id":12576,"date":"2025-07-22T11:24:22","date_gmt":"2025-07-22T11:24:22","guid":{"rendered":"https:\/\/padas.al\/?post_type=product&#038;p=12576"},"modified":"2026-01-30T15:48:04","modified_gmt":"2026-01-30T15:48:04","slug":"sandale-me-take-te-ulet-prej-lekure-natyrale-fardoulis","status":"publish","type":"product","link":"https:\/\/padas.al\/english\/product\/sandale-me-take-te-ulet-prej-lekure-natyrale-fardoulis\/","title":{"rendered":"Sandale me tak\u00eb t\u00eb ul\u00ebt prej l\u00ebkure natyrale, Fardoulis"},"content":{"rendered":"<p>Sandalet jan\u00eb t\u00eb p\u00ebrb\u00ebra prej l\u00ebkure natyrale, modeli sip\u00ebr e nxjerr k\u00ebmb\u00ebn elegante. Taka e tyre \u00ebsht\u00eb e lart\u00eb 3 cm dhe ka form\u00eb unike si kulla Eiffel, duke qen\u00eb se \u00ebsht\u00eb m\u00eb e gjer\u00eb posht\u00eb e b\u00ebn sandalen komode n\u00eb ecje.<\/p>","protected":false},"excerpt":{"rendered":"<p>K\u00ebpuc\u00ebt jan\u00eb t\u00eb punuara n\u00eb m\u00ebnyr\u00eb artizanale nga firma greke Fardoulis, kompani e cila prodhon k\u00ebpuc\u00eb l\u00ebkure p\u00ebr femra sipas tendencave m\u00eb t\u00eb fundit dhe me standard europian.<\/p>","protected":false},"featured_media":12577,"comment_status":"open","ping_status":"closed","template":"","meta":[],"product_cat":[139,140,146,151,153,152,222,223],"product_tag":[],"yoast_head":"<!-- This site is optimized with the Yoast SEO plugin v18.3 - https:\/\/yoast.com\/wordpress\/plugins\/seo\/ -->\n<title>Sandale me tak\u00eb t\u00eb ul\u00ebt prej l\u00ebkure natyrale, Fardoulis - PADAS<\/title>\n<meta name=\"description\" content=\"Sandale me model me vrima p\u00ebr ajrosje m\u00eb t\u00eb mir\u00eb t\u00eb k\u00ebmb\u00ebve, tak\u00eb perfekte p\u00ebr \u00e7do or\u00eb t\u00eb dit\u00ebs\" \/>\n<meta name=\"robots\" content=\"index, follow, max-snippet:-1, max-image-preview:large, max-video-preview:-1\" \/>\n<link rel=\"canonical\" href=\"https:\/\/padas.al\/english\/product\/sandale-me-take-te-ulet-prej-lekure-natyrale-fardoulis\/\" \/>\n<meta property=\"og:locale\" content=\"en_GB\" \/>\n<meta property=\"og:type\" content=\"article\" \/>\n<meta property=\"og:title\" content=\"Sandale me tak\u00eb t\u00eb ul\u00ebt prej l\u00ebkure natyrale, Fardoulis - PADAS\" \/>\n<meta property=\"og:description\" content=\"Sandale me model me vrima p\u00ebr ajrosje m\u00eb t\u00eb mir\u00eb t\u00eb k\u00ebmb\u00ebve, tak\u00eb perfekte p\u00ebr \u00e7do or\u00eb t\u00eb dit\u00ebs\" \/>\n<meta property=\"og:url\" content=\"https:\/\/padas.al\/english\/product\/sandale-me-take-te-ulet-prej-lekure-natyrale-fardoulis\/\" \/>\n<meta property=\"og:site_name\" content=\"PADAS\" \/>\n<meta property=\"article:modified_time\" content=\"2026-01-30T15:48:04+00:00\" \/>\n<meta property=\"og:image\" content=\"https:\/\/padas.al\/wp-content\/uploads\/2025\/07\/308-24-KITRINO-2-510x510-1.jpg\" \/>\n\t<meta property=\"og:image:width\" content=\"510\" \/>\n\t<meta property=\"og:image:height\" content=\"510\" \/>\n\t<meta property=\"og:image:type\" content=\"image\/jpeg\" \/>\n<meta name=\"twitter:card\" content=\"summary_large_image\" \/>\n<meta name=\"twitter:label1\" content=\"Estimated reading time\" \/>\n\t<meta name=\"twitter:data1\" content=\"1 minute\" \/>\n<script type=\"application\/ld+json\" class=\"yoast-schema-graph\">{\"@context\":\"https:\/\/schema.org\",\"@graph\":[{\"@type\":\"Organization\",\"@id\":\"https:\/\/padas.al\/#organization\",\"name\":\"Padas.al\",\"url\":\"https:\/\/padas.al\/\",\"sameAs\":[],\"logo\":{\"@type\":\"ImageObject\",\"@id\":\"https:\/\/padas.al\/#logo\",\"inLanguage\":\"en-GB\",\"url\":\"https:\/\/padas.al\/wp-content\/uploads\/2021\/12\/padas-logo-01.svg\",\"contentUrl\":\"https:\/\/padas.al\/wp-content\/uploads\/2021\/12\/padas-logo-01.svg\",\"width\":196.4218,\"height\":195.7925,\"caption\":\"Padas.al\"},\"image\":{\"@id\":\"https:\/\/padas.al\/#logo\"}},{\"@type\":\"WebSite\",\"@id\":\"https:\/\/padas.al\/#website\",\"url\":\"https:\/\/padas.al\/\",\"name\":\"PADAS\",\"description\":\"Shoe Shop\",\"publisher\":{\"@id\":\"https:\/\/padas.al\/#organization\"},\"potentialAction\":[{\"@type\":\"SearchAction\",\"target\":{\"@type\":\"EntryPoint\",\"urlTemplate\":\"https:\/\/padas.al\/?s={search_term_string}\"},\"query-input\":\"required name=search_term_string\"}],\"inLanguage\":\"en-GB\"},{\"@type\":\"ImageObject\",\"@id\":\"https:\/\/padas.al\/product\/sandale-me-take-te-ulet-prej-lekure-natyrale-fardoulis\/#primaryimage\",\"inLanguage\":\"en-GB\",\"url\":\"https:\/\/padas.al\/wp-content\/uploads\/2025\/07\/308-24-KITRINO-2-510x510-1.jpg\",\"contentUrl\":\"https:\/\/padas.al\/wp-content\/uploads\/2025\/07\/308-24-KITRINO-2-510x510-1.jpg\",\"width\":510,\"height\":510},{\"@type\":\"WebPage\",\"@id\":\"https:\/\/padas.al\/product\/sandale-me-take-te-ulet-prej-lekure-natyrale-fardoulis\/#webpage\",\"url\":\"https:\/\/padas.al\/product\/sandale-me-take-te-ulet-prej-lekure-natyrale-fardoulis\/\",\"name\":\"Sandale me tak\u00eb t\u00eb ul\u00ebt prej l\u00ebkure natyrale, Fardoulis - PADAS\",\"isPartOf\":{\"@id\":\"https:\/\/padas.al\/#website\"},\"primaryImageOfPage\":{\"@id\":\"https:\/\/padas.al\/product\/sandale-me-take-te-ulet-prej-lekure-natyrale-fardoulis\/#primaryimage\"},\"datePublished\":\"2025-07-22T11:24:22+00:00\",\"dateModified\":\"2026-01-30T15:48:04+00:00\",\"description\":\"Sandale me model me vrima p\u00ebr ajrosje m\u00eb t\u00eb mir\u00eb t\u00eb k\u00ebmb\u00ebve, tak\u00eb perfekte p\u00ebr \u00e7do or\u00eb t\u00eb dit\u00ebs\",\"breadcrumb\":{\"@id\":\"https:\/\/padas.al\/product\/sandale-me-take-te-ulet-prej-lekure-natyrale-fardoulis\/#breadcrumb\"},\"inLanguage\":\"en-GB\",\"potentialAction\":[{\"@type\":\"ReadAction\",\"target\":[\"https:\/\/padas.al\/product\/sandale-me-take-te-ulet-prej-lekure-natyrale-fardoulis\/\"]}]},{\"@type\":\"BreadcrumbList\",\"@id\":\"https:\/\/padas.al\/product\/sandale-me-take-te-ulet-prej-lekure-natyrale-fardoulis\/#breadcrumb\",\"itemListElement\":[{\"@type\":\"ListItem\",\"position\":1,\"name\":\"Home\",\"item\":\"https:\/\/padas.al\/\"},{\"@type\":\"ListItem\",\"position\":2,\"name\":\"Shop\",\"item\":\"https:\/\/padas.al\/shop\/\"},{\"@type\":\"ListItem\",\"position\":3,\"name\":\"Sandale me tak\u00eb t\u00eb ul\u00ebt prej l\u00ebkure natyrale, Fardoulis\"}]}]}<\/script>\n<!-- \/ Yoast SEO plugin. -->","yoast_head_json":{"title":"Sandale me tak\u00eb t\u00eb ul\u00ebt prej l\u00ebkure natyrale, Fardoulis - PADAS","description":"Sandale me model me vrima p\u00ebr ajrosje m\u00eb t\u00eb mir\u00eb t\u00eb k\u00ebmb\u00ebve, tak\u00eb perfekte p\u00ebr \u00e7do or\u00eb t\u00eb dit\u00ebs","robots":{"index":"index","follow":"follow","max-snippet":"max-snippet:-1","max-image-preview":"max-image-preview:large","max-video-preview":"max-video-preview:-1"},"canonical":"https:\/\/padas.al\/english\/product\/sandale-me-take-te-ulet-prej-lekure-natyrale-fardoulis\/","og_locale":"en_GB","og_type":"article","og_title":"Sandale me tak\u00eb t\u00eb ul\u00ebt prej l\u00ebkure natyrale, Fardoulis - PADAS","og_description":"Sandale me model me vrima p\u00ebr ajrosje m\u00eb t\u00eb mir\u00eb t\u00eb k\u00ebmb\u00ebve, tak\u00eb perfekte p\u00ebr \u00e7do or\u00eb t\u00eb dit\u00ebs","og_url":"https:\/\/padas.al\/english\/product\/sandale-me-take-te-ulet-prej-lekure-natyrale-fardoulis\/","og_site_name":"PADAS","article_modified_time":"2026-01-30T15:48:04+00:00","og_image":[{"width":510,"height":510,"url":"https:\/\/padas.al\/wp-content\/uploads\/2025\/07\/308-24-KITRINO-2-510x510-1.jpg","type":"image\/jpeg"}],"twitter_card":"summary_large_image","twitter_misc":{"Estimated reading time":"1 minute"},"schema":{"@context":"https:\/\/schema.org","@graph":[{"@type":"Organization","@id":"https:\/\/padas.al\/#organization","name":"Padas.al","url":"https:\/\/padas.al\/","sameAs":[],"logo":{"@type":"ImageObject","@id":"https:\/\/padas.al\/#logo","inLanguage":"en-GB","url":"https:\/\/padas.al\/wp-content\/uploads\/2021\/12\/padas-logo-01.svg","contentUrl":"https:\/\/padas.al\/wp-content\/uploads\/2021\/12\/padas-logo-01.svg","width":196.4218,"height":195.7925,"caption":"Padas.al"},"image":{"@id":"https:\/\/padas.al\/#logo"}},{"@type":"WebSite","@id":"https:\/\/padas.al\/#website","url":"https:\/\/padas.al\/","name":"PADAS","description":"Shoe Shop","publisher":{"@id":"https:\/\/padas.al\/#organization"},"potentialAction":[{"@type":"SearchAction","target":{"@type":"EntryPoint","urlTemplate":"https:\/\/padas.al\/?s={search_term_string}"},"query-input":"required name=search_term_string"}],"inLanguage":"en-GB"},{"@type":"ImageObject","@id":"https:\/\/padas.al\/product\/sandale-me-take-te-ulet-prej-lekure-natyrale-fardoulis\/#primaryimage","inLanguage":"en-GB","url":"https:\/\/padas.al\/wp-content\/uploads\/2025\/07\/308-24-KITRINO-2-510x510-1.jpg","contentUrl":"https:\/\/padas.al\/wp-content\/uploads\/2025\/07\/308-24-KITRINO-2-510x510-1.jpg","width":510,"height":510},{"@type":"WebPage","@id":"https:\/\/padas.al\/product\/sandale-me-take-te-ulet-prej-lekure-natyrale-fardoulis\/#webpage","url":"https:\/\/padas.al\/product\/sandale-me-take-te-ulet-prej-lekure-natyrale-fardoulis\/","name":"Sandale me tak\u00eb t\u00eb ul\u00ebt prej l\u00ebkure natyrale, Fardoulis - PADAS","isPartOf":{"@id":"https:\/\/padas.al\/#website"},"primaryImageOfPage":{"@id":"https:\/\/padas.al\/product\/sandale-me-take-te-ulet-prej-lekure-natyrale-fardoulis\/#primaryimage"},"datePublished":"2025-07-22T11:24:22+00:00","dateModified":"2026-01-30T15:48:04+00:00","description":"Sandale me model me vrima p\u00ebr ajrosje m\u00eb t\u00eb mir\u00eb t\u00eb k\u00ebmb\u00ebve, tak\u00eb perfekte p\u00ebr \u00e7do or\u00eb t\u00eb dit\u00ebs","breadcrumb":{"@id":"https:\/\/padas.al\/product\/sandale-me-take-te-ulet-prej-lekure-natyrale-fardoulis\/#breadcrumb"},"inLanguage":"en-GB","potentialAction":[{"@type":"ReadAction","target":["https:\/\/padas.al\/product\/sandale-me-take-te-ulet-prej-lekure-natyrale-fardoulis\/"]}]},{"@type":"BreadcrumbList","@id":"https:\/\/padas.al\/product\/sandale-me-take-te-ulet-prej-lekure-natyrale-fardoulis\/#breadcrumb","itemListElement":[{"@type":"ListItem","position":1,"name":"Home","item":"https:\/\/padas.al\/"},{"@type":"ListItem","position":2,"name":"Shop","item":"https:\/\/padas.al\/shop\/"},{"@type":"ListItem","position":3,"name":"Sandale me tak\u00eb t\u00eb ul\u00ebt prej l\u00ebkure natyrale, Fardoulis"}]}]}},"_links":{"self":[{"href":"https:\/\/padas.al\/english\/wp-json\/wp\/v2\/product\/12576"}],"collection":[{"href":"https:\/\/padas.al\/english\/wp-json\/wp\/v2\/product"}],"about":[{"href":"https:\/\/padas.al\/english\/wp-json\/wp\/v2\/types\/product"}],"replies":[{"embeddable":true,"href":"https:\/\/padas.al\/english\/wp-json\/wp\/v2\/comments?post=12576"}],"wp:featuredmedia":[{"embeddable":true,"href":"https:\/\/padas.al\/english\/wp-json\/wp\/v2\/media\/12577"}],"wp:attachment":[{"href":"https:\/\/padas.al\/english\/wp-json\/wp\/v2\/media?parent=12576"}],"wp:term":[{"taxonomy":"product_cat","embeddable":true,"href":"https:\/\/padas.al\/english\/wp-json\/wp\/v2\/product_cat?post=12576"},{"taxonomy":"product_tag","embeddable":true,"href":"https:\/\/padas.al\/english\/wp-json\/wp\/v2\/product_tag?post=12576"}],"curies":[{"name":"wp","href":"https:\/\/api.w.org\/{rel}","templated":true}]}}