{"id":12642,"date":"2026-05-03T13:50:13","date_gmt":"2026-05-03T13:50:13","guid":{"rendered":"https:\/\/padas.al\/?post_type=product&#038;p=12642"},"modified":"2026-05-03T13:50:13","modified_gmt":"2026-05-03T13:50:13","slug":"cante-bojeqiell-verde-me-dy-rripa","status":"publish","type":"product","link":"https:\/\/padas.al\/english\/product\/cante-bojeqiell-verde-me-dy-rripa\/","title":{"rendered":"\u00c7ant\u00eb boj\u00ebqiell Verde me dy rripa."},"content":{"rendered":"","protected":false},"excerpt":{"rendered":"","protected":false},"featured_media":12644,"comment_status":"open","ping_status":"closed","template":"","meta":[],"product_cat":[139,168,161,163,166,162,216,218],"product_tag":[],"yoast_head":"<!-- This site is optimized with the Yoast SEO plugin v18.3 - https:\/\/yoast.com\/wordpress\/plugins\/seo\/ -->\n<title>\u00c7ant\u00eb boj\u00ebqiell Verde me dy rripa. - PADAS<\/title>\n<meta name=\"description\" content=\"\u00c7ant\u00eb praktike p\u00ebr sezonin e ver\u00ebs me ngjyr\u00eb t\u00eb fresk\u00ebt dhe t\u00eb kombinueshme, e p\u00ebrshtatshme p\u00ebr \u00e7do or\u00eb t\u00eb dit\u00ebs.\" \/>\n<meta name=\"robots\" content=\"index, follow, max-snippet:-1, max-image-preview:large, max-video-preview:-1\" \/>\n<link rel=\"canonical\" href=\"https:\/\/padas.al\/english\/product\/cante-bojeqiell-verde-me-dy-rripa\/\" \/>\n<meta property=\"og:locale\" content=\"en_GB\" \/>\n<meta property=\"og:type\" content=\"article\" \/>\n<meta property=\"og:title\" content=\"\u00c7ant\u00eb boj\u00ebqiell Verde me dy rripa. - PADAS\" \/>\n<meta property=\"og:description\" content=\"\u00c7ant\u00eb praktike p\u00ebr sezonin e ver\u00ebs me ngjyr\u00eb t\u00eb fresk\u00ebt dhe t\u00eb kombinueshme, e p\u00ebrshtatshme p\u00ebr \u00e7do or\u00eb t\u00eb dit\u00ebs.\" \/>\n<meta property=\"og:url\" content=\"https:\/\/padas.al\/english\/product\/cante-bojeqiell-verde-me-dy-rripa\/\" \/>\n<meta property=\"og:site_name\" content=\"PADAS\" \/>\n<meta property=\"og:image\" content=\"https:\/\/padas.al\/wp-content\/uploads\/2026\/05\/20250913005821_ec843365.jpeg\" \/>\n\t<meta property=\"og:image:width\" content=\"1000\" \/>\n\t<meta property=\"og:image:height\" content=\"1000\" \/>\n\t<meta property=\"og:image:type\" content=\"image\/jpeg\" \/>\n<meta name=\"twitter:card\" content=\"summary_large_image\" \/>\n<script type=\"application\/ld+json\" class=\"yoast-schema-graph\">{\"@context\":\"https:\/\/schema.org\",\"@graph\":[{\"@type\":\"Organization\",\"@id\":\"https:\/\/padas.al\/#organization\",\"name\":\"Padas.al\",\"url\":\"https:\/\/padas.al\/\",\"sameAs\":[],\"logo\":{\"@type\":\"ImageObject\",\"@id\":\"https:\/\/padas.al\/#logo\",\"inLanguage\":\"en-GB\",\"url\":\"https:\/\/padas.al\/wp-content\/uploads\/2021\/12\/padas-logo-01.svg\",\"contentUrl\":\"https:\/\/padas.al\/wp-content\/uploads\/2021\/12\/padas-logo-01.svg\",\"width\":196.4218,\"height\":195.7925,\"caption\":\"Padas.al\"},\"image\":{\"@id\":\"https:\/\/padas.al\/#logo\"}},{\"@type\":\"WebSite\",\"@id\":\"https:\/\/padas.al\/#website\",\"url\":\"https:\/\/padas.al\/\",\"name\":\"PADAS\",\"description\":\"Shoe Shop\",\"publisher\":{\"@id\":\"https:\/\/padas.al\/#organization\"},\"potentialAction\":[{\"@type\":\"SearchAction\",\"target\":{\"@type\":\"EntryPoint\",\"urlTemplate\":\"https:\/\/padas.al\/?s={search_term_string}\"},\"query-input\":\"required name=search_term_string\"}],\"inLanguage\":\"en-GB\"},{\"@type\":\"ImageObject\",\"@id\":\"https:\/\/padas.al\/product\/cante-bojeqiell-verde-me-dy-rripa\/#primaryimage\",\"inLanguage\":\"en-GB\",\"url\":\"https:\/\/padas.al\/wp-content\/uploads\/2026\/05\/20250913005821_ec843365.jpeg\",\"contentUrl\":\"https:\/\/padas.al\/wp-content\/uploads\/2026\/05\/20250913005821_ec843365.jpeg\",\"width\":1000,\"height\":1000},{\"@type\":\"WebPage\",\"@id\":\"https:\/\/padas.al\/product\/cante-bojeqiell-verde-me-dy-rripa\/#webpage\",\"url\":\"https:\/\/padas.al\/product\/cante-bojeqiell-verde-me-dy-rripa\/\",\"name\":\"\u00c7ant\u00eb boj\u00ebqiell Verde me dy rripa. - PADAS\",\"isPartOf\":{\"@id\":\"https:\/\/padas.al\/#website\"},\"primaryImageOfPage\":{\"@id\":\"https:\/\/padas.al\/product\/cante-bojeqiell-verde-me-dy-rripa\/#primaryimage\"},\"datePublished\":\"2026-05-03T13:50:13+00:00\",\"dateModified\":\"2026-05-03T13:50:13+00:00\",\"description\":\"\u00c7ant\u00eb praktike p\u00ebr sezonin e ver\u00ebs me ngjyr\u00eb t\u00eb fresk\u00ebt dhe t\u00eb kombinueshme, e p\u00ebrshtatshme p\u00ebr \u00e7do or\u00eb t\u00eb dit\u00ebs.\",\"breadcrumb\":{\"@id\":\"https:\/\/padas.al\/product\/cante-bojeqiell-verde-me-dy-rripa\/#breadcrumb\"},\"inLanguage\":\"en-GB\",\"potentialAction\":[{\"@type\":\"ReadAction\",\"target\":[\"https:\/\/padas.al\/product\/cante-bojeqiell-verde-me-dy-rripa\/\"]}]},{\"@type\":\"BreadcrumbList\",\"@id\":\"https:\/\/padas.al\/product\/cante-bojeqiell-verde-me-dy-rripa\/#breadcrumb\",\"itemListElement\":[{\"@type\":\"ListItem\",\"position\":1,\"name\":\"Home\",\"item\":\"https:\/\/padas.al\/\"},{\"@type\":\"ListItem\",\"position\":2,\"name\":\"Shop\",\"item\":\"https:\/\/padas.al\/shop\/\"},{\"@type\":\"ListItem\",\"position\":3,\"name\":\"\u00c7ant\u00eb boj\u00ebqiell Verde me dy rripa.\"}]}]}<\/script>\n<!-- \/ Yoast SEO plugin. -->","yoast_head_json":{"title":"\u00c7ant\u00eb boj\u00ebqiell Verde me dy rripa. - PADAS","description":"\u00c7ant\u00eb praktike p\u00ebr sezonin e ver\u00ebs me ngjyr\u00eb t\u00eb fresk\u00ebt dhe t\u00eb kombinueshme, e p\u00ebrshtatshme p\u00ebr \u00e7do or\u00eb t\u00eb dit\u00ebs.","robots":{"index":"index","follow":"follow","max-snippet":"max-snippet:-1","max-image-preview":"max-image-preview:large","max-video-preview":"max-video-preview:-1"},"canonical":"https:\/\/padas.al\/english\/product\/cante-bojeqiell-verde-me-dy-rripa\/","og_locale":"en_GB","og_type":"article","og_title":"\u00c7ant\u00eb boj\u00ebqiell Verde me dy rripa. - PADAS","og_description":"\u00c7ant\u00eb praktike p\u00ebr sezonin e ver\u00ebs me ngjyr\u00eb t\u00eb fresk\u00ebt dhe t\u00eb kombinueshme, e p\u00ebrshtatshme p\u00ebr \u00e7do or\u00eb t\u00eb dit\u00ebs.","og_url":"https:\/\/padas.al\/english\/product\/cante-bojeqiell-verde-me-dy-rripa\/","og_site_name":"PADAS","og_image":[{"width":1000,"height":1000,"url":"https:\/\/padas.al\/wp-content\/uploads\/2026\/05\/20250913005821_ec843365.jpeg","type":"image\/jpeg"}],"twitter_card":"summary_large_image","schema":{"@context":"https:\/\/schema.org","@graph":[{"@type":"Organization","@id":"https:\/\/padas.al\/#organization","name":"Padas.al","url":"https:\/\/padas.al\/","sameAs":[],"logo":{"@type":"ImageObject","@id":"https:\/\/padas.al\/#logo","inLanguage":"en-GB","url":"https:\/\/padas.al\/wp-content\/uploads\/2021\/12\/padas-logo-01.svg","contentUrl":"https:\/\/padas.al\/wp-content\/uploads\/2021\/12\/padas-logo-01.svg","width":196.4218,"height":195.7925,"caption":"Padas.al"},"image":{"@id":"https:\/\/padas.al\/#logo"}},{"@type":"WebSite","@id":"https:\/\/padas.al\/#website","url":"https:\/\/padas.al\/","name":"PADAS","description":"Shoe Shop","publisher":{"@id":"https:\/\/padas.al\/#organization"},"potentialAction":[{"@type":"SearchAction","target":{"@type":"EntryPoint","urlTemplate":"https:\/\/padas.al\/?s={search_term_string}"},"query-input":"required name=search_term_string"}],"inLanguage":"en-GB"},{"@type":"ImageObject","@id":"https:\/\/padas.al\/product\/cante-bojeqiell-verde-me-dy-rripa\/#primaryimage","inLanguage":"en-GB","url":"https:\/\/padas.al\/wp-content\/uploads\/2026\/05\/20250913005821_ec843365.jpeg","contentUrl":"https:\/\/padas.al\/wp-content\/uploads\/2026\/05\/20250913005821_ec843365.jpeg","width":1000,"height":1000},{"@type":"WebPage","@id":"https:\/\/padas.al\/product\/cante-bojeqiell-verde-me-dy-rripa\/#webpage","url":"https:\/\/padas.al\/product\/cante-bojeqiell-verde-me-dy-rripa\/","name":"\u00c7ant\u00eb boj\u00ebqiell Verde me dy rripa. - PADAS","isPartOf":{"@id":"https:\/\/padas.al\/#website"},"primaryImageOfPage":{"@id":"https:\/\/padas.al\/product\/cante-bojeqiell-verde-me-dy-rripa\/#primaryimage"},"datePublished":"2026-05-03T13:50:13+00:00","dateModified":"2026-05-03T13:50:13+00:00","description":"\u00c7ant\u00eb praktike p\u00ebr sezonin e ver\u00ebs me ngjyr\u00eb t\u00eb fresk\u00ebt dhe t\u00eb kombinueshme, e p\u00ebrshtatshme p\u00ebr \u00e7do or\u00eb t\u00eb dit\u00ebs.","breadcrumb":{"@id":"https:\/\/padas.al\/product\/cante-bojeqiell-verde-me-dy-rripa\/#breadcrumb"},"inLanguage":"en-GB","potentialAction":[{"@type":"ReadAction","target":["https:\/\/padas.al\/product\/cante-bojeqiell-verde-me-dy-rripa\/"]}]},{"@type":"BreadcrumbList","@id":"https:\/\/padas.al\/product\/cante-bojeqiell-verde-me-dy-rripa\/#breadcrumb","itemListElement":[{"@type":"ListItem","position":1,"name":"Home","item":"https:\/\/padas.al\/"},{"@type":"ListItem","position":2,"name":"Shop","item":"https:\/\/padas.al\/shop\/"},{"@type":"ListItem","position":3,"name":"\u00c7ant\u00eb boj\u00ebqiell Verde me dy rripa."}]}]}},"_links":{"self":[{"href":"https:\/\/padas.al\/english\/wp-json\/wp\/v2\/product\/12642"}],"collection":[{"href":"https:\/\/padas.al\/english\/wp-json\/wp\/v2\/product"}],"about":[{"href":"https:\/\/padas.al\/english\/wp-json\/wp\/v2\/types\/product"}],"replies":[{"embeddable":true,"href":"https:\/\/padas.al\/english\/wp-json\/wp\/v2\/comments?post=12642"}],"wp:featuredmedia":[{"embeddable":true,"href":"https:\/\/padas.al\/english\/wp-json\/wp\/v2\/media\/12644"}],"wp:attachment":[{"href":"https:\/\/padas.al\/english\/wp-json\/wp\/v2\/media?parent=12642"}],"wp:term":[{"taxonomy":"product_cat","embeddable":true,"href":"https:\/\/padas.al\/english\/wp-json\/wp\/v2\/product_cat?post=12642"},{"taxonomy":"product_tag","embeddable":true,"href":"https:\/\/padas.al\/english\/wp-json\/wp\/v2\/product_tag?post=12642"}],"curies":[{"name":"wp","href":"https:\/\/api.w.org\/{rel}","templated":true}]}}