{"id":12661,"date":"2026-05-03T14:12:06","date_gmt":"2026-05-03T14:12:06","guid":{"rendered":"https:\/\/padas.al\/?post_type=product&#038;p=12661"},"modified":"2026-05-03T14:12:07","modified_gmt":"2026-05-03T14:12:07","slug":"cante-e-bardhe-verde-per-ne-shpine-me-detaje-animal-print","status":"publish","type":"product","link":"https:\/\/padas.al\/english\/product\/cante-e-bardhe-verde-per-ne-shpine-me-detaje-animal-print\/","title":{"rendered":"\u00c7ant\u00eb e bardh\u00eb Verde p\u00ebr n\u00eb shpin\u00eb me detaje &#8220;animal print&#8221;."},"content":{"rendered":"<p>Dimensionet e \u00e7ant\u00ebs, 26 x 33 x 12 cm<\/p>\n<p>Materiali i saj, l\u00ebkura ekologjike<\/p>","protected":false},"excerpt":{"rendered":"<p>Dimensionet e \u00e7ant\u00ebs, 26 x 33 x 12 cm Materiali i saj, l\u00ebkura ekologjike<\/p>","protected":false},"featured_media":12662,"comment_status":"open","ping_status":"closed","template":"","meta":[],"product_cat":[139,168,164,216,218],"product_tag":[],"yoast_head":"<!-- This site is optimized with the Yoast SEO plugin v18.3 - https:\/\/yoast.com\/wordpress\/plugins\/seo\/ -->\n<title>\u00c7ant\u00eb e bardh\u00eb Verde p\u00ebr n\u00eb shpin\u00eb me detaje &quot;animal print&quot;. - PADAS<\/title>\n<meta name=\"description\" content=\"\u00c7ant\u00eb shpine me dy hap\u00ebsira dhe xhepa t\u00eb brendsh\u00ebm, me detaje n\u00eb ngyr\u00ebn gri n\u00eb dizajn trendi, praktike p\u00ebr n\u00eb p\u00ebrditshm\u00ebri dhe udh\u00ebtimet tuaja.\" \/>\n<meta name=\"robots\" content=\"index, follow, max-snippet:-1, max-image-preview:large, max-video-preview:-1\" \/>\n<link rel=\"canonical\" href=\"https:\/\/padas.al\/english\/product\/cante-e-bardhe-verde-per-ne-shpine-me-detaje-animal-print\/\" \/>\n<meta property=\"og:locale\" content=\"en_GB\" \/>\n<meta property=\"og:type\" content=\"article\" \/>\n<meta property=\"og:title\" content=\"\u00c7ant\u00eb e bardh\u00eb Verde p\u00ebr n\u00eb shpin\u00eb me detaje &quot;animal print&quot;. - PADAS\" \/>\n<meta property=\"og:description\" content=\"\u00c7ant\u00eb shpine me dy hap\u00ebsira dhe xhepa t\u00eb brendsh\u00ebm, me detaje n\u00eb ngyr\u00ebn gri n\u00eb dizajn trendi, praktike p\u00ebr n\u00eb p\u00ebrditshm\u00ebri dhe udh\u00ebtimet tuaja.\" \/>\n<meta property=\"og:url\" content=\"https:\/\/padas.al\/english\/product\/cante-e-bardhe-verde-per-ne-shpine-me-detaje-animal-print\/\" \/>\n<meta property=\"og:site_name\" content=\"PADAS\" \/>\n<meta property=\"article:modified_time\" content=\"2026-05-03T14:12:07+00:00\" \/>\n<meta property=\"og:image\" content=\"https:\/\/padas.al\/wp-content\/uploads\/2026\/05\/20250913025353_231b5163.jpeg\" \/>\n\t<meta property=\"og:image:width\" content=\"960\" \/>\n\t<meta property=\"og:image:height\" content=\"1200\" \/>\n\t<meta property=\"og:image:type\" content=\"image\/jpeg\" \/>\n<meta name=\"twitter:card\" content=\"summary_large_image\" \/>\n<script type=\"application\/ld+json\" class=\"yoast-schema-graph\">{\"@context\":\"https:\/\/schema.org\",\"@graph\":[{\"@type\":\"Organization\",\"@id\":\"https:\/\/padas.al\/#organization\",\"name\":\"Padas.al\",\"url\":\"https:\/\/padas.al\/\",\"sameAs\":[],\"logo\":{\"@type\":\"ImageObject\",\"@id\":\"https:\/\/padas.al\/#logo\",\"inLanguage\":\"en-GB\",\"url\":\"https:\/\/padas.al\/wp-content\/uploads\/2021\/12\/padas-logo-01.svg\",\"contentUrl\":\"https:\/\/padas.al\/wp-content\/uploads\/2021\/12\/padas-logo-01.svg\",\"width\":196.4218,\"height\":195.7925,\"caption\":\"Padas.al\"},\"image\":{\"@id\":\"https:\/\/padas.al\/#logo\"}},{\"@type\":\"WebSite\",\"@id\":\"https:\/\/padas.al\/#website\",\"url\":\"https:\/\/padas.al\/\",\"name\":\"PADAS\",\"description\":\"Shoe Shop\",\"publisher\":{\"@id\":\"https:\/\/padas.al\/#organization\"},\"potentialAction\":[{\"@type\":\"SearchAction\",\"target\":{\"@type\":\"EntryPoint\",\"urlTemplate\":\"https:\/\/padas.al\/?s={search_term_string}\"},\"query-input\":\"required name=search_term_string\"}],\"inLanguage\":\"en-GB\"},{\"@type\":\"ImageObject\",\"@id\":\"https:\/\/padas.al\/product\/cante-e-bardhe-verde-per-ne-shpine-me-detaje-animal-print\/#primaryimage\",\"inLanguage\":\"en-GB\",\"url\":\"https:\/\/padas.al\/wp-content\/uploads\/2026\/05\/20250913025353_231b5163.jpeg\",\"contentUrl\":\"https:\/\/padas.al\/wp-content\/uploads\/2026\/05\/20250913025353_231b5163.jpeg\",\"width\":960,\"height\":1200},{\"@type\":\"WebPage\",\"@id\":\"https:\/\/padas.al\/product\/cante-e-bardhe-verde-per-ne-shpine-me-detaje-animal-print\/#webpage\",\"url\":\"https:\/\/padas.al\/product\/cante-e-bardhe-verde-per-ne-shpine-me-detaje-animal-print\/\",\"name\":\"\u00c7ant\u00eb e bardh\u00eb Verde p\u00ebr n\u00eb shpin\u00eb me detaje \\\"animal print\\\". - PADAS\",\"isPartOf\":{\"@id\":\"https:\/\/padas.al\/#website\"},\"primaryImageOfPage\":{\"@id\":\"https:\/\/padas.al\/product\/cante-e-bardhe-verde-per-ne-shpine-me-detaje-animal-print\/#primaryimage\"},\"datePublished\":\"2026-05-03T14:12:06+00:00\",\"dateModified\":\"2026-05-03T14:12:07+00:00\",\"description\":\"\u00c7ant\u00eb shpine me dy hap\u00ebsira dhe xhepa t\u00eb brendsh\u00ebm, me detaje n\u00eb ngyr\u00ebn gri n\u00eb dizajn trendi, praktike p\u00ebr n\u00eb p\u00ebrditshm\u00ebri dhe udh\u00ebtimet tuaja.\",\"breadcrumb\":{\"@id\":\"https:\/\/padas.al\/product\/cante-e-bardhe-verde-per-ne-shpine-me-detaje-animal-print\/#breadcrumb\"},\"inLanguage\":\"en-GB\",\"potentialAction\":[{\"@type\":\"ReadAction\",\"target\":[\"https:\/\/padas.al\/product\/cante-e-bardhe-verde-per-ne-shpine-me-detaje-animal-print\/\"]}]},{\"@type\":\"BreadcrumbList\",\"@id\":\"https:\/\/padas.al\/product\/cante-e-bardhe-verde-per-ne-shpine-me-detaje-animal-print\/#breadcrumb\",\"itemListElement\":[{\"@type\":\"ListItem\",\"position\":1,\"name\":\"Home\",\"item\":\"https:\/\/padas.al\/\"},{\"@type\":\"ListItem\",\"position\":2,\"name\":\"Shop\",\"item\":\"https:\/\/padas.al\/shop\/\"},{\"@type\":\"ListItem\",\"position\":3,\"name\":\"\u00c7ant\u00eb e bardh\u00eb Verde p\u00ebr n\u00eb shpin\u00eb me detaje &#8220;animal print&#8221;.\"}]}]}<\/script>\n<!-- \/ Yoast SEO plugin. -->","yoast_head_json":{"title":"\u00c7ant\u00eb e bardh\u00eb Verde p\u00ebr n\u00eb shpin\u00eb me detaje \"animal print\". - PADAS","description":"\u00c7ant\u00eb shpine me dy hap\u00ebsira dhe xhepa t\u00eb brendsh\u00ebm, me detaje n\u00eb ngyr\u00ebn gri n\u00eb dizajn trendi, praktike p\u00ebr n\u00eb p\u00ebrditshm\u00ebri dhe udh\u00ebtimet tuaja.","robots":{"index":"index","follow":"follow","max-snippet":"max-snippet:-1","max-image-preview":"max-image-preview:large","max-video-preview":"max-video-preview:-1"},"canonical":"https:\/\/padas.al\/english\/product\/cante-e-bardhe-verde-per-ne-shpine-me-detaje-animal-print\/","og_locale":"en_GB","og_type":"article","og_title":"\u00c7ant\u00eb e bardh\u00eb Verde p\u00ebr n\u00eb shpin\u00eb me detaje \"animal print\". - PADAS","og_description":"\u00c7ant\u00eb shpine me dy hap\u00ebsira dhe xhepa t\u00eb brendsh\u00ebm, me detaje n\u00eb ngyr\u00ebn gri n\u00eb dizajn trendi, praktike p\u00ebr n\u00eb p\u00ebrditshm\u00ebri dhe udh\u00ebtimet tuaja.","og_url":"https:\/\/padas.al\/english\/product\/cante-e-bardhe-verde-per-ne-shpine-me-detaje-animal-print\/","og_site_name":"PADAS","article_modified_time":"2026-05-03T14:12:07+00:00","og_image":[{"width":960,"height":1200,"url":"https:\/\/padas.al\/wp-content\/uploads\/2026\/05\/20250913025353_231b5163.jpeg","type":"image\/jpeg"}],"twitter_card":"summary_large_image","schema":{"@context":"https:\/\/schema.org","@graph":[{"@type":"Organization","@id":"https:\/\/padas.al\/#organization","name":"Padas.al","url":"https:\/\/padas.al\/","sameAs":[],"logo":{"@type":"ImageObject","@id":"https:\/\/padas.al\/#logo","inLanguage":"en-GB","url":"https:\/\/padas.al\/wp-content\/uploads\/2021\/12\/padas-logo-01.svg","contentUrl":"https:\/\/padas.al\/wp-content\/uploads\/2021\/12\/padas-logo-01.svg","width":196.4218,"height":195.7925,"caption":"Padas.al"},"image":{"@id":"https:\/\/padas.al\/#logo"}},{"@type":"WebSite","@id":"https:\/\/padas.al\/#website","url":"https:\/\/padas.al\/","name":"PADAS","description":"Shoe Shop","publisher":{"@id":"https:\/\/padas.al\/#organization"},"potentialAction":[{"@type":"SearchAction","target":{"@type":"EntryPoint","urlTemplate":"https:\/\/padas.al\/?s={search_term_string}"},"query-input":"required name=search_term_string"}],"inLanguage":"en-GB"},{"@type":"ImageObject","@id":"https:\/\/padas.al\/product\/cante-e-bardhe-verde-per-ne-shpine-me-detaje-animal-print\/#primaryimage","inLanguage":"en-GB","url":"https:\/\/padas.al\/wp-content\/uploads\/2026\/05\/20250913025353_231b5163.jpeg","contentUrl":"https:\/\/padas.al\/wp-content\/uploads\/2026\/05\/20250913025353_231b5163.jpeg","width":960,"height":1200},{"@type":"WebPage","@id":"https:\/\/padas.al\/product\/cante-e-bardhe-verde-per-ne-shpine-me-detaje-animal-print\/#webpage","url":"https:\/\/padas.al\/product\/cante-e-bardhe-verde-per-ne-shpine-me-detaje-animal-print\/","name":"\u00c7ant\u00eb e bardh\u00eb Verde p\u00ebr n\u00eb shpin\u00eb me detaje \"animal print\". - PADAS","isPartOf":{"@id":"https:\/\/padas.al\/#website"},"primaryImageOfPage":{"@id":"https:\/\/padas.al\/product\/cante-e-bardhe-verde-per-ne-shpine-me-detaje-animal-print\/#primaryimage"},"datePublished":"2026-05-03T14:12:06+00:00","dateModified":"2026-05-03T14:12:07+00:00","description":"\u00c7ant\u00eb shpine me dy hap\u00ebsira dhe xhepa t\u00eb brendsh\u00ebm, me detaje n\u00eb ngyr\u00ebn gri n\u00eb dizajn trendi, praktike p\u00ebr n\u00eb p\u00ebrditshm\u00ebri dhe udh\u00ebtimet tuaja.","breadcrumb":{"@id":"https:\/\/padas.al\/product\/cante-e-bardhe-verde-per-ne-shpine-me-detaje-animal-print\/#breadcrumb"},"inLanguage":"en-GB","potentialAction":[{"@type":"ReadAction","target":["https:\/\/padas.al\/product\/cante-e-bardhe-verde-per-ne-shpine-me-detaje-animal-print\/"]}]},{"@type":"BreadcrumbList","@id":"https:\/\/padas.al\/product\/cante-e-bardhe-verde-per-ne-shpine-me-detaje-animal-print\/#breadcrumb","itemListElement":[{"@type":"ListItem","position":1,"name":"Home","item":"https:\/\/padas.al\/"},{"@type":"ListItem","position":2,"name":"Shop","item":"https:\/\/padas.al\/shop\/"},{"@type":"ListItem","position":3,"name":"\u00c7ant\u00eb e bardh\u00eb Verde p\u00ebr n\u00eb shpin\u00eb me detaje &#8220;animal print&#8221;."}]}]}},"_links":{"self":[{"href":"https:\/\/padas.al\/english\/wp-json\/wp\/v2\/product\/12661"}],"collection":[{"href":"https:\/\/padas.al\/english\/wp-json\/wp\/v2\/product"}],"about":[{"href":"https:\/\/padas.al\/english\/wp-json\/wp\/v2\/types\/product"}],"replies":[{"embeddable":true,"href":"https:\/\/padas.al\/english\/wp-json\/wp\/v2\/comments?post=12661"}],"wp:featuredmedia":[{"embeddable":true,"href":"https:\/\/padas.al\/english\/wp-json\/wp\/v2\/media\/12662"}],"wp:attachment":[{"href":"https:\/\/padas.al\/english\/wp-json\/wp\/v2\/media?parent=12661"}],"wp:term":[{"taxonomy":"product_cat","embeddable":true,"href":"https:\/\/padas.al\/english\/wp-json\/wp\/v2\/product_cat?post=12661"},{"taxonomy":"product_tag","embeddable":true,"href":"https:\/\/padas.al\/english\/wp-json\/wp\/v2\/product_tag?post=12661"}],"curies":[{"name":"wp","href":"https:\/\/api.w.org\/{rel}","templated":true}]}}