{"id":12666,"date":"2026-05-03T14:25:45","date_gmt":"2026-05-03T14:25:45","guid":{"rendered":"https:\/\/padas.al\/?post_type=product&#038;p=12666"},"modified":"2026-05-03T14:25:45","modified_gmt":"2026-05-03T14:25:45","slug":"cante-verde-elegante-ne-ngjyre-te-zeze-dhe-ne-bezhe","status":"publish","type":"product","link":"https:\/\/padas.al\/english\/product\/cante-verde-elegante-ne-ngjyre-te-zeze-dhe-ne-bezhe\/","title":{"rendered":"\u00c7ant\u00eb Verde elegante n\u00eb ngjyr\u00eb t\u00eb zez\u00eb dhe n\u00eb bezh\u00eb"},"content":{"rendered":"<p>Dimensionet e \u00e7ant\u00ebs, 30&#215;7.5&#215;20 cm.<\/p>\n<p>Materiali i saj, l\u00ebkura ekologjike<\/p>","protected":false},"excerpt":{"rendered":"<p>Dimensionet e \u00e7ant\u00ebs, 30&#215;7.5&#215;20 cm. Materiali i saj, l\u00ebkura ekologjike<\/p>","protected":false},"featured_media":12667,"comment_status":"open","ping_status":"closed","template":"","meta":[],"product_cat":[139,168,163,166,162,216,218],"product_tag":[],"yoast_head":"<!-- This site is optimized with the Yoast SEO plugin v18.3 - https:\/\/yoast.com\/wordpress\/plugins\/seo\/ -->\n<title>\u00c7ant\u00eb Verde elegante n\u00eb ngjyr\u00eb t\u00eb zez\u00eb dhe n\u00eb bezh\u00eb - PADAS<\/title>\n<meta name=\"robots\" content=\"index, follow, max-snippet:-1, max-image-preview:large, max-video-preview:-1\" \/>\n<link rel=\"canonical\" href=\"https:\/\/padas.al\/english\/product\/cante-verde-elegante-ne-ngjyre-te-zeze-dhe-ne-bezhe\/\" \/>\n<meta property=\"og:locale\" content=\"en_GB\" \/>\n<meta property=\"og:type\" content=\"article\" \/>\n<meta property=\"og:title\" content=\"\u00c7ant\u00eb Verde elegante n\u00eb ngjyr\u00eb t\u00eb zez\u00eb dhe n\u00eb bezh\u00eb - PADAS\" \/>\n<meta property=\"og:description\" content=\"Dimensionet e \u00e7ant\u00ebs, 30&#215;7.5&#215;20 cm. Materiali i saj, l\u00ebkura ekologjike\" \/>\n<meta property=\"og:url\" content=\"https:\/\/padas.al\/english\/product\/cante-verde-elegante-ne-ngjyre-te-zeze-dhe-ne-bezhe\/\" \/>\n<meta property=\"og:site_name\" content=\"PADAS\" \/>\n<meta property=\"og:image\" content=\"https:\/\/padas.al\/wp-content\/uploads\/2026\/05\/20250913011913_0c0a9467.jpeg\" \/>\n\t<meta property=\"og:image:width\" content=\"960\" \/>\n\t<meta property=\"og:image:height\" content=\"1200\" \/>\n\t<meta property=\"og:image:type\" content=\"image\/jpeg\" \/>\n<meta name=\"twitter:card\" content=\"summary_large_image\" \/>\n<meta name=\"twitter:label1\" content=\"Estimated reading time\" \/>\n\t<meta name=\"twitter:data1\" content=\"1 minute\" \/>\n<script type=\"application\/ld+json\" class=\"yoast-schema-graph\">{\"@context\":\"https:\/\/schema.org\",\"@graph\":[{\"@type\":\"Organization\",\"@id\":\"https:\/\/padas.al\/#organization\",\"name\":\"Padas.al\",\"url\":\"https:\/\/padas.al\/\",\"sameAs\":[],\"logo\":{\"@type\":\"ImageObject\",\"@id\":\"https:\/\/padas.al\/#logo\",\"inLanguage\":\"en-GB\",\"url\":\"https:\/\/padas.al\/wp-content\/uploads\/2021\/12\/padas-logo-01.svg\",\"contentUrl\":\"https:\/\/padas.al\/wp-content\/uploads\/2021\/12\/padas-logo-01.svg\",\"width\":196.4218,\"height\":195.7925,\"caption\":\"Padas.al\"},\"image\":{\"@id\":\"https:\/\/padas.al\/#logo\"}},{\"@type\":\"WebSite\",\"@id\":\"https:\/\/padas.al\/#website\",\"url\":\"https:\/\/padas.al\/\",\"name\":\"PADAS\",\"description\":\"Shoe Shop\",\"publisher\":{\"@id\":\"https:\/\/padas.al\/#organization\"},\"potentialAction\":[{\"@type\":\"SearchAction\",\"target\":{\"@type\":\"EntryPoint\",\"urlTemplate\":\"https:\/\/padas.al\/?s={search_term_string}\"},\"query-input\":\"required name=search_term_string\"}],\"inLanguage\":\"en-GB\"},{\"@type\":\"ImageObject\",\"@id\":\"https:\/\/padas.al\/product\/cante-verde-elegante-ne-ngjyre-te-zeze-dhe-ne-bezhe\/#primaryimage\",\"inLanguage\":\"en-GB\",\"url\":\"https:\/\/padas.al\/wp-content\/uploads\/2026\/05\/20250913011913_0c0a9467.jpeg\",\"contentUrl\":\"https:\/\/padas.al\/wp-content\/uploads\/2026\/05\/20250913011913_0c0a9467.jpeg\",\"width\":960,\"height\":1200},{\"@type\":\"WebPage\",\"@id\":\"https:\/\/padas.al\/product\/cante-verde-elegante-ne-ngjyre-te-zeze-dhe-ne-bezhe\/#webpage\",\"url\":\"https:\/\/padas.al\/product\/cante-verde-elegante-ne-ngjyre-te-zeze-dhe-ne-bezhe\/\",\"name\":\"\u00c7ant\u00eb Verde elegante n\u00eb ngjyr\u00eb t\u00eb zez\u00eb dhe n\u00eb bezh\u00eb - PADAS\",\"isPartOf\":{\"@id\":\"https:\/\/padas.al\/#website\"},\"primaryImageOfPage\":{\"@id\":\"https:\/\/padas.al\/product\/cante-verde-elegante-ne-ngjyre-te-zeze-dhe-ne-bezhe\/#primaryimage\"},\"datePublished\":\"2026-05-03T14:25:45+00:00\",\"dateModified\":\"2026-05-03T14:25:45+00:00\",\"breadcrumb\":{\"@id\":\"https:\/\/padas.al\/product\/cante-verde-elegante-ne-ngjyre-te-zeze-dhe-ne-bezhe\/#breadcrumb\"},\"inLanguage\":\"en-GB\",\"potentialAction\":[{\"@type\":\"ReadAction\",\"target\":[\"https:\/\/padas.al\/product\/cante-verde-elegante-ne-ngjyre-te-zeze-dhe-ne-bezhe\/\"]}]},{\"@type\":\"BreadcrumbList\",\"@id\":\"https:\/\/padas.al\/product\/cante-verde-elegante-ne-ngjyre-te-zeze-dhe-ne-bezhe\/#breadcrumb\",\"itemListElement\":[{\"@type\":\"ListItem\",\"position\":1,\"name\":\"Home\",\"item\":\"https:\/\/padas.al\/\"},{\"@type\":\"ListItem\",\"position\":2,\"name\":\"Shop\",\"item\":\"https:\/\/padas.al\/shop\/\"},{\"@type\":\"ListItem\",\"position\":3,\"name\":\"\u00c7ant\u00eb Verde elegante n\u00eb ngjyr\u00eb t\u00eb zez\u00eb dhe n\u00eb bezh\u00eb\"}]}]}<\/script>\n<!-- \/ Yoast SEO plugin. -->","yoast_head_json":{"title":"\u00c7ant\u00eb Verde elegante n\u00eb ngjyr\u00eb t\u00eb zez\u00eb dhe n\u00eb bezh\u00eb - PADAS","robots":{"index":"index","follow":"follow","max-snippet":"max-snippet:-1","max-image-preview":"max-image-preview:large","max-video-preview":"max-video-preview:-1"},"canonical":"https:\/\/padas.al\/english\/product\/cante-verde-elegante-ne-ngjyre-te-zeze-dhe-ne-bezhe\/","og_locale":"en_GB","og_type":"article","og_title":"\u00c7ant\u00eb Verde elegante n\u00eb ngjyr\u00eb t\u00eb zez\u00eb dhe n\u00eb bezh\u00eb - PADAS","og_description":"Dimensionet e \u00e7ant\u00ebs, 30&#215;7.5&#215;20 cm. Materiali i saj, l\u00ebkura ekologjike","og_url":"https:\/\/padas.al\/english\/product\/cante-verde-elegante-ne-ngjyre-te-zeze-dhe-ne-bezhe\/","og_site_name":"PADAS","og_image":[{"width":960,"height":1200,"url":"https:\/\/padas.al\/wp-content\/uploads\/2026\/05\/20250913011913_0c0a9467.jpeg","type":"image\/jpeg"}],"twitter_card":"summary_large_image","twitter_misc":{"Estimated reading time":"1 minute"},"schema":{"@context":"https:\/\/schema.org","@graph":[{"@type":"Organization","@id":"https:\/\/padas.al\/#organization","name":"Padas.al","url":"https:\/\/padas.al\/","sameAs":[],"logo":{"@type":"ImageObject","@id":"https:\/\/padas.al\/#logo","inLanguage":"en-GB","url":"https:\/\/padas.al\/wp-content\/uploads\/2021\/12\/padas-logo-01.svg","contentUrl":"https:\/\/padas.al\/wp-content\/uploads\/2021\/12\/padas-logo-01.svg","width":196.4218,"height":195.7925,"caption":"Padas.al"},"image":{"@id":"https:\/\/padas.al\/#logo"}},{"@type":"WebSite","@id":"https:\/\/padas.al\/#website","url":"https:\/\/padas.al\/","name":"PADAS","description":"Shoe Shop","publisher":{"@id":"https:\/\/padas.al\/#organization"},"potentialAction":[{"@type":"SearchAction","target":{"@type":"EntryPoint","urlTemplate":"https:\/\/padas.al\/?s={search_term_string}"},"query-input":"required name=search_term_string"}],"inLanguage":"en-GB"},{"@type":"ImageObject","@id":"https:\/\/padas.al\/product\/cante-verde-elegante-ne-ngjyre-te-zeze-dhe-ne-bezhe\/#primaryimage","inLanguage":"en-GB","url":"https:\/\/padas.al\/wp-content\/uploads\/2026\/05\/20250913011913_0c0a9467.jpeg","contentUrl":"https:\/\/padas.al\/wp-content\/uploads\/2026\/05\/20250913011913_0c0a9467.jpeg","width":960,"height":1200},{"@type":"WebPage","@id":"https:\/\/padas.al\/product\/cante-verde-elegante-ne-ngjyre-te-zeze-dhe-ne-bezhe\/#webpage","url":"https:\/\/padas.al\/product\/cante-verde-elegante-ne-ngjyre-te-zeze-dhe-ne-bezhe\/","name":"\u00c7ant\u00eb Verde elegante n\u00eb ngjyr\u00eb t\u00eb zez\u00eb dhe n\u00eb bezh\u00eb - PADAS","isPartOf":{"@id":"https:\/\/padas.al\/#website"},"primaryImageOfPage":{"@id":"https:\/\/padas.al\/product\/cante-verde-elegante-ne-ngjyre-te-zeze-dhe-ne-bezhe\/#primaryimage"},"datePublished":"2026-05-03T14:25:45+00:00","dateModified":"2026-05-03T14:25:45+00:00","breadcrumb":{"@id":"https:\/\/padas.al\/product\/cante-verde-elegante-ne-ngjyre-te-zeze-dhe-ne-bezhe\/#breadcrumb"},"inLanguage":"en-GB","potentialAction":[{"@type":"ReadAction","target":["https:\/\/padas.al\/product\/cante-verde-elegante-ne-ngjyre-te-zeze-dhe-ne-bezhe\/"]}]},{"@type":"BreadcrumbList","@id":"https:\/\/padas.al\/product\/cante-verde-elegante-ne-ngjyre-te-zeze-dhe-ne-bezhe\/#breadcrumb","itemListElement":[{"@type":"ListItem","position":1,"name":"Home","item":"https:\/\/padas.al\/"},{"@type":"ListItem","position":2,"name":"Shop","item":"https:\/\/padas.al\/shop\/"},{"@type":"ListItem","position":3,"name":"\u00c7ant\u00eb Verde elegante n\u00eb ngjyr\u00eb t\u00eb zez\u00eb dhe n\u00eb bezh\u00eb"}]}]}},"_links":{"self":[{"href":"https:\/\/padas.al\/english\/wp-json\/wp\/v2\/product\/12666"}],"collection":[{"href":"https:\/\/padas.al\/english\/wp-json\/wp\/v2\/product"}],"about":[{"href":"https:\/\/padas.al\/english\/wp-json\/wp\/v2\/types\/product"}],"replies":[{"embeddable":true,"href":"https:\/\/padas.al\/english\/wp-json\/wp\/v2\/comments?post=12666"}],"wp:featuredmedia":[{"embeddable":true,"href":"https:\/\/padas.al\/english\/wp-json\/wp\/v2\/media\/12667"}],"wp:attachment":[{"href":"https:\/\/padas.al\/english\/wp-json\/wp\/v2\/media?parent=12666"}],"wp:term":[{"taxonomy":"product_cat","embeddable":true,"href":"https:\/\/padas.al\/english\/wp-json\/wp\/v2\/product_cat?post=12666"},{"taxonomy":"product_tag","embeddable":true,"href":"https:\/\/padas.al\/english\/wp-json\/wp\/v2\/product_tag?post=12666"}],"curies":[{"name":"wp","href":"https:\/\/api.w.org\/{rel}","templated":true}]}}