{"id":12685,"date":"2026-05-03T15:27:07","date_gmt":"2026-05-03T15:27:07","guid":{"rendered":"https:\/\/padas.al\/?post_type=product&#038;p=12685"},"modified":"2026-05-03T15:27:07","modified_gmt":"2026-05-03T15:27:07","slug":"portofol-i-vogel-verde-me-thurrje","status":"publish","type":"product","link":"https:\/\/padas.al\/english\/product\/portofol-i-vogel-verde-me-thurrje\/","title":{"rendered":"Portofol i vog\u00ebl Verde me thurrje."},"content":{"rendered":"<p>Materiali i portofolit, l\u00ebkura ekologjike<\/p>","protected":false},"excerpt":{"rendered":"<p>Materiali i portofolit, l\u00ebkura ekologjike<\/p>","protected":false},"featured_media":12686,"comment_status":"open","ping_status":"closed","template":"","meta":[],"product_cat":[139,168,169,171,216,218],"product_tag":[],"yoast_head":"<!-- This site is optimized with the Yoast SEO plugin v18.3 - https:\/\/yoast.com\/wordpress\/plugins\/seo\/ -->\n<title>Portofol i vog\u00ebl Verde me thurrje. - PADAS<\/title>\n<meta name=\"description\" content=\"Portofol me zinxhir p\u00ebr karta monedha dhe kart\u00ebmonedha, dhe kap\u00ebse p\u00ebr \u00e7el\u00ebsat, me nj\u00eb xhep brenda, praktik p\u00ebr \u00e7antat e vogla.\" \/>\n<meta name=\"robots\" content=\"index, follow, max-snippet:-1, max-image-preview:large, max-video-preview:-1\" \/>\n<link rel=\"canonical\" href=\"https:\/\/padas.al\/english\/product\/portofol-i-vogel-verde-me-thurrje\/\" \/>\n<meta property=\"og:locale\" content=\"en_GB\" \/>\n<meta property=\"og:type\" content=\"article\" \/>\n<meta property=\"og:title\" content=\"Portofol i vog\u00ebl Verde me thurrje. - PADAS\" \/>\n<meta property=\"og:description\" content=\"Portofol me zinxhir p\u00ebr karta monedha dhe kart\u00ebmonedha, dhe kap\u00ebse p\u00ebr \u00e7el\u00ebsat, me nj\u00eb xhep brenda, praktik p\u00ebr \u00e7antat e vogla.\" \/>\n<meta property=\"og:url\" content=\"https:\/\/padas.al\/english\/product\/portofol-i-vogel-verde-me-thurrje\/\" \/>\n<meta property=\"og:site_name\" content=\"PADAS\" \/>\n<meta property=\"og:image\" content=\"https:\/\/padas.al\/wp-content\/uploads\/2026\/05\/20250917134555_2d9d1237.jpeg\" \/>\n\t<meta property=\"og:image:width\" content=\"1200\" \/>\n\t<meta property=\"og:image:height\" content=\"1200\" \/>\n\t<meta property=\"og:image:type\" content=\"image\/jpeg\" \/>\n<meta name=\"twitter:card\" content=\"summary_large_image\" \/>\n<meta name=\"twitter:label1\" content=\"Estimated reading time\" \/>\n\t<meta name=\"twitter:data1\" content=\"1 minute\" \/>\n<script type=\"application\/ld+json\" class=\"yoast-schema-graph\">{\"@context\":\"https:\/\/schema.org\",\"@graph\":[{\"@type\":\"Organization\",\"@id\":\"https:\/\/padas.al\/#organization\",\"name\":\"Padas.al\",\"url\":\"https:\/\/padas.al\/\",\"sameAs\":[],\"logo\":{\"@type\":\"ImageObject\",\"@id\":\"https:\/\/padas.al\/#logo\",\"inLanguage\":\"en-GB\",\"url\":\"https:\/\/padas.al\/wp-content\/uploads\/2021\/12\/padas-logo-01.svg\",\"contentUrl\":\"https:\/\/padas.al\/wp-content\/uploads\/2021\/12\/padas-logo-01.svg\",\"width\":196.4218,\"height\":195.7925,\"caption\":\"Padas.al\"},\"image\":{\"@id\":\"https:\/\/padas.al\/#logo\"}},{\"@type\":\"WebSite\",\"@id\":\"https:\/\/padas.al\/#website\",\"url\":\"https:\/\/padas.al\/\",\"name\":\"PADAS\",\"description\":\"Shoe Shop\",\"publisher\":{\"@id\":\"https:\/\/padas.al\/#organization\"},\"potentialAction\":[{\"@type\":\"SearchAction\",\"target\":{\"@type\":\"EntryPoint\",\"urlTemplate\":\"https:\/\/padas.al\/?s={search_term_string}\"},\"query-input\":\"required name=search_term_string\"}],\"inLanguage\":\"en-GB\"},{\"@type\":\"ImageObject\",\"@id\":\"https:\/\/padas.al\/product\/portofol-i-vogel-verde-me-thurrje\/#primaryimage\",\"inLanguage\":\"en-GB\",\"url\":\"https:\/\/padas.al\/wp-content\/uploads\/2026\/05\/20250917134555_2d9d1237.jpeg\",\"contentUrl\":\"https:\/\/padas.al\/wp-content\/uploads\/2026\/05\/20250917134555_2d9d1237.jpeg\",\"width\":1200,\"height\":1200},{\"@type\":\"WebPage\",\"@id\":\"https:\/\/padas.al\/product\/portofol-i-vogel-verde-me-thurrje\/#webpage\",\"url\":\"https:\/\/padas.al\/product\/portofol-i-vogel-verde-me-thurrje\/\",\"name\":\"Portofol i vog\u00ebl Verde me thurrje. - PADAS\",\"isPartOf\":{\"@id\":\"https:\/\/padas.al\/#website\"},\"primaryImageOfPage\":{\"@id\":\"https:\/\/padas.al\/product\/portofol-i-vogel-verde-me-thurrje\/#primaryimage\"},\"datePublished\":\"2026-05-03T15:27:07+00:00\",\"dateModified\":\"2026-05-03T15:27:07+00:00\",\"description\":\"Portofol me zinxhir p\u00ebr karta monedha dhe kart\u00ebmonedha, dhe kap\u00ebse p\u00ebr \u00e7el\u00ebsat, me nj\u00eb xhep brenda, praktik p\u00ebr \u00e7antat e vogla.\",\"breadcrumb\":{\"@id\":\"https:\/\/padas.al\/product\/portofol-i-vogel-verde-me-thurrje\/#breadcrumb\"},\"inLanguage\":\"en-GB\",\"potentialAction\":[{\"@type\":\"ReadAction\",\"target\":[\"https:\/\/padas.al\/product\/portofol-i-vogel-verde-me-thurrje\/\"]}]},{\"@type\":\"BreadcrumbList\",\"@id\":\"https:\/\/padas.al\/product\/portofol-i-vogel-verde-me-thurrje\/#breadcrumb\",\"itemListElement\":[{\"@type\":\"ListItem\",\"position\":1,\"name\":\"Home\",\"item\":\"https:\/\/padas.al\/\"},{\"@type\":\"ListItem\",\"position\":2,\"name\":\"Shop\",\"item\":\"https:\/\/padas.al\/shop\/\"},{\"@type\":\"ListItem\",\"position\":3,\"name\":\"Portofol i vog\u00ebl Verde me thurrje.\"}]}]}<\/script>\n<!-- \/ Yoast SEO plugin. -->","yoast_head_json":{"title":"Portofol i vog\u00ebl Verde me thurrje. - PADAS","description":"Portofol me zinxhir p\u00ebr karta monedha dhe kart\u00ebmonedha, dhe kap\u00ebse p\u00ebr \u00e7el\u00ebsat, me nj\u00eb xhep brenda, praktik p\u00ebr \u00e7antat e vogla.","robots":{"index":"index","follow":"follow","max-snippet":"max-snippet:-1","max-image-preview":"max-image-preview:large","max-video-preview":"max-video-preview:-1"},"canonical":"https:\/\/padas.al\/english\/product\/portofol-i-vogel-verde-me-thurrje\/","og_locale":"en_GB","og_type":"article","og_title":"Portofol i vog\u00ebl Verde me thurrje. - PADAS","og_description":"Portofol me zinxhir p\u00ebr karta monedha dhe kart\u00ebmonedha, dhe kap\u00ebse p\u00ebr \u00e7el\u00ebsat, me nj\u00eb xhep brenda, praktik p\u00ebr \u00e7antat e vogla.","og_url":"https:\/\/padas.al\/english\/product\/portofol-i-vogel-verde-me-thurrje\/","og_site_name":"PADAS","og_image":[{"width":1200,"height":1200,"url":"https:\/\/padas.al\/wp-content\/uploads\/2026\/05\/20250917134555_2d9d1237.jpeg","type":"image\/jpeg"}],"twitter_card":"summary_large_image","twitter_misc":{"Estimated reading time":"1 minute"},"schema":{"@context":"https:\/\/schema.org","@graph":[{"@type":"Organization","@id":"https:\/\/padas.al\/#organization","name":"Padas.al","url":"https:\/\/padas.al\/","sameAs":[],"logo":{"@type":"ImageObject","@id":"https:\/\/padas.al\/#logo","inLanguage":"en-GB","url":"https:\/\/padas.al\/wp-content\/uploads\/2021\/12\/padas-logo-01.svg","contentUrl":"https:\/\/padas.al\/wp-content\/uploads\/2021\/12\/padas-logo-01.svg","width":196.4218,"height":195.7925,"caption":"Padas.al"},"image":{"@id":"https:\/\/padas.al\/#logo"}},{"@type":"WebSite","@id":"https:\/\/padas.al\/#website","url":"https:\/\/padas.al\/","name":"PADAS","description":"Shoe Shop","publisher":{"@id":"https:\/\/padas.al\/#organization"},"potentialAction":[{"@type":"SearchAction","target":{"@type":"EntryPoint","urlTemplate":"https:\/\/padas.al\/?s={search_term_string}"},"query-input":"required name=search_term_string"}],"inLanguage":"en-GB"},{"@type":"ImageObject","@id":"https:\/\/padas.al\/product\/portofol-i-vogel-verde-me-thurrje\/#primaryimage","inLanguage":"en-GB","url":"https:\/\/padas.al\/wp-content\/uploads\/2026\/05\/20250917134555_2d9d1237.jpeg","contentUrl":"https:\/\/padas.al\/wp-content\/uploads\/2026\/05\/20250917134555_2d9d1237.jpeg","width":1200,"height":1200},{"@type":"WebPage","@id":"https:\/\/padas.al\/product\/portofol-i-vogel-verde-me-thurrje\/#webpage","url":"https:\/\/padas.al\/product\/portofol-i-vogel-verde-me-thurrje\/","name":"Portofol i vog\u00ebl Verde me thurrje. - PADAS","isPartOf":{"@id":"https:\/\/padas.al\/#website"},"primaryImageOfPage":{"@id":"https:\/\/padas.al\/product\/portofol-i-vogel-verde-me-thurrje\/#primaryimage"},"datePublished":"2026-05-03T15:27:07+00:00","dateModified":"2026-05-03T15:27:07+00:00","description":"Portofol me zinxhir p\u00ebr karta monedha dhe kart\u00ebmonedha, dhe kap\u00ebse p\u00ebr \u00e7el\u00ebsat, me nj\u00eb xhep brenda, praktik p\u00ebr \u00e7antat e vogla.","breadcrumb":{"@id":"https:\/\/padas.al\/product\/portofol-i-vogel-verde-me-thurrje\/#breadcrumb"},"inLanguage":"en-GB","potentialAction":[{"@type":"ReadAction","target":["https:\/\/padas.al\/product\/portofol-i-vogel-verde-me-thurrje\/"]}]},{"@type":"BreadcrumbList","@id":"https:\/\/padas.al\/product\/portofol-i-vogel-verde-me-thurrje\/#breadcrumb","itemListElement":[{"@type":"ListItem","position":1,"name":"Home","item":"https:\/\/padas.al\/"},{"@type":"ListItem","position":2,"name":"Shop","item":"https:\/\/padas.al\/shop\/"},{"@type":"ListItem","position":3,"name":"Portofol i vog\u00ebl Verde me thurrje."}]}]}},"_links":{"self":[{"href":"https:\/\/padas.al\/english\/wp-json\/wp\/v2\/product\/12685"}],"collection":[{"href":"https:\/\/padas.al\/english\/wp-json\/wp\/v2\/product"}],"about":[{"href":"https:\/\/padas.al\/english\/wp-json\/wp\/v2\/types\/product"}],"replies":[{"embeddable":true,"href":"https:\/\/padas.al\/english\/wp-json\/wp\/v2\/comments?post=12685"}],"wp:featuredmedia":[{"embeddable":true,"href":"https:\/\/padas.al\/english\/wp-json\/wp\/v2\/media\/12686"}],"wp:attachment":[{"href":"https:\/\/padas.al\/english\/wp-json\/wp\/v2\/media?parent=12685"}],"wp:term":[{"taxonomy":"product_cat","embeddable":true,"href":"https:\/\/padas.al\/english\/wp-json\/wp\/v2\/product_cat?post=12685"},{"taxonomy":"product_tag","embeddable":true,"href":"https:\/\/padas.al\/english\/wp-json\/wp\/v2\/product_tag?post=12685"}],"curies":[{"name":"wp","href":"https:\/\/api.w.org\/{rel}","templated":true}]}}