{"id":12694,"date":"2026-05-04T13:57:22","date_gmt":"2026-05-04T13:57:22","guid":{"rendered":"https:\/\/padas.al\/?post_type=product&#038;p=12694"},"modified":"2026-05-04T13:57:22","modified_gmt":"2026-05-04T13:57:22","slug":"cante-e-vogel-verde-me-lekure-kroko-e-shkelqim","status":"publish","type":"product","link":"https:\/\/padas.al\/english\/product\/cante-e-vogel-verde-me-lekure-kroko-e-shkelqim\/","title":{"rendered":"\u00c7ant\u00eb e vog\u00ebl Verde me l\u00ebkur\u00eb kroko e shk\u00eblqim."},"content":{"rendered":"<p>Dimensionet e \u00e7ant\u00ebs, 23 x 14 x 4 cm<\/p>\n<p>Materiali i saj, l\u00ebkura ekologjike.<\/p>","protected":false},"excerpt":{"rendered":"<p>Dimensionet e \u00e7ant\u00ebs, 23 x 14 x 4 cm Materiali i saj, l\u00ebkura ekologjike.<\/p>","protected":false},"featured_media":12695,"comment_status":"open","ping_status":"closed","template":"","meta":[],"product_cat":[139,168,161,166,165,216,218],"product_tag":[],"yoast_head":"<!-- This site is optimized with the Yoast SEO plugin v18.3 - https:\/\/yoast.com\/wordpress\/plugins\/seo\/ -->\n<title>\u00c7ant\u00eb e vog\u00ebl Verde me l\u00ebkur\u00eb kroko e shk\u00eblqim. - PADAS<\/title>\n<meta name=\"description\" content=\"\u00c7ant\u00eb e vog\u00ebl plot stil dhe dizajn unik n\u00eb ngjyra t\u00eb kombinueshme dhe me form\u00eb t\u00eb strukturuar me rrip l\u00ebkure e zinxhir anash.\" \/>\n<meta name=\"robots\" content=\"index, follow, max-snippet:-1, max-image-preview:large, max-video-preview:-1\" \/>\n<link rel=\"canonical\" href=\"https:\/\/padas.al\/english\/product\/cante-e-vogel-verde-me-lekure-kroko-e-shkelqim\/\" \/>\n<meta property=\"og:locale\" content=\"en_GB\" \/>\n<meta property=\"og:type\" content=\"article\" \/>\n<meta property=\"og:title\" content=\"\u00c7ant\u00eb e vog\u00ebl Verde me l\u00ebkur\u00eb kroko e shk\u00eblqim. - PADAS\" \/>\n<meta property=\"og:description\" content=\"\u00c7ant\u00eb e vog\u00ebl plot stil dhe dizajn unik n\u00eb ngjyra t\u00eb kombinueshme dhe me form\u00eb t\u00eb strukturuar me rrip l\u00ebkure e zinxhir anash.\" \/>\n<meta property=\"og:url\" content=\"https:\/\/padas.al\/english\/product\/cante-e-vogel-verde-me-lekure-kroko-e-shkelqim\/\" \/>\n<meta property=\"og:site_name\" content=\"PADAS\" \/>\n<meta property=\"og:image\" content=\"https:\/\/padas.al\/wp-content\/uploads\/2026\/05\/20250915124405_verde_gynaikeia_tsanta_omou_mpornto_16_8169.jpeg\" \/>\n\t<meta property=\"og:image:width\" content=\"960\" \/>\n\t<meta property=\"og:image:height\" content=\"1200\" \/>\n\t<meta property=\"og:image:type\" content=\"image\/jpeg\" \/>\n<meta name=\"twitter:card\" content=\"summary_large_image\" \/>\n<meta name=\"twitter:label1\" content=\"Estimated reading time\" \/>\n\t<meta name=\"twitter:data1\" content=\"1 minute\" \/>\n<script type=\"application\/ld+json\" class=\"yoast-schema-graph\">{\"@context\":\"https:\/\/schema.org\",\"@graph\":[{\"@type\":\"Organization\",\"@id\":\"https:\/\/padas.al\/#organization\",\"name\":\"Padas.al\",\"url\":\"https:\/\/padas.al\/\",\"sameAs\":[],\"logo\":{\"@type\":\"ImageObject\",\"@id\":\"https:\/\/padas.al\/#logo\",\"inLanguage\":\"en-GB\",\"url\":\"https:\/\/padas.al\/wp-content\/uploads\/2021\/12\/padas-logo-01.svg\",\"contentUrl\":\"https:\/\/padas.al\/wp-content\/uploads\/2021\/12\/padas-logo-01.svg\",\"width\":196.4218,\"height\":195.7925,\"caption\":\"Padas.al\"},\"image\":{\"@id\":\"https:\/\/padas.al\/#logo\"}},{\"@type\":\"WebSite\",\"@id\":\"https:\/\/padas.al\/#website\",\"url\":\"https:\/\/padas.al\/\",\"name\":\"PADAS\",\"description\":\"Shoe Shop\",\"publisher\":{\"@id\":\"https:\/\/padas.al\/#organization\"},\"potentialAction\":[{\"@type\":\"SearchAction\",\"target\":{\"@type\":\"EntryPoint\",\"urlTemplate\":\"https:\/\/padas.al\/?s={search_term_string}\"},\"query-input\":\"required name=search_term_string\"}],\"inLanguage\":\"en-GB\"},{\"@type\":\"ImageObject\",\"@id\":\"https:\/\/padas.al\/product\/cante-e-vogel-verde-me-lekure-kroko-e-shkelqim\/#primaryimage\",\"inLanguage\":\"en-GB\",\"url\":\"https:\/\/padas.al\/wp-content\/uploads\/2026\/05\/20250915124405_verde_gynaikeia_tsanta_omou_mpornto_16_8169.jpeg\",\"contentUrl\":\"https:\/\/padas.al\/wp-content\/uploads\/2026\/05\/20250915124405_verde_gynaikeia_tsanta_omou_mpornto_16_8169.jpeg\",\"width\":960,\"height\":1200},{\"@type\":\"WebPage\",\"@id\":\"https:\/\/padas.al\/product\/cante-e-vogel-verde-me-lekure-kroko-e-shkelqim\/#webpage\",\"url\":\"https:\/\/padas.al\/product\/cante-e-vogel-verde-me-lekure-kroko-e-shkelqim\/\",\"name\":\"\u00c7ant\u00eb e vog\u00ebl Verde me l\u00ebkur\u00eb kroko e shk\u00eblqim. - PADAS\",\"isPartOf\":{\"@id\":\"https:\/\/padas.al\/#website\"},\"primaryImageOfPage\":{\"@id\":\"https:\/\/padas.al\/product\/cante-e-vogel-verde-me-lekure-kroko-e-shkelqim\/#primaryimage\"},\"datePublished\":\"2026-05-04T13:57:22+00:00\",\"dateModified\":\"2026-05-04T13:57:22+00:00\",\"description\":\"\u00c7ant\u00eb e vog\u00ebl plot stil dhe dizajn unik n\u00eb ngjyra t\u00eb kombinueshme dhe me form\u00eb t\u00eb strukturuar me rrip l\u00ebkure e zinxhir anash.\",\"breadcrumb\":{\"@id\":\"https:\/\/padas.al\/product\/cante-e-vogel-verde-me-lekure-kroko-e-shkelqim\/#breadcrumb\"},\"inLanguage\":\"en-GB\",\"potentialAction\":[{\"@type\":\"ReadAction\",\"target\":[\"https:\/\/padas.al\/product\/cante-e-vogel-verde-me-lekure-kroko-e-shkelqim\/\"]}]},{\"@type\":\"BreadcrumbList\",\"@id\":\"https:\/\/padas.al\/product\/cante-e-vogel-verde-me-lekure-kroko-e-shkelqim\/#breadcrumb\",\"itemListElement\":[{\"@type\":\"ListItem\",\"position\":1,\"name\":\"Home\",\"item\":\"https:\/\/padas.al\/\"},{\"@type\":\"ListItem\",\"position\":2,\"name\":\"Shop\",\"item\":\"https:\/\/padas.al\/shop\/\"},{\"@type\":\"ListItem\",\"position\":3,\"name\":\"\u00c7ant\u00eb e vog\u00ebl Verde me l\u00ebkur\u00eb kroko e shk\u00eblqim.\"}]}]}<\/script>\n<!-- \/ Yoast SEO plugin. -->","yoast_head_json":{"title":"\u00c7ant\u00eb e vog\u00ebl Verde me l\u00ebkur\u00eb kroko e shk\u00eblqim. - PADAS","description":"\u00c7ant\u00eb e vog\u00ebl plot stil dhe dizajn unik n\u00eb ngjyra t\u00eb kombinueshme dhe me form\u00eb t\u00eb strukturuar me rrip l\u00ebkure e zinxhir anash.","robots":{"index":"index","follow":"follow","max-snippet":"max-snippet:-1","max-image-preview":"max-image-preview:large","max-video-preview":"max-video-preview:-1"},"canonical":"https:\/\/padas.al\/english\/product\/cante-e-vogel-verde-me-lekure-kroko-e-shkelqim\/","og_locale":"en_GB","og_type":"article","og_title":"\u00c7ant\u00eb e vog\u00ebl Verde me l\u00ebkur\u00eb kroko e shk\u00eblqim. - PADAS","og_description":"\u00c7ant\u00eb e vog\u00ebl plot stil dhe dizajn unik n\u00eb ngjyra t\u00eb kombinueshme dhe me form\u00eb t\u00eb strukturuar me rrip l\u00ebkure e zinxhir anash.","og_url":"https:\/\/padas.al\/english\/product\/cante-e-vogel-verde-me-lekure-kroko-e-shkelqim\/","og_site_name":"PADAS","og_image":[{"width":960,"height":1200,"url":"https:\/\/padas.al\/wp-content\/uploads\/2026\/05\/20250915124405_verde_gynaikeia_tsanta_omou_mpornto_16_8169.jpeg","type":"image\/jpeg"}],"twitter_card":"summary_large_image","twitter_misc":{"Estimated reading time":"1 minute"},"schema":{"@context":"https:\/\/schema.org","@graph":[{"@type":"Organization","@id":"https:\/\/padas.al\/#organization","name":"Padas.al","url":"https:\/\/padas.al\/","sameAs":[],"logo":{"@type":"ImageObject","@id":"https:\/\/padas.al\/#logo","inLanguage":"en-GB","url":"https:\/\/padas.al\/wp-content\/uploads\/2021\/12\/padas-logo-01.svg","contentUrl":"https:\/\/padas.al\/wp-content\/uploads\/2021\/12\/padas-logo-01.svg","width":196.4218,"height":195.7925,"caption":"Padas.al"},"image":{"@id":"https:\/\/padas.al\/#logo"}},{"@type":"WebSite","@id":"https:\/\/padas.al\/#website","url":"https:\/\/padas.al\/","name":"PADAS","description":"Shoe Shop","publisher":{"@id":"https:\/\/padas.al\/#organization"},"potentialAction":[{"@type":"SearchAction","target":{"@type":"EntryPoint","urlTemplate":"https:\/\/padas.al\/?s={search_term_string}"},"query-input":"required name=search_term_string"}],"inLanguage":"en-GB"},{"@type":"ImageObject","@id":"https:\/\/padas.al\/product\/cante-e-vogel-verde-me-lekure-kroko-e-shkelqim\/#primaryimage","inLanguage":"en-GB","url":"https:\/\/padas.al\/wp-content\/uploads\/2026\/05\/20250915124405_verde_gynaikeia_tsanta_omou_mpornto_16_8169.jpeg","contentUrl":"https:\/\/padas.al\/wp-content\/uploads\/2026\/05\/20250915124405_verde_gynaikeia_tsanta_omou_mpornto_16_8169.jpeg","width":960,"height":1200},{"@type":"WebPage","@id":"https:\/\/padas.al\/product\/cante-e-vogel-verde-me-lekure-kroko-e-shkelqim\/#webpage","url":"https:\/\/padas.al\/product\/cante-e-vogel-verde-me-lekure-kroko-e-shkelqim\/","name":"\u00c7ant\u00eb e vog\u00ebl Verde me l\u00ebkur\u00eb kroko e shk\u00eblqim. - PADAS","isPartOf":{"@id":"https:\/\/padas.al\/#website"},"primaryImageOfPage":{"@id":"https:\/\/padas.al\/product\/cante-e-vogel-verde-me-lekure-kroko-e-shkelqim\/#primaryimage"},"datePublished":"2026-05-04T13:57:22+00:00","dateModified":"2026-05-04T13:57:22+00:00","description":"\u00c7ant\u00eb e vog\u00ebl plot stil dhe dizajn unik n\u00eb ngjyra t\u00eb kombinueshme dhe me form\u00eb t\u00eb strukturuar me rrip l\u00ebkure e zinxhir anash.","breadcrumb":{"@id":"https:\/\/padas.al\/product\/cante-e-vogel-verde-me-lekure-kroko-e-shkelqim\/#breadcrumb"},"inLanguage":"en-GB","potentialAction":[{"@type":"ReadAction","target":["https:\/\/padas.al\/product\/cante-e-vogel-verde-me-lekure-kroko-e-shkelqim\/"]}]},{"@type":"BreadcrumbList","@id":"https:\/\/padas.al\/product\/cante-e-vogel-verde-me-lekure-kroko-e-shkelqim\/#breadcrumb","itemListElement":[{"@type":"ListItem","position":1,"name":"Home","item":"https:\/\/padas.al\/"},{"@type":"ListItem","position":2,"name":"Shop","item":"https:\/\/padas.al\/shop\/"},{"@type":"ListItem","position":3,"name":"\u00c7ant\u00eb e vog\u00ebl Verde me l\u00ebkur\u00eb kroko e shk\u00eblqim."}]}]}},"_links":{"self":[{"href":"https:\/\/padas.al\/english\/wp-json\/wp\/v2\/product\/12694"}],"collection":[{"href":"https:\/\/padas.al\/english\/wp-json\/wp\/v2\/product"}],"about":[{"href":"https:\/\/padas.al\/english\/wp-json\/wp\/v2\/types\/product"}],"replies":[{"embeddable":true,"href":"https:\/\/padas.al\/english\/wp-json\/wp\/v2\/comments?post=12694"}],"wp:featuredmedia":[{"embeddable":true,"href":"https:\/\/padas.al\/english\/wp-json\/wp\/v2\/media\/12695"}],"wp:attachment":[{"href":"https:\/\/padas.al\/english\/wp-json\/wp\/v2\/media?parent=12694"}],"wp:term":[{"taxonomy":"product_cat","embeddable":true,"href":"https:\/\/padas.al\/english\/wp-json\/wp\/v2\/product_cat?post=12694"},{"taxonomy":"product_tag","embeddable":true,"href":"https:\/\/padas.al\/english\/wp-json\/wp\/v2\/product_tag?post=12694"}],"curies":[{"name":"wp","href":"https:\/\/api.w.org\/{rel}","templated":true}]}}