{"id":12719,"date":"2026-05-06T15:08:41","date_gmt":"2026-05-06T15:08:41","guid":{"rendered":"https:\/\/padas.al\/?post_type=product&#038;p=12719"},"modified":"2026-05-06T15:08:41","modified_gmt":"2026-05-06T15:08:41","slug":"cante-praktike-me-rrip-te-gjate-verde","status":"publish","type":"product","link":"https:\/\/padas.al\/english\/product\/cante-praktike-me-rrip-te-gjate-verde\/","title":{"rendered":"\u00c7ant\u00eb praktike me rrip t\u00eb gjat\u00eb Verde"},"content":{"rendered":"<p><strong>Dimensionet e \u00e7ant\u00ebs:<\/strong><\/p>\n<ul>\n<li>gjat\u00ebsi: 21.5 cm<\/li>\n<li>gjer\u00ebsi: 8.8 cm<\/li>\n<li>lart\u00ebsi: 18 cm<\/li>\n<\/ul>","protected":false},"excerpt":{"rendered":"<p>Dimensionet e \u00e7ant\u00ebs: gjat\u00ebsi: 21.5 cm gjer\u00ebsi: 8.8 cm lart\u00ebsi: 18 cm<\/p>","protected":false},"featured_media":12720,"comment_status":"open","ping_status":"closed","template":"","meta":[],"product_cat":[139,161,166,162,218],"product_tag":[],"yoast_head":"<!-- This site is optimized with the Yoast SEO plugin v18.3 - https:\/\/yoast.com\/wordpress\/plugins\/seo\/ -->\n<title>\u00c7ant\u00eb praktike me rrip t\u00eb gjat\u00eb Verde - PADAS<\/title>\n<meta name=\"description\" content=\"\u00c7ant\u00eb e p\u00ebrshtatshme p\u00ebr n\u00eb p\u00ebrditshm\u00ebri praktike me rrip t\u00eb gjat\u00eb t\u00eb cilin e shkurtoni sipas d\u00ebshir\u00ebs, organizim i mire dhe ngjyr\u00eb e fresk\u00ebt.\" \/>\n<meta name=\"robots\" content=\"index, follow, max-snippet:-1, max-image-preview:large, max-video-preview:-1\" \/>\n<link rel=\"canonical\" href=\"https:\/\/padas.al\/english\/product\/cante-praktike-me-rrip-te-gjate-verde\/\" \/>\n<meta property=\"og:locale\" content=\"en_GB\" \/>\n<meta property=\"og:type\" content=\"article\" \/>\n<meta property=\"og:title\" content=\"\u00c7ant\u00eb praktike me rrip t\u00eb gjat\u00eb Verde - PADAS\" \/>\n<meta property=\"og:description\" content=\"\u00c7ant\u00eb e p\u00ebrshtatshme p\u00ebr n\u00eb p\u00ebrditshm\u00ebri praktike me rrip t\u00eb gjat\u00eb t\u00eb cilin e shkurtoni sipas d\u00ebshir\u00ebs, organizim i mire dhe ngjyr\u00eb e fresk\u00ebt.\" \/>\n<meta property=\"og:url\" content=\"https:\/\/padas.al\/english\/product\/cante-praktike-me-rrip-te-gjate-verde\/\" \/>\n<meta property=\"og:site_name\" content=\"PADAS\" \/>\n<meta property=\"og:image\" content=\"https:\/\/padas.al\/wp-content\/uploads\/2026\/05\/20250913000133_824ab09c.jpeg\" \/>\n\t<meta property=\"og:image:width\" content=\"1200\" \/>\n\t<meta property=\"og:image:height\" content=\"1200\" \/>\n\t<meta property=\"og:image:type\" content=\"image\/jpeg\" \/>\n<meta name=\"twitter:card\" content=\"summary_large_image\" \/>\n<meta name=\"twitter:label1\" content=\"Estimated reading time\" \/>\n\t<meta name=\"twitter:data1\" content=\"1 minute\" \/>\n<script type=\"application\/ld+json\" class=\"yoast-schema-graph\">{\"@context\":\"https:\/\/schema.org\",\"@graph\":[{\"@type\":\"Organization\",\"@id\":\"https:\/\/padas.al\/#organization\",\"name\":\"Padas.al\",\"url\":\"https:\/\/padas.al\/\",\"sameAs\":[],\"logo\":{\"@type\":\"ImageObject\",\"@id\":\"https:\/\/padas.al\/#logo\",\"inLanguage\":\"en-GB\",\"url\":\"https:\/\/padas.al\/wp-content\/uploads\/2021\/12\/padas-logo-01.svg\",\"contentUrl\":\"https:\/\/padas.al\/wp-content\/uploads\/2021\/12\/padas-logo-01.svg\",\"width\":196.4218,\"height\":195.7925,\"caption\":\"Padas.al\"},\"image\":{\"@id\":\"https:\/\/padas.al\/#logo\"}},{\"@type\":\"WebSite\",\"@id\":\"https:\/\/padas.al\/#website\",\"url\":\"https:\/\/padas.al\/\",\"name\":\"PADAS\",\"description\":\"Shoe Shop\",\"publisher\":{\"@id\":\"https:\/\/padas.al\/#organization\"},\"potentialAction\":[{\"@type\":\"SearchAction\",\"target\":{\"@type\":\"EntryPoint\",\"urlTemplate\":\"https:\/\/padas.al\/?s={search_term_string}\"},\"query-input\":\"required name=search_term_string\"}],\"inLanguage\":\"en-GB\"},{\"@type\":\"ImageObject\",\"@id\":\"https:\/\/padas.al\/product\/cante-praktike-me-rrip-te-gjate-verde\/#primaryimage\",\"inLanguage\":\"en-GB\",\"url\":\"https:\/\/padas.al\/wp-content\/uploads\/2026\/05\/20250913000133_824ab09c.jpeg\",\"contentUrl\":\"https:\/\/padas.al\/wp-content\/uploads\/2026\/05\/20250913000133_824ab09c.jpeg\",\"width\":1200,\"height\":1200},{\"@type\":\"WebPage\",\"@id\":\"https:\/\/padas.al\/product\/cante-praktike-me-rrip-te-gjate-verde\/#webpage\",\"url\":\"https:\/\/padas.al\/product\/cante-praktike-me-rrip-te-gjate-verde\/\",\"name\":\"\u00c7ant\u00eb praktike me rrip t\u00eb gjat\u00eb Verde - PADAS\",\"isPartOf\":{\"@id\":\"https:\/\/padas.al\/#website\"},\"primaryImageOfPage\":{\"@id\":\"https:\/\/padas.al\/product\/cante-praktike-me-rrip-te-gjate-verde\/#primaryimage\"},\"datePublished\":\"2026-05-06T15:08:41+00:00\",\"dateModified\":\"2026-05-06T15:08:41+00:00\",\"description\":\"\u00c7ant\u00eb e p\u00ebrshtatshme p\u00ebr n\u00eb p\u00ebrditshm\u00ebri praktike me rrip t\u00eb gjat\u00eb t\u00eb cilin e shkurtoni sipas d\u00ebshir\u00ebs, organizim i mire dhe ngjyr\u00eb e fresk\u00ebt.\",\"breadcrumb\":{\"@id\":\"https:\/\/padas.al\/product\/cante-praktike-me-rrip-te-gjate-verde\/#breadcrumb\"},\"inLanguage\":\"en-GB\",\"potentialAction\":[{\"@type\":\"ReadAction\",\"target\":[\"https:\/\/padas.al\/product\/cante-praktike-me-rrip-te-gjate-verde\/\"]}]},{\"@type\":\"BreadcrumbList\",\"@id\":\"https:\/\/padas.al\/product\/cante-praktike-me-rrip-te-gjate-verde\/#breadcrumb\",\"itemListElement\":[{\"@type\":\"ListItem\",\"position\":1,\"name\":\"Home\",\"item\":\"https:\/\/padas.al\/\"},{\"@type\":\"ListItem\",\"position\":2,\"name\":\"Shop\",\"item\":\"https:\/\/padas.al\/shop\/\"},{\"@type\":\"ListItem\",\"position\":3,\"name\":\"\u00c7ant\u00eb praktike me rrip t\u00eb gjat\u00eb Verde\"}]}]}<\/script>\n<!-- \/ Yoast SEO plugin. -->","yoast_head_json":{"title":"\u00c7ant\u00eb praktike me rrip t\u00eb gjat\u00eb Verde - PADAS","description":"\u00c7ant\u00eb e p\u00ebrshtatshme p\u00ebr n\u00eb p\u00ebrditshm\u00ebri praktike me rrip t\u00eb gjat\u00eb t\u00eb cilin e shkurtoni sipas d\u00ebshir\u00ebs, organizim i mire dhe ngjyr\u00eb e fresk\u00ebt.","robots":{"index":"index","follow":"follow","max-snippet":"max-snippet:-1","max-image-preview":"max-image-preview:large","max-video-preview":"max-video-preview:-1"},"canonical":"https:\/\/padas.al\/english\/product\/cante-praktike-me-rrip-te-gjate-verde\/","og_locale":"en_GB","og_type":"article","og_title":"\u00c7ant\u00eb praktike me rrip t\u00eb gjat\u00eb Verde - PADAS","og_description":"\u00c7ant\u00eb e p\u00ebrshtatshme p\u00ebr n\u00eb p\u00ebrditshm\u00ebri praktike me rrip t\u00eb gjat\u00eb t\u00eb cilin e shkurtoni sipas d\u00ebshir\u00ebs, organizim i mire dhe ngjyr\u00eb e fresk\u00ebt.","og_url":"https:\/\/padas.al\/english\/product\/cante-praktike-me-rrip-te-gjate-verde\/","og_site_name":"PADAS","og_image":[{"width":1200,"height":1200,"url":"https:\/\/padas.al\/wp-content\/uploads\/2026\/05\/20250913000133_824ab09c.jpeg","type":"image\/jpeg"}],"twitter_card":"summary_large_image","twitter_misc":{"Estimated reading time":"1 minute"},"schema":{"@context":"https:\/\/schema.org","@graph":[{"@type":"Organization","@id":"https:\/\/padas.al\/#organization","name":"Padas.al","url":"https:\/\/padas.al\/","sameAs":[],"logo":{"@type":"ImageObject","@id":"https:\/\/padas.al\/#logo","inLanguage":"en-GB","url":"https:\/\/padas.al\/wp-content\/uploads\/2021\/12\/padas-logo-01.svg","contentUrl":"https:\/\/padas.al\/wp-content\/uploads\/2021\/12\/padas-logo-01.svg","width":196.4218,"height":195.7925,"caption":"Padas.al"},"image":{"@id":"https:\/\/padas.al\/#logo"}},{"@type":"WebSite","@id":"https:\/\/padas.al\/#website","url":"https:\/\/padas.al\/","name":"PADAS","description":"Shoe Shop","publisher":{"@id":"https:\/\/padas.al\/#organization"},"potentialAction":[{"@type":"SearchAction","target":{"@type":"EntryPoint","urlTemplate":"https:\/\/padas.al\/?s={search_term_string}"},"query-input":"required name=search_term_string"}],"inLanguage":"en-GB"},{"@type":"ImageObject","@id":"https:\/\/padas.al\/product\/cante-praktike-me-rrip-te-gjate-verde\/#primaryimage","inLanguage":"en-GB","url":"https:\/\/padas.al\/wp-content\/uploads\/2026\/05\/20250913000133_824ab09c.jpeg","contentUrl":"https:\/\/padas.al\/wp-content\/uploads\/2026\/05\/20250913000133_824ab09c.jpeg","width":1200,"height":1200},{"@type":"WebPage","@id":"https:\/\/padas.al\/product\/cante-praktike-me-rrip-te-gjate-verde\/#webpage","url":"https:\/\/padas.al\/product\/cante-praktike-me-rrip-te-gjate-verde\/","name":"\u00c7ant\u00eb praktike me rrip t\u00eb gjat\u00eb Verde - PADAS","isPartOf":{"@id":"https:\/\/padas.al\/#website"},"primaryImageOfPage":{"@id":"https:\/\/padas.al\/product\/cante-praktike-me-rrip-te-gjate-verde\/#primaryimage"},"datePublished":"2026-05-06T15:08:41+00:00","dateModified":"2026-05-06T15:08:41+00:00","description":"\u00c7ant\u00eb e p\u00ebrshtatshme p\u00ebr n\u00eb p\u00ebrditshm\u00ebri praktike me rrip t\u00eb gjat\u00eb t\u00eb cilin e shkurtoni sipas d\u00ebshir\u00ebs, organizim i mire dhe ngjyr\u00eb e fresk\u00ebt.","breadcrumb":{"@id":"https:\/\/padas.al\/product\/cante-praktike-me-rrip-te-gjate-verde\/#breadcrumb"},"inLanguage":"en-GB","potentialAction":[{"@type":"ReadAction","target":["https:\/\/padas.al\/product\/cante-praktike-me-rrip-te-gjate-verde\/"]}]},{"@type":"BreadcrumbList","@id":"https:\/\/padas.al\/product\/cante-praktike-me-rrip-te-gjate-verde\/#breadcrumb","itemListElement":[{"@type":"ListItem","position":1,"name":"Home","item":"https:\/\/padas.al\/"},{"@type":"ListItem","position":2,"name":"Shop","item":"https:\/\/padas.al\/shop\/"},{"@type":"ListItem","position":3,"name":"\u00c7ant\u00eb praktike me rrip t\u00eb gjat\u00eb Verde"}]}]}},"_links":{"self":[{"href":"https:\/\/padas.al\/english\/wp-json\/wp\/v2\/product\/12719"}],"collection":[{"href":"https:\/\/padas.al\/english\/wp-json\/wp\/v2\/product"}],"about":[{"href":"https:\/\/padas.al\/english\/wp-json\/wp\/v2\/types\/product"}],"replies":[{"embeddable":true,"href":"https:\/\/padas.al\/english\/wp-json\/wp\/v2\/comments?post=12719"}],"wp:featuredmedia":[{"embeddable":true,"href":"https:\/\/padas.al\/english\/wp-json\/wp\/v2\/media\/12720"}],"wp:attachment":[{"href":"https:\/\/padas.al\/english\/wp-json\/wp\/v2\/media?parent=12719"}],"wp:term":[{"taxonomy":"product_cat","embeddable":true,"href":"https:\/\/padas.al\/english\/wp-json\/wp\/v2\/product_cat?post=12719"},{"taxonomy":"product_tag","embeddable":true,"href":"https:\/\/padas.al\/english\/wp-json\/wp\/v2\/product_tag?post=12719"}],"curies":[{"name":"wp","href":"https:\/\/api.w.org\/{rel}","templated":true}]}}