{"id":12764,"date":"2026-05-06T21:36:52","date_gmt":"2026-05-06T21:36:52","guid":{"rendered":"https:\/\/padas.al\/?post_type=product&#038;p=12764"},"modified":"2026-05-06T21:37:16","modified_gmt":"2026-05-06T21:37:16","slug":"cante-e-vogel-per-ne-mbremje-verde-me-rrip-zinxhir","status":"publish","type":"product","link":"https:\/\/padas.al\/english\/product\/cante-e-vogel-per-ne-mbremje-verde-me-rrip-zinxhir\/","title":{"rendered":"\u00c7ant\u00eb e vog\u00ebl p\u00ebr n\u00eb mbr\u00ebmje, Verde me rrip zinxhir"},"content":{"rendered":"<p>Dimensionet e \u00e7ant\u00ebs, 25 x 11 x 6 cm<\/p>\n<p>Materiali i saj, l\u00ebkura ekologjike<\/p>","protected":false},"excerpt":{"rendered":"<p>Dimensionet e \u00e7ant\u00ebs, 25 x 11 x 6 cm Materiali i saj, l\u00ebkura ekologjike<\/p>","protected":false},"featured_media":12765,"comment_status":"open","ping_status":"closed","template":"","meta":[],"product_cat":[139,161,166,165,216,218],"product_tag":[],"yoast_head":"<!-- This site is optimized with the Yoast SEO plugin v18.3 - https:\/\/yoast.com\/wordpress\/plugins\/seo\/ -->\n<title>\u00c7ant\u00eb e vog\u00ebl p\u00ebr n\u00eb mbr\u00ebmje, Verde me rrip zinxhir - PADAS<\/title>\n<meta name=\"description\" content=\"\u00c7ant\u00eb me form\u00eb t\u00eb strukturuar perfekte p\u00ebr mbr\u00ebmjet tuaja me nj\u00eb madh\u00ebsi ideale, rripi i zinxhirit gold e lezeton dhe e b\u00ebn m\u00eb elegante.\" \/>\n<meta name=\"robots\" content=\"index, follow, max-snippet:-1, max-image-preview:large, max-video-preview:-1\" \/>\n<link rel=\"canonical\" href=\"https:\/\/padas.al\/english\/product\/cante-e-vogel-per-ne-mbremje-verde-me-rrip-zinxhir\/\" \/>\n<meta property=\"og:locale\" content=\"en_GB\" \/>\n<meta property=\"og:type\" content=\"article\" \/>\n<meta property=\"og:title\" content=\"\u00c7ant\u00eb e vog\u00ebl p\u00ebr n\u00eb mbr\u00ebmje, Verde me rrip zinxhir - PADAS\" \/>\n<meta property=\"og:description\" content=\"\u00c7ant\u00eb me form\u00eb t\u00eb strukturuar perfekte p\u00ebr mbr\u00ebmjet tuaja me nj\u00eb madh\u00ebsi ideale, rripi i zinxhirit gold e lezeton dhe e b\u00ebn m\u00eb elegante.\" \/>\n<meta property=\"og:url\" content=\"https:\/\/padas.al\/english\/product\/cante-e-vogel-per-ne-mbremje-verde-me-rrip-zinxhir\/\" \/>\n<meta property=\"og:site_name\" content=\"PADAS\" \/>\n<meta property=\"article:modified_time\" content=\"2026-05-06T21:37:16+00:00\" \/>\n<meta property=\"og:image\" content=\"https:\/\/padas.al\/wp-content\/uploads\/2026\/05\/20250913030825_f08ba510.jpeg\" \/>\n\t<meta property=\"og:image:width\" content=\"430\" \/>\n\t<meta property=\"og:image:height\" content=\"528\" \/>\n\t<meta property=\"og:image:type\" content=\"image\/jpeg\" \/>\n<meta name=\"twitter:card\" content=\"summary_large_image\" \/>\n<meta name=\"twitter:label1\" content=\"Estimated reading time\" \/>\n\t<meta name=\"twitter:data1\" content=\"1 minute\" \/>\n<script type=\"application\/ld+json\" class=\"yoast-schema-graph\">{\"@context\":\"https:\/\/schema.org\",\"@graph\":[{\"@type\":\"Organization\",\"@id\":\"https:\/\/padas.al\/#organization\",\"name\":\"Padas.al\",\"url\":\"https:\/\/padas.al\/\",\"sameAs\":[],\"logo\":{\"@type\":\"ImageObject\",\"@id\":\"https:\/\/padas.al\/#logo\",\"inLanguage\":\"en-GB\",\"url\":\"https:\/\/padas.al\/wp-content\/uploads\/2021\/12\/padas-logo-01.svg\",\"contentUrl\":\"https:\/\/padas.al\/wp-content\/uploads\/2021\/12\/padas-logo-01.svg\",\"width\":196.4218,\"height\":195.7925,\"caption\":\"Padas.al\"},\"image\":{\"@id\":\"https:\/\/padas.al\/#logo\"}},{\"@type\":\"WebSite\",\"@id\":\"https:\/\/padas.al\/#website\",\"url\":\"https:\/\/padas.al\/\",\"name\":\"PADAS\",\"description\":\"Shoe Shop\",\"publisher\":{\"@id\":\"https:\/\/padas.al\/#organization\"},\"potentialAction\":[{\"@type\":\"SearchAction\",\"target\":{\"@type\":\"EntryPoint\",\"urlTemplate\":\"https:\/\/padas.al\/?s={search_term_string}\"},\"query-input\":\"required name=search_term_string\"}],\"inLanguage\":\"en-GB\"},{\"@type\":\"ImageObject\",\"@id\":\"https:\/\/padas.al\/product\/cante-e-vogel-per-ne-mbremje-verde-me-rrip-zinxhir\/#primaryimage\",\"inLanguage\":\"en-GB\",\"url\":\"https:\/\/padas.al\/wp-content\/uploads\/2026\/05\/20250913030825_f08ba510.jpeg\",\"contentUrl\":\"https:\/\/padas.al\/wp-content\/uploads\/2026\/05\/20250913030825_f08ba510.jpeg\",\"width\":430,\"height\":528},{\"@type\":\"WebPage\",\"@id\":\"https:\/\/padas.al\/product\/cante-e-vogel-per-ne-mbremje-verde-me-rrip-zinxhir\/#webpage\",\"url\":\"https:\/\/padas.al\/product\/cante-e-vogel-per-ne-mbremje-verde-me-rrip-zinxhir\/\",\"name\":\"\u00c7ant\u00eb e vog\u00ebl p\u00ebr n\u00eb mbr\u00ebmje, Verde me rrip zinxhir - PADAS\",\"isPartOf\":{\"@id\":\"https:\/\/padas.al\/#website\"},\"primaryImageOfPage\":{\"@id\":\"https:\/\/padas.al\/product\/cante-e-vogel-per-ne-mbremje-verde-me-rrip-zinxhir\/#primaryimage\"},\"datePublished\":\"2026-05-06T21:36:52+00:00\",\"dateModified\":\"2026-05-06T21:37:16+00:00\",\"description\":\"\u00c7ant\u00eb me form\u00eb t\u00eb strukturuar perfekte p\u00ebr mbr\u00ebmjet tuaja me nj\u00eb madh\u00ebsi ideale, rripi i zinxhirit gold e lezeton dhe e b\u00ebn m\u00eb elegante.\",\"breadcrumb\":{\"@id\":\"https:\/\/padas.al\/product\/cante-e-vogel-per-ne-mbremje-verde-me-rrip-zinxhir\/#breadcrumb\"},\"inLanguage\":\"en-GB\",\"potentialAction\":[{\"@type\":\"ReadAction\",\"target\":[\"https:\/\/padas.al\/product\/cante-e-vogel-per-ne-mbremje-verde-me-rrip-zinxhir\/\"]}]},{\"@type\":\"BreadcrumbList\",\"@id\":\"https:\/\/padas.al\/product\/cante-e-vogel-per-ne-mbremje-verde-me-rrip-zinxhir\/#breadcrumb\",\"itemListElement\":[{\"@type\":\"ListItem\",\"position\":1,\"name\":\"Home\",\"item\":\"https:\/\/padas.al\/\"},{\"@type\":\"ListItem\",\"position\":2,\"name\":\"Shop\",\"item\":\"https:\/\/padas.al\/shop\/\"},{\"@type\":\"ListItem\",\"position\":3,\"name\":\"\u00c7ant\u00eb e vog\u00ebl p\u00ebr n\u00eb mbr\u00ebmje, Verde me rrip zinxhir\"}]}]}<\/script>\n<!-- \/ Yoast SEO plugin. -->","yoast_head_json":{"title":"\u00c7ant\u00eb e vog\u00ebl p\u00ebr n\u00eb mbr\u00ebmje, Verde me rrip zinxhir - PADAS","description":"\u00c7ant\u00eb me form\u00eb t\u00eb strukturuar perfekte p\u00ebr mbr\u00ebmjet tuaja me nj\u00eb madh\u00ebsi ideale, rripi i zinxhirit gold e lezeton dhe e b\u00ebn m\u00eb elegante.","robots":{"index":"index","follow":"follow","max-snippet":"max-snippet:-1","max-image-preview":"max-image-preview:large","max-video-preview":"max-video-preview:-1"},"canonical":"https:\/\/padas.al\/english\/product\/cante-e-vogel-per-ne-mbremje-verde-me-rrip-zinxhir\/","og_locale":"en_GB","og_type":"article","og_title":"\u00c7ant\u00eb e vog\u00ebl p\u00ebr n\u00eb mbr\u00ebmje, Verde me rrip zinxhir - PADAS","og_description":"\u00c7ant\u00eb me form\u00eb t\u00eb strukturuar perfekte p\u00ebr mbr\u00ebmjet tuaja me nj\u00eb madh\u00ebsi ideale, rripi i zinxhirit gold e lezeton dhe e b\u00ebn m\u00eb elegante.","og_url":"https:\/\/padas.al\/english\/product\/cante-e-vogel-per-ne-mbremje-verde-me-rrip-zinxhir\/","og_site_name":"PADAS","article_modified_time":"2026-05-06T21:37:16+00:00","og_image":[{"width":430,"height":528,"url":"https:\/\/padas.al\/wp-content\/uploads\/2026\/05\/20250913030825_f08ba510.jpeg","type":"image\/jpeg"}],"twitter_card":"summary_large_image","twitter_misc":{"Estimated reading time":"1 minute"},"schema":{"@context":"https:\/\/schema.org","@graph":[{"@type":"Organization","@id":"https:\/\/padas.al\/#organization","name":"Padas.al","url":"https:\/\/padas.al\/","sameAs":[],"logo":{"@type":"ImageObject","@id":"https:\/\/padas.al\/#logo","inLanguage":"en-GB","url":"https:\/\/padas.al\/wp-content\/uploads\/2021\/12\/padas-logo-01.svg","contentUrl":"https:\/\/padas.al\/wp-content\/uploads\/2021\/12\/padas-logo-01.svg","width":196.4218,"height":195.7925,"caption":"Padas.al"},"image":{"@id":"https:\/\/padas.al\/#logo"}},{"@type":"WebSite","@id":"https:\/\/padas.al\/#website","url":"https:\/\/padas.al\/","name":"PADAS","description":"Shoe Shop","publisher":{"@id":"https:\/\/padas.al\/#organization"},"potentialAction":[{"@type":"SearchAction","target":{"@type":"EntryPoint","urlTemplate":"https:\/\/padas.al\/?s={search_term_string}"},"query-input":"required name=search_term_string"}],"inLanguage":"en-GB"},{"@type":"ImageObject","@id":"https:\/\/padas.al\/product\/cante-e-vogel-per-ne-mbremje-verde-me-rrip-zinxhir\/#primaryimage","inLanguage":"en-GB","url":"https:\/\/padas.al\/wp-content\/uploads\/2026\/05\/20250913030825_f08ba510.jpeg","contentUrl":"https:\/\/padas.al\/wp-content\/uploads\/2026\/05\/20250913030825_f08ba510.jpeg","width":430,"height":528},{"@type":"WebPage","@id":"https:\/\/padas.al\/product\/cante-e-vogel-per-ne-mbremje-verde-me-rrip-zinxhir\/#webpage","url":"https:\/\/padas.al\/product\/cante-e-vogel-per-ne-mbremje-verde-me-rrip-zinxhir\/","name":"\u00c7ant\u00eb e vog\u00ebl p\u00ebr n\u00eb mbr\u00ebmje, Verde me rrip zinxhir - PADAS","isPartOf":{"@id":"https:\/\/padas.al\/#website"},"primaryImageOfPage":{"@id":"https:\/\/padas.al\/product\/cante-e-vogel-per-ne-mbremje-verde-me-rrip-zinxhir\/#primaryimage"},"datePublished":"2026-05-06T21:36:52+00:00","dateModified":"2026-05-06T21:37:16+00:00","description":"\u00c7ant\u00eb me form\u00eb t\u00eb strukturuar perfekte p\u00ebr mbr\u00ebmjet tuaja me nj\u00eb madh\u00ebsi ideale, rripi i zinxhirit gold e lezeton dhe e b\u00ebn m\u00eb elegante.","breadcrumb":{"@id":"https:\/\/padas.al\/product\/cante-e-vogel-per-ne-mbremje-verde-me-rrip-zinxhir\/#breadcrumb"},"inLanguage":"en-GB","potentialAction":[{"@type":"ReadAction","target":["https:\/\/padas.al\/product\/cante-e-vogel-per-ne-mbremje-verde-me-rrip-zinxhir\/"]}]},{"@type":"BreadcrumbList","@id":"https:\/\/padas.al\/product\/cante-e-vogel-per-ne-mbremje-verde-me-rrip-zinxhir\/#breadcrumb","itemListElement":[{"@type":"ListItem","position":1,"name":"Home","item":"https:\/\/padas.al\/"},{"@type":"ListItem","position":2,"name":"Shop","item":"https:\/\/padas.al\/shop\/"},{"@type":"ListItem","position":3,"name":"\u00c7ant\u00eb e vog\u00ebl p\u00ebr n\u00eb mbr\u00ebmje, Verde me rrip zinxhir"}]}]}},"_links":{"self":[{"href":"https:\/\/padas.al\/english\/wp-json\/wp\/v2\/product\/12764"}],"collection":[{"href":"https:\/\/padas.al\/english\/wp-json\/wp\/v2\/product"}],"about":[{"href":"https:\/\/padas.al\/english\/wp-json\/wp\/v2\/types\/product"}],"replies":[{"embeddable":true,"href":"https:\/\/padas.al\/english\/wp-json\/wp\/v2\/comments?post=12764"}],"wp:featuredmedia":[{"embeddable":true,"href":"https:\/\/padas.al\/english\/wp-json\/wp\/v2\/media\/12765"}],"wp:attachment":[{"href":"https:\/\/padas.al\/english\/wp-json\/wp\/v2\/media?parent=12764"}],"wp:term":[{"taxonomy":"product_cat","embeddable":true,"href":"https:\/\/padas.al\/english\/wp-json\/wp\/v2\/product_cat?post=12764"},{"taxonomy":"product_tag","embeddable":true,"href":"https:\/\/padas.al\/english\/wp-json\/wp\/v2\/product_tag?post=12764"}],"curies":[{"name":"wp","href":"https:\/\/api.w.org\/{rel}","templated":true}]}}