{"id":12774,"date":"2026-05-06T22:07:07","date_gmt":"2026-05-06T22:07:07","guid":{"rendered":"https:\/\/padas.al\/?post_type=product&#038;p=12774"},"modified":"2026-05-06T22:10:35","modified_gmt":"2026-05-06T22:10:35","slug":"cante-verde-e-pershtatshme-per-laptop-dhe-per-dokumenta","status":"publish","type":"product","link":"https:\/\/padas.al\/english\/product\/cante-verde-e-pershtatshme-per-laptop-dhe-per-dokumenta\/","title":{"rendered":"\u00c7ant\u00eb Verde e p\u00ebrshtatshme p\u00ebr laptop dhe p\u00ebr dokumenta"},"content":{"rendered":"<p>Dimesionet e \u00e7ant\u00ebs, gjat\u00ebsi: 37 cm | lart\u00ebsi: 27 cm | gjer\u00ebsi: 14 cm<\/p>\n<p>Materiali i saj, l\u00ebkura ekologjike<\/p>","protected":false},"excerpt":{"rendered":"<p>Dimesionet e \u00e7ant\u00ebs, gjat\u00ebsi: 37 cm | lart\u00ebsi: 27 cm | gjer\u00ebsi: 14 cm Materiali i saj, l\u00ebkura ekologjike<\/p>","protected":false},"featured_media":12775,"comment_status":"open","ping_status":"closed","template":"","meta":[],"product_cat":[139,161,163,166,162,216,218,209],"product_tag":[],"yoast_head":"<!-- This site is optimized with the Yoast SEO plugin v18.3 - https:\/\/yoast.com\/wordpress\/plugins\/seo\/ -->\n<title>\u00c7ant\u00eb Verde e p\u00ebrshtatshme p\u00ebr laptop dhe p\u00ebr dokumenta - PADAS<\/title>\n<meta name=\"description\" content=\"\u00c7ant\u00eb e mir\u00eborganizuar n\u00eb hap\u00ebsir\u00eb p\u00ebr laptop e dokumenta, me doreza dhe rrip t\u00eb gjat\u00eb e t\u00eb gjer\u00eb p\u00ebr t\u00eb pasur stabilitet n\u00eb sup, praktike p\u00ebr pun\u00eb\" \/>\n<meta name=\"robots\" content=\"index, follow, max-snippet:-1, max-image-preview:large, max-video-preview:-1\" \/>\n<link rel=\"canonical\" href=\"https:\/\/padas.al\/english\/product\/cante-verde-e-pershtatshme-per-laptop-dhe-per-dokumenta\/\" \/>\n<meta property=\"og:locale\" content=\"en_GB\" \/>\n<meta property=\"og:type\" content=\"article\" \/>\n<meta property=\"og:title\" content=\"\u00c7ant\u00eb Verde e p\u00ebrshtatshme p\u00ebr laptop dhe p\u00ebr dokumenta - PADAS\" \/>\n<meta property=\"og:description\" content=\"\u00c7ant\u00eb e mir\u00eborganizuar n\u00eb hap\u00ebsir\u00eb p\u00ebr laptop e dokumenta, me doreza dhe rrip t\u00eb gjat\u00eb e t\u00eb gjer\u00eb p\u00ebr t\u00eb pasur stabilitet n\u00eb sup, praktike p\u00ebr pun\u00eb\" \/>\n<meta property=\"og:url\" content=\"https:\/\/padas.al\/english\/product\/cante-verde-e-pershtatshme-per-laptop-dhe-per-dokumenta\/\" \/>\n<meta property=\"og:site_name\" content=\"PADAS\" \/>\n<meta property=\"article:modified_time\" content=\"2026-05-06T22:10:35+00:00\" \/>\n<meta property=\"og:image\" content=\"https:\/\/padas.al\/wp-content\/uploads\/2026\/05\/20250913004813_fdc313a2.jpeg\" \/>\n\t<meta property=\"og:image:width\" content=\"1024\" \/>\n\t<meta property=\"og:image:height\" content=\"1024\" \/>\n\t<meta property=\"og:image:type\" content=\"image\/jpeg\" \/>\n<meta name=\"twitter:card\" content=\"summary_large_image\" \/>\n<meta name=\"twitter:label1\" content=\"Estimated reading time\" \/>\n\t<meta name=\"twitter:data1\" content=\"1 minute\" \/>\n<script type=\"application\/ld+json\" class=\"yoast-schema-graph\">{\"@context\":\"https:\/\/schema.org\",\"@graph\":[{\"@type\":\"Organization\",\"@id\":\"https:\/\/padas.al\/#organization\",\"name\":\"Padas.al\",\"url\":\"https:\/\/padas.al\/\",\"sameAs\":[],\"logo\":{\"@type\":\"ImageObject\",\"@id\":\"https:\/\/padas.al\/#logo\",\"inLanguage\":\"en-GB\",\"url\":\"https:\/\/padas.al\/wp-content\/uploads\/2021\/12\/padas-logo-01.svg\",\"contentUrl\":\"https:\/\/padas.al\/wp-content\/uploads\/2021\/12\/padas-logo-01.svg\",\"width\":196.4218,\"height\":195.7925,\"caption\":\"Padas.al\"},\"image\":{\"@id\":\"https:\/\/padas.al\/#logo\"}},{\"@type\":\"WebSite\",\"@id\":\"https:\/\/padas.al\/#website\",\"url\":\"https:\/\/padas.al\/\",\"name\":\"PADAS\",\"description\":\"Shoe Shop\",\"publisher\":{\"@id\":\"https:\/\/padas.al\/#organization\"},\"potentialAction\":[{\"@type\":\"SearchAction\",\"target\":{\"@type\":\"EntryPoint\",\"urlTemplate\":\"https:\/\/padas.al\/?s={search_term_string}\"},\"query-input\":\"required name=search_term_string\"}],\"inLanguage\":\"en-GB\"},{\"@type\":\"ImageObject\",\"@id\":\"https:\/\/padas.al\/product\/cante-verde-e-pershtatshme-per-laptop-dhe-per-dokumenta\/#primaryimage\",\"inLanguage\":\"en-GB\",\"url\":\"https:\/\/padas.al\/wp-content\/uploads\/2026\/05\/20250913004813_fdc313a2.jpeg\",\"contentUrl\":\"https:\/\/padas.al\/wp-content\/uploads\/2026\/05\/20250913004813_fdc313a2.jpeg\",\"width\":1024,\"height\":1024},{\"@type\":\"WebPage\",\"@id\":\"https:\/\/padas.al\/product\/cante-verde-e-pershtatshme-per-laptop-dhe-per-dokumenta\/#webpage\",\"url\":\"https:\/\/padas.al\/product\/cante-verde-e-pershtatshme-per-laptop-dhe-per-dokumenta\/\",\"name\":\"\u00c7ant\u00eb Verde e p\u00ebrshtatshme p\u00ebr laptop dhe p\u00ebr dokumenta - PADAS\",\"isPartOf\":{\"@id\":\"https:\/\/padas.al\/#website\"},\"primaryImageOfPage\":{\"@id\":\"https:\/\/padas.al\/product\/cante-verde-e-pershtatshme-per-laptop-dhe-per-dokumenta\/#primaryimage\"},\"datePublished\":\"2026-05-06T22:07:07+00:00\",\"dateModified\":\"2026-05-06T22:10:35+00:00\",\"description\":\"\u00c7ant\u00eb e mir\u00eborganizuar n\u00eb hap\u00ebsir\u00eb p\u00ebr laptop e dokumenta, me doreza dhe rrip t\u00eb gjat\u00eb e t\u00eb gjer\u00eb p\u00ebr t\u00eb pasur stabilitet n\u00eb sup, praktike p\u00ebr pun\u00eb\",\"breadcrumb\":{\"@id\":\"https:\/\/padas.al\/product\/cante-verde-e-pershtatshme-per-laptop-dhe-per-dokumenta\/#breadcrumb\"},\"inLanguage\":\"en-GB\",\"potentialAction\":[{\"@type\":\"ReadAction\",\"target\":[\"https:\/\/padas.al\/product\/cante-verde-e-pershtatshme-per-laptop-dhe-per-dokumenta\/\"]}]},{\"@type\":\"BreadcrumbList\",\"@id\":\"https:\/\/padas.al\/product\/cante-verde-e-pershtatshme-per-laptop-dhe-per-dokumenta\/#breadcrumb\",\"itemListElement\":[{\"@type\":\"ListItem\",\"position\":1,\"name\":\"Home\",\"item\":\"https:\/\/padas.al\/\"},{\"@type\":\"ListItem\",\"position\":2,\"name\":\"Shop\",\"item\":\"https:\/\/padas.al\/shop\/\"},{\"@type\":\"ListItem\",\"position\":3,\"name\":\"\u00c7ant\u00eb Verde e p\u00ebrshtatshme p\u00ebr laptop dhe p\u00ebr dokumenta\"}]}]}<\/script>\n<!-- \/ Yoast SEO plugin. -->","yoast_head_json":{"title":"\u00c7ant\u00eb Verde e p\u00ebrshtatshme p\u00ebr laptop dhe p\u00ebr dokumenta - PADAS","description":"\u00c7ant\u00eb e mir\u00eborganizuar n\u00eb hap\u00ebsir\u00eb p\u00ebr laptop e dokumenta, me doreza dhe rrip t\u00eb gjat\u00eb e t\u00eb gjer\u00eb p\u00ebr t\u00eb pasur stabilitet n\u00eb sup, praktike p\u00ebr pun\u00eb","robots":{"index":"index","follow":"follow","max-snippet":"max-snippet:-1","max-image-preview":"max-image-preview:large","max-video-preview":"max-video-preview:-1"},"canonical":"https:\/\/padas.al\/english\/product\/cante-verde-e-pershtatshme-per-laptop-dhe-per-dokumenta\/","og_locale":"en_GB","og_type":"article","og_title":"\u00c7ant\u00eb Verde e p\u00ebrshtatshme p\u00ebr laptop dhe p\u00ebr dokumenta - PADAS","og_description":"\u00c7ant\u00eb e mir\u00eborganizuar n\u00eb hap\u00ebsir\u00eb p\u00ebr laptop e dokumenta, me doreza dhe rrip t\u00eb gjat\u00eb e t\u00eb gjer\u00eb p\u00ebr t\u00eb pasur stabilitet n\u00eb sup, praktike p\u00ebr pun\u00eb","og_url":"https:\/\/padas.al\/english\/product\/cante-verde-e-pershtatshme-per-laptop-dhe-per-dokumenta\/","og_site_name":"PADAS","article_modified_time":"2026-05-06T22:10:35+00:00","og_image":[{"width":1024,"height":1024,"url":"https:\/\/padas.al\/wp-content\/uploads\/2026\/05\/20250913004813_fdc313a2.jpeg","type":"image\/jpeg"}],"twitter_card":"summary_large_image","twitter_misc":{"Estimated reading time":"1 minute"},"schema":{"@context":"https:\/\/schema.org","@graph":[{"@type":"Organization","@id":"https:\/\/padas.al\/#organization","name":"Padas.al","url":"https:\/\/padas.al\/","sameAs":[],"logo":{"@type":"ImageObject","@id":"https:\/\/padas.al\/#logo","inLanguage":"en-GB","url":"https:\/\/padas.al\/wp-content\/uploads\/2021\/12\/padas-logo-01.svg","contentUrl":"https:\/\/padas.al\/wp-content\/uploads\/2021\/12\/padas-logo-01.svg","width":196.4218,"height":195.7925,"caption":"Padas.al"},"image":{"@id":"https:\/\/padas.al\/#logo"}},{"@type":"WebSite","@id":"https:\/\/padas.al\/#website","url":"https:\/\/padas.al\/","name":"PADAS","description":"Shoe Shop","publisher":{"@id":"https:\/\/padas.al\/#organization"},"potentialAction":[{"@type":"SearchAction","target":{"@type":"EntryPoint","urlTemplate":"https:\/\/padas.al\/?s={search_term_string}"},"query-input":"required name=search_term_string"}],"inLanguage":"en-GB"},{"@type":"ImageObject","@id":"https:\/\/padas.al\/product\/cante-verde-e-pershtatshme-per-laptop-dhe-per-dokumenta\/#primaryimage","inLanguage":"en-GB","url":"https:\/\/padas.al\/wp-content\/uploads\/2026\/05\/20250913004813_fdc313a2.jpeg","contentUrl":"https:\/\/padas.al\/wp-content\/uploads\/2026\/05\/20250913004813_fdc313a2.jpeg","width":1024,"height":1024},{"@type":"WebPage","@id":"https:\/\/padas.al\/product\/cante-verde-e-pershtatshme-per-laptop-dhe-per-dokumenta\/#webpage","url":"https:\/\/padas.al\/product\/cante-verde-e-pershtatshme-per-laptop-dhe-per-dokumenta\/","name":"\u00c7ant\u00eb Verde e p\u00ebrshtatshme p\u00ebr laptop dhe p\u00ebr dokumenta - PADAS","isPartOf":{"@id":"https:\/\/padas.al\/#website"},"primaryImageOfPage":{"@id":"https:\/\/padas.al\/product\/cante-verde-e-pershtatshme-per-laptop-dhe-per-dokumenta\/#primaryimage"},"datePublished":"2026-05-06T22:07:07+00:00","dateModified":"2026-05-06T22:10:35+00:00","description":"\u00c7ant\u00eb e mir\u00eborganizuar n\u00eb hap\u00ebsir\u00eb p\u00ebr laptop e dokumenta, me doreza dhe rrip t\u00eb gjat\u00eb e t\u00eb gjer\u00eb p\u00ebr t\u00eb pasur stabilitet n\u00eb sup, praktike p\u00ebr pun\u00eb","breadcrumb":{"@id":"https:\/\/padas.al\/product\/cante-verde-e-pershtatshme-per-laptop-dhe-per-dokumenta\/#breadcrumb"},"inLanguage":"en-GB","potentialAction":[{"@type":"ReadAction","target":["https:\/\/padas.al\/product\/cante-verde-e-pershtatshme-per-laptop-dhe-per-dokumenta\/"]}]},{"@type":"BreadcrumbList","@id":"https:\/\/padas.al\/product\/cante-verde-e-pershtatshme-per-laptop-dhe-per-dokumenta\/#breadcrumb","itemListElement":[{"@type":"ListItem","position":1,"name":"Home","item":"https:\/\/padas.al\/"},{"@type":"ListItem","position":2,"name":"Shop","item":"https:\/\/padas.al\/shop\/"},{"@type":"ListItem","position":3,"name":"\u00c7ant\u00eb Verde e p\u00ebrshtatshme p\u00ebr laptop dhe p\u00ebr dokumenta"}]}]}},"_links":{"self":[{"href":"https:\/\/padas.al\/english\/wp-json\/wp\/v2\/product\/12774"}],"collection":[{"href":"https:\/\/padas.al\/english\/wp-json\/wp\/v2\/product"}],"about":[{"href":"https:\/\/padas.al\/english\/wp-json\/wp\/v2\/types\/product"}],"replies":[{"embeddable":true,"href":"https:\/\/padas.al\/english\/wp-json\/wp\/v2\/comments?post=12774"}],"wp:featuredmedia":[{"embeddable":true,"href":"https:\/\/padas.al\/english\/wp-json\/wp\/v2\/media\/12775"}],"wp:attachment":[{"href":"https:\/\/padas.al\/english\/wp-json\/wp\/v2\/media?parent=12774"}],"wp:term":[{"taxonomy":"product_cat","embeddable":true,"href":"https:\/\/padas.al\/english\/wp-json\/wp\/v2\/product_cat?post=12774"},{"taxonomy":"product_tag","embeddable":true,"href":"https:\/\/padas.al\/english\/wp-json\/wp\/v2\/product_tag?post=12774"}],"curies":[{"name":"wp","href":"https:\/\/api.w.org\/{rel}","templated":true}]}}