{"id":12862,"date":"2026-05-07T21:48:34","date_gmt":"2026-05-07T21:48:34","guid":{"rendered":"https:\/\/padas.al\/?post_type=product&#038;p=12862"},"modified":"2026-05-07T21:48:34","modified_gmt":"2026-05-07T21:48:34","slug":"kepuce-sandale-lekure-me-take-prej-lekure-ragazza","status":"publish","type":"product","link":"https:\/\/padas.al\/english\/product\/kepuce-sandale-lekure-me-take-prej-lekure-ragazza\/","title":{"rendered":"K\u00ebpuc\u00eb sandale l\u00ebkur\u00eb me tak\u00eb prej l\u00ebkure, Ragazza"},"content":{"rendered":"","protected":false},"excerpt":{"rendered":"","protected":false},"featured_media":12863,"comment_status":"open","ping_status":"closed","template":"","meta":[],"product_cat":[139,140,146,151,153,222,224],"product_tag":[],"yoast_head":"<!-- This site is optimized with the Yoast SEO plugin v18.3 - https:\/\/yoast.com\/wordpress\/plugins\/seo\/ -->\n<title>K\u00ebpuc\u00eb sandale l\u00ebkur\u00eb me tak\u00eb prej l\u00ebkure, Ragazza - PADAS<\/title>\n<meta name=\"description\" content=\"K\u00ebpuc\u00eb sandale me tak\u00eb komode dhe model elegant, me shuall gome, ngjyr\u00eb e kombinueshme dhe t\u00eb p\u00ebrshtatshme p\u00ebr veshje elegante.\" \/>\n<meta name=\"robots\" content=\"index, follow, max-snippet:-1, max-image-preview:large, max-video-preview:-1\" \/>\n<link rel=\"canonical\" href=\"https:\/\/padas.al\/english\/product\/kepuce-sandale-lekure-me-take-prej-lekure-ragazza\/\" \/>\n<meta property=\"og:locale\" content=\"en_GB\" \/>\n<meta property=\"og:type\" content=\"article\" \/>\n<meta property=\"og:title\" content=\"K\u00ebpuc\u00eb sandale l\u00ebkur\u00eb me tak\u00eb prej l\u00ebkure, Ragazza - PADAS\" \/>\n<meta property=\"og:description\" content=\"K\u00ebpuc\u00eb sandale me tak\u00eb komode dhe model elegant, me shuall gome, ngjyr\u00eb e kombinueshme dhe t\u00eb p\u00ebrshtatshme p\u00ebr veshje elegante.\" \/>\n<meta property=\"og:url\" content=\"https:\/\/padas.al\/english\/product\/kepuce-sandale-lekure-me-take-prej-lekure-ragazza\/\" \/>\n<meta property=\"og:site_name\" content=\"PADAS\" \/>\n<meta property=\"og:image\" content=\"https:\/\/padas.al\/wp-content\/uploads\/2026\/05\/fixedratio_20260320143826_ragazza_dermatines_goves_mpez_081.jpeg\" \/>\n\t<meta property=\"og:image:width\" content=\"540\" \/>\n\t<meta property=\"og:image:height\" content=\"720\" \/>\n\t<meta property=\"og:image:type\" content=\"image\/jpeg\" \/>\n<meta name=\"twitter:card\" content=\"summary_large_image\" \/>\n<script type=\"application\/ld+json\" class=\"yoast-schema-graph\">{\"@context\":\"https:\/\/schema.org\",\"@graph\":[{\"@type\":\"Organization\",\"@id\":\"https:\/\/padas.al\/#organization\",\"name\":\"Padas.al\",\"url\":\"https:\/\/padas.al\/\",\"sameAs\":[],\"logo\":{\"@type\":\"ImageObject\",\"@id\":\"https:\/\/padas.al\/#logo\",\"inLanguage\":\"en-GB\",\"url\":\"https:\/\/padas.al\/wp-content\/uploads\/2021\/12\/padas-logo-01.svg\",\"contentUrl\":\"https:\/\/padas.al\/wp-content\/uploads\/2021\/12\/padas-logo-01.svg\",\"width\":196.4218,\"height\":195.7925,\"caption\":\"Padas.al\"},\"image\":{\"@id\":\"https:\/\/padas.al\/#logo\"}},{\"@type\":\"WebSite\",\"@id\":\"https:\/\/padas.al\/#website\",\"url\":\"https:\/\/padas.al\/\",\"name\":\"PADAS\",\"description\":\"Shoe Shop\",\"publisher\":{\"@id\":\"https:\/\/padas.al\/#organization\"},\"potentialAction\":[{\"@type\":\"SearchAction\",\"target\":{\"@type\":\"EntryPoint\",\"urlTemplate\":\"https:\/\/padas.al\/?s={search_term_string}\"},\"query-input\":\"required name=search_term_string\"}],\"inLanguage\":\"en-GB\"},{\"@type\":\"ImageObject\",\"@id\":\"https:\/\/padas.al\/product\/kepuce-sandale-lekure-me-take-prej-lekure-ragazza\/#primaryimage\",\"inLanguage\":\"en-GB\",\"url\":\"https:\/\/padas.al\/wp-content\/uploads\/2026\/05\/fixedratio_20260320143826_ragazza_dermatines_goves_mpez_081.jpeg\",\"contentUrl\":\"https:\/\/padas.al\/wp-content\/uploads\/2026\/05\/fixedratio_20260320143826_ragazza_dermatines_goves_mpez_081.jpeg\",\"width\":540,\"height\":720},{\"@type\":\"WebPage\",\"@id\":\"https:\/\/padas.al\/product\/kepuce-sandale-lekure-me-take-prej-lekure-ragazza\/#webpage\",\"url\":\"https:\/\/padas.al\/product\/kepuce-sandale-lekure-me-take-prej-lekure-ragazza\/\",\"name\":\"K\u00ebpuc\u00eb sandale l\u00ebkur\u00eb me tak\u00eb prej l\u00ebkure, Ragazza - PADAS\",\"isPartOf\":{\"@id\":\"https:\/\/padas.al\/#website\"},\"primaryImageOfPage\":{\"@id\":\"https:\/\/padas.al\/product\/kepuce-sandale-lekure-me-take-prej-lekure-ragazza\/#primaryimage\"},\"datePublished\":\"2026-05-07T21:48:34+00:00\",\"dateModified\":\"2026-05-07T21:48:34+00:00\",\"description\":\"K\u00ebpuc\u00eb sandale me tak\u00eb komode dhe model elegant, me shuall gome, ngjyr\u00eb e kombinueshme dhe t\u00eb p\u00ebrshtatshme p\u00ebr veshje elegante.\",\"breadcrumb\":{\"@id\":\"https:\/\/padas.al\/product\/kepuce-sandale-lekure-me-take-prej-lekure-ragazza\/#breadcrumb\"},\"inLanguage\":\"en-GB\",\"potentialAction\":[{\"@type\":\"ReadAction\",\"target\":[\"https:\/\/padas.al\/product\/kepuce-sandale-lekure-me-take-prej-lekure-ragazza\/\"]}]},{\"@type\":\"BreadcrumbList\",\"@id\":\"https:\/\/padas.al\/product\/kepuce-sandale-lekure-me-take-prej-lekure-ragazza\/#breadcrumb\",\"itemListElement\":[{\"@type\":\"ListItem\",\"position\":1,\"name\":\"Home\",\"item\":\"https:\/\/padas.al\/\"},{\"@type\":\"ListItem\",\"position\":2,\"name\":\"Shop\",\"item\":\"https:\/\/padas.al\/shop\/\"},{\"@type\":\"ListItem\",\"position\":3,\"name\":\"K\u00ebpuc\u00eb sandale l\u00ebkur\u00eb me tak\u00eb prej l\u00ebkure, Ragazza\"}]}]}<\/script>\n<!-- \/ Yoast SEO plugin. -->","yoast_head_json":{"title":"K\u00ebpuc\u00eb sandale l\u00ebkur\u00eb me tak\u00eb prej l\u00ebkure, Ragazza - PADAS","description":"K\u00ebpuc\u00eb sandale me tak\u00eb komode dhe model elegant, me shuall gome, ngjyr\u00eb e kombinueshme dhe t\u00eb p\u00ebrshtatshme p\u00ebr veshje elegante.","robots":{"index":"index","follow":"follow","max-snippet":"max-snippet:-1","max-image-preview":"max-image-preview:large","max-video-preview":"max-video-preview:-1"},"canonical":"https:\/\/padas.al\/english\/product\/kepuce-sandale-lekure-me-take-prej-lekure-ragazza\/","og_locale":"en_GB","og_type":"article","og_title":"K\u00ebpuc\u00eb sandale l\u00ebkur\u00eb me tak\u00eb prej l\u00ebkure, Ragazza - PADAS","og_description":"K\u00ebpuc\u00eb sandale me tak\u00eb komode dhe model elegant, me shuall gome, ngjyr\u00eb e kombinueshme dhe t\u00eb p\u00ebrshtatshme p\u00ebr veshje elegante.","og_url":"https:\/\/padas.al\/english\/product\/kepuce-sandale-lekure-me-take-prej-lekure-ragazza\/","og_site_name":"PADAS","og_image":[{"width":540,"height":720,"url":"https:\/\/padas.al\/wp-content\/uploads\/2026\/05\/fixedratio_20260320143826_ragazza_dermatines_goves_mpez_081.jpeg","type":"image\/jpeg"}],"twitter_card":"summary_large_image","schema":{"@context":"https:\/\/schema.org","@graph":[{"@type":"Organization","@id":"https:\/\/padas.al\/#organization","name":"Padas.al","url":"https:\/\/padas.al\/","sameAs":[],"logo":{"@type":"ImageObject","@id":"https:\/\/padas.al\/#logo","inLanguage":"en-GB","url":"https:\/\/padas.al\/wp-content\/uploads\/2021\/12\/padas-logo-01.svg","contentUrl":"https:\/\/padas.al\/wp-content\/uploads\/2021\/12\/padas-logo-01.svg","width":196.4218,"height":195.7925,"caption":"Padas.al"},"image":{"@id":"https:\/\/padas.al\/#logo"}},{"@type":"WebSite","@id":"https:\/\/padas.al\/#website","url":"https:\/\/padas.al\/","name":"PADAS","description":"Shoe Shop","publisher":{"@id":"https:\/\/padas.al\/#organization"},"potentialAction":[{"@type":"SearchAction","target":{"@type":"EntryPoint","urlTemplate":"https:\/\/padas.al\/?s={search_term_string}"},"query-input":"required name=search_term_string"}],"inLanguage":"en-GB"},{"@type":"ImageObject","@id":"https:\/\/padas.al\/product\/kepuce-sandale-lekure-me-take-prej-lekure-ragazza\/#primaryimage","inLanguage":"en-GB","url":"https:\/\/padas.al\/wp-content\/uploads\/2026\/05\/fixedratio_20260320143826_ragazza_dermatines_goves_mpez_081.jpeg","contentUrl":"https:\/\/padas.al\/wp-content\/uploads\/2026\/05\/fixedratio_20260320143826_ragazza_dermatines_goves_mpez_081.jpeg","width":540,"height":720},{"@type":"WebPage","@id":"https:\/\/padas.al\/product\/kepuce-sandale-lekure-me-take-prej-lekure-ragazza\/#webpage","url":"https:\/\/padas.al\/product\/kepuce-sandale-lekure-me-take-prej-lekure-ragazza\/","name":"K\u00ebpuc\u00eb sandale l\u00ebkur\u00eb me tak\u00eb prej l\u00ebkure, Ragazza - PADAS","isPartOf":{"@id":"https:\/\/padas.al\/#website"},"primaryImageOfPage":{"@id":"https:\/\/padas.al\/product\/kepuce-sandale-lekure-me-take-prej-lekure-ragazza\/#primaryimage"},"datePublished":"2026-05-07T21:48:34+00:00","dateModified":"2026-05-07T21:48:34+00:00","description":"K\u00ebpuc\u00eb sandale me tak\u00eb komode dhe model elegant, me shuall gome, ngjyr\u00eb e kombinueshme dhe t\u00eb p\u00ebrshtatshme p\u00ebr veshje elegante.","breadcrumb":{"@id":"https:\/\/padas.al\/product\/kepuce-sandale-lekure-me-take-prej-lekure-ragazza\/#breadcrumb"},"inLanguage":"en-GB","potentialAction":[{"@type":"ReadAction","target":["https:\/\/padas.al\/product\/kepuce-sandale-lekure-me-take-prej-lekure-ragazza\/"]}]},{"@type":"BreadcrumbList","@id":"https:\/\/padas.al\/product\/kepuce-sandale-lekure-me-take-prej-lekure-ragazza\/#breadcrumb","itemListElement":[{"@type":"ListItem","position":1,"name":"Home","item":"https:\/\/padas.al\/"},{"@type":"ListItem","position":2,"name":"Shop","item":"https:\/\/padas.al\/shop\/"},{"@type":"ListItem","position":3,"name":"K\u00ebpuc\u00eb sandale l\u00ebkur\u00eb me tak\u00eb prej l\u00ebkure, Ragazza"}]}]}},"_links":{"self":[{"href":"https:\/\/padas.al\/english\/wp-json\/wp\/v2\/product\/12862"}],"collection":[{"href":"https:\/\/padas.al\/english\/wp-json\/wp\/v2\/product"}],"about":[{"href":"https:\/\/padas.al\/english\/wp-json\/wp\/v2\/types\/product"}],"replies":[{"embeddable":true,"href":"https:\/\/padas.al\/english\/wp-json\/wp\/v2\/comments?post=12862"}],"wp:featuredmedia":[{"embeddable":true,"href":"https:\/\/padas.al\/english\/wp-json\/wp\/v2\/media\/12863"}],"wp:attachment":[{"href":"https:\/\/padas.al\/english\/wp-json\/wp\/v2\/media?parent=12862"}],"wp:term":[{"taxonomy":"product_cat","embeddable":true,"href":"https:\/\/padas.al\/english\/wp-json\/wp\/v2\/product_cat?post=12862"},{"taxonomy":"product_tag","embeddable":true,"href":"https:\/\/padas.al\/english\/wp-json\/wp\/v2\/product_tag?post=12862"}],"curies":[{"name":"wp","href":"https:\/\/api.w.org\/{rel}","templated":true}]}}