{"id":12942,"date":"2026-05-14T20:55:13","date_gmt":"2026-05-14T20:55:13","guid":{"rendered":"https:\/\/padas.al\/?post_type=product&#038;p=12942"},"modified":"2026-05-14T20:55:14","modified_gmt":"2026-05-14T20:55:14","slug":"sandale-me-ngjites-dhe-rripa-elastike-nga-firma-jana","status":"publish","type":"product","link":"https:\/\/padas.al\/english\/product\/sandale-me-ngjites-dhe-rripa-elastike-nga-firma-jana\/","title":{"rendered":"Sandale me ngjit\u00ebs dhe rripa elastik\u00eb nga firma Jana"},"content":{"rendered":"<p>Gom\u00eb e nj\u00ebtrajtshme, lart\u00ebsia 3.2 cm<\/p>","protected":false},"excerpt":{"rendered":"<p>Gom\u00eb e nj\u00ebtrajtshme, lart\u00ebsia 3.2 cm<\/p>","protected":false},"featured_media":12943,"comment_status":"open","ping_status":"closed","template":"","meta":[],"product_cat":[139,151,152],"product_tag":[],"yoast_head":"<!-- This site is optimized with the Yoast SEO plugin v18.3 - https:\/\/yoast.com\/wordpress\/plugins\/seo\/ -->\n<title>Sandale me ngjit\u00ebs dhe rripa elastik\u00eb nga firma Jana - PADAS<\/title>\n<meta name=\"description\" content=\"Sandale praktike q\u00eb p\u00ebrshtaten m\u00eb gjer\u00ebsin\u00eb e k\u00ebmb\u00ebs fal\u00eb ngjit\u00ebseve dhe rripave elastike q\u00eb kan\u00eb, t\u00eb lehta dhe komode n\u00eb ecje\" \/>\n<meta name=\"robots\" content=\"index, follow, max-snippet:-1, max-image-preview:large, max-video-preview:-1\" \/>\n<link rel=\"canonical\" href=\"https:\/\/padas.al\/english\/product\/sandale-me-ngjites-dhe-rripa-elastike-nga-firma-jana\/\" \/>\n<meta property=\"og:locale\" content=\"en_GB\" \/>\n<meta property=\"og:type\" content=\"article\" \/>\n<meta property=\"og:title\" content=\"Sandale me ngjit\u00ebs dhe rripa elastik\u00eb nga firma Jana - PADAS\" \/>\n<meta property=\"og:description\" content=\"Sandale praktike q\u00eb p\u00ebrshtaten m\u00eb gjer\u00ebsin\u00eb e k\u00ebmb\u00ebs fal\u00eb ngjit\u00ebseve dhe rripave elastike q\u00eb kan\u00eb, t\u00eb lehta dhe komode n\u00eb ecje\" \/>\n<meta property=\"og:url\" content=\"https:\/\/padas.al\/english\/product\/sandale-me-ngjites-dhe-rripa-elastike-nga-firma-jana\/\" \/>\n<meta property=\"og:site_name\" content=\"PADAS\" \/>\n<meta property=\"article:modified_time\" content=\"2026-05-14T20:55:14+00:00\" \/>\n<meta property=\"og:image\" content=\"https:\/\/padas.al\/wp-content\/uploads\/2026\/05\/fixedratio_20250914234504_jana_gynaikeia_sandalia_prasina_8_28766_42_701.jpeg\" \/>\n\t<meta property=\"og:image:width\" content=\"540\" \/>\n\t<meta property=\"og:image:height\" content=\"720\" \/>\n\t<meta property=\"og:image:type\" content=\"image\/jpeg\" \/>\n<meta name=\"twitter:card\" content=\"summary_large_image\" \/>\n<meta name=\"twitter:label1\" content=\"Estimated reading time\" \/>\n\t<meta name=\"twitter:data1\" content=\"1 minute\" \/>\n<script type=\"application\/ld+json\" class=\"yoast-schema-graph\">{\"@context\":\"https:\/\/schema.org\",\"@graph\":[{\"@type\":\"Organization\",\"@id\":\"https:\/\/padas.al\/#organization\",\"name\":\"Padas.al\",\"url\":\"https:\/\/padas.al\/\",\"sameAs\":[],\"logo\":{\"@type\":\"ImageObject\",\"@id\":\"https:\/\/padas.al\/#logo\",\"inLanguage\":\"en-GB\",\"url\":\"https:\/\/padas.al\/wp-content\/uploads\/2021\/12\/padas-logo-01.svg\",\"contentUrl\":\"https:\/\/padas.al\/wp-content\/uploads\/2021\/12\/padas-logo-01.svg\",\"width\":196.4218,\"height\":195.7925,\"caption\":\"Padas.al\"},\"image\":{\"@id\":\"https:\/\/padas.al\/#logo\"}},{\"@type\":\"WebSite\",\"@id\":\"https:\/\/padas.al\/#website\",\"url\":\"https:\/\/padas.al\/\",\"name\":\"PADAS\",\"description\":\"Shoe Shop\",\"publisher\":{\"@id\":\"https:\/\/padas.al\/#organization\"},\"potentialAction\":[{\"@type\":\"SearchAction\",\"target\":{\"@type\":\"EntryPoint\",\"urlTemplate\":\"https:\/\/padas.al\/?s={search_term_string}\"},\"query-input\":\"required name=search_term_string\"}],\"inLanguage\":\"en-GB\"},{\"@type\":\"ImageObject\",\"@id\":\"https:\/\/padas.al\/product\/sandale-me-ngjites-dhe-rripa-elastike-nga-firma-jana\/#primaryimage\",\"inLanguage\":\"en-GB\",\"url\":\"https:\/\/padas.al\/wp-content\/uploads\/2026\/05\/fixedratio_20250914234504_jana_gynaikeia_sandalia_prasina_8_28766_42_701.jpeg\",\"contentUrl\":\"https:\/\/padas.al\/wp-content\/uploads\/2026\/05\/fixedratio_20250914234504_jana_gynaikeia_sandalia_prasina_8_28766_42_701.jpeg\",\"width\":540,\"height\":720},{\"@type\":\"WebPage\",\"@id\":\"https:\/\/padas.al\/product\/sandale-me-ngjites-dhe-rripa-elastike-nga-firma-jana\/#webpage\",\"url\":\"https:\/\/padas.al\/product\/sandale-me-ngjites-dhe-rripa-elastike-nga-firma-jana\/\",\"name\":\"Sandale me ngjit\u00ebs dhe rripa elastik\u00eb nga firma Jana - PADAS\",\"isPartOf\":{\"@id\":\"https:\/\/padas.al\/#website\"},\"primaryImageOfPage\":{\"@id\":\"https:\/\/padas.al\/product\/sandale-me-ngjites-dhe-rripa-elastike-nga-firma-jana\/#primaryimage\"},\"datePublished\":\"2026-05-14T20:55:13+00:00\",\"dateModified\":\"2026-05-14T20:55:14+00:00\",\"description\":\"Sandale praktike q\u00eb p\u00ebrshtaten m\u00eb gjer\u00ebsin\u00eb e k\u00ebmb\u00ebs fal\u00eb ngjit\u00ebseve dhe rripave elastike q\u00eb kan\u00eb, t\u00eb lehta dhe komode n\u00eb ecje\",\"breadcrumb\":{\"@id\":\"https:\/\/padas.al\/product\/sandale-me-ngjites-dhe-rripa-elastike-nga-firma-jana\/#breadcrumb\"},\"inLanguage\":\"en-GB\",\"potentialAction\":[{\"@type\":\"ReadAction\",\"target\":[\"https:\/\/padas.al\/product\/sandale-me-ngjites-dhe-rripa-elastike-nga-firma-jana\/\"]}]},{\"@type\":\"BreadcrumbList\",\"@id\":\"https:\/\/padas.al\/product\/sandale-me-ngjites-dhe-rripa-elastike-nga-firma-jana\/#breadcrumb\",\"itemListElement\":[{\"@type\":\"ListItem\",\"position\":1,\"name\":\"Home\",\"item\":\"https:\/\/padas.al\/\"},{\"@type\":\"ListItem\",\"position\":2,\"name\":\"Shop\",\"item\":\"https:\/\/padas.al\/shop\/\"},{\"@type\":\"ListItem\",\"position\":3,\"name\":\"Sandale me ngjit\u00ebs dhe rripa elastik\u00eb nga firma Jana\"}]}]}<\/script>\n<!-- \/ Yoast SEO plugin. -->","yoast_head_json":{"title":"Sandale me ngjit\u00ebs dhe rripa elastik\u00eb nga firma Jana - PADAS","description":"Sandale praktike q\u00eb p\u00ebrshtaten m\u00eb gjer\u00ebsin\u00eb e k\u00ebmb\u00ebs fal\u00eb ngjit\u00ebseve dhe rripave elastike q\u00eb kan\u00eb, t\u00eb lehta dhe komode n\u00eb ecje","robots":{"index":"index","follow":"follow","max-snippet":"max-snippet:-1","max-image-preview":"max-image-preview:large","max-video-preview":"max-video-preview:-1"},"canonical":"https:\/\/padas.al\/english\/product\/sandale-me-ngjites-dhe-rripa-elastike-nga-firma-jana\/","og_locale":"en_GB","og_type":"article","og_title":"Sandale me ngjit\u00ebs dhe rripa elastik\u00eb nga firma Jana - PADAS","og_description":"Sandale praktike q\u00eb p\u00ebrshtaten m\u00eb gjer\u00ebsin\u00eb e k\u00ebmb\u00ebs fal\u00eb ngjit\u00ebseve dhe rripave elastike q\u00eb kan\u00eb, t\u00eb lehta dhe komode n\u00eb ecje","og_url":"https:\/\/padas.al\/english\/product\/sandale-me-ngjites-dhe-rripa-elastike-nga-firma-jana\/","og_site_name":"PADAS","article_modified_time":"2026-05-14T20:55:14+00:00","og_image":[{"width":540,"height":720,"url":"https:\/\/padas.al\/wp-content\/uploads\/2026\/05\/fixedratio_20250914234504_jana_gynaikeia_sandalia_prasina_8_28766_42_701.jpeg","type":"image\/jpeg"}],"twitter_card":"summary_large_image","twitter_misc":{"Estimated reading time":"1 minute"},"schema":{"@context":"https:\/\/schema.org","@graph":[{"@type":"Organization","@id":"https:\/\/padas.al\/#organization","name":"Padas.al","url":"https:\/\/padas.al\/","sameAs":[],"logo":{"@type":"ImageObject","@id":"https:\/\/padas.al\/#logo","inLanguage":"en-GB","url":"https:\/\/padas.al\/wp-content\/uploads\/2021\/12\/padas-logo-01.svg","contentUrl":"https:\/\/padas.al\/wp-content\/uploads\/2021\/12\/padas-logo-01.svg","width":196.4218,"height":195.7925,"caption":"Padas.al"},"image":{"@id":"https:\/\/padas.al\/#logo"}},{"@type":"WebSite","@id":"https:\/\/padas.al\/#website","url":"https:\/\/padas.al\/","name":"PADAS","description":"Shoe Shop","publisher":{"@id":"https:\/\/padas.al\/#organization"},"potentialAction":[{"@type":"SearchAction","target":{"@type":"EntryPoint","urlTemplate":"https:\/\/padas.al\/?s={search_term_string}"},"query-input":"required name=search_term_string"}],"inLanguage":"en-GB"},{"@type":"ImageObject","@id":"https:\/\/padas.al\/product\/sandale-me-ngjites-dhe-rripa-elastike-nga-firma-jana\/#primaryimage","inLanguage":"en-GB","url":"https:\/\/padas.al\/wp-content\/uploads\/2026\/05\/fixedratio_20250914234504_jana_gynaikeia_sandalia_prasina_8_28766_42_701.jpeg","contentUrl":"https:\/\/padas.al\/wp-content\/uploads\/2026\/05\/fixedratio_20250914234504_jana_gynaikeia_sandalia_prasina_8_28766_42_701.jpeg","width":540,"height":720},{"@type":"WebPage","@id":"https:\/\/padas.al\/product\/sandale-me-ngjites-dhe-rripa-elastike-nga-firma-jana\/#webpage","url":"https:\/\/padas.al\/product\/sandale-me-ngjites-dhe-rripa-elastike-nga-firma-jana\/","name":"Sandale me ngjit\u00ebs dhe rripa elastik\u00eb nga firma Jana - PADAS","isPartOf":{"@id":"https:\/\/padas.al\/#website"},"primaryImageOfPage":{"@id":"https:\/\/padas.al\/product\/sandale-me-ngjites-dhe-rripa-elastike-nga-firma-jana\/#primaryimage"},"datePublished":"2026-05-14T20:55:13+00:00","dateModified":"2026-05-14T20:55:14+00:00","description":"Sandale praktike q\u00eb p\u00ebrshtaten m\u00eb gjer\u00ebsin\u00eb e k\u00ebmb\u00ebs fal\u00eb ngjit\u00ebseve dhe rripave elastike q\u00eb kan\u00eb, t\u00eb lehta dhe komode n\u00eb ecje","breadcrumb":{"@id":"https:\/\/padas.al\/product\/sandale-me-ngjites-dhe-rripa-elastike-nga-firma-jana\/#breadcrumb"},"inLanguage":"en-GB","potentialAction":[{"@type":"ReadAction","target":["https:\/\/padas.al\/product\/sandale-me-ngjites-dhe-rripa-elastike-nga-firma-jana\/"]}]},{"@type":"BreadcrumbList","@id":"https:\/\/padas.al\/product\/sandale-me-ngjites-dhe-rripa-elastike-nga-firma-jana\/#breadcrumb","itemListElement":[{"@type":"ListItem","position":1,"name":"Home","item":"https:\/\/padas.al\/"},{"@type":"ListItem","position":2,"name":"Shop","item":"https:\/\/padas.al\/shop\/"},{"@type":"ListItem","position":3,"name":"Sandale me ngjit\u00ebs dhe rripa elastik\u00eb nga firma Jana"}]}]}},"_links":{"self":[{"href":"https:\/\/padas.al\/english\/wp-json\/wp\/v2\/product\/12942"}],"collection":[{"href":"https:\/\/padas.al\/english\/wp-json\/wp\/v2\/product"}],"about":[{"href":"https:\/\/padas.al\/english\/wp-json\/wp\/v2\/types\/product"}],"replies":[{"embeddable":true,"href":"https:\/\/padas.al\/english\/wp-json\/wp\/v2\/comments?post=12942"}],"wp:featuredmedia":[{"embeddable":true,"href":"https:\/\/padas.al\/english\/wp-json\/wp\/v2\/media\/12943"}],"wp:attachment":[{"href":"https:\/\/padas.al\/english\/wp-json\/wp\/v2\/media?parent=12942"}],"wp:term":[{"taxonomy":"product_cat","embeddable":true,"href":"https:\/\/padas.al\/english\/wp-json\/wp\/v2\/product_cat?post=12942"},{"taxonomy":"product_tag","embeddable":true,"href":"https:\/\/padas.al\/english\/wp-json\/wp\/v2\/product_tag?post=12942"}],"curies":[{"name":"wp","href":"https:\/\/api.w.org\/{rel}","templated":true}]}}