{"id":4955,"date":"2022-03-12T20:32:56","date_gmt":"2022-03-12T20:32:56","guid":{"rendered":"https:\/\/padas.al\/?post_type=product&#038;p=4955"},"modified":"2026-01-27T12:14:53","modified_gmt":"2026-01-27T12:14:53","slug":"kepuce-per-meshkuj-3","status":"publish","type":"product","link":"https:\/\/padas.al\/english\/product\/kepuce-per-meshkuj-3\/","title":{"rendered":"K\u00ebpuc\u00eb l\u00ebkur\u00eb Boxer n\u00eb stilin &#8220;loafers&#8221; p\u00ebr meshkuj."},"content":{"rendered":"<p>K\u00ebpuc\u00eb l\u00ebkure t\u00eb stilit &#8220;loafers&#8221; jan\u00eb t\u00eb punuara nga nj\u00eb shuall i but\u00eb dhe shtresa e brendshme e tyre \u00ebsht\u00eb e but\u00eb ,pjesa ku mb\u00ebshtet shputa e k\u00ebmb\u00ebs. Kjo i b\u00ebn t\u00eb jen\u00eb t\u00eb rehatshme dhe thembra juaj t\u00eb ket\u00eb komoditet t\u00eb sigurt.<\/p>","protected":false},"excerpt":{"rendered":"<ol>\n<li>K\u00ebpuc\u00eb l\u00ebkure loafers , stil modern p\u00ebr pamje serioze por dhe m\u00eb spotive apo n\u00eb p\u00ebrditshm\u00ebri si psh pantallona doku apo xhinse.<\/li>\n<\/ol>","protected":false},"featured_media":4956,"comment_status":"open","ping_status":"closed","template":"","meta":[],"product_cat":[228,188,189,191,198,274],"product_tag":[],"yoast_head":"<!-- This site is optimized with the Yoast SEO plugin v18.3 - https:\/\/yoast.com\/wordpress\/plugins\/seo\/ -->\n<title>K\u00ebpuc\u00eb l\u00ebkur\u00eb Boxer n\u00eb stilin &quot;loafers&quot; p\u00ebr meshkuj. - PADAS<\/title>\n<meta name=\"robots\" content=\"index, follow, max-snippet:-1, max-image-preview:large, max-video-preview:-1\" \/>\n<link rel=\"canonical\" href=\"https:\/\/padas.al\/english\/product\/kepuce-per-meshkuj-3\/\" \/>\n<meta property=\"og:locale\" content=\"en_GB\" \/>\n<meta property=\"og:type\" content=\"article\" \/>\n<meta property=\"og:title\" content=\"K\u00ebpuc\u00eb l\u00ebkur\u00eb Boxer n\u00eb stilin &quot;loafers&quot; p\u00ebr meshkuj. - PADAS\" \/>\n<meta property=\"og:description\" content=\"K\u00ebpuc\u00eb l\u00ebkure loafers , stil modern p\u00ebr pamje serioze por dhe m\u00eb spotive apo n\u00eb p\u00ebrditshm\u00ebri si psh pantallona doku apo xhinse.\" \/>\n<meta property=\"og:url\" content=\"https:\/\/padas.al\/english\/product\/kepuce-per-meshkuj-3\/\" \/>\n<meta property=\"og:site_name\" content=\"PADAS\" \/>\n<meta property=\"article:modified_time\" content=\"2026-01-27T12:14:53+00:00\" \/>\n<meta property=\"og:image\" content=\"https:\/\/padas.al\/wp-content\/uploads\/2022\/03\/19125-10-019-1-1.jpg\" \/>\n\t<meta property=\"og:image:width\" content=\"1000\" \/>\n\t<meta property=\"og:image:height\" content=\"1000\" \/>\n\t<meta property=\"og:image:type\" content=\"image\/jpeg\" \/>\n<meta name=\"twitter:card\" content=\"summary_large_image\" \/>\n<meta name=\"twitter:label1\" content=\"Estimated reading time\" \/>\n\t<meta name=\"twitter:data1\" content=\"1 minute\" \/>\n<script type=\"application\/ld+json\" class=\"yoast-schema-graph\">{\"@context\":\"https:\/\/schema.org\",\"@graph\":[{\"@type\":\"Organization\",\"@id\":\"https:\/\/padas.al\/#organization\",\"name\":\"Padas.al\",\"url\":\"https:\/\/padas.al\/\",\"sameAs\":[],\"logo\":{\"@type\":\"ImageObject\",\"@id\":\"https:\/\/padas.al\/#logo\",\"inLanguage\":\"en-GB\",\"url\":\"https:\/\/padas.al\/wp-content\/uploads\/2021\/12\/padas-logo-01.svg\",\"contentUrl\":\"https:\/\/padas.al\/wp-content\/uploads\/2021\/12\/padas-logo-01.svg\",\"width\":196.4218,\"height\":195.7925,\"caption\":\"Padas.al\"},\"image\":{\"@id\":\"https:\/\/padas.al\/#logo\"}},{\"@type\":\"WebSite\",\"@id\":\"https:\/\/padas.al\/#website\",\"url\":\"https:\/\/padas.al\/\",\"name\":\"PADAS\",\"description\":\"Shoe Shop\",\"publisher\":{\"@id\":\"https:\/\/padas.al\/#organization\"},\"potentialAction\":[{\"@type\":\"SearchAction\",\"target\":{\"@type\":\"EntryPoint\",\"urlTemplate\":\"https:\/\/padas.al\/?s={search_term_string}\"},\"query-input\":\"required name=search_term_string\"}],\"inLanguage\":\"en-GB\"},{\"@type\":\"ImageObject\",\"@id\":\"https:\/\/padas.al\/product\/kepuce-per-meshkuj-3\/#primaryimage\",\"inLanguage\":\"en-GB\",\"url\":\"https:\/\/padas.al\/wp-content\/uploads\/2022\/03\/19125-10-019-1-1.jpg\",\"contentUrl\":\"https:\/\/padas.al\/wp-content\/uploads\/2022\/03\/19125-10-019-1-1.jpg\",\"width\":1000,\"height\":1000},{\"@type\":\"WebPage\",\"@id\":\"https:\/\/padas.al\/product\/kepuce-per-meshkuj-3\/#webpage\",\"url\":\"https:\/\/padas.al\/product\/kepuce-per-meshkuj-3\/\",\"name\":\"K\u00ebpuc\u00eb l\u00ebkur\u00eb Boxer n\u00eb stilin \\\"loafers\\\" p\u00ebr meshkuj. - PADAS\",\"isPartOf\":{\"@id\":\"https:\/\/padas.al\/#website\"},\"primaryImageOfPage\":{\"@id\":\"https:\/\/padas.al\/product\/kepuce-per-meshkuj-3\/#primaryimage\"},\"datePublished\":\"2022-03-12T20:32:56+00:00\",\"dateModified\":\"2026-01-27T12:14:53+00:00\",\"breadcrumb\":{\"@id\":\"https:\/\/padas.al\/product\/kepuce-per-meshkuj-3\/#breadcrumb\"},\"inLanguage\":\"en-GB\",\"potentialAction\":[{\"@type\":\"ReadAction\",\"target\":[\"https:\/\/padas.al\/product\/kepuce-per-meshkuj-3\/\"]}]},{\"@type\":\"BreadcrumbList\",\"@id\":\"https:\/\/padas.al\/product\/kepuce-per-meshkuj-3\/#breadcrumb\",\"itemListElement\":[{\"@type\":\"ListItem\",\"position\":1,\"name\":\"Home\",\"item\":\"https:\/\/padas.al\/\"},{\"@type\":\"ListItem\",\"position\":2,\"name\":\"Shop\",\"item\":\"https:\/\/padas.al\/shop\/\"},{\"@type\":\"ListItem\",\"position\":3,\"name\":\"K\u00ebpuc\u00eb l\u00ebkur\u00eb Boxer n\u00eb stilin &#8220;loafers&#8221; p\u00ebr meshkuj.\"}]}]}<\/script>\n<!-- \/ Yoast SEO plugin. -->","yoast_head_json":{"title":"K\u00ebpuc\u00eb l\u00ebkur\u00eb Boxer n\u00eb stilin \"loafers\" p\u00ebr meshkuj. - PADAS","robots":{"index":"index","follow":"follow","max-snippet":"max-snippet:-1","max-image-preview":"max-image-preview:large","max-video-preview":"max-video-preview:-1"},"canonical":"https:\/\/padas.al\/english\/product\/kepuce-per-meshkuj-3\/","og_locale":"en_GB","og_type":"article","og_title":"K\u00ebpuc\u00eb l\u00ebkur\u00eb Boxer n\u00eb stilin \"loafers\" p\u00ebr meshkuj. - PADAS","og_description":"K\u00ebpuc\u00eb l\u00ebkure loafers , stil modern p\u00ebr pamje serioze por dhe m\u00eb spotive apo n\u00eb p\u00ebrditshm\u00ebri si psh pantallona doku apo xhinse.","og_url":"https:\/\/padas.al\/english\/product\/kepuce-per-meshkuj-3\/","og_site_name":"PADAS","article_modified_time":"2026-01-27T12:14:53+00:00","og_image":[{"width":1000,"height":1000,"url":"https:\/\/padas.al\/wp-content\/uploads\/2022\/03\/19125-10-019-1-1.jpg","type":"image\/jpeg"}],"twitter_card":"summary_large_image","twitter_misc":{"Estimated reading time":"1 minute"},"schema":{"@context":"https:\/\/schema.org","@graph":[{"@type":"Organization","@id":"https:\/\/padas.al\/#organization","name":"Padas.al","url":"https:\/\/padas.al\/","sameAs":[],"logo":{"@type":"ImageObject","@id":"https:\/\/padas.al\/#logo","inLanguage":"en-GB","url":"https:\/\/padas.al\/wp-content\/uploads\/2021\/12\/padas-logo-01.svg","contentUrl":"https:\/\/padas.al\/wp-content\/uploads\/2021\/12\/padas-logo-01.svg","width":196.4218,"height":195.7925,"caption":"Padas.al"},"image":{"@id":"https:\/\/padas.al\/#logo"}},{"@type":"WebSite","@id":"https:\/\/padas.al\/#website","url":"https:\/\/padas.al\/","name":"PADAS","description":"Shoe Shop","publisher":{"@id":"https:\/\/padas.al\/#organization"},"potentialAction":[{"@type":"SearchAction","target":{"@type":"EntryPoint","urlTemplate":"https:\/\/padas.al\/?s={search_term_string}"},"query-input":"required name=search_term_string"}],"inLanguage":"en-GB"},{"@type":"ImageObject","@id":"https:\/\/padas.al\/product\/kepuce-per-meshkuj-3\/#primaryimage","inLanguage":"en-GB","url":"https:\/\/padas.al\/wp-content\/uploads\/2022\/03\/19125-10-019-1-1.jpg","contentUrl":"https:\/\/padas.al\/wp-content\/uploads\/2022\/03\/19125-10-019-1-1.jpg","width":1000,"height":1000},{"@type":"WebPage","@id":"https:\/\/padas.al\/product\/kepuce-per-meshkuj-3\/#webpage","url":"https:\/\/padas.al\/product\/kepuce-per-meshkuj-3\/","name":"K\u00ebpuc\u00eb l\u00ebkur\u00eb Boxer n\u00eb stilin \"loafers\" p\u00ebr meshkuj. - PADAS","isPartOf":{"@id":"https:\/\/padas.al\/#website"},"primaryImageOfPage":{"@id":"https:\/\/padas.al\/product\/kepuce-per-meshkuj-3\/#primaryimage"},"datePublished":"2022-03-12T20:32:56+00:00","dateModified":"2026-01-27T12:14:53+00:00","breadcrumb":{"@id":"https:\/\/padas.al\/product\/kepuce-per-meshkuj-3\/#breadcrumb"},"inLanguage":"en-GB","potentialAction":[{"@type":"ReadAction","target":["https:\/\/padas.al\/product\/kepuce-per-meshkuj-3\/"]}]},{"@type":"BreadcrumbList","@id":"https:\/\/padas.al\/product\/kepuce-per-meshkuj-3\/#breadcrumb","itemListElement":[{"@type":"ListItem","position":1,"name":"Home","item":"https:\/\/padas.al\/"},{"@type":"ListItem","position":2,"name":"Shop","item":"https:\/\/padas.al\/shop\/"},{"@type":"ListItem","position":3,"name":"K\u00ebpuc\u00eb l\u00ebkur\u00eb Boxer n\u00eb stilin &#8220;loafers&#8221; p\u00ebr meshkuj."}]}]}},"_links":{"self":[{"href":"https:\/\/padas.al\/english\/wp-json\/wp\/v2\/product\/4955"}],"collection":[{"href":"https:\/\/padas.al\/english\/wp-json\/wp\/v2\/product"}],"about":[{"href":"https:\/\/padas.al\/english\/wp-json\/wp\/v2\/types\/product"}],"replies":[{"embeddable":true,"href":"https:\/\/padas.al\/english\/wp-json\/wp\/v2\/comments?post=4955"}],"wp:featuredmedia":[{"embeddable":true,"href":"https:\/\/padas.al\/english\/wp-json\/wp\/v2\/media\/4956"}],"wp:attachment":[{"href":"https:\/\/padas.al\/english\/wp-json\/wp\/v2\/media?parent=4955"}],"wp:term":[{"taxonomy":"product_cat","embeddable":true,"href":"https:\/\/padas.al\/english\/wp-json\/wp\/v2\/product_cat?post=4955"},{"taxonomy":"product_tag","embeddable":true,"href":"https:\/\/padas.al\/english\/wp-json\/wp\/v2\/product_tag?post=4955"}],"curies":[{"name":"wp","href":"https:\/\/api.w.org\/{rel}","templated":true}]}}