{"id":4964,"date":"2022-03-12T22:07:08","date_gmt":"2022-03-12T22:07:08","guid":{"rendered":"https:\/\/padas.al\/?post_type=product&#038;p=4964"},"modified":"2026-01-27T12:10:32","modified_gmt":"2026-01-27T12:10:32","slug":"kepuce-per-meshkuj-6","status":"publish","type":"product","link":"https:\/\/padas.al\/english\/product\/kepuce-per-meshkuj-6\/","title":{"rendered":"K\u00ebpuc\u00eb sportive Boxer p\u00ebr meshkuj."},"content":{"rendered":"<p>K\u00ebpuc\u00eb l\u00ebkure me gom\u00eb sportive dhe trendy. Lidh\u00ebset e tyre jan\u00eb t\u00eb ve\u00e7anta dhe kur lidhen marrin nj\u00eb pamje interesante. jan\u00eb shum\u00eb t\u00eb lehta dhe t\u00eb q\u00ebndrueshme , modeli i tyre \u00ebsht\u00eb unik dhe praktik p\u00ebr t\u00eb gjith\u00eb ju q\u00eb p\u00eblqeni t\u00eb guxoni me trendet e reja.<\/p>","protected":false},"excerpt":{"rendered":"<p>K\u00ebpuc\u00eb sportive me gom\u00eb unike q\u00eb do t\u00ebrheqi duksh\u00ebm v\u00ebmendjen e t\u00eb tjer\u00ebve. Atletet i p\u00ebrkasin firm\u00ebs Boxer dhe jan\u00eb prodhim me standard europian, sakt\u00ebsisht prodhim grek. Goma e tyre \u00ebsht\u00eb rezistente dhe nuk rr\u00ebshkasin.<\/p>","protected":false},"featured_media":4965,"comment_status":"open","ping_status":"closed","template":"","meta":[],"product_cat":[228,188,189,191],"product_tag":[],"yoast_head":"<!-- This site is optimized with the Yoast SEO plugin v18.3 - https:\/\/yoast.com\/wordpress\/plugins\/seo\/ -->\n<title>K\u00ebpuc\u00eb sportive Boxer p\u00ebr meshkuj. - PADAS<\/title>\n<meta name=\"robots\" content=\"index, follow, max-snippet:-1, max-image-preview:large, max-video-preview:-1\" \/>\n<link rel=\"canonical\" href=\"https:\/\/padas.al\/english\/product\/kepuce-per-meshkuj-6\/\" \/>\n<meta property=\"og:locale\" content=\"en_GB\" \/>\n<meta property=\"og:type\" content=\"article\" \/>\n<meta property=\"og:title\" content=\"K\u00ebpuc\u00eb sportive Boxer p\u00ebr meshkuj. - PADAS\" \/>\n<meta property=\"og:description\" content=\"K\u00ebpuc\u00eb sportive me gom\u00eb unike q\u00eb do t\u00ebrheqi duksh\u00ebm v\u00ebmendjen e t\u00eb tjer\u00ebve. Atletet i p\u00ebrkasin firm\u00ebs Boxer dhe jan\u00eb prodhim me standard europian, sakt\u00ebsisht prodhim grek. Goma e tyre \u00ebsht\u00eb rezistente dhe nuk rr\u00ebshkasin.\" \/>\n<meta property=\"og:url\" content=\"https:\/\/padas.al\/english\/product\/kepuce-per-meshkuj-6\/\" \/>\n<meta property=\"og:site_name\" content=\"PADAS\" \/>\n<meta property=\"article:modified_time\" content=\"2026-01-27T12:10:32+00:00\" \/>\n<meta property=\"og:image\" content=\"https:\/\/padas.al\/wp-content\/uploads\/2022\/03\/19028-10-011-scaled-1.jpg\" \/>\n\t<meta property=\"og:image:width\" content=\"2560\" \/>\n\t<meta property=\"og:image:height\" content=\"2560\" \/>\n\t<meta property=\"og:image:type\" content=\"image\/jpeg\" \/>\n<meta name=\"twitter:card\" content=\"summary_large_image\" \/>\n<meta name=\"twitter:label1\" content=\"Estimated reading time\" \/>\n\t<meta name=\"twitter:data1\" content=\"1 minute\" \/>\n<script type=\"application\/ld+json\" class=\"yoast-schema-graph\">{\"@context\":\"https:\/\/schema.org\",\"@graph\":[{\"@type\":\"Organization\",\"@id\":\"https:\/\/padas.al\/#organization\",\"name\":\"Padas.al\",\"url\":\"https:\/\/padas.al\/\",\"sameAs\":[],\"logo\":{\"@type\":\"ImageObject\",\"@id\":\"https:\/\/padas.al\/#logo\",\"inLanguage\":\"en-GB\",\"url\":\"https:\/\/padas.al\/wp-content\/uploads\/2021\/12\/padas-logo-01.svg\",\"contentUrl\":\"https:\/\/padas.al\/wp-content\/uploads\/2021\/12\/padas-logo-01.svg\",\"width\":196.4218,\"height\":195.7925,\"caption\":\"Padas.al\"},\"image\":{\"@id\":\"https:\/\/padas.al\/#logo\"}},{\"@type\":\"WebSite\",\"@id\":\"https:\/\/padas.al\/#website\",\"url\":\"https:\/\/padas.al\/\",\"name\":\"PADAS\",\"description\":\"Shoe Shop\",\"publisher\":{\"@id\":\"https:\/\/padas.al\/#organization\"},\"potentialAction\":[{\"@type\":\"SearchAction\",\"target\":{\"@type\":\"EntryPoint\",\"urlTemplate\":\"https:\/\/padas.al\/?s={search_term_string}\"},\"query-input\":\"required name=search_term_string\"}],\"inLanguage\":\"en-GB\"},{\"@type\":\"ImageObject\",\"@id\":\"https:\/\/padas.al\/product\/kepuce-per-meshkuj-6\/#primaryimage\",\"inLanguage\":\"en-GB\",\"url\":\"https:\/\/padas.al\/wp-content\/uploads\/2022\/03\/19028-10-011-scaled-1.jpg\",\"contentUrl\":\"https:\/\/padas.al\/wp-content\/uploads\/2022\/03\/19028-10-011-scaled-1.jpg\",\"width\":2560,\"height\":2560},{\"@type\":\"WebPage\",\"@id\":\"https:\/\/padas.al\/product\/kepuce-per-meshkuj-6\/#webpage\",\"url\":\"https:\/\/padas.al\/product\/kepuce-per-meshkuj-6\/\",\"name\":\"K\u00ebpuc\u00eb sportive Boxer p\u00ebr meshkuj. - PADAS\",\"isPartOf\":{\"@id\":\"https:\/\/padas.al\/#website\"},\"primaryImageOfPage\":{\"@id\":\"https:\/\/padas.al\/product\/kepuce-per-meshkuj-6\/#primaryimage\"},\"datePublished\":\"2022-03-12T22:07:08+00:00\",\"dateModified\":\"2026-01-27T12:10:32+00:00\",\"breadcrumb\":{\"@id\":\"https:\/\/padas.al\/product\/kepuce-per-meshkuj-6\/#breadcrumb\"},\"inLanguage\":\"en-GB\",\"potentialAction\":[{\"@type\":\"ReadAction\",\"target\":[\"https:\/\/padas.al\/product\/kepuce-per-meshkuj-6\/\"]}]},{\"@type\":\"BreadcrumbList\",\"@id\":\"https:\/\/padas.al\/product\/kepuce-per-meshkuj-6\/#breadcrumb\",\"itemListElement\":[{\"@type\":\"ListItem\",\"position\":1,\"name\":\"Home\",\"item\":\"https:\/\/padas.al\/\"},{\"@type\":\"ListItem\",\"position\":2,\"name\":\"Shop\",\"item\":\"https:\/\/padas.al\/shop\/\"},{\"@type\":\"ListItem\",\"position\":3,\"name\":\"K\u00ebpuc\u00eb sportive Boxer p\u00ebr meshkuj.\"}]}]}<\/script>\n<!-- \/ Yoast SEO plugin. -->","yoast_head_json":{"title":"K\u00ebpuc\u00eb sportive Boxer p\u00ebr meshkuj. - PADAS","robots":{"index":"index","follow":"follow","max-snippet":"max-snippet:-1","max-image-preview":"max-image-preview:large","max-video-preview":"max-video-preview:-1"},"canonical":"https:\/\/padas.al\/english\/product\/kepuce-per-meshkuj-6\/","og_locale":"en_GB","og_type":"article","og_title":"K\u00ebpuc\u00eb sportive Boxer p\u00ebr meshkuj. - PADAS","og_description":"K\u00ebpuc\u00eb sportive me gom\u00eb unike q\u00eb do t\u00ebrheqi duksh\u00ebm v\u00ebmendjen e t\u00eb tjer\u00ebve. Atletet i p\u00ebrkasin firm\u00ebs Boxer dhe jan\u00eb prodhim me standard europian, sakt\u00ebsisht prodhim grek. Goma e tyre \u00ebsht\u00eb rezistente dhe nuk rr\u00ebshkasin.","og_url":"https:\/\/padas.al\/english\/product\/kepuce-per-meshkuj-6\/","og_site_name":"PADAS","article_modified_time":"2026-01-27T12:10:32+00:00","og_image":[{"width":2560,"height":2560,"url":"https:\/\/padas.al\/wp-content\/uploads\/2022\/03\/19028-10-011-scaled-1.jpg","type":"image\/jpeg"}],"twitter_card":"summary_large_image","twitter_misc":{"Estimated reading time":"1 minute"},"schema":{"@context":"https:\/\/schema.org","@graph":[{"@type":"Organization","@id":"https:\/\/padas.al\/#organization","name":"Padas.al","url":"https:\/\/padas.al\/","sameAs":[],"logo":{"@type":"ImageObject","@id":"https:\/\/padas.al\/#logo","inLanguage":"en-GB","url":"https:\/\/padas.al\/wp-content\/uploads\/2021\/12\/padas-logo-01.svg","contentUrl":"https:\/\/padas.al\/wp-content\/uploads\/2021\/12\/padas-logo-01.svg","width":196.4218,"height":195.7925,"caption":"Padas.al"},"image":{"@id":"https:\/\/padas.al\/#logo"}},{"@type":"WebSite","@id":"https:\/\/padas.al\/#website","url":"https:\/\/padas.al\/","name":"PADAS","description":"Shoe Shop","publisher":{"@id":"https:\/\/padas.al\/#organization"},"potentialAction":[{"@type":"SearchAction","target":{"@type":"EntryPoint","urlTemplate":"https:\/\/padas.al\/?s={search_term_string}"},"query-input":"required name=search_term_string"}],"inLanguage":"en-GB"},{"@type":"ImageObject","@id":"https:\/\/padas.al\/product\/kepuce-per-meshkuj-6\/#primaryimage","inLanguage":"en-GB","url":"https:\/\/padas.al\/wp-content\/uploads\/2022\/03\/19028-10-011-scaled-1.jpg","contentUrl":"https:\/\/padas.al\/wp-content\/uploads\/2022\/03\/19028-10-011-scaled-1.jpg","width":2560,"height":2560},{"@type":"WebPage","@id":"https:\/\/padas.al\/product\/kepuce-per-meshkuj-6\/#webpage","url":"https:\/\/padas.al\/product\/kepuce-per-meshkuj-6\/","name":"K\u00ebpuc\u00eb sportive Boxer p\u00ebr meshkuj. - PADAS","isPartOf":{"@id":"https:\/\/padas.al\/#website"},"primaryImageOfPage":{"@id":"https:\/\/padas.al\/product\/kepuce-per-meshkuj-6\/#primaryimage"},"datePublished":"2022-03-12T22:07:08+00:00","dateModified":"2026-01-27T12:10:32+00:00","breadcrumb":{"@id":"https:\/\/padas.al\/product\/kepuce-per-meshkuj-6\/#breadcrumb"},"inLanguage":"en-GB","potentialAction":[{"@type":"ReadAction","target":["https:\/\/padas.al\/product\/kepuce-per-meshkuj-6\/"]}]},{"@type":"BreadcrumbList","@id":"https:\/\/padas.al\/product\/kepuce-per-meshkuj-6\/#breadcrumb","itemListElement":[{"@type":"ListItem","position":1,"name":"Home","item":"https:\/\/padas.al\/"},{"@type":"ListItem","position":2,"name":"Shop","item":"https:\/\/padas.al\/shop\/"},{"@type":"ListItem","position":3,"name":"K\u00ebpuc\u00eb sportive Boxer p\u00ebr meshkuj."}]}]}},"_links":{"self":[{"href":"https:\/\/padas.al\/english\/wp-json\/wp\/v2\/product\/4964"}],"collection":[{"href":"https:\/\/padas.al\/english\/wp-json\/wp\/v2\/product"}],"about":[{"href":"https:\/\/padas.al\/english\/wp-json\/wp\/v2\/types\/product"}],"replies":[{"embeddable":true,"href":"https:\/\/padas.al\/english\/wp-json\/wp\/v2\/comments?post=4964"}],"wp:featuredmedia":[{"embeddable":true,"href":"https:\/\/padas.al\/english\/wp-json\/wp\/v2\/media\/4965"}],"wp:attachment":[{"href":"https:\/\/padas.al\/english\/wp-json\/wp\/v2\/media?parent=4964"}],"wp:term":[{"taxonomy":"product_cat","embeddable":true,"href":"https:\/\/padas.al\/english\/wp-json\/wp\/v2\/product_cat?post=4964"},{"taxonomy":"product_tag","embeddable":true,"href":"https:\/\/padas.al\/english\/wp-json\/wp\/v2\/product_tag?post=4964"}],"curies":[{"name":"wp","href":"https:\/\/api.w.org\/{rel}","templated":true}]}}